{"id":1013,"date":"2019-03-14T17:16:24","date_gmt":"2019-03-14T16:16:24","guid":{"rendered":"https:\/\/olymp-wp.dev-2.alkima.io\/?page_id=1013"},"modified":"2019-08-07T10:06:56","modified_gmt":"2019-08-07T08:06:56","slug":"design-friseur","status":"publish","type":"page","link":"https:\/\/www.olymp-salondesign.com\/de\/design-friseur\/","title":{"rendered":"Design"},"content":{"rendered":"<h3 class=\"wp-block-heading\">&#8222;Designs, die \u00fcber jeden kurzlebigen Trend erhaben sind &#8211; \u00e4sthetisch, funktional und nachhaltig&#8220;<\/h3><p><\/p><div class=\"wp-block-image\"><figure class=\"alignright is-resized\"><img loading=\"lazy\" decoding=\"async\" src=\"https:\/\/www.olymp.de\/wp-content\/uploads\/2019\/07\/person-833x1024.jpg\" alt=\"\" class=\"wp-image-7069\" width=\"177\" height=\"218\" srcset=\"https:\/\/www.olymp-salondesign.com\/wp-content\/uploads\/2019\/07\/person.jpg 833w, https:\/\/www.olymp-salondesign.com\/wp-content\/uploads\/2019\/07\/person-216x266.jpg 216w, https:\/\/www.olymp-salondesign.com\/wp-content\/uploads\/2019\/07\/person-537x660.jpg 537w, https:\/\/www.olymp-salondesign.com\/wp-content\/uploads\/2019\/07\/person-600x738.jpg 600w, https:\/\/www.olymp-salondesign.com\/wp-content\/uploads\/2019\/07\/person-285x350.jpg 285w, https:\/\/www.olymp-salondesign.com\/wp-content\/uploads\/2019\/07\/person-768x944.jpg 768w, https:\/\/www.olymp-salondesign.com\/wp-content\/uploads\/2019\/07\/person-126x155.jpg 126w, https:\/\/www.olymp-salondesign.com\/wp-content\/uploads\/2019\/07\/person-660x811.jpg 660w\" sizes=\"(max-width: 177px) 100vw, 177px\" \/><figcaption>Christian Frank Design- und Entwicklungsleiter bei OLYMP<\/figcaption><\/figure><\/div><div class=\"wp-block-image\"><figure class=\"alignright is-resized\"><img loading=\"lazy\" decoding=\"async\" src=\"https:\/\/www.olymp.de\/wp-content\/uploads\/2019\/03\/Hamburg-1-2_Bildgr\u00f6\u00dfe-\u00e4ndern-Kopie_cmyk-833x1024.jpg\" alt=\"\" class=\"wp-image-1037\" width=\"177\" height=\"218\" srcset=\"https:\/\/www.olymp-salondesign.com\/wp-content\/uploads\/2019\/03\/Hamburg-1-2_Bildgr\u00f6\u00dfe-\u00e4ndern-Kopie_cmyk-833x1024.jpg 833w, https:\/\/www.olymp-salondesign.com\/wp-content\/uploads\/2019\/03\/Hamburg-1-2_Bildgr\u00f6\u00dfe-\u00e4ndern-Kopie_cmyk-216x266.jpg 216w, https:\/\/www.olymp-salondesign.com\/wp-content\/uploads\/2019\/03\/Hamburg-1-2_Bildgr\u00f6\u00dfe-\u00e4ndern-Kopie_cmyk-537x660.jpg 537w, https:\/\/www.olymp-salondesign.com\/wp-content\/uploads\/2019\/03\/Hamburg-1-2_Bildgr\u00f6\u00dfe-\u00e4ndern-Kopie_cmyk-600x738.jpg 600w, https:\/\/www.olymp-salondesign.com\/wp-content\/uploads\/2019\/03\/Hamburg-1-2_Bildgr\u00f6\u00dfe-\u00e4ndern-Kopie_cmyk-285x350.jpg 285w, https:\/\/www.olymp-salondesign.com\/wp-content\/uploads\/2019\/03\/Hamburg-1-2_Bildgr\u00f6\u00dfe-\u00e4ndern-Kopie_cmyk-768x945.jpg 768w, https:\/\/www.olymp-salondesign.com\/wp-content\/uploads\/2019\/03\/Hamburg-1-2_Bildgr\u00f6\u00dfe-\u00e4ndern-Kopie_cmyk-126x155.jpg 126w, https:\/\/www.olymp-salondesign.com\/wp-content\/uploads\/2019\/03\/Hamburg-1-2_Bildgr\u00f6\u00dfe-\u00e4ndern-Kopie_cmyk-660x812.jpg 660w, https:\/\/www.olymp-salondesign.com\/wp-content\/uploads\/2019\/03\/Hamburg-1-2_Bildgr\u00f6\u00dfe-\u00e4ndern-Kopie_cmyk.jpg 1665w\" sizes=\"(max-width: 177px) 100vw, 177px\" \/><figcaption>1 : 4 Designmodell OLYMP Mellow<\/figcaption><\/figure><\/div><p>Gutes Design ist gepr\u00e4gt von \u00c4sthetik, Ordnung, funktionaler Stimmigkeit und ausgesuchter Materialqualit\u00e4t. Perfektes Design verbindet Sch\u00f6nheit und Nutzerqualit\u00e4t zu einem ganzheitlichen Erlebnis. Und wie entsteht Perfektion? Wenn etwas rundum perfekt werden soll, gibt man es nicht in fremde H\u00e4nde! Genau dieser \u00dcberzeugung folgt auch OLYMP. Konkret: S\u00e4mtliche Produkte werden im Hause OLYMP selbst erdacht und entwickelt, konstruiert und erprobt. Dadurch wird sichergestellt, dass die hohen Anforderungen des Frieseuralltags an \u00c4sthetik, Praxistauglichkeit, Ergonomie und Robustheit rundum perfekt erf\u00fcllt werden.<\/p><p>Perfektes Design ist Teamleistung. Da arbeiten viele kompetente, stilsichere und weitsichtige K\u00f6pfe Hand in Hand mit dem OLYMP-Designchef Christian Frank. Doch die wichtigsten Kreateure bei diesem Prozess sind Sie! OLYMP pflegt aus langer Erfahrung und tiefer \u00dcberzeugung einen intensiven Dialog mit Friseuren. Tag f\u00fcr Tag.<\/p>","protected":false},"excerpt":{"rendered":"<p>&#8222;Designs, die \u00fcber jeden kurzlebigen Trend erhaben sind &#8211; \u00e4sthetisch, funktional und nachhaltig&#8220; Gutes Design ist gepr\u00e4gt von \u00c4sthetik, Ordnung, funktionaler Stimmigkeit und ausgesuchter Materialqualit\u00e4t. Perfektes Design verbindet Sch\u00f6nheit und Nutzerqualit\u00e4t zu einem ganzheitlichen Erlebnis. Und wie entsteht Perfektion? Wenn etwas rundum perfekt werden soll, gibt man es nicht in fremde H\u00e4nde! Genau dieser \u00dcberzeugung [&hellip;]<\/p>\n","protected":false},"author":8,"featured_media":1014,"parent":0,"menu_order":0,"comment_status":"closed","ping_status":"closed","template":"","meta":{"_acf_changed":false,"footnotes":""},"class_list":["post-1013","page","type-page","status-publish","has-post-thumbnail","hentry"],"acf":[],"yoast_head":"<!-- This site is optimized with the Yoast SEO Premium plugin v23.7 (Yoast SEO v23.7) - https:\/\/yoast.com\/wordpress\/plugins\/seo\/ -->\n<title>Design - OLYMP - BEST SALON INSPIRATION<\/title>\n<meta name=\"robots\" content=\"index, follow, max-snippet:-1, max-image-preview:large, max-video-preview:-1\" \/>\n<link rel=\"canonical\" href=\"https:\/\/www.olymp-salondesign.com\/de\/design-friseur\/\" \/>\n<meta property=\"og:locale\" content=\"de_DE\" \/>\n<meta property=\"og:type\" content=\"article\" \/>\n<meta property=\"og:title\" content=\"Design\" \/>\n<meta property=\"og:description\" content=\"&#8222;Designs, die \u00fcber jeden kurzlebigen Trend erhaben sind &#8211; \u00e4sthetisch, funktional und nachhaltig&#8220; Gutes Design ist gepr\u00e4gt von \u00c4sthetik, Ordnung, funktionaler Stimmigkeit und ausgesuchter Materialqualit\u00e4t. Perfektes Design verbindet Sch\u00f6nheit und Nutzerqualit\u00e4t zu einem ganzheitlichen Erlebnis. Und wie entsteht Perfektion? Wenn etwas rundum perfekt werden soll, gibt man es nicht in fremde H\u00e4nde! Genau dieser \u00dcberzeugung [&hellip;]\" \/>\n<meta property=\"og:url\" content=\"https:\/\/www.olymp-salondesign.com\/de\/design-friseur\/\" \/>\n<meta property=\"og:site_name\" content=\"OLYMP - BEST SALON INSPIRATION\" \/>\n<meta property=\"article:modified_time\" content=\"2019-08-07T08:06:56+00:00\" \/>\n<meta property=\"og:image\" content=\"https:\/\/www.olymp-salondesign.com\/wp-content\/uploads\/2019\/03\/Mellow_Skizzen_bearbeitet_heller_final.jpg\" \/>\n\t<meta property=\"og:image:width\" content=\"2000\" \/>\n\t<meta property=\"og:image:height\" content=\"1414\" \/>\n\t<meta property=\"og:image:type\" content=\"image\/jpeg\" \/>\n<meta name=\"twitter:card\" content=\"summary_large_image\" \/>\n<meta name=\"twitter:label1\" content=\"Gesch\u00e4tzte Lesezeit\" \/>\n\t<meta name=\"twitter:data1\" content=\"1\u00a0Minute\" \/>\n<script type=\"application\/ld+json\" class=\"yoast-schema-graph\">{\"@context\":\"https:\/\/schema.org\",\"@graph\":[{\"@type\":\"WebPage\",\"@id\":\"https:\/\/www.olymp-salondesign.com\/de\/design-friseur\/\",\"url\":\"https:\/\/www.olymp-salondesign.com\/de\/design-friseur\/\",\"name\":\"Design - OLYMP - BEST SALON INSPIRATION\",\"isPartOf\":{\"@id\":\"https:\/\/www.olymp-salondesign.com\/de\/#website\"},\"primaryImageOfPage\":{\"@id\":\"https:\/\/www.olymp-salondesign.com\/de\/design-friseur\/#primaryimage\"},\"image\":{\"@id\":\"https:\/\/www.olymp-salondesign.com\/de\/design-friseur\/#primaryimage\"},\"thumbnailUrl\":\"https:\/\/www.olymp-salondesign.com\/wp-content\/uploads\/2019\/03\/Mellow_Skizzen_bearbeitet_heller_final.jpg\",\"datePublished\":\"2019-03-14T16:16:24+00:00\",\"dateModified\":\"2019-08-07T08:06:56+00:00\",\"breadcrumb\":{\"@id\":\"https:\/\/www.olymp-salondesign.com\/de\/design-friseur\/#breadcrumb\"},\"inLanguage\":\"de\",\"potentialAction\":[{\"@type\":\"ReadAction\",\"target\":[\"https:\/\/www.olymp-salondesign.com\/de\/design-friseur\/\"]}]},{\"@type\":\"ImageObject\",\"inLanguage\":\"de\",\"@id\":\"https:\/\/www.olymp-salondesign.com\/de\/design-friseur\/#primaryimage\",\"url\":\"https:\/\/www.olymp-salondesign.com\/wp-content\/uploads\/2019\/03\/Mellow_Skizzen_bearbeitet_heller_final.jpg\",\"contentUrl\":\"https:\/\/www.olymp-salondesign.com\/wp-content\/uploads\/2019\/03\/Mellow_Skizzen_bearbeitet_heller_final.jpg\",\"width\":2000,\"height\":1414},{\"@type\":\"BreadcrumbList\",\"@id\":\"https:\/\/www.olymp-salondesign.com\/de\/design-friseur\/#breadcrumb\",\"itemListElement\":[{\"@type\":\"ListItem\",\"position\":1,\"name\":\"Home\",\"item\":\"https:\/\/www.olymp-salondesign.com\/de\/\"},{\"@type\":\"ListItem\",\"position\":2,\"name\":\"Design\"}]},{\"@type\":\"WebSite\",\"@id\":\"https:\/\/www.olymp-salondesign.com\/de\/#website\",\"url\":\"https:\/\/www.olymp-salondesign.com\/de\/\",\"name\":\"OLYMP - BEST SALON INSPIRATION\",\"description\":\"BEST SALON INSPIRATION\",\"publisher\":{\"@id\":\"https:\/\/www.olymp-salondesign.com\/de\/#organization\"},\"potentialAction\":[{\"@type\":\"SearchAction\",\"target\":{\"@type\":\"EntryPoint\",\"urlTemplate\":\"https:\/\/www.olymp-salondesign.com\/de\/?s={search_term_string}\"},\"query-input\":{\"@type\":\"PropertyValueSpecification\",\"valueRequired\":true,\"valueName\":\"search_term_string\"}}],\"inLanguage\":\"de\"},{\"@type\":\"Organization\",\"@id\":\"https:\/\/www.olymp-salondesign.com\/de\/#organization\",\"name\":\"OLYMP - BEST SALON INSPIRATION\",\"url\":\"https:\/\/www.olymp-salondesign.com\/de\/\",\"logo\":{\"@type\":\"ImageObject\",\"inLanguage\":\"de\",\"@id\":\"https:\/\/www.olymp-salondesign.com\/de\/#\/schema\/logo\/image\/\",\"url\":\"https:\/\/www.olymp-salondesign.com\/wp-content\/uploads\/2019\/05\/logo.svg\",\"contentUrl\":\"https:\/\/www.olymp-salondesign.com\/wp-content\/uploads\/2019\/05\/logo.svg\",\"width\":240,\"height\":50,\"caption\":\"OLYMP - BEST SALON INSPIRATION\"},\"image\":{\"@id\":\"https:\/\/www.olymp-salondesign.com\/de\/#\/schema\/logo\/image\/\"}}]}<\/script>\n<!-- \/ Yoast SEO Premium plugin. -->","yoast_head_json":{"title":"Design - OLYMP - BEST SALON INSPIRATION","robots":{"index":"index","follow":"follow","max-snippet":"max-snippet:-1","max-image-preview":"max-image-preview:large","max-video-preview":"max-video-preview:-1"},"canonical":"https:\/\/www.olymp-salondesign.com\/de\/design-friseur\/","og_locale":"de_DE","og_type":"article","og_title":"Design","og_description":"&#8222;Designs, die \u00fcber jeden kurzlebigen Trend erhaben sind &#8211; \u00e4sthetisch, funktional und nachhaltig&#8220; Gutes Design ist gepr\u00e4gt von \u00c4sthetik, Ordnung, funktionaler Stimmigkeit und ausgesuchter Materialqualit\u00e4t. Perfektes Design verbindet Sch\u00f6nheit und Nutzerqualit\u00e4t zu einem ganzheitlichen Erlebnis. Und wie entsteht Perfektion? Wenn etwas rundum perfekt werden soll, gibt man es nicht in fremde H\u00e4nde! Genau dieser \u00dcberzeugung [&hellip;]","og_url":"https:\/\/www.olymp-salondesign.com\/de\/design-friseur\/","og_site_name":"OLYMP - BEST SALON INSPIRATION","article_modified_time":"2019-08-07T08:06:56+00:00","og_image":[{"width":2000,"height":1414,"url":"https:\/\/www.olymp-salondesign.com\/wp-content\/uploads\/2019\/03\/Mellow_Skizzen_bearbeitet_heller_final.jpg","type":"image\/jpeg"}],"twitter_card":"summary_large_image","twitter_misc":{"Gesch\u00e4tzte Lesezeit":"1\u00a0Minute"},"schema":{"@context":"https:\/\/schema.org","@graph":[{"@type":"WebPage","@id":"https:\/\/www.olymp-salondesign.com\/de\/design-friseur\/","url":"https:\/\/www.olymp-salondesign.com\/de\/design-friseur\/","name":"Design - OLYMP - BEST SALON INSPIRATION","isPartOf":{"@id":"https:\/\/www.olymp-salondesign.com\/de\/#website"},"primaryImageOfPage":{"@id":"https:\/\/www.olymp-salondesign.com\/de\/design-friseur\/#primaryimage"},"image":{"@id":"https:\/\/www.olymp-salondesign.com\/de\/design-friseur\/#primaryimage"},"thumbnailUrl":"https:\/\/www.olymp-salondesign.com\/wp-content\/uploads\/2019\/03\/Mellow_Skizzen_bearbeitet_heller_final.jpg","datePublished":"2019-03-14T16:16:24+00:00","dateModified":"2019-08-07T08:06:56+00:00","breadcrumb":{"@id":"https:\/\/www.olymp-salondesign.com\/de\/design-friseur\/#breadcrumb"},"inLanguage":"de","potentialAction":[{"@type":"ReadAction","target":["https:\/\/www.olymp-salondesign.com\/de\/design-friseur\/"]}]},{"@type":"ImageObject","inLanguage":"de","@id":"https:\/\/www.olymp-salondesign.com\/de\/design-friseur\/#primaryimage","url":"https:\/\/www.olymp-salondesign.com\/wp-content\/uploads\/2019\/03\/Mellow_Skizzen_bearbeitet_heller_final.jpg","contentUrl":"https:\/\/www.olymp-salondesign.com\/wp-content\/uploads\/2019\/03\/Mellow_Skizzen_bearbeitet_heller_final.jpg","width":2000,"height":1414},{"@type":"BreadcrumbList","@id":"https:\/\/www.olymp-salondesign.com\/de\/design-friseur\/#breadcrumb","itemListElement":[{"@type":"ListItem","position":1,"name":"Home","item":"https:\/\/www.olymp-salondesign.com\/de\/"},{"@type":"ListItem","position":2,"name":"Design"}]},{"@type":"WebSite","@id":"https:\/\/www.olymp-salondesign.com\/de\/#website","url":"https:\/\/www.olymp-salondesign.com\/de\/","name":"OLYMP - BEST SALON INSPIRATION","description":"BEST SALON INSPIRATION","publisher":{"@id":"https:\/\/www.olymp-salondesign.com\/de\/#organization"},"potentialAction":[{"@type":"SearchAction","target":{"@type":"EntryPoint","urlTemplate":"https:\/\/www.olymp-salondesign.com\/de\/?s={search_term_string}"},"query-input":{"@type":"PropertyValueSpecification","valueRequired":true,"valueName":"search_term_string"}}],"inLanguage":"de"},{"@type":"Organization","@id":"https:\/\/www.olymp-salondesign.com\/de\/#organization","name":"OLYMP - BEST SALON INSPIRATION","url":"https:\/\/www.olymp-salondesign.com\/de\/","logo":{"@type":"ImageObject","inLanguage":"de","@id":"https:\/\/www.olymp-salondesign.com\/de\/#\/schema\/logo\/image\/","url":"https:\/\/www.olymp-salondesign.com\/wp-content\/uploads\/2019\/05\/logo.svg","contentUrl":"https:\/\/www.olymp-salondesign.com\/wp-content\/uploads\/2019\/05\/logo.svg","width":240,"height":50,"caption":"OLYMP - BEST SALON INSPIRATION"},"image":{"@id":"https:\/\/www.olymp-salondesign.com\/de\/#\/schema\/logo\/image\/"}}]}},"wpml_current_locale":"de_DE","wpml_translations":{"en":{"locale":"en","id":16095,"slug":"design-hairdressing","post_title":"Design","href":"https:\/\/www.olymp-salondesign.com\/design-hairdressing\/"},"pl_PL":{"locale":"pl_PL","id":31846,"slug":"design-fryzjerski","post_title":"Design","href":"https:\/\/www.olymp-salondesign.com\/pl\/design-fryzjerski\/"},"fr_FR":{"locale":"fr_FR","id":36556,"slug":"design","post_title":"Design","href":"https:\/\/www.olymp-salondesign.com\/fr\/design\/"}},"_links":{"self":[{"href":"https:\/\/www.olymp-salondesign.com\/de\/wp-json\/wp\/v2\/pages\/1013"}],"collection":[{"href":"https:\/\/www.olymp-salondesign.com\/de\/wp-json\/wp\/v2\/pages"}],"about":[{"href":"https:\/\/www.olymp-salondesign.com\/de\/wp-json\/wp\/v2\/types\/page"}],"author":[{"embeddable":true,"href":"https:\/\/www.olymp-salondesign.com\/de\/wp-json\/wp\/v2\/users\/8"}],"replies":[{"embeddable":true,"href":"https:\/\/www.olymp-salondesign.com\/de\/wp-json\/wp\/v2\/comments?post=1013"}],"version-history":[{"count":60,"href":"https:\/\/www.olymp-salondesign.com\/de\/wp-json\/wp\/v2\/pages\/1013\/revisions"}],"predecessor-version":[{"id":13556,"href":"https:\/\/www.olymp-salondesign.com\/de\/wp-json\/wp\/v2\/pages\/1013\/revisions\/13556"}],"wp:featuredmedia":[{"embeddable":true,"href":"https:\/\/www.olymp-salondesign.com\/de\/wp-json\/wp\/v2\/media\/1014"}],"wp:attachment":[{"href":"https:\/\/www.olymp-salondesign.com\/de\/wp-json\/wp\/v2\/media?parent=1013"}],"curies":[{"name":"wp","href":"https:\/\/api.w.org\/{rel}","templated":true}]}}