{"id":1092,"date":"2019-03-15T10:34:08","date_gmt":"2019-03-15T09:34:08","guid":{"rendered":"https:\/\/olymp-wp.dev-2.alkima.io\/?page_id=1092"},"modified":"2019-08-15T14:49:19","modified_gmt":"2019-08-15T12:49:19","slug":"unikate","status":"publish","type":"page","link":"https:\/\/www.olymp-salondesign.com\/de\/unikate\/","title":{"rendered":"Unikate"},"content":{"rendered":"<div class=\"wp-block-image\"><figure class=\"alignright is-resized\"><img loading=\"lazy\" decoding=\"async\" src=\"https:\/\/www.olymp.de\/wp-content\/uploads\/2019\/03\/SP-03-Large_cmyk-819x1024.jpg\" alt=\"\" class=\"wp-image-1106\" width=\"404\" height=\"506\" srcset=\"https:\/\/www.olymp-salondesign.com\/wp-content\/uploads\/2019\/03\/SP-03-Large_cmyk-819x1024.jpg 819w, https:\/\/www.olymp-salondesign.com\/wp-content\/uploads\/2019\/03\/SP-03-Large_cmyk-213x266.jpg 213w, https:\/\/www.olymp-salondesign.com\/wp-content\/uploads\/2019\/03\/SP-03-Large_cmyk-528x660.jpg 528w, https:\/\/www.olymp-salondesign.com\/wp-content\/uploads\/2019\/03\/SP-03-Large_cmyk-600x750.jpg 600w, https:\/\/www.olymp-salondesign.com\/wp-content\/uploads\/2019\/03\/SP-03-Large_cmyk-280x350.jpg 280w, https:\/\/www.olymp-salondesign.com\/wp-content\/uploads\/2019\/03\/SP-03-Large_cmyk-768x960.jpg 768w, https:\/\/www.olymp-salondesign.com\/wp-content\/uploads\/2019\/03\/SP-03-Large_cmyk-124x155.jpg 124w, https:\/\/www.olymp-salondesign.com\/wp-content\/uploads\/2019\/03\/SP-03-Large_cmyk-660x825.jpg 660w, https:\/\/www.olymp-salondesign.com\/wp-content\/uploads\/2019\/03\/SP-03-Large_cmyk.jpg 1638w\" sizes=\"(max-width: 404px) 100vw, 404px\" \/><\/figure><\/div><p>Unikate wirken als Blickfang, sie pr\u00e4gen sich ein und sorgen f\u00fcr Gespr\u00e4chsstoff. Ob als repr\u00e4sentativer Rezeptionsempfang, verkaufsf\u00f6rdernde Produktplatzierung oder funktionsinszenierte Arbeitspl\u00e4tze \u2013 kundenindividuelle Einrichtungsl\u00f6sungen sind immer dann erste Wahl, wenn Individualit\u00e4t das Unternehmenskonzept unterstreicht, R\u00e4ume eine individuelle Anpassung erfordern. Oder wenn Sie Ihren ganz eigenen Anspruch an Design, Funktion und Arbeitsweise umsetzen wollen.<\/p><p>F\u00fcr hierauf spezialisierte Innenarchitekten ist nichts unm\u00f6glich. Es sind Profis, die bei OLYMP mit Herz, Hand und Verstand in vielen Welten zuhause und in der Beauty-Branche daheim sind.<\/p>","protected":false},"excerpt":{"rendered":"<p>Unikate wirken als Blickfang, sie pr\u00e4gen sich ein und sorgen f\u00fcr Gespr\u00e4chsstoff. Ob als repr\u00e4sentativer Rezeptionsempfang, verkaufsf\u00f6rdernde Produktplatzierung oder funktionsinszenierte Arbeitspl\u00e4tze \u2013 kundenindividuelle Einrichtungsl\u00f6sungen sind immer dann erste Wahl, wenn Individualit\u00e4t das Unternehmenskonzept unterstreicht, R\u00e4ume eine individuelle Anpassung erfordern. Oder wenn Sie Ihren ganz eigenen Anspruch an Design, Funktion und Arbeitsweise umsetzen wollen. F\u00fcr hierauf [&hellip;]<\/p>\n","protected":false},"author":8,"featured_media":14023,"parent":0,"menu_order":0,"comment_status":"closed","ping_status":"closed","template":"","meta":{"_acf_changed":false,"footnotes":""},"class_list":["post-1092","page","type-page","status-publish","has-post-thumbnail","hentry"],"acf":[],"yoast_head":"<!-- This site is optimized with the Yoast SEO Premium plugin v23.7 (Yoast SEO v23.7) - https:\/\/yoast.com\/wordpress\/plugins\/seo\/ -->\n<title>Unikate - OLYMP - BEST SALON INSPIRATION<\/title>\n<meta name=\"robots\" content=\"index, follow, max-snippet:-1, max-image-preview:large, max-video-preview:-1\" \/>\n<link rel=\"canonical\" href=\"https:\/\/www.olymp-salondesign.com\/de\/unikate\/\" \/>\n<meta property=\"og:locale\" content=\"de_DE\" \/>\n<meta property=\"og:type\" content=\"article\" \/>\n<meta property=\"og:title\" content=\"Unikate\" \/>\n<meta property=\"og:description\" content=\"Unikate wirken als Blickfang, sie pr\u00e4gen sich ein und sorgen f\u00fcr Gespr\u00e4chsstoff. Ob als repr\u00e4sentativer Rezeptionsempfang, verkaufsf\u00f6rdernde Produktplatzierung oder funktionsinszenierte Arbeitspl\u00e4tze \u2013 kundenindividuelle Einrichtungsl\u00f6sungen sind immer dann erste Wahl, wenn Individualit\u00e4t das Unternehmenskonzept unterstreicht, R\u00e4ume eine individuelle Anpassung erfordern. Oder wenn Sie Ihren ganz eigenen Anspruch an Design, Funktion und Arbeitsweise umsetzen wollen. F\u00fcr hierauf [&hellip;]\" \/>\n<meta property=\"og:url\" content=\"https:\/\/www.olymp-salondesign.com\/de\/unikate\/\" \/>\n<meta property=\"og:site_name\" content=\"OLYMP - BEST SALON INSPIRATION\" \/>\n<meta property=\"article:modified_time\" content=\"2019-08-15T12:49:19+00:00\" \/>\n<meta property=\"og:image\" content=\"https:\/\/www.olymp-salondesign.com\/wp-content\/uploads\/2019\/08\/Bild1-1024x627.png\" \/>\n\t<meta property=\"og:image:width\" content=\"1024\" \/>\n\t<meta property=\"og:image:height\" content=\"627\" \/>\n\t<meta property=\"og:image:type\" content=\"image\/png\" \/>\n<meta name=\"twitter:card\" content=\"summary_large_image\" \/>\n<script type=\"application\/ld+json\" class=\"yoast-schema-graph\">{\"@context\":\"https:\/\/schema.org\",\"@graph\":[{\"@type\":\"WebPage\",\"@id\":\"https:\/\/www.olymp-salondesign.com\/de\/unikate\/\",\"url\":\"https:\/\/www.olymp-salondesign.com\/de\/unikate\/\",\"name\":\"Unikate - OLYMP - BEST SALON INSPIRATION\",\"isPartOf\":{\"@id\":\"https:\/\/www.olymp-salondesign.com\/de\/#website\"},\"primaryImageOfPage\":{\"@id\":\"https:\/\/www.olymp-salondesign.com\/de\/unikate\/#primaryimage\"},\"image\":{\"@id\":\"https:\/\/www.olymp-salondesign.com\/de\/unikate\/#primaryimage\"},\"thumbnailUrl\":\"https:\/\/www.olymp-salondesign.com\/wp-content\/uploads\/2019\/08\/Bild1.png\",\"datePublished\":\"2019-03-15T09:34:08+00:00\",\"dateModified\":\"2019-08-15T12:49:19+00:00\",\"breadcrumb\":{\"@id\":\"https:\/\/www.olymp-salondesign.com\/de\/unikate\/#breadcrumb\"},\"inLanguage\":\"de\",\"potentialAction\":[{\"@type\":\"ReadAction\",\"target\":[\"https:\/\/www.olymp-salondesign.com\/de\/unikate\/\"]}]},{\"@type\":\"ImageObject\",\"inLanguage\":\"de\",\"@id\":\"https:\/\/www.olymp-salondesign.com\/de\/unikate\/#primaryimage\",\"url\":\"https:\/\/www.olymp-salondesign.com\/wp-content\/uploads\/2019\/08\/Bild1.png\",\"contentUrl\":\"https:\/\/www.olymp-salondesign.com\/wp-content\/uploads\/2019\/08\/Bild1.png\",\"width\":2000,\"height\":1224},{\"@type\":\"BreadcrumbList\",\"@id\":\"https:\/\/www.olymp-salondesign.com\/de\/unikate\/#breadcrumb\",\"itemListElement\":[{\"@type\":\"ListItem\",\"position\":1,\"name\":\"Home\",\"item\":\"https:\/\/www.olymp-salondesign.com\/de\/\"},{\"@type\":\"ListItem\",\"position\":2,\"name\":\"Unikate\"}]},{\"@type\":\"WebSite\",\"@id\":\"https:\/\/www.olymp-salondesign.com\/de\/#website\",\"url\":\"https:\/\/www.olymp-salondesign.com\/de\/\",\"name\":\"OLYMP - BEST SALON INSPIRATION\",\"description\":\"BEST SALON INSPIRATION\",\"publisher\":{\"@id\":\"https:\/\/www.olymp-salondesign.com\/de\/#organization\"},\"potentialAction\":[{\"@type\":\"SearchAction\",\"target\":{\"@type\":\"EntryPoint\",\"urlTemplate\":\"https:\/\/www.olymp-salondesign.com\/de\/?s={search_term_string}\"},\"query-input\":{\"@type\":\"PropertyValueSpecification\",\"valueRequired\":true,\"valueName\":\"search_term_string\"}}],\"inLanguage\":\"de\"},{\"@type\":\"Organization\",\"@id\":\"https:\/\/www.olymp-salondesign.com\/de\/#organization\",\"name\":\"OLYMP - BEST SALON INSPIRATION\",\"url\":\"https:\/\/www.olymp-salondesign.com\/de\/\",\"logo\":{\"@type\":\"ImageObject\",\"inLanguage\":\"de\",\"@id\":\"https:\/\/www.olymp-salondesign.com\/de\/#\/schema\/logo\/image\/\",\"url\":\"https:\/\/www.olymp-salondesign.com\/wp-content\/uploads\/2019\/05\/logo.svg\",\"contentUrl\":\"https:\/\/www.olymp-salondesign.com\/wp-content\/uploads\/2019\/05\/logo.svg\",\"width\":240,\"height\":50,\"caption\":\"OLYMP - BEST SALON INSPIRATION\"},\"image\":{\"@id\":\"https:\/\/www.olymp-salondesign.com\/de\/#\/schema\/logo\/image\/\"}}]}<\/script>\n<!-- \/ Yoast SEO Premium plugin. -->","yoast_head_json":{"title":"Unikate - OLYMP - BEST SALON INSPIRATION","robots":{"index":"index","follow":"follow","max-snippet":"max-snippet:-1","max-image-preview":"max-image-preview:large","max-video-preview":"max-video-preview:-1"},"canonical":"https:\/\/www.olymp-salondesign.com\/de\/unikate\/","og_locale":"de_DE","og_type":"article","og_title":"Unikate","og_description":"Unikate wirken als Blickfang, sie pr\u00e4gen sich ein und sorgen f\u00fcr Gespr\u00e4chsstoff. Ob als repr\u00e4sentativer Rezeptionsempfang, verkaufsf\u00f6rdernde Produktplatzierung oder funktionsinszenierte Arbeitspl\u00e4tze \u2013 kundenindividuelle Einrichtungsl\u00f6sungen sind immer dann erste Wahl, wenn Individualit\u00e4t das Unternehmenskonzept unterstreicht, R\u00e4ume eine individuelle Anpassung erfordern. Oder wenn Sie Ihren ganz eigenen Anspruch an Design, Funktion und Arbeitsweise umsetzen wollen. F\u00fcr hierauf [&hellip;]","og_url":"https:\/\/www.olymp-salondesign.com\/de\/unikate\/","og_site_name":"OLYMP - BEST SALON INSPIRATION","article_modified_time":"2019-08-15T12:49:19+00:00","og_image":[{"width":1024,"height":627,"url":"https:\/\/www.olymp-salondesign.com\/wp-content\/uploads\/2019\/08\/Bild1-1024x627.png","type":"image\/png"}],"twitter_card":"summary_large_image","schema":{"@context":"https:\/\/schema.org","@graph":[{"@type":"WebPage","@id":"https:\/\/www.olymp-salondesign.com\/de\/unikate\/","url":"https:\/\/www.olymp-salondesign.com\/de\/unikate\/","name":"Unikate - OLYMP - BEST SALON INSPIRATION","isPartOf":{"@id":"https:\/\/www.olymp-salondesign.com\/de\/#website"},"primaryImageOfPage":{"@id":"https:\/\/www.olymp-salondesign.com\/de\/unikate\/#primaryimage"},"image":{"@id":"https:\/\/www.olymp-salondesign.com\/de\/unikate\/#primaryimage"},"thumbnailUrl":"https:\/\/www.olymp-salondesign.com\/wp-content\/uploads\/2019\/08\/Bild1.png","datePublished":"2019-03-15T09:34:08+00:00","dateModified":"2019-08-15T12:49:19+00:00","breadcrumb":{"@id":"https:\/\/www.olymp-salondesign.com\/de\/unikate\/#breadcrumb"},"inLanguage":"de","potentialAction":[{"@type":"ReadAction","target":["https:\/\/www.olymp-salondesign.com\/de\/unikate\/"]}]},{"@type":"ImageObject","inLanguage":"de","@id":"https:\/\/www.olymp-salondesign.com\/de\/unikate\/#primaryimage","url":"https:\/\/www.olymp-salondesign.com\/wp-content\/uploads\/2019\/08\/Bild1.png","contentUrl":"https:\/\/www.olymp-salondesign.com\/wp-content\/uploads\/2019\/08\/Bild1.png","width":2000,"height":1224},{"@type":"BreadcrumbList","@id":"https:\/\/www.olymp-salondesign.com\/de\/unikate\/#breadcrumb","itemListElement":[{"@type":"ListItem","position":1,"name":"Home","item":"https:\/\/www.olymp-salondesign.com\/de\/"},{"@type":"ListItem","position":2,"name":"Unikate"}]},{"@type":"WebSite","@id":"https:\/\/www.olymp-salondesign.com\/de\/#website","url":"https:\/\/www.olymp-salondesign.com\/de\/","name":"OLYMP - BEST SALON INSPIRATION","description":"BEST SALON INSPIRATION","publisher":{"@id":"https:\/\/www.olymp-salondesign.com\/de\/#organization"},"potentialAction":[{"@type":"SearchAction","target":{"@type":"EntryPoint","urlTemplate":"https:\/\/www.olymp-salondesign.com\/de\/?s={search_term_string}"},"query-input":{"@type":"PropertyValueSpecification","valueRequired":true,"valueName":"search_term_string"}}],"inLanguage":"de"},{"@type":"Organization","@id":"https:\/\/www.olymp-salondesign.com\/de\/#organization","name":"OLYMP - BEST SALON INSPIRATION","url":"https:\/\/www.olymp-salondesign.com\/de\/","logo":{"@type":"ImageObject","inLanguage":"de","@id":"https:\/\/www.olymp-salondesign.com\/de\/#\/schema\/logo\/image\/","url":"https:\/\/www.olymp-salondesign.com\/wp-content\/uploads\/2019\/05\/logo.svg","contentUrl":"https:\/\/www.olymp-salondesign.com\/wp-content\/uploads\/2019\/05\/logo.svg","width":240,"height":50,"caption":"OLYMP - BEST SALON INSPIRATION"},"image":{"@id":"https:\/\/www.olymp-salondesign.com\/de\/#\/schema\/logo\/image\/"}}]}},"wpml_current_locale":"de_DE","wpml_translations":{"en":{"locale":"en","id":3145,"slug":"unique-objects","post_title":"Unique objects","href":"https:\/\/www.olymp-salondesign.com\/unique-objects\/"},"pl_PL":{"locale":"pl_PL","id":32062,"slug":"unikatowe-przedmioty","post_title":"Unikatowe przedmioty","href":"https:\/\/www.olymp-salondesign.com\/pl\/unikatowe-przedmioty\/"},"fr_FR":{"locale":"fr_FR","id":36724,"slug":"pieces-uniques","post_title":"PI\u00c8CES UNIQUES","href":"https:\/\/www.olymp-salondesign.com\/fr\/pieces-uniques\/"}},"_links":{"self":[{"href":"https:\/\/www.olymp-salondesign.com\/de\/wp-json\/wp\/v2\/pages\/1092"}],"collection":[{"href":"https:\/\/www.olymp-salondesign.com\/de\/wp-json\/wp\/v2\/pages"}],"about":[{"href":"https:\/\/www.olymp-salondesign.com\/de\/wp-json\/wp\/v2\/types\/page"}],"author":[{"embeddable":true,"href":"https:\/\/www.olymp-salondesign.com\/de\/wp-json\/wp\/v2\/users\/8"}],"replies":[{"embeddable":true,"href":"https:\/\/www.olymp-salondesign.com\/de\/wp-json\/wp\/v2\/comments?post=1092"}],"version-history":[{"count":26,"href":"https:\/\/www.olymp-salondesign.com\/de\/wp-json\/wp\/v2\/pages\/1092\/revisions"}],"predecessor-version":[{"id":14408,"href":"https:\/\/www.olymp-salondesign.com\/de\/wp-json\/wp\/v2\/pages\/1092\/revisions\/14408"}],"wp:featuredmedia":[{"embeddable":true,"href":"https:\/\/www.olymp-salondesign.com\/de\/wp-json\/wp\/v2\/media\/14023"}],"wp:attachment":[{"href":"https:\/\/www.olymp-salondesign.com\/de\/wp-json\/wp\/v2\/media?parent=1092"}],"curies":[{"name":"wp","href":"https:\/\/api.w.org\/{rel}","templated":true}]}}