{"id":2916,"date":"2019-03-28T14:59:42","date_gmt":"2019-03-28T13:59:42","guid":{"rendered":"https:\/\/olymp-wp.dev-2.alkima.io\/?page_id=2916"},"modified":"2020-10-07T13:35:30","modified_gmt":"2020-10-07T11:35:30","slug":"unsere-kooperationen","status":"publish","type":"page","link":"https:\/\/www.olymp-salondesign.com\/de\/unsere-kooperationen\/","title":{"rendered":"Unsere Kooperationspartner"},"content":{"rendered":"<ul class=\"images__list\">\n<li><a href=\"https:\/\/www.glynt.com\/\" target=\"_blank\" rel=\"nofollow noopener noreferrer\"><img loading=\"lazy\" decoding=\"async\" class=\"alignnone wp-image-3026 size-full\" src=\"\/wp-content\/uploads\/2019\/04\/glynt.png\" alt=\"\" width=\"133\" height=\"83\">Glynt<\/a><\/li>\n<li><a href=\"https:\/\/www.lorealprofessionnel.de\/\" target=\"_blank\" rel=\"nofollow noopener noreferrer\"><img loading=\"lazy\" decoding=\"async\" class=\"alignnone wp-image-3029 size-full\" src=\"\/wp-content\/uploads\/2019\/04\/loreal.png\" alt=\"\" width=\"133\" height=\"83\">L&#8217;Or\u00e9al Professionel<\/a><\/li>\n<li><a href=\"http:\/\/paul-mitchell.de\/\" target=\"_blank\" rel=\"nofollow noopener noreferrer\"><img loading=\"lazy\" decoding=\"async\" class=\"alignnone wp-image-3032 size-full\" src=\"\/wp-content\/uploads\/2019\/04\/paul_mitchel.png\" alt=\"\" width=\"133\" height=\"83\">Paul Mitchell<\/a><\/li>\n<li><a href=\"http:\/\/www.goldwell.com\/\" target=\"_blank\" rel=\"nofollow noopener noreferrer\"><img loading=\"lazy\" decoding=\"async\" class=\"alignnone wp-image-3035 size-full\" src=\"\/wp-content\/uploads\/2020\/10\/goldwell.png\" alt=\"\" width=\"133\" height=\"83\">Goldwell<\/a><\/li>\n<li><a href=\"https:\/\/www.labiosthetique.de\/\" target=\"_blank\" rel=\"nofollow noopener noreferrer\"><img loading=\"lazy\" decoding=\"async\" class=\"alignnone wp-image-3038 size-full\" src=\"\/wp-content\/uploads\/2019\/04\/la_biosthetique.png\" alt=\"\" width=\"133\" height=\"83\">La Biosth\u00e9tique<\/a><\/li>\n<li><a href=\"http:\/\/www.schwarzkopf-professional.de\/skp\/de\/de\/home.html\" target=\"_blank\" rel=\"nofollow noopener noreferrer\"><img loading=\"lazy\" decoding=\"async\" class=\"alignnone wp-image-3041 size-full\" src=\"\/wp-content\/uploads\/2019\/04\/schwarzkopf.png\" alt=\"\" width=\"133\" height=\"83\">Schwarzkopf<\/a><\/li>\n<li><a href=\"http:\/\/www.redken.de\/\" target=\"_blank\" rel=\"nofollow noopener noreferrer\"><img loading=\"lazy\" decoding=\"async\" class=\"alignnone wp-image-3044 size-full\" src=\"\/wp-content\/uploads\/2019\/04\/redken.png\" alt=\"\" width=\"133\" height=\"83\">Redken<\/a><\/li>\n<li><a href=\"https:\/\/www.kerastase.de\/\" target=\"_blank\" rel=\"nofollow noopener noreferrer\"><img loading=\"lazy\" decoding=\"async\" class=\"alignnone wp-image-3047 size-full\" src=\"\/wp-content\/uploads\/2019\/04\/kerastase.png\" alt=\"\" width=\"133\" height=\"83\">K\u00e9rastase<\/a><\/li>\n<li><a href=\"https:\/\/www.matrixprofessional.de\/\" target=\"_blank\" rel=\"nofollow noopener noreferrer\"><img loading=\"lazy\" decoding=\"async\" class=\"alignnone wp-image-3050 size-full\" src=\"\/wp-content\/uploads\/2019\/04\/matrix.png\" alt=\"\" width=\"133\" height=\"83\">Matrix<\/a><\/li>\n<li><a href=\"https:\/\/www.leadingsalons.com\/\" target=\"_blank\" rel=\"nofollow noopener noreferrer\"><img loading=\"lazy\" decoding=\"async\" class=\"alignnone wp-image-3053 size-full\" src=\"\/wp-content\/uploads\/2019\/04\/lsw.png\" alt=\"\" width=\"133\" height=\"83\">LSW<\/a><\/li>\n<li><a href=\"http:\/\/www.ffc.ag\/\" target=\"_blank\" rel=\"nofollow noopener noreferrer\"><img loading=\"lazy\" decoding=\"async\" class=\"alignnone wp-image-3057 size-full\" src=\"\/wp-content\/uploads\/2019\/04\/froelich.png\" alt=\"\" width=\"133\" height=\"83\">Fr\u00f6hlich &amp; Friends<\/a><\/li>\n<li><a href=\"https:\/\/www.herzog-systems.de\/\" target=\"_blank\" rel=\"nofollow noopener noreferrer\"><img loading=\"lazy\" decoding=\"async\" class=\"alignnone wp-image-3063 size-full\" src=\"\/wp-content\/uploads\/2019\/04\/herzog_systems.png\" alt=\"\" width=\"133\" height=\"83\">Herzog Systems GmbH<\/a><\/li>\n<li><a href=\"http:\/\/www.herzog-leasing.de\/\" target=\"_blank\" rel=\"nofollow noopener noreferrer\"><img loading=\"lazy\" decoding=\"async\" class=\"alignnone wp-image-3066 size-full\" src=\"\/wp-content\/uploads\/2019\/04\/herzog_leasing.png\" alt=\"\" width=\"133\" height=\"83\">Herzog Leasing AG<\/a><\/li>\n<li><a href=\"https:\/\/www.standort-tirol.at\" target=\"_blank\" rel=\"nofollow noopener noreferrer\"><img loading=\"lazy\" decoding=\"async\" class=\"alignnone size-full wp-image-13491\" src=\"\/wp-content\/uploads\/2019\/08\/Frame-2.png\" alt=\"\" width=\"133\" height=\"83\">Cluster Wellness Tirol<\/a><\/li>\n<li><a href=\"http:\/\/www.intercoiffure.de\/\" target=\"_blank\" rel=\"nofollow noopener noreferrer\"><img loading=\"lazy\" decoding=\"async\" class=\"alignnone size-full wp-image-13493\" src=\"\/wp-content\/uploads\/2019\/08\/Frame-1-1.png\" alt=\"\" width=\"133\" height=\"83\">Inter Coifeur Deutschland<\/a><\/li>\n<li><a href=\"https:\/\/www.goldwell.de\/\" target=\"_blank\" rel=\"nofollow noopener noreferrer\"><img loading=\"lazy\" decoding=\"async\" class=\"alignnone size-full wp-image-13495\" src=\"\/wp-content\/uploads\/2019\/08\/Frame-2-1.png\" alt=\"\" width=\"133\" height=\"83\">Kao experten Netzwerk<\/a><\/li>\n<li><a href=\"https:\/\/www.german-design-council.de\/about\/\" target=\"_blank\" rel=\"nofollow noopener noreferrer\"><img loading=\"lazy\" decoding=\"async\" class=\"alignnone size-full wp-image-13497\" src=\"\/wp-content\/uploads\/2019\/08\/Frame-3.png\" alt=\"\" width=\"133\" height=\"83\">Rat f\u00fcr Formgebung<\/a><\/li>\n<li><a href=\"http:\/\/www.spa-life.eu\/\" target=\"_blank\" rel=\"nofollow noopener noreferrer\"><img loading=\"lazy\" decoding=\"async\" class=\"alignnone size-full wp-image-13499\" src=\"\/wp-content\/uploads\/2019\/08\/Frame-4.png\" alt=\"\" width=\"133\" height=\"83\">Spa Life<\/a><\/li>\n<li><a href=\"https:\/\/www.wellnessverband.de\/\" target=\"_blank\" rel=\"nofollow noopener noreferrer\"><img loading=\"lazy\" decoding=\"async\" class=\"alignnone size-full wp-image-13501\" src=\"\/wp-content\/uploads\/2019\/08\/Frame-5.png\" alt=\"\" width=\"133\" height=\"83\">Deutscher Wellnessverband<\/a><\/li>\n<li><a href=\"https:\/\/www.spacamp.net\/\" target=\"_blank\" rel=\"nofollow noopener noreferrer\"><img loading=\"lazy\" decoding=\"async\" class=\"alignnone size-full wp-image-13503\" src=\"\/wp-content\/uploads\/2019\/08\/Frame-6.png\" alt=\"\" width=\"133\" height=\"83\">Spa Camp<\/a><\/li>\n<li><a href=\"http:\/\/mundelarchitekten.de\/\" target=\"_blank\" rel=\"nofollow noopener noreferrer\"><img loading=\"lazy\" decoding=\"async\" class=\"alignnone size-full wp-image-13503\" src=\"\/wp-content\/uploads\/2019\/08\/Kai-Mundel.jpg\" alt=\"\" width=\"133\" height=\"83\">\nMundelArchitekten<\/a><\/li>\n<\/ul>","protected":false},"excerpt":{"rendered":"<p>Glynt L&#8217;Or\u00e9al Professionel Paul Mitchell Goldwell La Biosth\u00e9tique Schwarzkopf Redken K\u00e9rastase Matrix LSW Fr\u00f6hlich &amp; Friends Herzog Systems GmbH Herzog Leasing AG Cluster Wellness Tirol Inter Coifeur Deutschland Kao experten Netzwerk Rat f\u00fcr Formgebung Spa Life Deutscher Wellnessverband Spa Camp MundelArchitekten<\/p>\n","protected":false},"author":8,"featured_media":0,"parent":0,"menu_order":0,"comment_status":"closed","ping_status":"closed","template":"","meta":{"_acf_changed":false,"footnotes":""},"class_list":["post-2916","page","type-page","status-publish","hentry"],"acf":[],"yoast_head":"<!-- This site is optimized with the Yoast SEO Premium plugin v23.7 (Yoast SEO v23.7) - https:\/\/yoast.com\/wordpress\/plugins\/seo\/ -->\n<title>Unsere Kooperationspartner - OLYMP - BEST SALON INSPIRATION<\/title>\n<meta name=\"robots\" content=\"index, follow, max-snippet:-1, max-image-preview:large, max-video-preview:-1\" \/>\n<link rel=\"canonical\" href=\"https:\/\/www.olymp-salondesign.com\/de\/unsere-kooperationen\/\" \/>\n<meta property=\"og:locale\" content=\"de_DE\" \/>\n<meta property=\"og:type\" content=\"article\" \/>\n<meta property=\"og:title\" content=\"Unsere Kooperationspartner\" \/>\n<meta property=\"og:description\" content=\"Glynt L&#8217;Or\u00e9al Professionel Paul Mitchell Goldwell La Biosth\u00e9tique Schwarzkopf Redken K\u00e9rastase Matrix LSW Fr\u00f6hlich &amp; Friends Herzog Systems GmbH Herzog Leasing AG Cluster Wellness Tirol Inter Coifeur Deutschland Kao experten Netzwerk Rat f\u00fcr Formgebung Spa Life Deutscher Wellnessverband Spa Camp MundelArchitekten\" \/>\n<meta property=\"og:url\" content=\"https:\/\/www.olymp-salondesign.com\/de\/unsere-kooperationen\/\" \/>\n<meta property=\"og:site_name\" content=\"OLYMP - BEST SALON INSPIRATION\" \/>\n<meta property=\"article:modified_time\" content=\"2020-10-07T11:35:30+00:00\" \/>\n<meta property=\"og:image\" content=\"https:\/\/www.olymp-salondesign.com\/wp-content\/uploads\/2019\/04\/glynt.png\" \/>\n<meta name=\"twitter:card\" content=\"summary_large_image\" \/>\n<script type=\"application\/ld+json\" class=\"yoast-schema-graph\">{\"@context\":\"https:\/\/schema.org\",\"@graph\":[{\"@type\":\"WebPage\",\"@id\":\"https:\/\/www.olymp-salondesign.com\/de\/unsere-kooperationen\/\",\"url\":\"https:\/\/www.olymp-salondesign.com\/de\/unsere-kooperationen\/\",\"name\":\"Unsere Kooperationspartner - OLYMP - BEST SALON INSPIRATION\",\"isPartOf\":{\"@id\":\"https:\/\/www.olymp-salondesign.com\/de\/#website\"},\"datePublished\":\"2019-03-28T13:59:42+00:00\",\"dateModified\":\"2020-10-07T11:35:30+00:00\",\"breadcrumb\":{\"@id\":\"https:\/\/www.olymp-salondesign.com\/de\/unsere-kooperationen\/#breadcrumb\"},\"inLanguage\":\"de\",\"potentialAction\":[{\"@type\":\"ReadAction\",\"target\":[\"https:\/\/www.olymp-salondesign.com\/de\/unsere-kooperationen\/\"]}]},{\"@type\":\"BreadcrumbList\",\"@id\":\"https:\/\/www.olymp-salondesign.com\/de\/unsere-kooperationen\/#breadcrumb\",\"itemListElement\":[{\"@type\":\"ListItem\",\"position\":1,\"name\":\"Home\",\"item\":\"https:\/\/www.olymp-salondesign.com\/de\/\"},{\"@type\":\"ListItem\",\"position\":2,\"name\":\"Unsere Kooperationspartner\"}]},{\"@type\":\"WebSite\",\"@id\":\"https:\/\/www.olymp-salondesign.com\/de\/#website\",\"url\":\"https:\/\/www.olymp-salondesign.com\/de\/\",\"name\":\"OLYMP - BEST SALON INSPIRATION\",\"description\":\"BEST SALON INSPIRATION\",\"publisher\":{\"@id\":\"https:\/\/www.olymp-salondesign.com\/de\/#organization\"},\"potentialAction\":[{\"@type\":\"SearchAction\",\"target\":{\"@type\":\"EntryPoint\",\"urlTemplate\":\"https:\/\/www.olymp-salondesign.com\/de\/?s={search_term_string}\"},\"query-input\":{\"@type\":\"PropertyValueSpecification\",\"valueRequired\":true,\"valueName\":\"search_term_string\"}}],\"inLanguage\":\"de\"},{\"@type\":\"Organization\",\"@id\":\"https:\/\/www.olymp-salondesign.com\/de\/#organization\",\"name\":\"OLYMP - BEST SALON INSPIRATION\",\"url\":\"https:\/\/www.olymp-salondesign.com\/de\/\",\"logo\":{\"@type\":\"ImageObject\",\"inLanguage\":\"de\",\"@id\":\"https:\/\/www.olymp-salondesign.com\/de\/#\/schema\/logo\/image\/\",\"url\":\"https:\/\/www.olymp-salondesign.com\/wp-content\/uploads\/2019\/05\/logo.svg\",\"contentUrl\":\"https:\/\/www.olymp-salondesign.com\/wp-content\/uploads\/2019\/05\/logo.svg\",\"width\":240,\"height\":50,\"caption\":\"OLYMP - BEST SALON INSPIRATION\"},\"image\":{\"@id\":\"https:\/\/www.olymp-salondesign.com\/de\/#\/schema\/logo\/image\/\"}}]}<\/script>\n<!-- \/ Yoast SEO Premium plugin. -->","yoast_head_json":{"title":"Unsere Kooperationspartner - OLYMP - BEST SALON INSPIRATION","robots":{"index":"index","follow":"follow","max-snippet":"max-snippet:-1","max-image-preview":"max-image-preview:large","max-video-preview":"max-video-preview:-1"},"canonical":"https:\/\/www.olymp-salondesign.com\/de\/unsere-kooperationen\/","og_locale":"de_DE","og_type":"article","og_title":"Unsere Kooperationspartner","og_description":"Glynt L&#8217;Or\u00e9al Professionel Paul Mitchell Goldwell La Biosth\u00e9tique Schwarzkopf Redken K\u00e9rastase Matrix LSW Fr\u00f6hlich &amp; Friends Herzog Systems GmbH Herzog Leasing AG Cluster Wellness Tirol Inter Coifeur Deutschland Kao experten Netzwerk Rat f\u00fcr Formgebung Spa Life Deutscher Wellnessverband Spa Camp MundelArchitekten","og_url":"https:\/\/www.olymp-salondesign.com\/de\/unsere-kooperationen\/","og_site_name":"OLYMP - BEST SALON INSPIRATION","article_modified_time":"2020-10-07T11:35:30+00:00","og_image":[{"url":"https:\/\/www.olymp-salondesign.com\/wp-content\/uploads\/2019\/04\/glynt.png"}],"twitter_card":"summary_large_image","schema":{"@context":"https:\/\/schema.org","@graph":[{"@type":"WebPage","@id":"https:\/\/www.olymp-salondesign.com\/de\/unsere-kooperationen\/","url":"https:\/\/www.olymp-salondesign.com\/de\/unsere-kooperationen\/","name":"Unsere Kooperationspartner - OLYMP - BEST SALON INSPIRATION","isPartOf":{"@id":"https:\/\/www.olymp-salondesign.com\/de\/#website"},"datePublished":"2019-03-28T13:59:42+00:00","dateModified":"2020-10-07T11:35:30+00:00","breadcrumb":{"@id":"https:\/\/www.olymp-salondesign.com\/de\/unsere-kooperationen\/#breadcrumb"},"inLanguage":"de","potentialAction":[{"@type":"ReadAction","target":["https:\/\/www.olymp-salondesign.com\/de\/unsere-kooperationen\/"]}]},{"@type":"BreadcrumbList","@id":"https:\/\/www.olymp-salondesign.com\/de\/unsere-kooperationen\/#breadcrumb","itemListElement":[{"@type":"ListItem","position":1,"name":"Home","item":"https:\/\/www.olymp-salondesign.com\/de\/"},{"@type":"ListItem","position":2,"name":"Unsere Kooperationspartner"}]},{"@type":"WebSite","@id":"https:\/\/www.olymp-salondesign.com\/de\/#website","url":"https:\/\/www.olymp-salondesign.com\/de\/","name":"OLYMP - BEST SALON INSPIRATION","description":"BEST SALON INSPIRATION","publisher":{"@id":"https:\/\/www.olymp-salondesign.com\/de\/#organization"},"potentialAction":[{"@type":"SearchAction","target":{"@type":"EntryPoint","urlTemplate":"https:\/\/www.olymp-salondesign.com\/de\/?s={search_term_string}"},"query-input":{"@type":"PropertyValueSpecification","valueRequired":true,"valueName":"search_term_string"}}],"inLanguage":"de"},{"@type":"Organization","@id":"https:\/\/www.olymp-salondesign.com\/de\/#organization","name":"OLYMP - BEST SALON INSPIRATION","url":"https:\/\/www.olymp-salondesign.com\/de\/","logo":{"@type":"ImageObject","inLanguage":"de","@id":"https:\/\/www.olymp-salondesign.com\/de\/#\/schema\/logo\/image\/","url":"https:\/\/www.olymp-salondesign.com\/wp-content\/uploads\/2019\/05\/logo.svg","contentUrl":"https:\/\/www.olymp-salondesign.com\/wp-content\/uploads\/2019\/05\/logo.svg","width":240,"height":50,"caption":"OLYMP - BEST SALON INSPIRATION"},"image":{"@id":"https:\/\/www.olymp-salondesign.com\/de\/#\/schema\/logo\/image\/"}}]}},"wpml_current_locale":"de_DE","wpml_translations":{"en":{"locale":"en","id":3166,"slug":"our-cooperations","post_title":"Our cooperations","href":"https:\/\/www.olymp-salondesign.com\/our-cooperations\/"},"pl_PL":{"locale":"pl_PL","id":32004,"slug":"nasza-wspolpraca","post_title":"Nasza wsp\u00f3\u0142praca","href":"https:\/\/www.olymp-salondesign.com\/pl\/nasza-wspolpraca\/"},"fr_FR":{"locale":"fr_FR","id":36665,"slug":"nos-partenaires-de-cooperation","post_title":"Nos partenaires","href":"https:\/\/www.olymp-salondesign.com\/fr\/nos-partenaires-de-cooperation\/"}},"_links":{"self":[{"href":"https:\/\/www.olymp-salondesign.com\/de\/wp-json\/wp\/v2\/pages\/2916"}],"collection":[{"href":"https:\/\/www.olymp-salondesign.com\/de\/wp-json\/wp\/v2\/pages"}],"about":[{"href":"https:\/\/www.olymp-salondesign.com\/de\/wp-json\/wp\/v2\/types\/page"}],"author":[{"embeddable":true,"href":"https:\/\/www.olymp-salondesign.com\/de\/wp-json\/wp\/v2\/users\/8"}],"replies":[{"embeddable":true,"href":"https:\/\/www.olymp-salondesign.com\/de\/wp-json\/wp\/v2\/comments?post=2916"}],"version-history":[{"count":35,"href":"https:\/\/www.olymp-salondesign.com\/de\/wp-json\/wp\/v2\/pages\/2916\/revisions"}],"predecessor-version":[{"id":33393,"href":"https:\/\/www.olymp-salondesign.com\/de\/wp-json\/wp\/v2\/pages\/2916\/revisions\/33393"}],"wp:attachment":[{"href":"https:\/\/www.olymp-salondesign.com\/de\/wp-json\/wp\/v2\/media?parent=2916"}],"curies":[{"name":"wp","href":"https:\/\/api.w.org\/{rel}","templated":true}]}}