{"id":759,"date":"2019-03-11T11:11:38","date_gmt":"2019-03-11T10:11:38","guid":{"rendered":"https:\/\/olymp-wp.dev-2.alkima.io\/?page_id=759"},"modified":"2020-04-17T12:58:56","modified_gmt":"2020-04-17T10:58:56","slug":"unsere-partner","status":"publish","type":"page","link":"https:\/\/www.olymp-salondesign.com\/de\/unsere-partner\/","title":{"rendered":"Unsere Friseur-Partner"},"content":{"rendered":"\u00dcber viele Jahrzehnte hat sich das Unternehmen zu einem f\u00fchrenden Global Player entwickelt, der mit seinen internationalen Partnern weltweit die Friseurbranche mit Innovationen und mittelst\u00e4ndischer Verl\u00e4sslichkeit pr\u00e4gt.","protected":false},"excerpt":{"rendered":"<p>\u00dcber viele Jahrzehnte hat sich das Unternehmen zu einem f\u00fchrenden Global Player entwickelt, der mit seinen internationalen Partnern weltweit die Friseurbranche mit Innovationen und mittelst\u00e4ndischer Verl\u00e4sslichkeit pr\u00e4gt.<\/p>\n","protected":false},"author":8,"featured_media":0,"parent":0,"menu_order":0,"comment_status":"closed","ping_status":"closed","template":"templates\/template-partners.php","meta":{"_acf_changed":false,"footnotes":""},"class_list":["post-759","page","type-page","status-publish","hentry"],"acf":[],"yoast_head":"<!-- This site is optimized with the Yoast SEO Premium plugin v23.7 (Yoast SEO v23.7) - https:\/\/yoast.com\/wordpress\/plugins\/seo\/ -->\n<title>Unsere Friseur-Partner - OLYMP - BEST SALON INSPIRATION<\/title>\n<meta name=\"robots\" content=\"index, follow, max-snippet:-1, max-image-preview:large, max-video-preview:-1\" \/>\n<link rel=\"canonical\" href=\"https:\/\/www.olymp-salondesign.com\/de\/unsere-partner\/\" \/>\n<meta property=\"og:locale\" content=\"de_DE\" \/>\n<meta property=\"og:type\" content=\"article\" \/>\n<meta property=\"og:title\" content=\"Unsere Friseur-Partner\" \/>\n<meta property=\"og:description\" content=\"\u00dcber viele Jahrzehnte hat sich das Unternehmen zu einem f\u00fchrenden Global Player entwickelt, der mit seinen internationalen Partnern weltweit die Friseurbranche mit Innovationen und mittelst\u00e4ndischer Verl\u00e4sslichkeit pr\u00e4gt.\" \/>\n<meta property=\"og:url\" content=\"https:\/\/www.olymp-salondesign.com\/de\/unsere-partner\/\" \/>\n<meta property=\"og:site_name\" content=\"OLYMP - BEST SALON INSPIRATION\" \/>\n<meta property=\"article:modified_time\" content=\"2020-04-17T10:58:56+00:00\" \/>\n<meta name=\"twitter:card\" content=\"summary_large_image\" \/>\n<script type=\"application\/ld+json\" class=\"yoast-schema-graph\">{\"@context\":\"https:\/\/schema.org\",\"@graph\":[{\"@type\":\"WebPage\",\"@id\":\"https:\/\/www.olymp-salondesign.com\/de\/unsere-partner\/\",\"url\":\"https:\/\/www.olymp-salondesign.com\/de\/unsere-partner\/\",\"name\":\"Unsere Friseur-Partner - OLYMP - BEST SALON INSPIRATION\",\"isPartOf\":{\"@id\":\"https:\/\/www.olymp-salondesign.com\/de\/#website\"},\"datePublished\":\"2019-03-11T10:11:38+00:00\",\"dateModified\":\"2020-04-17T10:58:56+00:00\",\"breadcrumb\":{\"@id\":\"https:\/\/www.olymp-salondesign.com\/de\/unsere-partner\/#breadcrumb\"},\"inLanguage\":\"de\",\"potentialAction\":[{\"@type\":\"ReadAction\",\"target\":[\"https:\/\/www.olymp-salondesign.com\/de\/unsere-partner\/\"]}]},{\"@type\":\"BreadcrumbList\",\"@id\":\"https:\/\/www.olymp-salondesign.com\/de\/unsere-partner\/#breadcrumb\",\"itemListElement\":[{\"@type\":\"ListItem\",\"position\":1,\"name\":\"Home\",\"item\":\"https:\/\/www.olymp-salondesign.com\/de\/\"},{\"@type\":\"ListItem\",\"position\":2,\"name\":\"Unsere Friseur-Partner\"}]},{\"@type\":\"WebSite\",\"@id\":\"https:\/\/www.olymp-salondesign.com\/de\/#website\",\"url\":\"https:\/\/www.olymp-salondesign.com\/de\/\",\"name\":\"OLYMP - BEST SALON INSPIRATION\",\"description\":\"BEST SALON INSPIRATION\",\"publisher\":{\"@id\":\"https:\/\/www.olymp-salondesign.com\/de\/#organization\"},\"potentialAction\":[{\"@type\":\"SearchAction\",\"target\":{\"@type\":\"EntryPoint\",\"urlTemplate\":\"https:\/\/www.olymp-salondesign.com\/de\/?s={search_term_string}\"},\"query-input\":{\"@type\":\"PropertyValueSpecification\",\"valueRequired\":true,\"valueName\":\"search_term_string\"}}],\"inLanguage\":\"de\"},{\"@type\":\"Organization\",\"@id\":\"https:\/\/www.olymp-salondesign.com\/de\/#organization\",\"name\":\"OLYMP - BEST SALON INSPIRATION\",\"url\":\"https:\/\/www.olymp-salondesign.com\/de\/\",\"logo\":{\"@type\":\"ImageObject\",\"inLanguage\":\"de\",\"@id\":\"https:\/\/www.olymp-salondesign.com\/de\/#\/schema\/logo\/image\/\",\"url\":\"https:\/\/www.olymp-salondesign.com\/wp-content\/uploads\/2019\/05\/logo.svg\",\"contentUrl\":\"https:\/\/www.olymp-salondesign.com\/wp-content\/uploads\/2019\/05\/logo.svg\",\"width\":240,\"height\":50,\"caption\":\"OLYMP - BEST SALON INSPIRATION\"},\"image\":{\"@id\":\"https:\/\/www.olymp-salondesign.com\/de\/#\/schema\/logo\/image\/\"}}]}<\/script>\n<!-- \/ Yoast SEO Premium plugin. -->","yoast_head_json":{"title":"Unsere Friseur-Partner - OLYMP - BEST SALON INSPIRATION","robots":{"index":"index","follow":"follow","max-snippet":"max-snippet:-1","max-image-preview":"max-image-preview:large","max-video-preview":"max-video-preview:-1"},"canonical":"https:\/\/www.olymp-salondesign.com\/de\/unsere-partner\/","og_locale":"de_DE","og_type":"article","og_title":"Unsere Friseur-Partner","og_description":"\u00dcber viele Jahrzehnte hat sich das Unternehmen zu einem f\u00fchrenden Global Player entwickelt, der mit seinen internationalen Partnern weltweit die Friseurbranche mit Innovationen und mittelst\u00e4ndischer Verl\u00e4sslichkeit pr\u00e4gt.","og_url":"https:\/\/www.olymp-salondesign.com\/de\/unsere-partner\/","og_site_name":"OLYMP - BEST SALON INSPIRATION","article_modified_time":"2020-04-17T10:58:56+00:00","twitter_card":"summary_large_image","schema":{"@context":"https:\/\/schema.org","@graph":[{"@type":"WebPage","@id":"https:\/\/www.olymp-salondesign.com\/de\/unsere-partner\/","url":"https:\/\/www.olymp-salondesign.com\/de\/unsere-partner\/","name":"Unsere Friseur-Partner - OLYMP - BEST SALON INSPIRATION","isPartOf":{"@id":"https:\/\/www.olymp-salondesign.com\/de\/#website"},"datePublished":"2019-03-11T10:11:38+00:00","dateModified":"2020-04-17T10:58:56+00:00","breadcrumb":{"@id":"https:\/\/www.olymp-salondesign.com\/de\/unsere-partner\/#breadcrumb"},"inLanguage":"de","potentialAction":[{"@type":"ReadAction","target":["https:\/\/www.olymp-salondesign.com\/de\/unsere-partner\/"]}]},{"@type":"BreadcrumbList","@id":"https:\/\/www.olymp-salondesign.com\/de\/unsere-partner\/#breadcrumb","itemListElement":[{"@type":"ListItem","position":1,"name":"Home","item":"https:\/\/www.olymp-salondesign.com\/de\/"},{"@type":"ListItem","position":2,"name":"Unsere Friseur-Partner"}]},{"@type":"WebSite","@id":"https:\/\/www.olymp-salondesign.com\/de\/#website","url":"https:\/\/www.olymp-salondesign.com\/de\/","name":"OLYMP - BEST SALON INSPIRATION","description":"BEST SALON INSPIRATION","publisher":{"@id":"https:\/\/www.olymp-salondesign.com\/de\/#organization"},"potentialAction":[{"@type":"SearchAction","target":{"@type":"EntryPoint","urlTemplate":"https:\/\/www.olymp-salondesign.com\/de\/?s={search_term_string}"},"query-input":{"@type":"PropertyValueSpecification","valueRequired":true,"valueName":"search_term_string"}}],"inLanguage":"de"},{"@type":"Organization","@id":"https:\/\/www.olymp-salondesign.com\/de\/#organization","name":"OLYMP - BEST SALON INSPIRATION","url":"https:\/\/www.olymp-salondesign.com\/de\/","logo":{"@type":"ImageObject","inLanguage":"de","@id":"https:\/\/www.olymp-salondesign.com\/de\/#\/schema\/logo\/image\/","url":"https:\/\/www.olymp-salondesign.com\/wp-content\/uploads\/2019\/05\/logo.svg","contentUrl":"https:\/\/www.olymp-salondesign.com\/wp-content\/uploads\/2019\/05\/logo.svg","width":240,"height":50,"caption":"OLYMP - BEST SALON INSPIRATION"},"image":{"@id":"https:\/\/www.olymp-salondesign.com\/de\/#\/schema\/logo\/image\/"}}]}},"wpml_current_locale":"de_DE","wpml_translations":{"en":{"locale":"en","id":3168,"slug":"our-partners","post_title":"Our Hairdresser Partners","href":"https:\/\/www.olymp-salondesign.com\/our-partners\/"},"pl_PL":{"locale":"pl_PL","id":32018,"slug":"our-partners","post_title":"Our hairdressing partners","href":"https:\/\/www.olymp-salondesign.com\/pl\/our-partners\/"},"fr_FR":{"locale":"fr_FR","id":36704,"slug":"our-hairdresser-partners","post_title":"Our Hairdresser Partners","href":"https:\/\/www.olymp-salondesign.com\/fr\/our-hairdresser-partners\/"}},"_links":{"self":[{"href":"https:\/\/www.olymp-salondesign.com\/de\/wp-json\/wp\/v2\/pages\/759"}],"collection":[{"href":"https:\/\/www.olymp-salondesign.com\/de\/wp-json\/wp\/v2\/pages"}],"about":[{"href":"https:\/\/www.olymp-salondesign.com\/de\/wp-json\/wp\/v2\/types\/page"}],"author":[{"embeddable":true,"href":"https:\/\/www.olymp-salondesign.com\/de\/wp-json\/wp\/v2\/users\/8"}],"replies":[{"embeddable":true,"href":"https:\/\/www.olymp-salondesign.com\/de\/wp-json\/wp\/v2\/comments?post=759"}],"version-history":[{"count":15,"href":"https:\/\/www.olymp-salondesign.com\/de\/wp-json\/wp\/v2\/pages\/759\/revisions"}],"predecessor-version":[{"id":18755,"href":"https:\/\/www.olymp-salondesign.com\/de\/wp-json\/wp\/v2\/pages\/759\/revisions\/18755"}],"wp:attachment":[{"href":"https:\/\/www.olymp-salondesign.com\/de\/wp-json\/wp\/v2\/media?parent=759"}],"curies":[{"name":"wp","href":"https:\/\/api.w.org\/{rel}","templated":true}]}}