{"id":12973,"date":"2019-08-05T10:32:42","date_gmt":"2019-08-05T08:32:42","guid":{"rendered":"https:\/\/olymp-wp.dev-2.alkima.io\/product\/olymp-lavasit-comfort\/"},"modified":"2025-02-20T14:10:24","modified_gmt":"2025-02-20T13:10:24","slug":"olymp-lavasit-comfort","status":"publish","type":"product","link":"https:\/\/www.olymp-salondesign.com\/de\/produkt\/olymp-lavasit-comfort\/","title":{"rendered":"OLYMP LavaSit Comfort"},"content":{"rendered":"<p>Kippbares Becken schwarz oder wei\u00df mit F\u00e4rbebecher, wahlweise mit Basic- oder Edition-Mischbatterie. Unterbau reinwei\u00df oder anthrazitmetallic, Sitzfl\u00e4che durchgehend verbunden mit elektrisch ausschwenkbarer Beinauflage. Bicolor-Polsterung m\u00f6glich. R\u00fccken mit integrierter Shiatsu-Massage \u2013 4 verschiedene Programme w\u00e4hlbar, optional mit Handtuchreling erh\u00e4ltlich. Einzel-, Reihen- und Wandinstallation m\u00f6glich.<\/p>\n","protected":false},"excerpt":{"rendered":"<p>Multisensorischer Wellness-Komfort \u2013 f\u00fcr Designliebhaber \u2013 mit Shiatsu-Massage<\/p>\n","protected":false},"featured_media":14542,"template":"","meta":{"_acf_changed":false},"product_cat":[1197,1200],"product_tag":[],"class_list":{"0":"post-12973","1":"product","2":"type-product","3":"status-publish","4":"has-post-thumbnail","6":"product_cat-friseur","7":"product_cat-waschanlagen","9":"first","10":"instock","11":"purchasable","12":"product-type-simple"},"acf":[],"yoast_head":"<!-- This site is optimized with the Yoast SEO Premium plugin v23.7 (Yoast SEO v23.7) - https:\/\/yoast.com\/wordpress\/plugins\/seo\/ -->\n<title>OLYMP LavaSit Comfort - OLYMP - BEST SALON INSPIRATION<\/title>\n<meta name=\"robots\" content=\"index, follow, max-snippet:-1, max-image-preview:large, max-video-preview:-1\" \/>\n<link rel=\"canonical\" href=\"https:\/\/www.olymp-salondesign.com\/de\/produkt\/olymp-lavasit-comfort\/\" \/>\n<meta property=\"og:locale\" content=\"de_DE\" \/>\n<meta property=\"og:type\" content=\"article\" \/>\n<meta property=\"og:title\" content=\"OLYMP LavaSit Comfort\" \/>\n<meta property=\"og:description\" content=\"Multisensorischer Wellness-Komfort \u2013 f\u00fcr Designliebhaber \u2013 mit Shiatsu-Massage\" \/>\n<meta property=\"og:url\" content=\"https:\/\/www.olymp-salondesign.com\/de\/produkt\/olymp-lavasit-comfort\/\" \/>\n<meta property=\"og:site_name\" content=\"OLYMP - BEST SALON INSPIRATION\" \/>\n<meta property=\"article:modified_time\" content=\"2025-02-20T13:10:24+00:00\" \/>\n<meta property=\"og:image\" content=\"https:\/\/www.olymp-salondesign.com\/wp-content\/uploads\/2019\/08\/WA_LavaSit_Comfort_bicolour_sw-2048-x-2048.jpg\" \/>\n\t<meta property=\"og:image:width\" content=\"2048\" \/>\n\t<meta property=\"og:image:height\" content=\"2048\" \/>\n\t<meta property=\"og:image:type\" content=\"image\/jpeg\" \/>\n<meta name=\"twitter:card\" content=\"summary_large_image\" \/>\n<script type=\"application\/ld+json\" class=\"yoast-schema-graph\">{\"@context\":\"https:\/\/schema.org\",\"@graph\":[{\"@type\":\"WebPage\",\"@id\":\"https:\/\/www.olymp-salondesign.com\/de\/produkt\/olymp-lavasit-comfort\/\",\"url\":\"https:\/\/www.olymp-salondesign.com\/de\/produkt\/olymp-lavasit-comfort\/\",\"name\":\"OLYMP LavaSit Comfort - OLYMP - BEST SALON INSPIRATION\",\"isPartOf\":{\"@id\":\"https:\/\/www.olymp-salondesign.com\/de\/#website\"},\"primaryImageOfPage\":{\"@id\":\"https:\/\/www.olymp-salondesign.com\/de\/produkt\/olymp-lavasit-comfort\/#primaryimage\"},\"image\":{\"@id\":\"https:\/\/www.olymp-salondesign.com\/de\/produkt\/olymp-lavasit-comfort\/#primaryimage\"},\"thumbnailUrl\":\"https:\/\/www.olymp-salondesign.com\/wp-content\/uploads\/2019\/08\/WA_LavaSit_Comfort_bicolour_sw-2048-x-2048.jpg\",\"datePublished\":\"2019-08-05T08:32:42+00:00\",\"dateModified\":\"2025-02-20T13:10:24+00:00\",\"breadcrumb\":{\"@id\":\"https:\/\/www.olymp-salondesign.com\/de\/produkt\/olymp-lavasit-comfort\/#breadcrumb\"},\"inLanguage\":\"de\",\"potentialAction\":[{\"@type\":\"ReadAction\",\"target\":[\"https:\/\/www.olymp-salondesign.com\/de\/produkt\/olymp-lavasit-comfort\/\"]}]},{\"@type\":\"ImageObject\",\"inLanguage\":\"de\",\"@id\":\"https:\/\/www.olymp-salondesign.com\/de\/produkt\/olymp-lavasit-comfort\/#primaryimage\",\"url\":\"https:\/\/www.olymp-salondesign.com\/wp-content\/uploads\/2019\/08\/WA_LavaSit_Comfort_bicolour_sw-2048-x-2048.jpg\",\"contentUrl\":\"https:\/\/www.olymp-salondesign.com\/wp-content\/uploads\/2019\/08\/WA_LavaSit_Comfort_bicolour_sw-2048-x-2048.jpg\",\"width\":2048,\"height\":2048},{\"@type\":\"BreadcrumbList\",\"@id\":\"https:\/\/www.olymp-salondesign.com\/de\/produkt\/olymp-lavasit-comfort\/#breadcrumb\",\"itemListElement\":[{\"@type\":\"ListItem\",\"position\":1,\"name\":\"Home\",\"item\":\"https:\/\/www.olymp-salondesign.com\/de\/\"},{\"@type\":\"ListItem\",\"position\":2,\"name\":\"Produkte\",\"item\":\"https:\/\/www.olymp-salondesign.com\/de\/shop\/\"},{\"@type\":\"ListItem\",\"position\":3,\"name\":\"OLYMP LavaSit Comfort\"}]},{\"@type\":\"WebSite\",\"@id\":\"https:\/\/www.olymp-salondesign.com\/de\/#website\",\"url\":\"https:\/\/www.olymp-salondesign.com\/de\/\",\"name\":\"OLYMP - BEST SALON INSPIRATION\",\"description\":\"BEST SALON INSPIRATION\",\"publisher\":{\"@id\":\"https:\/\/www.olymp-salondesign.com\/de\/#organization\"},\"potentialAction\":[{\"@type\":\"SearchAction\",\"target\":{\"@type\":\"EntryPoint\",\"urlTemplate\":\"https:\/\/www.olymp-salondesign.com\/de\/?s={search_term_string}\"},\"query-input\":{\"@type\":\"PropertyValueSpecification\",\"valueRequired\":true,\"valueName\":\"search_term_string\"}}],\"inLanguage\":\"de\"},{\"@type\":\"Organization\",\"@id\":\"https:\/\/www.olymp-salondesign.com\/de\/#organization\",\"name\":\"OLYMP - BEST SALON INSPIRATION\",\"url\":\"https:\/\/www.olymp-salondesign.com\/de\/\",\"logo\":{\"@type\":\"ImageObject\",\"inLanguage\":\"de\",\"@id\":\"https:\/\/www.olymp-salondesign.com\/de\/#\/schema\/logo\/image\/\",\"url\":\"https:\/\/www.olymp-salondesign.com\/wp-content\/uploads\/2019\/05\/logo.svg\",\"contentUrl\":\"https:\/\/www.olymp-salondesign.com\/wp-content\/uploads\/2019\/05\/logo.svg\",\"width\":240,\"height\":50,\"caption\":\"OLYMP - BEST SALON INSPIRATION\"},\"image\":{\"@id\":\"https:\/\/www.olymp-salondesign.com\/de\/#\/schema\/logo\/image\/\"}}]}<\/script>\n<!-- \/ Yoast SEO Premium plugin. -->","yoast_head_json":{"title":"OLYMP LavaSit Comfort - OLYMP - BEST SALON INSPIRATION","robots":{"index":"index","follow":"follow","max-snippet":"max-snippet:-1","max-image-preview":"max-image-preview:large","max-video-preview":"max-video-preview:-1"},"canonical":"https:\/\/www.olymp-salondesign.com\/de\/produkt\/olymp-lavasit-comfort\/","og_locale":"de_DE","og_type":"article","og_title":"OLYMP LavaSit Comfort","og_description":"Multisensorischer Wellness-Komfort \u2013 f\u00fcr Designliebhaber \u2013 mit Shiatsu-Massage","og_url":"https:\/\/www.olymp-salondesign.com\/de\/produkt\/olymp-lavasit-comfort\/","og_site_name":"OLYMP - BEST SALON INSPIRATION","article_modified_time":"2025-02-20T13:10:24+00:00","og_image":[{"width":2048,"height":2048,"url":"https:\/\/www.olymp-salondesign.com\/wp-content\/uploads\/2019\/08\/WA_LavaSit_Comfort_bicolour_sw-2048-x-2048.jpg","type":"image\/jpeg"}],"twitter_card":"summary_large_image","schema":{"@context":"https:\/\/schema.org","@graph":[{"@type":"WebPage","@id":"https:\/\/www.olymp-salondesign.com\/de\/produkt\/olymp-lavasit-comfort\/","url":"https:\/\/www.olymp-salondesign.com\/de\/produkt\/olymp-lavasit-comfort\/","name":"OLYMP LavaSit Comfort - OLYMP - BEST SALON INSPIRATION","isPartOf":{"@id":"https:\/\/www.olymp-salondesign.com\/de\/#website"},"primaryImageOfPage":{"@id":"https:\/\/www.olymp-salondesign.com\/de\/produkt\/olymp-lavasit-comfort\/#primaryimage"},"image":{"@id":"https:\/\/www.olymp-salondesign.com\/de\/produkt\/olymp-lavasit-comfort\/#primaryimage"},"thumbnailUrl":"https:\/\/www.olymp-salondesign.com\/wp-content\/uploads\/2019\/08\/WA_LavaSit_Comfort_bicolour_sw-2048-x-2048.jpg","datePublished":"2019-08-05T08:32:42+00:00","dateModified":"2025-02-20T13:10:24+00:00","breadcrumb":{"@id":"https:\/\/www.olymp-salondesign.com\/de\/produkt\/olymp-lavasit-comfort\/#breadcrumb"},"inLanguage":"de","potentialAction":[{"@type":"ReadAction","target":["https:\/\/www.olymp-salondesign.com\/de\/produkt\/olymp-lavasit-comfort\/"]}]},{"@type":"ImageObject","inLanguage":"de","@id":"https:\/\/www.olymp-salondesign.com\/de\/produkt\/olymp-lavasit-comfort\/#primaryimage","url":"https:\/\/www.olymp-salondesign.com\/wp-content\/uploads\/2019\/08\/WA_LavaSit_Comfort_bicolour_sw-2048-x-2048.jpg","contentUrl":"https:\/\/www.olymp-salondesign.com\/wp-content\/uploads\/2019\/08\/WA_LavaSit_Comfort_bicolour_sw-2048-x-2048.jpg","width":2048,"height":2048},{"@type":"BreadcrumbList","@id":"https:\/\/www.olymp-salondesign.com\/de\/produkt\/olymp-lavasit-comfort\/#breadcrumb","itemListElement":[{"@type":"ListItem","position":1,"name":"Home","item":"https:\/\/www.olymp-salondesign.com\/de\/"},{"@type":"ListItem","position":2,"name":"Produkte","item":"https:\/\/www.olymp-salondesign.com\/de\/shop\/"},{"@type":"ListItem","position":3,"name":"OLYMP LavaSit Comfort"}]},{"@type":"WebSite","@id":"https:\/\/www.olymp-salondesign.com\/de\/#website","url":"https:\/\/www.olymp-salondesign.com\/de\/","name":"OLYMP - BEST SALON INSPIRATION","description":"BEST SALON INSPIRATION","publisher":{"@id":"https:\/\/www.olymp-salondesign.com\/de\/#organization"},"potentialAction":[{"@type":"SearchAction","target":{"@type":"EntryPoint","urlTemplate":"https:\/\/www.olymp-salondesign.com\/de\/?s={search_term_string}"},"query-input":{"@type":"PropertyValueSpecification","valueRequired":true,"valueName":"search_term_string"}}],"inLanguage":"de"},{"@type":"Organization","@id":"https:\/\/www.olymp-salondesign.com\/de\/#organization","name":"OLYMP - BEST SALON INSPIRATION","url":"https:\/\/www.olymp-salondesign.com\/de\/","logo":{"@type":"ImageObject","inLanguage":"de","@id":"https:\/\/www.olymp-salondesign.com\/de\/#\/schema\/logo\/image\/","url":"https:\/\/www.olymp-salondesign.com\/wp-content\/uploads\/2019\/05\/logo.svg","contentUrl":"https:\/\/www.olymp-salondesign.com\/wp-content\/uploads\/2019\/05\/logo.svg","width":240,"height":50,"caption":"OLYMP - BEST SALON INSPIRATION"},"image":{"@id":"https:\/\/www.olymp-salondesign.com\/de\/#\/schema\/logo\/image\/"}}]}},"wpml_current_locale":"de_DE","wpml_translations":{"en":{"locale":"en","id":21670,"slug":"olymp-lavasit-comfort","post_title":"OLYMP LavaSit Comfort","href":"https:\/\/www.olymp-salondesign.com\/product\/olymp-lavasit-comfort\/"},"pl_PL":{"locale":"pl_PL","id":31631,"slug":"olymp-lavasit-comfort","post_title":"OLYMP LavaSit Comfort","href":"https:\/\/www.olymp-salondesign.com\/pl\/produkt\/olymp-lavasit-comfort\/"},"fr_FR":{"locale":"fr_FR","id":34660,"slug":"olymp-lavasit-comfort","post_title":"OLYMP LavaSit Comfort","href":"https:\/\/www.olymp-salondesign.com\/fr\/produit\/olymp-lavasit-comfort\/"}},"_links":{"self":[{"href":"https:\/\/www.olymp-salondesign.com\/de\/wp-json\/wp\/v2\/product\/12973"}],"collection":[{"href":"https:\/\/www.olymp-salondesign.com\/de\/wp-json\/wp\/v2\/product"}],"about":[{"href":"https:\/\/www.olymp-salondesign.com\/de\/wp-json\/wp\/v2\/types\/product"}],"wp:featuredmedia":[{"embeddable":true,"href":"https:\/\/www.olymp-salondesign.com\/de\/wp-json\/wp\/v2\/media\/14542"}],"wp:attachment":[{"href":"https:\/\/www.olymp-salondesign.com\/de\/wp-json\/wp\/v2\/media?parent=12973"}],"wp:term":[{"taxonomy":"product_cat","embeddable":true,"href":"https:\/\/www.olymp-salondesign.com\/de\/wp-json\/wp\/v2\/product_cat?post=12973"},{"taxonomy":"product_tag","embeddable":true,"href":"https:\/\/www.olymp-salondesign.com\/de\/wp-json\/wp\/v2\/product_tag?post=12973"}],"curies":[{"name":"wp","href":"https:\/\/api.w.org\/{rel}","templated":true}]}}