{"id":13014,"date":"2019-08-05T10:33:04","date_gmt":"2019-08-05T08:33:04","guid":{"rendered":"https:\/\/olymp-wp.dev-2.alkima.io\/product\/olymp-corner\/"},"modified":"2024-08-07T11:57:05","modified_gmt":"2024-08-07T09:57:05","slug":"olymp-corner","status":"publish","type":"product","link":"https:\/\/www.olymp-salondesign.com\/de\/produkt\/olymp-corner\/","title":{"rendered":"OLYMP Corner"},"content":{"rendered":"<p>Rezeptionskorpus in Premiumwei\u00df oder Basaltschwarz, Acrylglasplatte in Wei\u00df satiniert, Sockel auch in Alu geb\u00fcrstet erh\u00e4ltlich, in zwei gewinkelten Ausf\u00fchrungen, wahlweise mit wei\u00dfen LEDs hinterleuchtet, Winkelblende links oder rechts in verschiedenen Oberfl\u00e4chen erh\u00e4ltlich, Taschenablage in verschiedenen Oberfl\u00e4chen, zus\u00e4tzlich ausstattbar mit Zahlteller und Trinkgelddosen auf der Frontplatte, individuelle Korpusausstattung.<\/p>\n","protected":false},"excerpt":{"rendered":"<p>Kubistische Moderne \u2013 umfassendste Funktion<\/p>\n","protected":false},"featured_media":14797,"template":"","meta":{"_acf_changed":false},"product_cat":[1197,1202],"product_tag":[],"class_list":{"0":"post-13014","1":"product","2":"type-product","3":"status-publish","4":"has-post-thumbnail","6":"product_cat-friseur","7":"product_cat-rezeptionen","9":"first","10":"instock","11":"purchasable","12":"product-type-simple"},"acf":[],"yoast_head":"<!-- This site is optimized with the Yoast SEO Premium plugin v23.7 (Yoast SEO v23.7) - https:\/\/yoast.com\/wordpress\/plugins\/seo\/ -->\n<title>OLYMP Corner - OLYMP - BEST SALON INSPIRATION<\/title>\n<meta name=\"robots\" content=\"index, follow, max-snippet:-1, max-image-preview:large, max-video-preview:-1\" \/>\n<link rel=\"canonical\" href=\"https:\/\/www.olymp-salondesign.com\/de\/produkt\/olymp-corner\/\" \/>\n<meta property=\"og:locale\" content=\"de_DE\" \/>\n<meta property=\"og:type\" content=\"article\" \/>\n<meta property=\"og:title\" content=\"OLYMP Corner\" \/>\n<meta property=\"og:description\" content=\"Kubistische Moderne \u2013 umfassendste Funktion\" \/>\n<meta property=\"og:url\" content=\"https:\/\/www.olymp-salondesign.com\/de\/produkt\/olymp-corner\/\" \/>\n<meta property=\"og:site_name\" content=\"OLYMP - BEST SALON INSPIRATION\" \/>\n<meta property=\"article:modified_time\" content=\"2024-08-07T09:57:05+00:00\" \/>\n<meta property=\"og:image\" content=\"https:\/\/www.olymp-salondesign.com\/wp-content\/uploads\/2019\/08\/Rez_Corner_front_VintageOak-2048-x-2048.jpg\" \/>\n\t<meta property=\"og:image:width\" content=\"2048\" \/>\n\t<meta property=\"og:image:height\" content=\"2048\" \/>\n\t<meta property=\"og:image:type\" content=\"image\/jpeg\" \/>\n<meta name=\"twitter:card\" content=\"summary_large_image\" \/>\n<script type=\"application\/ld+json\" class=\"yoast-schema-graph\">{\"@context\":\"https:\/\/schema.org\",\"@graph\":[{\"@type\":\"WebPage\",\"@id\":\"https:\/\/www.olymp-salondesign.com\/de\/produkt\/olymp-corner\/\",\"url\":\"https:\/\/www.olymp-salondesign.com\/de\/produkt\/olymp-corner\/\",\"name\":\"OLYMP Corner - OLYMP - BEST SALON INSPIRATION\",\"isPartOf\":{\"@id\":\"https:\/\/www.olymp-salondesign.com\/de\/#website\"},\"primaryImageOfPage\":{\"@id\":\"https:\/\/www.olymp-salondesign.com\/de\/produkt\/olymp-corner\/#primaryimage\"},\"image\":{\"@id\":\"https:\/\/www.olymp-salondesign.com\/de\/produkt\/olymp-corner\/#primaryimage\"},\"thumbnailUrl\":\"https:\/\/www.olymp-salondesign.com\/wp-content\/uploads\/2019\/08\/Rez_Corner_front_VintageOak-2048-x-2048.jpg\",\"datePublished\":\"2019-08-05T08:33:04+00:00\",\"dateModified\":\"2024-08-07T09:57:05+00:00\",\"breadcrumb\":{\"@id\":\"https:\/\/www.olymp-salondesign.com\/de\/produkt\/olymp-corner\/#breadcrumb\"},\"inLanguage\":\"de\",\"potentialAction\":[{\"@type\":\"ReadAction\",\"target\":[\"https:\/\/www.olymp-salondesign.com\/de\/produkt\/olymp-corner\/\"]}]},{\"@type\":\"ImageObject\",\"inLanguage\":\"de\",\"@id\":\"https:\/\/www.olymp-salondesign.com\/de\/produkt\/olymp-corner\/#primaryimage\",\"url\":\"https:\/\/www.olymp-salondesign.com\/wp-content\/uploads\/2019\/08\/Rez_Corner_front_VintageOak-2048-x-2048.jpg\",\"contentUrl\":\"https:\/\/www.olymp-salondesign.com\/wp-content\/uploads\/2019\/08\/Rez_Corner_front_VintageOak-2048-x-2048.jpg\",\"width\":2048,\"height\":2048},{\"@type\":\"BreadcrumbList\",\"@id\":\"https:\/\/www.olymp-salondesign.com\/de\/produkt\/olymp-corner\/#breadcrumb\",\"itemListElement\":[{\"@type\":\"ListItem\",\"position\":1,\"name\":\"Home\",\"item\":\"https:\/\/www.olymp-salondesign.com\/de\/\"},{\"@type\":\"ListItem\",\"position\":2,\"name\":\"Produkte\",\"item\":\"https:\/\/www.olymp-salondesign.com\/de\/shop\/\"},{\"@type\":\"ListItem\",\"position\":3,\"name\":\"OLYMP Corner\"}]},{\"@type\":\"WebSite\",\"@id\":\"https:\/\/www.olymp-salondesign.com\/de\/#website\",\"url\":\"https:\/\/www.olymp-salondesign.com\/de\/\",\"name\":\"OLYMP - BEST SALON INSPIRATION\",\"description\":\"BEST SALON INSPIRATION\",\"publisher\":{\"@id\":\"https:\/\/www.olymp-salondesign.com\/de\/#organization\"},\"potentialAction\":[{\"@type\":\"SearchAction\",\"target\":{\"@type\":\"EntryPoint\",\"urlTemplate\":\"https:\/\/www.olymp-salondesign.com\/de\/?s={search_term_string}\"},\"query-input\":{\"@type\":\"PropertyValueSpecification\",\"valueRequired\":true,\"valueName\":\"search_term_string\"}}],\"inLanguage\":\"de\"},{\"@type\":\"Organization\",\"@id\":\"https:\/\/www.olymp-salondesign.com\/de\/#organization\",\"name\":\"OLYMP - BEST SALON INSPIRATION\",\"url\":\"https:\/\/www.olymp-salondesign.com\/de\/\",\"logo\":{\"@type\":\"ImageObject\",\"inLanguage\":\"de\",\"@id\":\"https:\/\/www.olymp-salondesign.com\/de\/#\/schema\/logo\/image\/\",\"url\":\"https:\/\/www.olymp-salondesign.com\/wp-content\/uploads\/2019\/05\/logo.svg\",\"contentUrl\":\"https:\/\/www.olymp-salondesign.com\/wp-content\/uploads\/2019\/05\/logo.svg\",\"width\":240,\"height\":50,\"caption\":\"OLYMP - BEST SALON INSPIRATION\"},\"image\":{\"@id\":\"https:\/\/www.olymp-salondesign.com\/de\/#\/schema\/logo\/image\/\"}}]}<\/script>\n<!-- \/ Yoast SEO Premium plugin. -->","yoast_head_json":{"title":"OLYMP Corner - OLYMP - BEST SALON INSPIRATION","robots":{"index":"index","follow":"follow","max-snippet":"max-snippet:-1","max-image-preview":"max-image-preview:large","max-video-preview":"max-video-preview:-1"},"canonical":"https:\/\/www.olymp-salondesign.com\/de\/produkt\/olymp-corner\/","og_locale":"de_DE","og_type":"article","og_title":"OLYMP Corner","og_description":"Kubistische Moderne \u2013 umfassendste Funktion","og_url":"https:\/\/www.olymp-salondesign.com\/de\/produkt\/olymp-corner\/","og_site_name":"OLYMP - BEST SALON INSPIRATION","article_modified_time":"2024-08-07T09:57:05+00:00","og_image":[{"width":2048,"height":2048,"url":"https:\/\/www.olymp-salondesign.com\/wp-content\/uploads\/2019\/08\/Rez_Corner_front_VintageOak-2048-x-2048.jpg","type":"image\/jpeg"}],"twitter_card":"summary_large_image","schema":{"@context":"https:\/\/schema.org","@graph":[{"@type":"WebPage","@id":"https:\/\/www.olymp-salondesign.com\/de\/produkt\/olymp-corner\/","url":"https:\/\/www.olymp-salondesign.com\/de\/produkt\/olymp-corner\/","name":"OLYMP Corner - OLYMP - BEST SALON INSPIRATION","isPartOf":{"@id":"https:\/\/www.olymp-salondesign.com\/de\/#website"},"primaryImageOfPage":{"@id":"https:\/\/www.olymp-salondesign.com\/de\/produkt\/olymp-corner\/#primaryimage"},"image":{"@id":"https:\/\/www.olymp-salondesign.com\/de\/produkt\/olymp-corner\/#primaryimage"},"thumbnailUrl":"https:\/\/www.olymp-salondesign.com\/wp-content\/uploads\/2019\/08\/Rez_Corner_front_VintageOak-2048-x-2048.jpg","datePublished":"2019-08-05T08:33:04+00:00","dateModified":"2024-08-07T09:57:05+00:00","breadcrumb":{"@id":"https:\/\/www.olymp-salondesign.com\/de\/produkt\/olymp-corner\/#breadcrumb"},"inLanguage":"de","potentialAction":[{"@type":"ReadAction","target":["https:\/\/www.olymp-salondesign.com\/de\/produkt\/olymp-corner\/"]}]},{"@type":"ImageObject","inLanguage":"de","@id":"https:\/\/www.olymp-salondesign.com\/de\/produkt\/olymp-corner\/#primaryimage","url":"https:\/\/www.olymp-salondesign.com\/wp-content\/uploads\/2019\/08\/Rez_Corner_front_VintageOak-2048-x-2048.jpg","contentUrl":"https:\/\/www.olymp-salondesign.com\/wp-content\/uploads\/2019\/08\/Rez_Corner_front_VintageOak-2048-x-2048.jpg","width":2048,"height":2048},{"@type":"BreadcrumbList","@id":"https:\/\/www.olymp-salondesign.com\/de\/produkt\/olymp-corner\/#breadcrumb","itemListElement":[{"@type":"ListItem","position":1,"name":"Home","item":"https:\/\/www.olymp-salondesign.com\/de\/"},{"@type":"ListItem","position":2,"name":"Produkte","item":"https:\/\/www.olymp-salondesign.com\/de\/shop\/"},{"@type":"ListItem","position":3,"name":"OLYMP Corner"}]},{"@type":"WebSite","@id":"https:\/\/www.olymp-salondesign.com\/de\/#website","url":"https:\/\/www.olymp-salondesign.com\/de\/","name":"OLYMP - BEST SALON INSPIRATION","description":"BEST SALON INSPIRATION","publisher":{"@id":"https:\/\/www.olymp-salondesign.com\/de\/#organization"},"potentialAction":[{"@type":"SearchAction","target":{"@type":"EntryPoint","urlTemplate":"https:\/\/www.olymp-salondesign.com\/de\/?s={search_term_string}"},"query-input":{"@type":"PropertyValueSpecification","valueRequired":true,"valueName":"search_term_string"}}],"inLanguage":"de"},{"@type":"Organization","@id":"https:\/\/www.olymp-salondesign.com\/de\/#organization","name":"OLYMP - BEST SALON INSPIRATION","url":"https:\/\/www.olymp-salondesign.com\/de\/","logo":{"@type":"ImageObject","inLanguage":"de","@id":"https:\/\/www.olymp-salondesign.com\/de\/#\/schema\/logo\/image\/","url":"https:\/\/www.olymp-salondesign.com\/wp-content\/uploads\/2019\/05\/logo.svg","contentUrl":"https:\/\/www.olymp-salondesign.com\/wp-content\/uploads\/2019\/05\/logo.svg","width":240,"height":50,"caption":"OLYMP - BEST SALON INSPIRATION"},"image":{"@id":"https:\/\/www.olymp-salondesign.com\/de\/#\/schema\/logo\/image\/"}}]}},"wpml_current_locale":"de_DE","wpml_translations":{"en":{"locale":"en","id":21711,"slug":"olymp-corner","post_title":"OLYMP Corner","href":"https:\/\/www.olymp-salondesign.com\/product\/olymp-corner\/"},"pl_PL":{"locale":"pl_PL","id":31670,"slug":"olymp-corner","post_title":"OLYMP Corner","href":"https:\/\/www.olymp-salondesign.com\/pl\/produkt\/olymp-corner\/"},"fr_FR":{"locale":"fr_FR","id":34701,"slug":"olymp-corner","post_title":"OLYMP Corner","href":"https:\/\/www.olymp-salondesign.com\/fr\/produit\/olymp-corner\/"}},"_links":{"self":[{"href":"https:\/\/www.olymp-salondesign.com\/de\/wp-json\/wp\/v2\/product\/13014"}],"collection":[{"href":"https:\/\/www.olymp-salondesign.com\/de\/wp-json\/wp\/v2\/product"}],"about":[{"href":"https:\/\/www.olymp-salondesign.com\/de\/wp-json\/wp\/v2\/types\/product"}],"wp:featuredmedia":[{"embeddable":true,"href":"https:\/\/www.olymp-salondesign.com\/de\/wp-json\/wp\/v2\/media\/14797"}],"wp:attachment":[{"href":"https:\/\/www.olymp-salondesign.com\/de\/wp-json\/wp\/v2\/media?parent=13014"}],"wp:term":[{"taxonomy":"product_cat","embeddable":true,"href":"https:\/\/www.olymp-salondesign.com\/de\/wp-json\/wp\/v2\/product_cat?post=13014"},{"taxonomy":"product_tag","embeddable":true,"href":"https:\/\/www.olymp-salondesign.com\/de\/wp-json\/wp\/v2\/product_tag?post=13014"}],"curies":[{"name":"wp","href":"https:\/\/api.w.org\/{rel}","templated":true}]}}