{"id":13025,"date":"2019-08-05T10:33:13","date_gmt":"2019-08-05T08:33:13","guid":{"rendered":"https:\/\/olymp-wp.dev-2.alkima.io\/product\/olymp-hairmaster-stativ-version\/"},"modified":"2024-10-16T08:48:38","modified_gmt":"2024-10-16T06:48:38","slug":"olymp-hairmaster-stativ-version","status":"publish","type":"product","link":"https:\/\/www.olymp-salondesign.com\/de\/produkt\/olymp-hairmaster-stativ-version\/","title":{"rendered":"OLYMP HairMaster &#8211; Stativversion"},"content":{"rendered":"<p>Der HairMaster ist eine Kombination aus Infrarotger\u00e4t und Trockenhaube, unterst\u00fctzt beim F\u00e4rben, T\u00f6nen, Blondier- und Farbstr\u00e4hnen, Dauerwelle, Pflegen und Lufttrocknen. Gro\u00dfes hochaufl\u00f6sendes LCD-Display, Drehregler mit Klickfunktion, Schnellstartfunktion, Farb- und Dauerwell-Diagnoseprogramm, Infrarotsensor zur Temperatur\u00fcberwachung, Taster zur kundenseitigen Temperaturregulierung, Lichtring mit Behandlungsprozessanzeige, Hinweissignale, leichter Filtertausch, abnehmbare Strahlergitter. Verf\u00fcgbar als Stativger\u00e4t (4- oder 5-Fu\u00df), Wandarm, Boden- und Deckenmast, Integration in Funktionsmodul.<\/p>\n<p><strong>Komfort<\/strong><\/p>\n<p>Das gro\u00dfe LCD-Display besticht durch seine brillante Aufl\u00f6sung. F\u00fcr optimale Sicht k\u00f6nnen Sie den Kontrast individuell einstellen. Das intuitiv bedienbare Easy-Control-Wheel, ein Drehregler mit Klickfunktion, sorgt f\u00fcr h\u00f6chsten Bedienkomfort.<\/p>\n<p><strong>Technik<\/strong><\/p>\n<p><strong>Ideales W\u00e4rmeprofil<\/strong><br \/>\nPatentierte Luftf\u00fchrung,<br \/>\noptimierte Langhaartrocknung,<br \/>\nInfrarotsensor zur Temperatur\u00fcberwachung,<br \/>\nKundentaster zur kundenseitigen Temperaturregulierung,<br \/>\nOptik und Akustik.<\/p>\n<p>\u00dcberzeugen Sie sich von den optischen und akustischen Highlights des HairMasters:<br \/>\nLichtring mit Behandlungsprozess-Anzeige,<br \/>\nindividuelles, in der Lautst\u00e4rke regelbares Sounddesign,<br \/>\nSD-Card-Technologie f\u00fcr Updates,<br \/>\noffene Bauweise \u2013 maximaler Kundenkomfort,<br \/>\nverdeckte Griffmulde,<br \/>\nFilter mit Filterklappe.<\/p>\n<p>Das Ger\u00e4t unterstreicht seine Modernit\u00e4t in bewusster Hightech-Farbgebung. In Schwarz oder der Bicolor-Variante silber\/anthrazit integriert sich der HairMaster als Wandarm- oder Stativversion in die unterschiedlichsten Salons.<\/p>\n","protected":false},"excerpt":{"rendered":"<p>Evolution of Design &amp; Technology<\/p>\n","protected":false},"featured_media":14830,"template":"","meta":{"_acf_changed":false},"product_cat":[1197,1205],"product_tag":[],"class_list":{"0":"post-13025","1":"product","2":"type-product","3":"status-publish","4":"has-post-thumbnail","6":"product_cat-friseur","7":"product_cat-infrarot-und-trockengeraete","9":"first","10":"instock","11":"purchasable","12":"product-type-simple"},"acf":[],"yoast_head":"<!-- This site is optimized with the Yoast SEO Premium plugin v23.7 (Yoast SEO v23.7) - https:\/\/yoast.com\/wordpress\/plugins\/seo\/ -->\n<title>OLYMP HairMaster - Stativversion - OLYMP - BEST SALON INSPIRATION<\/title>\n<meta name=\"robots\" content=\"index, follow, max-snippet:-1, max-image-preview:large, max-video-preview:-1\" \/>\n<link rel=\"canonical\" href=\"https:\/\/www.olymp-salondesign.com\/de\/produkt\/olymp-hairmaster-stativ-version\/\" \/>\n<meta property=\"og:locale\" content=\"de_DE\" \/>\n<meta property=\"og:type\" content=\"article\" \/>\n<meta property=\"og:title\" content=\"OLYMP HairMaster - Stativversion\" \/>\n<meta property=\"og:description\" content=\"Evolution of Design &amp; Technology\" \/>\n<meta property=\"og:url\" content=\"https:\/\/www.olymp-salondesign.com\/de\/produkt\/olymp-hairmaster-stativ-version\/\" \/>\n<meta property=\"og:site_name\" content=\"OLYMP - BEST SALON INSPIRATION\" \/>\n<meta property=\"article:modified_time\" content=\"2024-10-16T06:48:38+00:00\" \/>\n<meta property=\"og:image\" content=\"https:\/\/www.olymp-salondesign.com\/wp-content\/uploads\/2019\/08\/HM_silver_anthrazit_frei_IM-2048-x-2048.jpg\" \/>\n\t<meta property=\"og:image:width\" content=\"2048\" \/>\n\t<meta property=\"og:image:height\" content=\"2048\" \/>\n\t<meta property=\"og:image:type\" content=\"image\/jpeg\" \/>\n<meta name=\"twitter:card\" content=\"summary_large_image\" \/>\n<meta name=\"twitter:label1\" content=\"Gesch\u00e4tzte Lesezeit\" \/>\n\t<meta name=\"twitter:data1\" content=\"1\u00a0Minute\" \/>\n<script type=\"application\/ld+json\" class=\"yoast-schema-graph\">{\"@context\":\"https:\/\/schema.org\",\"@graph\":[{\"@type\":\"WebPage\",\"@id\":\"https:\/\/www.olymp-salondesign.com\/de\/produkt\/olymp-hairmaster-stativ-version\/\",\"url\":\"https:\/\/www.olymp-salondesign.com\/de\/produkt\/olymp-hairmaster-stativ-version\/\",\"name\":\"OLYMP HairMaster - Stativversion - OLYMP - BEST SALON INSPIRATION\",\"isPartOf\":{\"@id\":\"https:\/\/www.olymp-salondesign.com\/de\/#website\"},\"primaryImageOfPage\":{\"@id\":\"https:\/\/www.olymp-salondesign.com\/de\/produkt\/olymp-hairmaster-stativ-version\/#primaryimage\"},\"image\":{\"@id\":\"https:\/\/www.olymp-salondesign.com\/de\/produkt\/olymp-hairmaster-stativ-version\/#primaryimage\"},\"thumbnailUrl\":\"https:\/\/www.olymp-salondesign.com\/wp-content\/uploads\/2019\/08\/HM_silver_anthrazit_frei_IM-2048-x-2048.jpg\",\"datePublished\":\"2019-08-05T08:33:13+00:00\",\"dateModified\":\"2024-10-16T06:48:38+00:00\",\"breadcrumb\":{\"@id\":\"https:\/\/www.olymp-salondesign.com\/de\/produkt\/olymp-hairmaster-stativ-version\/#breadcrumb\"},\"inLanguage\":\"de\",\"potentialAction\":[{\"@type\":\"ReadAction\",\"target\":[\"https:\/\/www.olymp-salondesign.com\/de\/produkt\/olymp-hairmaster-stativ-version\/\"]}]},{\"@type\":\"ImageObject\",\"inLanguage\":\"de\",\"@id\":\"https:\/\/www.olymp-salondesign.com\/de\/produkt\/olymp-hairmaster-stativ-version\/#primaryimage\",\"url\":\"https:\/\/www.olymp-salondesign.com\/wp-content\/uploads\/2019\/08\/HM_silver_anthrazit_frei_IM-2048-x-2048.jpg\",\"contentUrl\":\"https:\/\/www.olymp-salondesign.com\/wp-content\/uploads\/2019\/08\/HM_silver_anthrazit_frei_IM-2048-x-2048.jpg\",\"width\":2048,\"height\":2048},{\"@type\":\"BreadcrumbList\",\"@id\":\"https:\/\/www.olymp-salondesign.com\/de\/produkt\/olymp-hairmaster-stativ-version\/#breadcrumb\",\"itemListElement\":[{\"@type\":\"ListItem\",\"position\":1,\"name\":\"Home\",\"item\":\"https:\/\/www.olymp-salondesign.com\/de\/\"},{\"@type\":\"ListItem\",\"position\":2,\"name\":\"Produkte\",\"item\":\"https:\/\/www.olymp-salondesign.com\/de\/shop\/\"},{\"@type\":\"ListItem\",\"position\":3,\"name\":\"OLYMP HairMaster &#8211; Stativversion\"}]},{\"@type\":\"WebSite\",\"@id\":\"https:\/\/www.olymp-salondesign.com\/de\/#website\",\"url\":\"https:\/\/www.olymp-salondesign.com\/de\/\",\"name\":\"OLYMP - BEST SALON INSPIRATION\",\"description\":\"BEST SALON INSPIRATION\",\"publisher\":{\"@id\":\"https:\/\/www.olymp-salondesign.com\/de\/#organization\"},\"potentialAction\":[{\"@type\":\"SearchAction\",\"target\":{\"@type\":\"EntryPoint\",\"urlTemplate\":\"https:\/\/www.olymp-salondesign.com\/de\/?s={search_term_string}\"},\"query-input\":{\"@type\":\"PropertyValueSpecification\",\"valueRequired\":true,\"valueName\":\"search_term_string\"}}],\"inLanguage\":\"de\"},{\"@type\":\"Organization\",\"@id\":\"https:\/\/www.olymp-salondesign.com\/de\/#organization\",\"name\":\"OLYMP - BEST SALON INSPIRATION\",\"url\":\"https:\/\/www.olymp-salondesign.com\/de\/\",\"logo\":{\"@type\":\"ImageObject\",\"inLanguage\":\"de\",\"@id\":\"https:\/\/www.olymp-salondesign.com\/de\/#\/schema\/logo\/image\/\",\"url\":\"https:\/\/www.olymp-salondesign.com\/wp-content\/uploads\/2019\/05\/logo.svg\",\"contentUrl\":\"https:\/\/www.olymp-salondesign.com\/wp-content\/uploads\/2019\/05\/logo.svg\",\"width\":240,\"height\":50,\"caption\":\"OLYMP - BEST SALON INSPIRATION\"},\"image\":{\"@id\":\"https:\/\/www.olymp-salondesign.com\/de\/#\/schema\/logo\/image\/\"}}]}<\/script>\n<!-- \/ Yoast SEO Premium plugin. -->","yoast_head_json":{"title":"OLYMP HairMaster - Stativversion - OLYMP - BEST SALON INSPIRATION","robots":{"index":"index","follow":"follow","max-snippet":"max-snippet:-1","max-image-preview":"max-image-preview:large","max-video-preview":"max-video-preview:-1"},"canonical":"https:\/\/www.olymp-salondesign.com\/de\/produkt\/olymp-hairmaster-stativ-version\/","og_locale":"de_DE","og_type":"article","og_title":"OLYMP HairMaster - Stativversion","og_description":"Evolution of Design &amp; Technology","og_url":"https:\/\/www.olymp-salondesign.com\/de\/produkt\/olymp-hairmaster-stativ-version\/","og_site_name":"OLYMP - BEST SALON INSPIRATION","article_modified_time":"2024-10-16T06:48:38+00:00","og_image":[{"width":2048,"height":2048,"url":"https:\/\/www.olymp-salondesign.com\/wp-content\/uploads\/2019\/08\/HM_silver_anthrazit_frei_IM-2048-x-2048.jpg","type":"image\/jpeg"}],"twitter_card":"summary_large_image","twitter_misc":{"Gesch\u00e4tzte Lesezeit":"1\u00a0Minute"},"schema":{"@context":"https:\/\/schema.org","@graph":[{"@type":"WebPage","@id":"https:\/\/www.olymp-salondesign.com\/de\/produkt\/olymp-hairmaster-stativ-version\/","url":"https:\/\/www.olymp-salondesign.com\/de\/produkt\/olymp-hairmaster-stativ-version\/","name":"OLYMP HairMaster - Stativversion - OLYMP - BEST SALON INSPIRATION","isPartOf":{"@id":"https:\/\/www.olymp-salondesign.com\/de\/#website"},"primaryImageOfPage":{"@id":"https:\/\/www.olymp-salondesign.com\/de\/produkt\/olymp-hairmaster-stativ-version\/#primaryimage"},"image":{"@id":"https:\/\/www.olymp-salondesign.com\/de\/produkt\/olymp-hairmaster-stativ-version\/#primaryimage"},"thumbnailUrl":"https:\/\/www.olymp-salondesign.com\/wp-content\/uploads\/2019\/08\/HM_silver_anthrazit_frei_IM-2048-x-2048.jpg","datePublished":"2019-08-05T08:33:13+00:00","dateModified":"2024-10-16T06:48:38+00:00","breadcrumb":{"@id":"https:\/\/www.olymp-salondesign.com\/de\/produkt\/olymp-hairmaster-stativ-version\/#breadcrumb"},"inLanguage":"de","potentialAction":[{"@type":"ReadAction","target":["https:\/\/www.olymp-salondesign.com\/de\/produkt\/olymp-hairmaster-stativ-version\/"]}]},{"@type":"ImageObject","inLanguage":"de","@id":"https:\/\/www.olymp-salondesign.com\/de\/produkt\/olymp-hairmaster-stativ-version\/#primaryimage","url":"https:\/\/www.olymp-salondesign.com\/wp-content\/uploads\/2019\/08\/HM_silver_anthrazit_frei_IM-2048-x-2048.jpg","contentUrl":"https:\/\/www.olymp-salondesign.com\/wp-content\/uploads\/2019\/08\/HM_silver_anthrazit_frei_IM-2048-x-2048.jpg","width":2048,"height":2048},{"@type":"BreadcrumbList","@id":"https:\/\/www.olymp-salondesign.com\/de\/produkt\/olymp-hairmaster-stativ-version\/#breadcrumb","itemListElement":[{"@type":"ListItem","position":1,"name":"Home","item":"https:\/\/www.olymp-salondesign.com\/de\/"},{"@type":"ListItem","position":2,"name":"Produkte","item":"https:\/\/www.olymp-salondesign.com\/de\/shop\/"},{"@type":"ListItem","position":3,"name":"OLYMP HairMaster &#8211; Stativversion"}]},{"@type":"WebSite","@id":"https:\/\/www.olymp-salondesign.com\/de\/#website","url":"https:\/\/www.olymp-salondesign.com\/de\/","name":"OLYMP - BEST SALON INSPIRATION","description":"BEST SALON INSPIRATION","publisher":{"@id":"https:\/\/www.olymp-salondesign.com\/de\/#organization"},"potentialAction":[{"@type":"SearchAction","target":{"@type":"EntryPoint","urlTemplate":"https:\/\/www.olymp-salondesign.com\/de\/?s={search_term_string}"},"query-input":{"@type":"PropertyValueSpecification","valueRequired":true,"valueName":"search_term_string"}}],"inLanguage":"de"},{"@type":"Organization","@id":"https:\/\/www.olymp-salondesign.com\/de\/#organization","name":"OLYMP - BEST SALON INSPIRATION","url":"https:\/\/www.olymp-salondesign.com\/de\/","logo":{"@type":"ImageObject","inLanguage":"de","@id":"https:\/\/www.olymp-salondesign.com\/de\/#\/schema\/logo\/image\/","url":"https:\/\/www.olymp-salondesign.com\/wp-content\/uploads\/2019\/05\/logo.svg","contentUrl":"https:\/\/www.olymp-salondesign.com\/wp-content\/uploads\/2019\/05\/logo.svg","width":240,"height":50,"caption":"OLYMP - BEST SALON INSPIRATION"},"image":{"@id":"https:\/\/www.olymp-salondesign.com\/de\/#\/schema\/logo\/image\/"}}]}},"wpml_current_locale":"de_DE","wpml_translations":{"en":{"locale":"en","id":21722,"slug":"olymp-hairmaster-stativ-version","post_title":"OLYMP HairMaster - mobile stand version","href":"https:\/\/www.olymp-salondesign.com\/product\/olymp-hairmaster-stativ-version\/"},"pl_PL":{"locale":"pl_PL","id":31678,"slug":"olymp-hairmaster-stativ-version","post_title":"OLYMP HairMaster - Stativ Version","href":"https:\/\/www.olymp-salondesign.com\/pl\/produkt\/olymp-hairmaster-stativ-version\/"},"fr_FR":{"locale":"fr_FR","id":34712,"slug":"olymp-hairmaster-stativ-version","post_title":"OLYMP HairMaster - version sur pied","href":"https:\/\/www.olymp-salondesign.com\/fr\/produit\/olymp-hairmaster-stativ-version\/"}},"_links":{"self":[{"href":"https:\/\/www.olymp-salondesign.com\/de\/wp-json\/wp\/v2\/product\/13025"}],"collection":[{"href":"https:\/\/www.olymp-salondesign.com\/de\/wp-json\/wp\/v2\/product"}],"about":[{"href":"https:\/\/www.olymp-salondesign.com\/de\/wp-json\/wp\/v2\/types\/product"}],"wp:featuredmedia":[{"embeddable":true,"href":"https:\/\/www.olymp-salondesign.com\/de\/wp-json\/wp\/v2\/media\/14830"}],"wp:attachment":[{"href":"https:\/\/www.olymp-salondesign.com\/de\/wp-json\/wp\/v2\/media?parent=13025"}],"wp:term":[{"taxonomy":"product_cat","embeddable":true,"href":"https:\/\/www.olymp-salondesign.com\/de\/wp-json\/wp\/v2\/product_cat?post=13025"},{"taxonomy":"product_tag","embeddable":true,"href":"https:\/\/www.olymp-salondesign.com\/de\/wp-json\/wp\/v2\/product_tag?post=13025"}],"curies":[{"name":"wp","href":"https:\/\/api.w.org\/{rel}","templated":true}]}}