{"id":13050,"date":"2019-08-05T10:33:23","date_gmt":"2019-08-05T08:33:23","guid":{"rendered":"https:\/\/olymp-wp.dev-2.alkima.io\/product\/olymp-fussstuetze-motion\/"},"modified":"2020-08-25T11:29:54","modified_gmt":"2020-08-25T09:29:54","slug":"olymp-fussstuetze-motion","status":"publish","type":"product","link":"https:\/\/www.olymp-salondesign.com\/de\/produkt\/olymp-fussstuetze-motion\/","title":{"rendered":"OLYMP Fu\u00dfst\u00fctze Motion"},"content":{"rendered":"<p>Fu\u00dfst\u00fctze Motion, freistehend, Edelstahl.<\/p>\n","protected":false},"excerpt":{"rendered":"<p>Fu\u00dfst\u00fctze Motion<\/p>\n","protected":false},"featured_media":14969,"template":"","meta":{"_acf_changed":false},"product_cat":[1197,1209,1212],"product_tag":[],"class_list":{"0":"post-13050","1":"product","2":"type-product","3":"status-publish","4":"has-post-thumbnail","6":"product_cat-friseur","7":"product_cat-zubehoer","8":"product_cat-fussstuetzen","10":"first","11":"instock","12":"purchasable","13":"product-type-simple"},"acf":[],"yoast_head":"<!-- This site is optimized with the Yoast SEO Premium plugin v23.7 (Yoast SEO v23.7) - https:\/\/yoast.com\/wordpress\/plugins\/seo\/ -->\n<title>OLYMP Fu\u00dfst\u00fctze Motion - OLYMP - BEST SALON INSPIRATION<\/title>\n<meta name=\"robots\" content=\"index, follow, max-snippet:-1, max-image-preview:large, max-video-preview:-1\" \/>\n<link rel=\"canonical\" href=\"https:\/\/www.olymp-salondesign.com\/de\/produkt\/olymp-fussstuetze-motion\/\" \/>\n<meta property=\"og:locale\" content=\"de_DE\" \/>\n<meta property=\"og:type\" content=\"article\" \/>\n<meta property=\"og:title\" content=\"OLYMP Fu\u00dfst\u00fctze Motion\" \/>\n<meta property=\"og:description\" content=\"Fu\u00dfst\u00fctze Motion\" \/>\n<meta property=\"og:url\" content=\"https:\/\/www.olymp-salondesign.com\/de\/produkt\/olymp-fussstuetze-motion\/\" \/>\n<meta property=\"og:site_name\" content=\"OLYMP - BEST SALON INSPIRATION\" \/>\n<meta property=\"article:modified_time\" content=\"2020-08-25T09:29:54+00:00\" \/>\n<meta property=\"og:image\" content=\"https:\/\/www.olymp-salondesign.com\/wp-content\/uploads\/2019\/08\/Zub_Fussstuetze_Motion_Edelstahl-2048-x-2048.jpg\" \/>\n\t<meta property=\"og:image:width\" content=\"2048\" \/>\n\t<meta property=\"og:image:height\" content=\"2048\" \/>\n\t<meta property=\"og:image:type\" content=\"image\/jpeg\" \/>\n<meta name=\"twitter:card\" content=\"summary_large_image\" \/>\n<script type=\"application\/ld+json\" class=\"yoast-schema-graph\">{\"@context\":\"https:\/\/schema.org\",\"@graph\":[{\"@type\":\"WebPage\",\"@id\":\"https:\/\/www.olymp-salondesign.com\/de\/produkt\/olymp-fussstuetze-motion\/\",\"url\":\"https:\/\/www.olymp-salondesign.com\/de\/produkt\/olymp-fussstuetze-motion\/\",\"name\":\"OLYMP Fu\u00dfst\u00fctze Motion - OLYMP - BEST SALON INSPIRATION\",\"isPartOf\":{\"@id\":\"https:\/\/www.olymp-salondesign.com\/de\/#website\"},\"primaryImageOfPage\":{\"@id\":\"https:\/\/www.olymp-salondesign.com\/de\/produkt\/olymp-fussstuetze-motion\/#primaryimage\"},\"image\":{\"@id\":\"https:\/\/www.olymp-salondesign.com\/de\/produkt\/olymp-fussstuetze-motion\/#primaryimage\"},\"thumbnailUrl\":\"https:\/\/www.olymp-salondesign.com\/wp-content\/uploads\/2019\/08\/Zub_Fussstuetze_Motion_Edelstahl-2048-x-2048.jpg\",\"datePublished\":\"2019-08-05T08:33:23+00:00\",\"dateModified\":\"2020-08-25T09:29:54+00:00\",\"breadcrumb\":{\"@id\":\"https:\/\/www.olymp-salondesign.com\/de\/produkt\/olymp-fussstuetze-motion\/#breadcrumb\"},\"inLanguage\":\"de\",\"potentialAction\":[{\"@type\":\"ReadAction\",\"target\":[\"https:\/\/www.olymp-salondesign.com\/de\/produkt\/olymp-fussstuetze-motion\/\"]}]},{\"@type\":\"ImageObject\",\"inLanguage\":\"de\",\"@id\":\"https:\/\/www.olymp-salondesign.com\/de\/produkt\/olymp-fussstuetze-motion\/#primaryimage\",\"url\":\"https:\/\/www.olymp-salondesign.com\/wp-content\/uploads\/2019\/08\/Zub_Fussstuetze_Motion_Edelstahl-2048-x-2048.jpg\",\"contentUrl\":\"https:\/\/www.olymp-salondesign.com\/wp-content\/uploads\/2019\/08\/Zub_Fussstuetze_Motion_Edelstahl-2048-x-2048.jpg\",\"width\":2048,\"height\":2048},{\"@type\":\"BreadcrumbList\",\"@id\":\"https:\/\/www.olymp-salondesign.com\/de\/produkt\/olymp-fussstuetze-motion\/#breadcrumb\",\"itemListElement\":[{\"@type\":\"ListItem\",\"position\":1,\"name\":\"Home\",\"item\":\"https:\/\/www.olymp-salondesign.com\/de\/\"},{\"@type\":\"ListItem\",\"position\":2,\"name\":\"Produkte\",\"item\":\"https:\/\/www.olymp-salondesign.com\/de\/shop\/\"},{\"@type\":\"ListItem\",\"position\":3,\"name\":\"OLYMP Fu\u00dfst\u00fctze Motion\"}]},{\"@type\":\"WebSite\",\"@id\":\"https:\/\/www.olymp-salondesign.com\/de\/#website\",\"url\":\"https:\/\/www.olymp-salondesign.com\/de\/\",\"name\":\"OLYMP - BEST SALON INSPIRATION\",\"description\":\"BEST SALON INSPIRATION\",\"publisher\":{\"@id\":\"https:\/\/www.olymp-salondesign.com\/de\/#organization\"},\"potentialAction\":[{\"@type\":\"SearchAction\",\"target\":{\"@type\":\"EntryPoint\",\"urlTemplate\":\"https:\/\/www.olymp-salondesign.com\/de\/?s={search_term_string}\"},\"query-input\":{\"@type\":\"PropertyValueSpecification\",\"valueRequired\":true,\"valueName\":\"search_term_string\"}}],\"inLanguage\":\"de\"},{\"@type\":\"Organization\",\"@id\":\"https:\/\/www.olymp-salondesign.com\/de\/#organization\",\"name\":\"OLYMP - BEST SALON INSPIRATION\",\"url\":\"https:\/\/www.olymp-salondesign.com\/de\/\",\"logo\":{\"@type\":\"ImageObject\",\"inLanguage\":\"de\",\"@id\":\"https:\/\/www.olymp-salondesign.com\/de\/#\/schema\/logo\/image\/\",\"url\":\"https:\/\/www.olymp-salondesign.com\/wp-content\/uploads\/2019\/05\/logo.svg\",\"contentUrl\":\"https:\/\/www.olymp-salondesign.com\/wp-content\/uploads\/2019\/05\/logo.svg\",\"width\":240,\"height\":50,\"caption\":\"OLYMP - BEST SALON INSPIRATION\"},\"image\":{\"@id\":\"https:\/\/www.olymp-salondesign.com\/de\/#\/schema\/logo\/image\/\"}}]}<\/script>\n<!-- \/ Yoast SEO Premium plugin. -->","yoast_head_json":{"title":"OLYMP Fu\u00dfst\u00fctze Motion - OLYMP - BEST SALON INSPIRATION","robots":{"index":"index","follow":"follow","max-snippet":"max-snippet:-1","max-image-preview":"max-image-preview:large","max-video-preview":"max-video-preview:-1"},"canonical":"https:\/\/www.olymp-salondesign.com\/de\/produkt\/olymp-fussstuetze-motion\/","og_locale":"de_DE","og_type":"article","og_title":"OLYMP Fu\u00dfst\u00fctze Motion","og_description":"Fu\u00dfst\u00fctze Motion","og_url":"https:\/\/www.olymp-salondesign.com\/de\/produkt\/olymp-fussstuetze-motion\/","og_site_name":"OLYMP - BEST SALON INSPIRATION","article_modified_time":"2020-08-25T09:29:54+00:00","og_image":[{"width":2048,"height":2048,"url":"https:\/\/www.olymp-salondesign.com\/wp-content\/uploads\/2019\/08\/Zub_Fussstuetze_Motion_Edelstahl-2048-x-2048.jpg","type":"image\/jpeg"}],"twitter_card":"summary_large_image","schema":{"@context":"https:\/\/schema.org","@graph":[{"@type":"WebPage","@id":"https:\/\/www.olymp-salondesign.com\/de\/produkt\/olymp-fussstuetze-motion\/","url":"https:\/\/www.olymp-salondesign.com\/de\/produkt\/olymp-fussstuetze-motion\/","name":"OLYMP Fu\u00dfst\u00fctze Motion - OLYMP - BEST SALON INSPIRATION","isPartOf":{"@id":"https:\/\/www.olymp-salondesign.com\/de\/#website"},"primaryImageOfPage":{"@id":"https:\/\/www.olymp-salondesign.com\/de\/produkt\/olymp-fussstuetze-motion\/#primaryimage"},"image":{"@id":"https:\/\/www.olymp-salondesign.com\/de\/produkt\/olymp-fussstuetze-motion\/#primaryimage"},"thumbnailUrl":"https:\/\/www.olymp-salondesign.com\/wp-content\/uploads\/2019\/08\/Zub_Fussstuetze_Motion_Edelstahl-2048-x-2048.jpg","datePublished":"2019-08-05T08:33:23+00:00","dateModified":"2020-08-25T09:29:54+00:00","breadcrumb":{"@id":"https:\/\/www.olymp-salondesign.com\/de\/produkt\/olymp-fussstuetze-motion\/#breadcrumb"},"inLanguage":"de","potentialAction":[{"@type":"ReadAction","target":["https:\/\/www.olymp-salondesign.com\/de\/produkt\/olymp-fussstuetze-motion\/"]}]},{"@type":"ImageObject","inLanguage":"de","@id":"https:\/\/www.olymp-salondesign.com\/de\/produkt\/olymp-fussstuetze-motion\/#primaryimage","url":"https:\/\/www.olymp-salondesign.com\/wp-content\/uploads\/2019\/08\/Zub_Fussstuetze_Motion_Edelstahl-2048-x-2048.jpg","contentUrl":"https:\/\/www.olymp-salondesign.com\/wp-content\/uploads\/2019\/08\/Zub_Fussstuetze_Motion_Edelstahl-2048-x-2048.jpg","width":2048,"height":2048},{"@type":"BreadcrumbList","@id":"https:\/\/www.olymp-salondesign.com\/de\/produkt\/olymp-fussstuetze-motion\/#breadcrumb","itemListElement":[{"@type":"ListItem","position":1,"name":"Home","item":"https:\/\/www.olymp-salondesign.com\/de\/"},{"@type":"ListItem","position":2,"name":"Produkte","item":"https:\/\/www.olymp-salondesign.com\/de\/shop\/"},{"@type":"ListItem","position":3,"name":"OLYMP Fu\u00dfst\u00fctze Motion"}]},{"@type":"WebSite","@id":"https:\/\/www.olymp-salondesign.com\/de\/#website","url":"https:\/\/www.olymp-salondesign.com\/de\/","name":"OLYMP - BEST SALON INSPIRATION","description":"BEST SALON INSPIRATION","publisher":{"@id":"https:\/\/www.olymp-salondesign.com\/de\/#organization"},"potentialAction":[{"@type":"SearchAction","target":{"@type":"EntryPoint","urlTemplate":"https:\/\/www.olymp-salondesign.com\/de\/?s={search_term_string}"},"query-input":{"@type":"PropertyValueSpecification","valueRequired":true,"valueName":"search_term_string"}}],"inLanguage":"de"},{"@type":"Organization","@id":"https:\/\/www.olymp-salondesign.com\/de\/#organization","name":"OLYMP - BEST SALON INSPIRATION","url":"https:\/\/www.olymp-salondesign.com\/de\/","logo":{"@type":"ImageObject","inLanguage":"de","@id":"https:\/\/www.olymp-salondesign.com\/de\/#\/schema\/logo\/image\/","url":"https:\/\/www.olymp-salondesign.com\/wp-content\/uploads\/2019\/05\/logo.svg","contentUrl":"https:\/\/www.olymp-salondesign.com\/wp-content\/uploads\/2019\/05\/logo.svg","width":240,"height":50,"caption":"OLYMP - BEST SALON INSPIRATION"},"image":{"@id":"https:\/\/www.olymp-salondesign.com\/de\/#\/schema\/logo\/image\/"}}]}},"wpml_current_locale":"de_DE","wpml_translations":{"en":{"locale":"en","id":21747,"slug":"olymp-fussstuetze-motion","post_title":"OLYMP Fu\u00dfst\u00fctze Motion","href":"https:\/\/www.olymp-salondesign.com\/product\/olymp-fussstuetze-motion\/"},"pl_PL":{"locale":"pl_PL","id":31691,"slug":"olymp-fussstuetze-motion","post_title":"OLYMP Podn\u00f3\u017cek Motion","href":"https:\/\/www.olymp-salondesign.com\/pl\/produkt\/olymp-fussstuetze-motion\/"},"fr_FR":{"locale":"fr_FR","id":34737,"slug":"olymp-fussstuetze-motion","post_title":"OLYMP Fu\u00dfst\u00fctze Motion","href":"https:\/\/www.olymp-salondesign.com\/fr\/produit\/olymp-fussstuetze-motion\/"}},"_links":{"self":[{"href":"https:\/\/www.olymp-salondesign.com\/de\/wp-json\/wp\/v2\/product\/13050"}],"collection":[{"href":"https:\/\/www.olymp-salondesign.com\/de\/wp-json\/wp\/v2\/product"}],"about":[{"href":"https:\/\/www.olymp-salondesign.com\/de\/wp-json\/wp\/v2\/types\/product"}],"wp:featuredmedia":[{"embeddable":true,"href":"https:\/\/www.olymp-salondesign.com\/de\/wp-json\/wp\/v2\/media\/14969"}],"wp:attachment":[{"href":"https:\/\/www.olymp-salondesign.com\/de\/wp-json\/wp\/v2\/media?parent=13050"}],"wp:term":[{"taxonomy":"product_cat","embeddable":true,"href":"https:\/\/www.olymp-salondesign.com\/de\/wp-json\/wp\/v2\/product_cat?post=13050"},{"taxonomy":"product_tag","embeddable":true,"href":"https:\/\/www.olymp-salondesign.com\/de\/wp-json\/wp\/v2\/product_tag?post=13050"}],"curies":[{"name":"wp","href":"https:\/\/api.w.org\/{rel}","templated":true}]}}