{"id":17147,"date":"2019-12-03T15:42:06","date_gmt":"2019-12-03T14:42:06","guid":{"rendered":"https:\/\/www.olymp.de\/?post_type=product&#038;p=17147"},"modified":"2025-04-24T10:36:45","modified_gmt":"2025-04-24T08:36:45","slug":"olymp-hairmaster-clipper-z4c","status":"publish","type":"product","link":"https:\/\/www.olymp-salondesign.com\/de\/produkt\/olymp-hairmaster-clipper-z4c\/","title":{"rendered":"OLYMP HairMaster CLIPPER z4c"},"content":{"rendered":"<ul>\n<li>Hochwertiger Pr\u00e4zisionsscherkopf aus Titanium-Keramik<\/li>\n<li>Bodenklinge aus Titanium, Kopfklinge aus Keramik, Schnittbreite ca. 38 mm<\/li>\n<li>Starker Lithium-Ionen-Akku mit Schnellladefunktion,\u00a0Dauerbetrieb max. 240 Minuten, (Gesamtladezeit ca. 180 Minuten, ohne Memoryeffekt)<\/li>\n<li>Vier L\u00e4ngeneinstellungen (elektronisch &#8211; 1, 1,3, 1,6, 1,9 mm)<\/li>\n<li>3 Geschwindigkeitsstufen von 5.000 bis 7.000 U\/min sind w\u00e4hlbar<\/li>\n<li>Elektronischer Drehzahl-Kontrolle<\/li>\n<li>Kraftvoller und leistungsstarker Long-Life-Motor 3,0 V<\/li>\n<li>LED-Indikator f\u00fcr Ladezustand und Netzbetrieb<\/li>\n<li>Bei leerem Akku ist Betrieb \u00fcber das 2,5 m lange Kabel des Steckernetzteils m\u00f6glich<\/li>\n<li>4 zus\u00e4tzliche Aufs\u00e4tze f\u00fcr L\u00e4ngeneinstellung 3, 6, 9, 12 mm mit dabei<\/li>\n<li>Leichte Handhabung durch geringes Gewicht von ca. 238 Gramm<\/li>\n<li>Im Lieferumfang enthalten: liegende Ladestation, Reinigungs\u00f6l und -b\u00fcrste<\/li>\n<li>4 zus\u00e4tzliche Aufs\u00e4tze inklusive: 3 mm, 6 mm, 9 mm, 12 mm<\/li>\n<\/ul>\n","protected":false},"excerpt":{"rendered":"<p>Professionelle, leistungsstarke Haarschneidemaschine f\u00fcr exakt geschnittene Haare<\/p>\n","protected":false},"featured_media":17149,"template":"","meta":{"_acf_changed":false},"product_cat":[1197,2634],"product_tag":[],"class_list":{"0":"post-17147","1":"product","2":"type-product","3":"status-publish","4":"has-post-thumbnail","6":"product_cat-friseur","7":"product_cat-haarschneidemaschinen","9":"first","10":"instock","11":"purchasable","12":"product-type-simple"},"acf":[],"yoast_head":"<!-- This site is optimized with the Yoast SEO Premium plugin v23.7 (Yoast SEO v23.7) - https:\/\/yoast.com\/wordpress\/plugins\/seo\/ -->\n<title>OLYMP HairMaster CLIPPER z4c - OLYMP - BEST SALON INSPIRATION<\/title>\n<meta name=\"robots\" content=\"index, follow, max-snippet:-1, max-image-preview:large, max-video-preview:-1\" \/>\n<link rel=\"canonical\" href=\"https:\/\/www.olymp-salondesign.com\/de\/produkt\/olymp-hairmaster-clipper-z4c\/\" \/>\n<meta property=\"og:locale\" content=\"de_DE\" \/>\n<meta property=\"og:type\" content=\"article\" \/>\n<meta property=\"og:title\" content=\"OLYMP HairMaster CLIPPER z4c\" \/>\n<meta property=\"og:description\" content=\"Professionelle, leistungsstarke Haarschneidemaschine f\u00fcr exakt geschnittene Haare\" \/>\n<meta property=\"og:url\" content=\"https:\/\/www.olymp-salondesign.com\/de\/produkt\/olymp-hairmaster-clipper-z4c\/\" \/>\n<meta property=\"og:site_name\" content=\"OLYMP - BEST SALON INSPIRATION\" \/>\n<meta property=\"article:modified_time\" content=\"2025-04-24T08:36:45+00:00\" \/>\n<meta property=\"og:image\" content=\"https:\/\/www.olymp-salondesign.com\/wp-content\/uploads\/2019\/12\/HairMaster-Clipper-z4c_auf-Ladestation_freigestellt.jpg\" \/>\n\t<meta property=\"og:image:width\" content=\"1080\" \/>\n\t<meta property=\"og:image:height\" content=\"1080\" \/>\n\t<meta property=\"og:image:type\" content=\"image\/jpeg\" \/>\n<meta name=\"twitter:card\" content=\"summary_large_image\" \/>\n<meta name=\"twitter:label1\" content=\"Gesch\u00e4tzte Lesezeit\" \/>\n\t<meta name=\"twitter:data1\" content=\"1\u00a0Minute\" \/>\n<script type=\"application\/ld+json\" class=\"yoast-schema-graph\">{\"@context\":\"https:\/\/schema.org\",\"@graph\":[{\"@type\":\"WebPage\",\"@id\":\"https:\/\/www.olymp-salondesign.com\/de\/produkt\/olymp-hairmaster-clipper-z4c\/\",\"url\":\"https:\/\/www.olymp-salondesign.com\/de\/produkt\/olymp-hairmaster-clipper-z4c\/\",\"name\":\"OLYMP HairMaster CLIPPER z4c - OLYMP - BEST SALON INSPIRATION\",\"isPartOf\":{\"@id\":\"https:\/\/www.olymp-salondesign.com\/de\/#website\"},\"primaryImageOfPage\":{\"@id\":\"https:\/\/www.olymp-salondesign.com\/de\/produkt\/olymp-hairmaster-clipper-z4c\/#primaryimage\"},\"image\":{\"@id\":\"https:\/\/www.olymp-salondesign.com\/de\/produkt\/olymp-hairmaster-clipper-z4c\/#primaryimage\"},\"thumbnailUrl\":\"https:\/\/www.olymp-salondesign.com\/wp-content\/uploads\/2019\/12\/HairMaster-Clipper-z4c_auf-Ladestation_freigestellt.jpg\",\"datePublished\":\"2019-12-03T14:42:06+00:00\",\"dateModified\":\"2025-04-24T08:36:45+00:00\",\"breadcrumb\":{\"@id\":\"https:\/\/www.olymp-salondesign.com\/de\/produkt\/olymp-hairmaster-clipper-z4c\/#breadcrumb\"},\"inLanguage\":\"de\",\"potentialAction\":[{\"@type\":\"ReadAction\",\"target\":[\"https:\/\/www.olymp-salondesign.com\/de\/produkt\/olymp-hairmaster-clipper-z4c\/\"]}]},{\"@type\":\"ImageObject\",\"inLanguage\":\"de\",\"@id\":\"https:\/\/www.olymp-salondesign.com\/de\/produkt\/olymp-hairmaster-clipper-z4c\/#primaryimage\",\"url\":\"https:\/\/www.olymp-salondesign.com\/wp-content\/uploads\/2019\/12\/HairMaster-Clipper-z4c_auf-Ladestation_freigestellt.jpg\",\"contentUrl\":\"https:\/\/www.olymp-salondesign.com\/wp-content\/uploads\/2019\/12\/HairMaster-Clipper-z4c_auf-Ladestation_freigestellt.jpg\",\"width\":1080,\"height\":1080},{\"@type\":\"BreadcrumbList\",\"@id\":\"https:\/\/www.olymp-salondesign.com\/de\/produkt\/olymp-hairmaster-clipper-z4c\/#breadcrumb\",\"itemListElement\":[{\"@type\":\"ListItem\",\"position\":1,\"name\":\"Home\",\"item\":\"https:\/\/www.olymp-salondesign.com\/de\/\"},{\"@type\":\"ListItem\",\"position\":2,\"name\":\"Produkte\",\"item\":\"https:\/\/www.olymp-salondesign.com\/de\/shop\/\"},{\"@type\":\"ListItem\",\"position\":3,\"name\":\"OLYMP HairMaster CLIPPER z4c\"}]},{\"@type\":\"WebSite\",\"@id\":\"https:\/\/www.olymp-salondesign.com\/de\/#website\",\"url\":\"https:\/\/www.olymp-salondesign.com\/de\/\",\"name\":\"OLYMP - BEST SALON INSPIRATION\",\"description\":\"BEST SALON INSPIRATION\",\"publisher\":{\"@id\":\"https:\/\/www.olymp-salondesign.com\/de\/#organization\"},\"potentialAction\":[{\"@type\":\"SearchAction\",\"target\":{\"@type\":\"EntryPoint\",\"urlTemplate\":\"https:\/\/www.olymp-salondesign.com\/de\/?s={search_term_string}\"},\"query-input\":{\"@type\":\"PropertyValueSpecification\",\"valueRequired\":true,\"valueName\":\"search_term_string\"}}],\"inLanguage\":\"de\"},{\"@type\":\"Organization\",\"@id\":\"https:\/\/www.olymp-salondesign.com\/de\/#organization\",\"name\":\"OLYMP - BEST SALON INSPIRATION\",\"url\":\"https:\/\/www.olymp-salondesign.com\/de\/\",\"logo\":{\"@type\":\"ImageObject\",\"inLanguage\":\"de\",\"@id\":\"https:\/\/www.olymp-salondesign.com\/de\/#\/schema\/logo\/image\/\",\"url\":\"https:\/\/www.olymp-salondesign.com\/wp-content\/uploads\/2019\/05\/logo.svg\",\"contentUrl\":\"https:\/\/www.olymp-salondesign.com\/wp-content\/uploads\/2019\/05\/logo.svg\",\"width\":240,\"height\":50,\"caption\":\"OLYMP - BEST SALON INSPIRATION\"},\"image\":{\"@id\":\"https:\/\/www.olymp-salondesign.com\/de\/#\/schema\/logo\/image\/\"}}]}<\/script>\n<!-- \/ Yoast SEO Premium plugin. -->","yoast_head_json":{"title":"OLYMP HairMaster CLIPPER z4c - OLYMP - BEST SALON INSPIRATION","robots":{"index":"index","follow":"follow","max-snippet":"max-snippet:-1","max-image-preview":"max-image-preview:large","max-video-preview":"max-video-preview:-1"},"canonical":"https:\/\/www.olymp-salondesign.com\/de\/produkt\/olymp-hairmaster-clipper-z4c\/","og_locale":"de_DE","og_type":"article","og_title":"OLYMP HairMaster CLIPPER z4c","og_description":"Professionelle, leistungsstarke Haarschneidemaschine f\u00fcr exakt geschnittene Haare","og_url":"https:\/\/www.olymp-salondesign.com\/de\/produkt\/olymp-hairmaster-clipper-z4c\/","og_site_name":"OLYMP - BEST SALON INSPIRATION","article_modified_time":"2025-04-24T08:36:45+00:00","og_image":[{"width":1080,"height":1080,"url":"https:\/\/www.olymp-salondesign.com\/wp-content\/uploads\/2019\/12\/HairMaster-Clipper-z4c_auf-Ladestation_freigestellt.jpg","type":"image\/jpeg"}],"twitter_card":"summary_large_image","twitter_misc":{"Gesch\u00e4tzte Lesezeit":"1\u00a0Minute"},"schema":{"@context":"https:\/\/schema.org","@graph":[{"@type":"WebPage","@id":"https:\/\/www.olymp-salondesign.com\/de\/produkt\/olymp-hairmaster-clipper-z4c\/","url":"https:\/\/www.olymp-salondesign.com\/de\/produkt\/olymp-hairmaster-clipper-z4c\/","name":"OLYMP HairMaster CLIPPER z4c - OLYMP - BEST SALON INSPIRATION","isPartOf":{"@id":"https:\/\/www.olymp-salondesign.com\/de\/#website"},"primaryImageOfPage":{"@id":"https:\/\/www.olymp-salondesign.com\/de\/produkt\/olymp-hairmaster-clipper-z4c\/#primaryimage"},"image":{"@id":"https:\/\/www.olymp-salondesign.com\/de\/produkt\/olymp-hairmaster-clipper-z4c\/#primaryimage"},"thumbnailUrl":"https:\/\/www.olymp-salondesign.com\/wp-content\/uploads\/2019\/12\/HairMaster-Clipper-z4c_auf-Ladestation_freigestellt.jpg","datePublished":"2019-12-03T14:42:06+00:00","dateModified":"2025-04-24T08:36:45+00:00","breadcrumb":{"@id":"https:\/\/www.olymp-salondesign.com\/de\/produkt\/olymp-hairmaster-clipper-z4c\/#breadcrumb"},"inLanguage":"de","potentialAction":[{"@type":"ReadAction","target":["https:\/\/www.olymp-salondesign.com\/de\/produkt\/olymp-hairmaster-clipper-z4c\/"]}]},{"@type":"ImageObject","inLanguage":"de","@id":"https:\/\/www.olymp-salondesign.com\/de\/produkt\/olymp-hairmaster-clipper-z4c\/#primaryimage","url":"https:\/\/www.olymp-salondesign.com\/wp-content\/uploads\/2019\/12\/HairMaster-Clipper-z4c_auf-Ladestation_freigestellt.jpg","contentUrl":"https:\/\/www.olymp-salondesign.com\/wp-content\/uploads\/2019\/12\/HairMaster-Clipper-z4c_auf-Ladestation_freigestellt.jpg","width":1080,"height":1080},{"@type":"BreadcrumbList","@id":"https:\/\/www.olymp-salondesign.com\/de\/produkt\/olymp-hairmaster-clipper-z4c\/#breadcrumb","itemListElement":[{"@type":"ListItem","position":1,"name":"Home","item":"https:\/\/www.olymp-salondesign.com\/de\/"},{"@type":"ListItem","position":2,"name":"Produkte","item":"https:\/\/www.olymp-salondesign.com\/de\/shop\/"},{"@type":"ListItem","position":3,"name":"OLYMP HairMaster CLIPPER z4c"}]},{"@type":"WebSite","@id":"https:\/\/www.olymp-salondesign.com\/de\/#website","url":"https:\/\/www.olymp-salondesign.com\/de\/","name":"OLYMP - BEST SALON INSPIRATION","description":"BEST SALON INSPIRATION","publisher":{"@id":"https:\/\/www.olymp-salondesign.com\/de\/#organization"},"potentialAction":[{"@type":"SearchAction","target":{"@type":"EntryPoint","urlTemplate":"https:\/\/www.olymp-salondesign.com\/de\/?s={search_term_string}"},"query-input":{"@type":"PropertyValueSpecification","valueRequired":true,"valueName":"search_term_string"}}],"inLanguage":"de"},{"@type":"Organization","@id":"https:\/\/www.olymp-salondesign.com\/de\/#organization","name":"OLYMP - BEST SALON INSPIRATION","url":"https:\/\/www.olymp-salondesign.com\/de\/","logo":{"@type":"ImageObject","inLanguage":"de","@id":"https:\/\/www.olymp-salondesign.com\/de\/#\/schema\/logo\/image\/","url":"https:\/\/www.olymp-salondesign.com\/wp-content\/uploads\/2019\/05\/logo.svg","contentUrl":"https:\/\/www.olymp-salondesign.com\/wp-content\/uploads\/2019\/05\/logo.svg","width":240,"height":50,"caption":"OLYMP - BEST SALON INSPIRATION"},"image":{"@id":"https:\/\/www.olymp-salondesign.com\/de\/#\/schema\/logo\/image\/"}}]}},"wpml_current_locale":"de_DE","wpml_translations":{"en":{"locale":"en","id":41688,"slug":"olymp-hairmaster-clipper-z4c","post_title":"OLYMP HairMaster Clipper z4c","href":"https:\/\/www.olymp-salondesign.com\/product\/olymp-hairmaster-clipper-z4c\/"},"pl_PL":{"locale":"pl_PL","id":41710,"slug":"olymp-hairmaster-clipper-z4c","post_title":"OLYMP HairMaster Clipper z4c","href":"https:\/\/www.olymp-salondesign.com\/pl\/produkt\/olymp-hairmaster-clipper-z4c\/"},"fr_FR":{"locale":"fr_FR","id":41689,"slug":"olymp-hairmaster-clipper-z4c","post_title":"OLYMP HairMaster Clipper z4c","href":"https:\/\/www.olymp-salondesign.com\/fr\/produit\/olymp-hairmaster-clipper-z4c\/"}},"_links":{"self":[{"href":"https:\/\/www.olymp-salondesign.com\/de\/wp-json\/wp\/v2\/product\/17147"}],"collection":[{"href":"https:\/\/www.olymp-salondesign.com\/de\/wp-json\/wp\/v2\/product"}],"about":[{"href":"https:\/\/www.olymp-salondesign.com\/de\/wp-json\/wp\/v2\/types\/product"}],"wp:featuredmedia":[{"embeddable":true,"href":"https:\/\/www.olymp-salondesign.com\/de\/wp-json\/wp\/v2\/media\/17149"}],"wp:attachment":[{"href":"https:\/\/www.olymp-salondesign.com\/de\/wp-json\/wp\/v2\/media?parent=17147"}],"wp:term":[{"taxonomy":"product_cat","embeddable":true,"href":"https:\/\/www.olymp-salondesign.com\/de\/wp-json\/wp\/v2\/product_cat?post=17147"},{"taxonomy":"product_tag","embeddable":true,"href":"https:\/\/www.olymp-salondesign.com\/de\/wp-json\/wp\/v2\/product_tag?post=17147"}],"curies":[{"name":"wp","href":"https:\/\/api.w.org\/{rel}","templated":true}]}}