{"id":18140,"date":"2020-02-26T13:40:07","date_gmt":"2020-02-26T12:40:07","guid":{"rendered":"https:\/\/www.olymp.de\/?post_type=product&#038;p=18140"},"modified":"2025-04-24T10:28:44","modified_gmt":"2025-04-24T08:28:44","slug":"olymp-hairmaster-trimmer-z4t","status":"publish","type":"product","link":"https:\/\/www.olymp-salondesign.com\/de\/produkt\/olymp-hairmaster-trimmer-z4t\/","title":{"rendered":"OLYMP HairMaster TRIMMER z4t"},"content":{"rendered":"<p>Eine professionelle, sehr leistungsf\u00e4hige Haarschneidemaschine zum akkuraten Kontieren f\u00fcr h\u00f6chste Anspr\u00fcche. Bodenklinge und Kopfklinge sind aus Edelstahl mit vier zus\u00e4tzlichen Kammaufs\u00e4tzen. Der kraftvolle Longlife-Motor verf\u00fcgt \u00fcber drei manuell einstellbare Geschwindigkeitsstufen und als besonderes Highlight \u00fcber eine intelligente, integrierte Geschwindigkeitskontrolle. Damit wird je nach Haardicke oder Haarmenge eine pr\u00e4zise Kontur in jeder Situation sichergestellt und das bis zu 180 Minuten. Der Trimmer z4t besitzt einen besonders leistungsstarken Akku mit Schnellladefunktion und \u00dcberladeschutz.<\/p>\n","protected":false},"excerpt":{"rendered":"<p>Professionelle Konturenschneidemaschine f\u00fcr pr\u00e4zise geschnittene Haare<\/p>\n","protected":false},"featured_media":18142,"template":"","meta":{"_acf_changed":false},"product_cat":[1197,2640],"product_tag":[],"class_list":{"0":"post-18140","1":"product","2":"type-product","3":"status-publish","4":"has-post-thumbnail","6":"product_cat-friseur","7":"product_cat-konturenschneidemaschinen","9":"first","10":"instock","11":"purchasable","12":"product-type-simple"},"acf":[],"yoast_head":"<!-- This site is optimized with the Yoast SEO Premium plugin v23.7 (Yoast SEO v23.7) - https:\/\/yoast.com\/wordpress\/plugins\/seo\/ -->\n<title>OLYMP HairMaster TRIMMER z4t - OLYMP - BEST SALON INSPIRATION<\/title>\n<meta name=\"robots\" content=\"index, follow, max-snippet:-1, max-image-preview:large, max-video-preview:-1\" \/>\n<link rel=\"canonical\" href=\"https:\/\/www.olymp-salondesign.com\/de\/produkt\/olymp-hairmaster-trimmer-z4t\/\" \/>\n<meta property=\"og:locale\" content=\"de_DE\" \/>\n<meta property=\"og:type\" content=\"article\" \/>\n<meta property=\"og:title\" content=\"OLYMP HairMaster TRIMMER z4t\" \/>\n<meta property=\"og:description\" content=\"Professionelle Konturenschneidemaschine f\u00fcr pr\u00e4zise geschnittene Haare\" \/>\n<meta property=\"og:url\" content=\"https:\/\/www.olymp-salondesign.com\/de\/produkt\/olymp-hairmaster-trimmer-z4t\/\" \/>\n<meta property=\"og:site_name\" content=\"OLYMP - BEST SALON INSPIRATION\" \/>\n<meta property=\"article:modified_time\" content=\"2025-04-24T08:28:44+00:00\" \/>\n<meta property=\"og:image\" content=\"https:\/\/www.olymp-salondesign.com\/wp-content\/uploads\/2020\/02\/Trimmer-z4t-mit-Ladeschale-freigestellt.jpg\" \/>\n\t<meta property=\"og:image:width\" content=\"1080\" \/>\n\t<meta property=\"og:image:height\" content=\"1620\" \/>\n\t<meta property=\"og:image:type\" content=\"image\/jpeg\" \/>\n<meta name=\"twitter:card\" content=\"summary_large_image\" \/>\n<script type=\"application\/ld+json\" class=\"yoast-schema-graph\">{\"@context\":\"https:\/\/schema.org\",\"@graph\":[{\"@type\":\"WebPage\",\"@id\":\"https:\/\/www.olymp-salondesign.com\/de\/produkt\/olymp-hairmaster-trimmer-z4t\/\",\"url\":\"https:\/\/www.olymp-salondesign.com\/de\/produkt\/olymp-hairmaster-trimmer-z4t\/\",\"name\":\"OLYMP HairMaster TRIMMER z4t - OLYMP - BEST SALON INSPIRATION\",\"isPartOf\":{\"@id\":\"https:\/\/www.olymp-salondesign.com\/de\/#website\"},\"primaryImageOfPage\":{\"@id\":\"https:\/\/www.olymp-salondesign.com\/de\/produkt\/olymp-hairmaster-trimmer-z4t\/#primaryimage\"},\"image\":{\"@id\":\"https:\/\/www.olymp-salondesign.com\/de\/produkt\/olymp-hairmaster-trimmer-z4t\/#primaryimage\"},\"thumbnailUrl\":\"https:\/\/www.olymp-salondesign.com\/wp-content\/uploads\/2020\/02\/Trimmer-z4t-mit-Ladeschale-freigestellt.jpg\",\"datePublished\":\"2020-02-26T12:40:07+00:00\",\"dateModified\":\"2025-04-24T08:28:44+00:00\",\"breadcrumb\":{\"@id\":\"https:\/\/www.olymp-salondesign.com\/de\/produkt\/olymp-hairmaster-trimmer-z4t\/#breadcrumb\"},\"inLanguage\":\"de\",\"potentialAction\":[{\"@type\":\"ReadAction\",\"target\":[\"https:\/\/www.olymp-salondesign.com\/de\/produkt\/olymp-hairmaster-trimmer-z4t\/\"]}]},{\"@type\":\"ImageObject\",\"inLanguage\":\"de\",\"@id\":\"https:\/\/www.olymp-salondesign.com\/de\/produkt\/olymp-hairmaster-trimmer-z4t\/#primaryimage\",\"url\":\"https:\/\/www.olymp-salondesign.com\/wp-content\/uploads\/2020\/02\/Trimmer-z4t-mit-Ladeschale-freigestellt.jpg\",\"contentUrl\":\"https:\/\/www.olymp-salondesign.com\/wp-content\/uploads\/2020\/02\/Trimmer-z4t-mit-Ladeschale-freigestellt.jpg\",\"width\":1080,\"height\":1620},{\"@type\":\"BreadcrumbList\",\"@id\":\"https:\/\/www.olymp-salondesign.com\/de\/produkt\/olymp-hairmaster-trimmer-z4t\/#breadcrumb\",\"itemListElement\":[{\"@type\":\"ListItem\",\"position\":1,\"name\":\"Home\",\"item\":\"https:\/\/www.olymp-salondesign.com\/de\/\"},{\"@type\":\"ListItem\",\"position\":2,\"name\":\"Produkte\",\"item\":\"https:\/\/www.olymp-salondesign.com\/de\/shop\/\"},{\"@type\":\"ListItem\",\"position\":3,\"name\":\"OLYMP HairMaster TRIMMER z4t\"}]},{\"@type\":\"WebSite\",\"@id\":\"https:\/\/www.olymp-salondesign.com\/de\/#website\",\"url\":\"https:\/\/www.olymp-salondesign.com\/de\/\",\"name\":\"OLYMP - BEST SALON INSPIRATION\",\"description\":\"BEST SALON INSPIRATION\",\"publisher\":{\"@id\":\"https:\/\/www.olymp-salondesign.com\/de\/#organization\"},\"potentialAction\":[{\"@type\":\"SearchAction\",\"target\":{\"@type\":\"EntryPoint\",\"urlTemplate\":\"https:\/\/www.olymp-salondesign.com\/de\/?s={search_term_string}\"},\"query-input\":{\"@type\":\"PropertyValueSpecification\",\"valueRequired\":true,\"valueName\":\"search_term_string\"}}],\"inLanguage\":\"de\"},{\"@type\":\"Organization\",\"@id\":\"https:\/\/www.olymp-salondesign.com\/de\/#organization\",\"name\":\"OLYMP - BEST SALON INSPIRATION\",\"url\":\"https:\/\/www.olymp-salondesign.com\/de\/\",\"logo\":{\"@type\":\"ImageObject\",\"inLanguage\":\"de\",\"@id\":\"https:\/\/www.olymp-salondesign.com\/de\/#\/schema\/logo\/image\/\",\"url\":\"https:\/\/www.olymp-salondesign.com\/wp-content\/uploads\/2019\/05\/logo.svg\",\"contentUrl\":\"https:\/\/www.olymp-salondesign.com\/wp-content\/uploads\/2019\/05\/logo.svg\",\"width\":240,\"height\":50,\"caption\":\"OLYMP - BEST SALON INSPIRATION\"},\"image\":{\"@id\":\"https:\/\/www.olymp-salondesign.com\/de\/#\/schema\/logo\/image\/\"}}]}<\/script>\n<!-- \/ Yoast SEO Premium plugin. -->","yoast_head_json":{"title":"OLYMP HairMaster TRIMMER z4t - OLYMP - BEST SALON INSPIRATION","robots":{"index":"index","follow":"follow","max-snippet":"max-snippet:-1","max-image-preview":"max-image-preview:large","max-video-preview":"max-video-preview:-1"},"canonical":"https:\/\/www.olymp-salondesign.com\/de\/produkt\/olymp-hairmaster-trimmer-z4t\/","og_locale":"de_DE","og_type":"article","og_title":"OLYMP HairMaster TRIMMER z4t","og_description":"Professionelle Konturenschneidemaschine f\u00fcr pr\u00e4zise geschnittene Haare","og_url":"https:\/\/www.olymp-salondesign.com\/de\/produkt\/olymp-hairmaster-trimmer-z4t\/","og_site_name":"OLYMP - BEST SALON INSPIRATION","article_modified_time":"2025-04-24T08:28:44+00:00","og_image":[{"width":1080,"height":1620,"url":"https:\/\/www.olymp-salondesign.com\/wp-content\/uploads\/2020\/02\/Trimmer-z4t-mit-Ladeschale-freigestellt.jpg","type":"image\/jpeg"}],"twitter_card":"summary_large_image","schema":{"@context":"https:\/\/schema.org","@graph":[{"@type":"WebPage","@id":"https:\/\/www.olymp-salondesign.com\/de\/produkt\/olymp-hairmaster-trimmer-z4t\/","url":"https:\/\/www.olymp-salondesign.com\/de\/produkt\/olymp-hairmaster-trimmer-z4t\/","name":"OLYMP HairMaster TRIMMER z4t - OLYMP - BEST SALON INSPIRATION","isPartOf":{"@id":"https:\/\/www.olymp-salondesign.com\/de\/#website"},"primaryImageOfPage":{"@id":"https:\/\/www.olymp-salondesign.com\/de\/produkt\/olymp-hairmaster-trimmer-z4t\/#primaryimage"},"image":{"@id":"https:\/\/www.olymp-salondesign.com\/de\/produkt\/olymp-hairmaster-trimmer-z4t\/#primaryimage"},"thumbnailUrl":"https:\/\/www.olymp-salondesign.com\/wp-content\/uploads\/2020\/02\/Trimmer-z4t-mit-Ladeschale-freigestellt.jpg","datePublished":"2020-02-26T12:40:07+00:00","dateModified":"2025-04-24T08:28:44+00:00","breadcrumb":{"@id":"https:\/\/www.olymp-salondesign.com\/de\/produkt\/olymp-hairmaster-trimmer-z4t\/#breadcrumb"},"inLanguage":"de","potentialAction":[{"@type":"ReadAction","target":["https:\/\/www.olymp-salondesign.com\/de\/produkt\/olymp-hairmaster-trimmer-z4t\/"]}]},{"@type":"ImageObject","inLanguage":"de","@id":"https:\/\/www.olymp-salondesign.com\/de\/produkt\/olymp-hairmaster-trimmer-z4t\/#primaryimage","url":"https:\/\/www.olymp-salondesign.com\/wp-content\/uploads\/2020\/02\/Trimmer-z4t-mit-Ladeschale-freigestellt.jpg","contentUrl":"https:\/\/www.olymp-salondesign.com\/wp-content\/uploads\/2020\/02\/Trimmer-z4t-mit-Ladeschale-freigestellt.jpg","width":1080,"height":1620},{"@type":"BreadcrumbList","@id":"https:\/\/www.olymp-salondesign.com\/de\/produkt\/olymp-hairmaster-trimmer-z4t\/#breadcrumb","itemListElement":[{"@type":"ListItem","position":1,"name":"Home","item":"https:\/\/www.olymp-salondesign.com\/de\/"},{"@type":"ListItem","position":2,"name":"Produkte","item":"https:\/\/www.olymp-salondesign.com\/de\/shop\/"},{"@type":"ListItem","position":3,"name":"OLYMP HairMaster TRIMMER z4t"}]},{"@type":"WebSite","@id":"https:\/\/www.olymp-salondesign.com\/de\/#website","url":"https:\/\/www.olymp-salondesign.com\/de\/","name":"OLYMP - BEST SALON INSPIRATION","description":"BEST SALON INSPIRATION","publisher":{"@id":"https:\/\/www.olymp-salondesign.com\/de\/#organization"},"potentialAction":[{"@type":"SearchAction","target":{"@type":"EntryPoint","urlTemplate":"https:\/\/www.olymp-salondesign.com\/de\/?s={search_term_string}"},"query-input":{"@type":"PropertyValueSpecification","valueRequired":true,"valueName":"search_term_string"}}],"inLanguage":"de"},{"@type":"Organization","@id":"https:\/\/www.olymp-salondesign.com\/de\/#organization","name":"OLYMP - BEST SALON INSPIRATION","url":"https:\/\/www.olymp-salondesign.com\/de\/","logo":{"@type":"ImageObject","inLanguage":"de","@id":"https:\/\/www.olymp-salondesign.com\/de\/#\/schema\/logo\/image\/","url":"https:\/\/www.olymp-salondesign.com\/wp-content\/uploads\/2019\/05\/logo.svg","contentUrl":"https:\/\/www.olymp-salondesign.com\/wp-content\/uploads\/2019\/05\/logo.svg","width":240,"height":50,"caption":"OLYMP - BEST SALON INSPIRATION"},"image":{"@id":"https:\/\/www.olymp-salondesign.com\/de\/#\/schema\/logo\/image\/"}}]}},"wpml_current_locale":"de_DE","wpml_translations":{"en":{"locale":"en","id":41623,"slug":"olymp-hairmaster-trimmer-z4t","post_title":"OLYMP HairMaster TRIMMER z4t","href":"https:\/\/www.olymp-salondesign.com\/product\/olymp-hairmaster-trimmer-z4t\/"},"pl_PL":{"locale":"pl_PL","id":41665,"slug":"olymp-hairmaster-trimmer-z4t","post_title":"OLYMP HairMaster TRIMMER z4t","href":"https:\/\/www.olymp-salondesign.com\/pl\/produkt\/olymp-hairmaster-trimmer-z4t\/"},"fr_FR":{"locale":"fr_FR","id":41624,"slug":"olymp-hairmaster-trimmer-z4t","post_title":"OLYMP HairMaster TRIMMER z4t","href":"https:\/\/www.olymp-salondesign.com\/fr\/produit\/olymp-hairmaster-trimmer-z4t\/"}},"_links":{"self":[{"href":"https:\/\/www.olymp-salondesign.com\/de\/wp-json\/wp\/v2\/product\/18140"}],"collection":[{"href":"https:\/\/www.olymp-salondesign.com\/de\/wp-json\/wp\/v2\/product"}],"about":[{"href":"https:\/\/www.olymp-salondesign.com\/de\/wp-json\/wp\/v2\/types\/product"}],"wp:featuredmedia":[{"embeddable":true,"href":"https:\/\/www.olymp-salondesign.com\/de\/wp-json\/wp\/v2\/media\/18142"}],"wp:attachment":[{"href":"https:\/\/www.olymp-salondesign.com\/de\/wp-json\/wp\/v2\/media?parent=18140"}],"wp:term":[{"taxonomy":"product_cat","embeddable":true,"href":"https:\/\/www.olymp-salondesign.com\/de\/wp-json\/wp\/v2\/product_cat?post=18140"},{"taxonomy":"product_tag","embeddable":true,"href":"https:\/\/www.olymp-salondesign.com\/de\/wp-json\/wp\/v2\/product_tag?post=18140"}],"curies":[{"name":"wp","href":"https:\/\/api.w.org\/{rel}","templated":true}]}}