{"id":37745,"date":"2023-01-31T15:12:58","date_gmt":"2023-01-31T14:12:58","guid":{"rendered":"https:\/\/www.olymp-salondesign.com\/?post_type=product&#038;p=37745"},"modified":"2025-02-20T14:08:59","modified_gmt":"2025-02-20T13:08:59","slug":"olymp-lavasit-splendor-ergoactive","status":"publish","type":"product","link":"https:\/\/www.olymp-salondesign.com\/de\/produkt\/olymp-lavasit-splendor-ergoactive\/","title":{"rendered":"OLYMP LavaSit Splendor ErgoActive \/ ErgoActive Shiatsu"},"content":{"rendered":"<p>Gesund und fit durch den Arbeitstag durch die <strong>stufenlose H\u00f6henverstellung<\/strong> der kompletten Waschanlage um <strong>bis zu 25 cm<\/strong>. Beckenarbeitsh\u00f6he dadurch 92 cm bis 117 cm, passend f\u00fcr jede K\u00f6rpergr\u00f6\u00dfe und jede Behandlungssituation. Bedienung \u00fcber einen Fu\u00dfschalter, die H\u00e4nde bleiben frei (ErgoActive). Durch tiefliegende Armaturen und ein gro\u00dfes, tiefes Becken freien Zugriff auf Kopf und Nacken und ideal f\u00fcr Langhaarbehandlungen. Ultimatives Wellnesserlebnis f\u00fcr Kunden durch <strong>Komfortsitz<\/strong> mit <strong>elektrischer Beinauflage <\/strong>und sehr bequemem Nackenausschnitt. Kippbares Becken wei\u00df oder schwarz, wahlweise mit Mischbatterie Basic oder Edition. Mit separatem Auflagekissen.<\/p>\n<p>Bei der LavaSit Splendor<strong> ErgoActive Shiatsu <\/strong>kommt zus\u00e4tzlich eine integrierte Shiatsu-Massage zum Einsatz.<\/p>\n<p>&nbsp;<\/p>\n","protected":false},"excerpt":{"rendered":"<p>High-End Arbeits-Ergonomie durch stufenlose H\u00f6henverstellung<\/p>\n","protected":false},"featured_media":37811,"template":"","meta":{"_acf_changed":false},"product_cat":[1197,1200],"product_tag":[],"class_list":{"0":"post-37745","1":"product","2":"type-product","3":"status-publish","4":"has-post-thumbnail","6":"product_cat-friseur","7":"product_cat-waschanlagen","9":"first","10":"instock","11":"shipping-taxable","12":"purchasable","13":"product-type-simple"},"acf":[],"yoast_head":"<!-- This site is optimized with the Yoast SEO Premium plugin v23.7 (Yoast SEO v23.7) - https:\/\/yoast.com\/wordpress\/plugins\/seo\/ -->\n<title>OLYMP LavaSit Splendor ErgoActive \/ ErgoActive Shiatsu - OLYMP - BEST SALON INSPIRATION<\/title>\n<meta name=\"robots\" content=\"index, follow, max-snippet:-1, max-image-preview:large, max-video-preview:-1\" \/>\n<link rel=\"canonical\" href=\"https:\/\/www.olymp-salondesign.com\/de\/produkt\/olymp-lavasit-splendor-ergoactive\/\" \/>\n<meta property=\"og:locale\" content=\"de_DE\" \/>\n<meta property=\"og:type\" content=\"article\" \/>\n<meta property=\"og:title\" content=\"OLYMP LavaSit Splendor ErgoActive \/ ErgoActive Shiatsu\" \/>\n<meta property=\"og:description\" content=\"High-End Arbeits-Ergonomie durch stufenlose H\u00f6henverstellung\" \/>\n<meta property=\"og:url\" content=\"https:\/\/www.olymp-salondesign.com\/de\/produkt\/olymp-lavasit-splendor-ergoactive\/\" \/>\n<meta property=\"og:site_name\" content=\"OLYMP - BEST SALON INSPIRATION\" \/>\n<meta property=\"article:modified_time\" content=\"2025-02-20T13:08:59+00:00\" \/>\n<meta property=\"og:image\" content=\"https:\/\/www.olymp-salondesign.com\/wp-content\/uploads\/2023\/01\/splendor-ergoactive_in-reihe_von-schrag-vorne_ausgefahren_unterschiedliche-hohe-scaled.jpg\" \/>\n\t<meta property=\"og:image:width\" content=\"2560\" \/>\n\t<meta property=\"og:image:height\" content=\"1717\" \/>\n\t<meta property=\"og:image:type\" content=\"image\/jpeg\" \/>\n<meta name=\"twitter:card\" content=\"summary_large_image\" \/>\n<meta name=\"twitter:label1\" content=\"Gesch\u00e4tzte Lesezeit\" \/>\n\t<meta name=\"twitter:data1\" content=\"1\u00a0Minute\" \/>\n<script type=\"application\/ld+json\" class=\"yoast-schema-graph\">{\"@context\":\"https:\/\/schema.org\",\"@graph\":[{\"@type\":\"WebPage\",\"@id\":\"https:\/\/www.olymp-salondesign.com\/de\/produkt\/olymp-lavasit-splendor-ergoactive\/\",\"url\":\"https:\/\/www.olymp-salondesign.com\/de\/produkt\/olymp-lavasit-splendor-ergoactive\/\",\"name\":\"OLYMP LavaSit Splendor ErgoActive \/ ErgoActive Shiatsu - OLYMP - BEST SALON INSPIRATION\",\"isPartOf\":{\"@id\":\"https:\/\/www.olymp-salondesign.com\/de\/#website\"},\"primaryImageOfPage\":{\"@id\":\"https:\/\/www.olymp-salondesign.com\/de\/produkt\/olymp-lavasit-splendor-ergoactive\/#primaryimage\"},\"image\":{\"@id\":\"https:\/\/www.olymp-salondesign.com\/de\/produkt\/olymp-lavasit-splendor-ergoactive\/#primaryimage\"},\"thumbnailUrl\":\"https:\/\/www.olymp-salondesign.com\/wp-content\/uploads\/2023\/01\/splendor-ergoactive_in-reihe_von-schrag-vorne_ausgefahren_unterschiedliche-hohe-scaled.jpg\",\"datePublished\":\"2023-01-31T14:12:58+00:00\",\"dateModified\":\"2025-02-20T13:08:59+00:00\",\"breadcrumb\":{\"@id\":\"https:\/\/www.olymp-salondesign.com\/de\/produkt\/olymp-lavasit-splendor-ergoactive\/#breadcrumb\"},\"inLanguage\":\"de\",\"potentialAction\":[{\"@type\":\"ReadAction\",\"target\":[\"https:\/\/www.olymp-salondesign.com\/de\/produkt\/olymp-lavasit-splendor-ergoactive\/\"]}]},{\"@type\":\"ImageObject\",\"inLanguage\":\"de\",\"@id\":\"https:\/\/www.olymp-salondesign.com\/de\/produkt\/olymp-lavasit-splendor-ergoactive\/#primaryimage\",\"url\":\"https:\/\/www.olymp-salondesign.com\/wp-content\/uploads\/2023\/01\/splendor-ergoactive_in-reihe_von-schrag-vorne_ausgefahren_unterschiedliche-hohe-scaled.jpg\",\"contentUrl\":\"https:\/\/www.olymp-salondesign.com\/wp-content\/uploads\/2023\/01\/splendor-ergoactive_in-reihe_von-schrag-vorne_ausgefahren_unterschiedliche-hohe-scaled.jpg\",\"width\":2560,\"height\":1717},{\"@type\":\"BreadcrumbList\",\"@id\":\"https:\/\/www.olymp-salondesign.com\/de\/produkt\/olymp-lavasit-splendor-ergoactive\/#breadcrumb\",\"itemListElement\":[{\"@type\":\"ListItem\",\"position\":1,\"name\":\"Home\",\"item\":\"https:\/\/www.olymp-salondesign.com\/de\/\"},{\"@type\":\"ListItem\",\"position\":2,\"name\":\"Produkte\",\"item\":\"https:\/\/www.olymp-salondesign.com\/de\/shop\/\"},{\"@type\":\"ListItem\",\"position\":3,\"name\":\"OLYMP LavaSit Splendor ErgoActive \/ ErgoActive Shiatsu\"}]},{\"@type\":\"WebSite\",\"@id\":\"https:\/\/www.olymp-salondesign.com\/de\/#website\",\"url\":\"https:\/\/www.olymp-salondesign.com\/de\/\",\"name\":\"OLYMP - BEST SALON INSPIRATION\",\"description\":\"BEST SALON INSPIRATION\",\"publisher\":{\"@id\":\"https:\/\/www.olymp-salondesign.com\/de\/#organization\"},\"potentialAction\":[{\"@type\":\"SearchAction\",\"target\":{\"@type\":\"EntryPoint\",\"urlTemplate\":\"https:\/\/www.olymp-salondesign.com\/de\/?s={search_term_string}\"},\"query-input\":{\"@type\":\"PropertyValueSpecification\",\"valueRequired\":true,\"valueName\":\"search_term_string\"}}],\"inLanguage\":\"de\"},{\"@type\":\"Organization\",\"@id\":\"https:\/\/www.olymp-salondesign.com\/de\/#organization\",\"name\":\"OLYMP - BEST SALON INSPIRATION\",\"url\":\"https:\/\/www.olymp-salondesign.com\/de\/\",\"logo\":{\"@type\":\"ImageObject\",\"inLanguage\":\"de\",\"@id\":\"https:\/\/www.olymp-salondesign.com\/de\/#\/schema\/logo\/image\/\",\"url\":\"https:\/\/www.olymp-salondesign.com\/wp-content\/uploads\/2019\/05\/logo.svg\",\"contentUrl\":\"https:\/\/www.olymp-salondesign.com\/wp-content\/uploads\/2019\/05\/logo.svg\",\"width\":240,\"height\":50,\"caption\":\"OLYMP - BEST SALON INSPIRATION\"},\"image\":{\"@id\":\"https:\/\/www.olymp-salondesign.com\/de\/#\/schema\/logo\/image\/\"}}]}<\/script>\n<!-- \/ Yoast SEO Premium plugin. -->","yoast_head_json":{"title":"OLYMP LavaSit Splendor ErgoActive \/ ErgoActive Shiatsu - OLYMP - BEST SALON INSPIRATION","robots":{"index":"index","follow":"follow","max-snippet":"max-snippet:-1","max-image-preview":"max-image-preview:large","max-video-preview":"max-video-preview:-1"},"canonical":"https:\/\/www.olymp-salondesign.com\/de\/produkt\/olymp-lavasit-splendor-ergoactive\/","og_locale":"de_DE","og_type":"article","og_title":"OLYMP LavaSit Splendor ErgoActive \/ ErgoActive Shiatsu","og_description":"High-End Arbeits-Ergonomie durch stufenlose H\u00f6henverstellung","og_url":"https:\/\/www.olymp-salondesign.com\/de\/produkt\/olymp-lavasit-splendor-ergoactive\/","og_site_name":"OLYMP - BEST SALON INSPIRATION","article_modified_time":"2025-02-20T13:08:59+00:00","og_image":[{"width":2560,"height":1717,"url":"https:\/\/www.olymp-salondesign.com\/wp-content\/uploads\/2023\/01\/splendor-ergoactive_in-reihe_von-schrag-vorne_ausgefahren_unterschiedliche-hohe-scaled.jpg","type":"image\/jpeg"}],"twitter_card":"summary_large_image","twitter_misc":{"Gesch\u00e4tzte Lesezeit":"1\u00a0Minute"},"schema":{"@context":"https:\/\/schema.org","@graph":[{"@type":"WebPage","@id":"https:\/\/www.olymp-salondesign.com\/de\/produkt\/olymp-lavasit-splendor-ergoactive\/","url":"https:\/\/www.olymp-salondesign.com\/de\/produkt\/olymp-lavasit-splendor-ergoactive\/","name":"OLYMP LavaSit Splendor ErgoActive \/ ErgoActive Shiatsu - OLYMP - BEST SALON INSPIRATION","isPartOf":{"@id":"https:\/\/www.olymp-salondesign.com\/de\/#website"},"primaryImageOfPage":{"@id":"https:\/\/www.olymp-salondesign.com\/de\/produkt\/olymp-lavasit-splendor-ergoactive\/#primaryimage"},"image":{"@id":"https:\/\/www.olymp-salondesign.com\/de\/produkt\/olymp-lavasit-splendor-ergoactive\/#primaryimage"},"thumbnailUrl":"https:\/\/www.olymp-salondesign.com\/wp-content\/uploads\/2023\/01\/splendor-ergoactive_in-reihe_von-schrag-vorne_ausgefahren_unterschiedliche-hohe-scaled.jpg","datePublished":"2023-01-31T14:12:58+00:00","dateModified":"2025-02-20T13:08:59+00:00","breadcrumb":{"@id":"https:\/\/www.olymp-salondesign.com\/de\/produkt\/olymp-lavasit-splendor-ergoactive\/#breadcrumb"},"inLanguage":"de","potentialAction":[{"@type":"ReadAction","target":["https:\/\/www.olymp-salondesign.com\/de\/produkt\/olymp-lavasit-splendor-ergoactive\/"]}]},{"@type":"ImageObject","inLanguage":"de","@id":"https:\/\/www.olymp-salondesign.com\/de\/produkt\/olymp-lavasit-splendor-ergoactive\/#primaryimage","url":"https:\/\/www.olymp-salondesign.com\/wp-content\/uploads\/2023\/01\/splendor-ergoactive_in-reihe_von-schrag-vorne_ausgefahren_unterschiedliche-hohe-scaled.jpg","contentUrl":"https:\/\/www.olymp-salondesign.com\/wp-content\/uploads\/2023\/01\/splendor-ergoactive_in-reihe_von-schrag-vorne_ausgefahren_unterschiedliche-hohe-scaled.jpg","width":2560,"height":1717},{"@type":"BreadcrumbList","@id":"https:\/\/www.olymp-salondesign.com\/de\/produkt\/olymp-lavasit-splendor-ergoactive\/#breadcrumb","itemListElement":[{"@type":"ListItem","position":1,"name":"Home","item":"https:\/\/www.olymp-salondesign.com\/de\/"},{"@type":"ListItem","position":2,"name":"Produkte","item":"https:\/\/www.olymp-salondesign.com\/de\/shop\/"},{"@type":"ListItem","position":3,"name":"OLYMP LavaSit Splendor ErgoActive \/ ErgoActive Shiatsu"}]},{"@type":"WebSite","@id":"https:\/\/www.olymp-salondesign.com\/de\/#website","url":"https:\/\/www.olymp-salondesign.com\/de\/","name":"OLYMP - BEST SALON INSPIRATION","description":"BEST SALON INSPIRATION","publisher":{"@id":"https:\/\/www.olymp-salondesign.com\/de\/#organization"},"potentialAction":[{"@type":"SearchAction","target":{"@type":"EntryPoint","urlTemplate":"https:\/\/www.olymp-salondesign.com\/de\/?s={search_term_string}"},"query-input":{"@type":"PropertyValueSpecification","valueRequired":true,"valueName":"search_term_string"}}],"inLanguage":"de"},{"@type":"Organization","@id":"https:\/\/www.olymp-salondesign.com\/de\/#organization","name":"OLYMP - BEST SALON INSPIRATION","url":"https:\/\/www.olymp-salondesign.com\/de\/","logo":{"@type":"ImageObject","inLanguage":"de","@id":"https:\/\/www.olymp-salondesign.com\/de\/#\/schema\/logo\/image\/","url":"https:\/\/www.olymp-salondesign.com\/wp-content\/uploads\/2019\/05\/logo.svg","contentUrl":"https:\/\/www.olymp-salondesign.com\/wp-content\/uploads\/2019\/05\/logo.svg","width":240,"height":50,"caption":"OLYMP - BEST SALON INSPIRATION"},"image":{"@id":"https:\/\/www.olymp-salondesign.com\/de\/#\/schema\/logo\/image\/"}}]}},"wpml_current_locale":"de_DE","wpml_translations":{"en":{"locale":"en","id":37838,"slug":"olymp-lavasit-splendor-ergoactive","post_title":"OLYMP LavaSit Splendor ErgoActive \/ ErgoActive Shiatsu","href":"https:\/\/www.olymp-salondesign.com\/product\/olymp-lavasit-splendor-ergoactive\/"},"pl_PL":{"locale":"pl_PL","id":37850,"slug":"olymp-lavasit-splendor-ergoactive","post_title":"OLYMP LavaSit Splendor ErgoActive \/ ErgoActive Shiatsu","href":"https:\/\/www.olymp-salondesign.com\/pl\/produkt\/olymp-lavasit-splendor-ergoactive\/"},"fr_FR":{"locale":"fr_FR","id":37847,"slug":"olymp-lavasit-splendor-ergoactive","post_title":"OLYMP LavaSit Splendor ErgoActive \/ ErgoActive Shiatsu","href":"https:\/\/www.olymp-salondesign.com\/fr\/produit\/olymp-lavasit-splendor-ergoactive\/"}},"_links":{"self":[{"href":"https:\/\/www.olymp-salondesign.com\/de\/wp-json\/wp\/v2\/product\/37745"}],"collection":[{"href":"https:\/\/www.olymp-salondesign.com\/de\/wp-json\/wp\/v2\/product"}],"about":[{"href":"https:\/\/www.olymp-salondesign.com\/de\/wp-json\/wp\/v2\/types\/product"}],"wp:featuredmedia":[{"embeddable":true,"href":"https:\/\/www.olymp-salondesign.com\/de\/wp-json\/wp\/v2\/media\/37811"}],"wp:attachment":[{"href":"https:\/\/www.olymp-salondesign.com\/de\/wp-json\/wp\/v2\/media?parent=37745"}],"wp:term":[{"taxonomy":"product_cat","embeddable":true,"href":"https:\/\/www.olymp-salondesign.com\/de\/wp-json\/wp\/v2\/product_cat?post=37745"},{"taxonomy":"product_tag","embeddable":true,"href":"https:\/\/www.olymp-salondesign.com\/de\/wp-json\/wp\/v2\/product_tag?post=37745"}],"curies":[{"name":"wp","href":"https:\/\/api.w.org\/{rel}","templated":true}]}}