{"id":40223,"date":"2024-05-22T11:06:14","date_gmt":"2024-05-22T09:06:14","guid":{"rendered":"https:\/\/www.olymp-salondesign.com\/?post_type=product&#038;p=40223"},"modified":"2025-04-24T10:33:07","modified_gmt":"2025-04-24T08:33:07","slug":"olymp-hairmaster-trimmer-z5t","status":"publish","type":"product","link":"https:\/\/www.olymp-salondesign.com\/de\/produkt\/olymp-hairmaster-trimmer-z5t\/","title":{"rendered":"OLYMP HairMaster Trimmer z5t"},"content":{"rendered":"<ul>\n<li>Das Geh\u00e4use des neuen HairMaster TRIMMER z5t besitzt eine edle mattschwarze Oberfl\u00e4che sowie einen ergonomischen Handgriff mit silberfarbenem Bedienelement.<\/li>\n<li>Der z5t hat einen hochwertigen, 40 mm breite Pr\u00e4zisions-T-Scherkopf, ver\u00adf\u00fcgt \u00fcber eine elektrochemisch bearbeitete Edelstahl-Boden\u00adklinge mit Titanium-Beschichtung sowie eine Keramik-Kopf\u00adklinge mit Titanium-Beschichtung.<\/li>\n<li>Er hat eine feste Kontureneinstellung. Scher\u00adkopfwechsel und -reinigung sind durch das Schnellwechselsys\u00adtem sehr einfach.<\/li>\n<li>Er besitzt einen ger\u00e4uscharmen, kraftvollen Long-Life-Motor f\u00fcr einen langen Dauerbetrieb und eine lange Lebensdauer.<\/li>\n<li>Er verf\u00fcgt \u00fcber zwei manuell einstellbare Geschwindigkeitsstufen und \u00fcber eine intelligente Geschwindigkeitskontrolle, welche die Drehzahl je nach Belastung automatisch nachregelt.<\/li>\n<li>Der Lithium-Ionen-Akku neuester Generation ist f\u00fcr eine sehr lange Nutzung der elektronisch gesteuerten Akku-Kapazit\u00e4t ausgelegt. Im Dauerbetrieb betr\u00e4gt die Nutzung bis zu 240 Minuten. Die Gesamtladezeit betr\u00e4gt ca. 120 min.<\/li>\n<li>Das LCD-Display zeigt die Geschwindigkeit, den Ladezustand und den Netzbetrieb an.<\/li>\n<li>Durch das geringe Gewicht von ca. 140 g inkl. Scherkopf sowie das ergonomische Design wird eine optimale Handhabung erm\u00f6glicht.<\/li>\n<li>Im Lieferumfang ist eine Reinigungsb\u00fcrste und Pflege-\u00d6l f\u00fcr den Scherkopf enthalten.<\/li>\n<\/ul>\n","protected":false},"excerpt":{"rendered":"<p>Professioneller, sehr leistungsstarker Trimmer mit Premium-Edelstahl-Keramik-T-Scherkopf<\/p>\n","protected":false},"featured_media":40224,"template":"","meta":{"_acf_changed":false},"product_cat":[1197,2640],"product_tag":[],"class_list":{"0":"post-40223","1":"product","2":"type-product","3":"status-publish","4":"has-post-thumbnail","6":"product_cat-friseur","7":"product_cat-konturenschneidemaschinen","9":"first","10":"instock","11":"shipping-taxable","12":"purchasable","13":"product-type-simple"},"acf":[],"yoast_head":"<!-- This site is optimized with the Yoast SEO Premium plugin v23.7 (Yoast SEO v23.7) - https:\/\/yoast.com\/wordpress\/plugins\/seo\/ -->\n<title>OLYMP HairMaster Trimmer z5t - OLYMP - BEST SALON INSPIRATION<\/title>\n<meta name=\"robots\" content=\"index, follow, max-snippet:-1, max-image-preview:large, max-video-preview:-1\" \/>\n<link rel=\"canonical\" href=\"https:\/\/www.olymp-salondesign.com\/de\/produkt\/olymp-hairmaster-trimmer-z5t\/\" \/>\n<meta property=\"og:locale\" content=\"de_DE\" \/>\n<meta property=\"og:type\" content=\"article\" \/>\n<meta property=\"og:title\" content=\"OLYMP HairMaster Trimmer z5t\" \/>\n<meta property=\"og:description\" content=\"Professioneller, sehr leistungsstarker Trimmer mit Premium-Edelstahl-Keramik-T-Scherkopf\" \/>\n<meta property=\"og:url\" content=\"https:\/\/www.olymp-salondesign.com\/de\/produkt\/olymp-hairmaster-trimmer-z5t\/\" \/>\n<meta property=\"og:site_name\" content=\"OLYMP - BEST SALON INSPIRATION\" \/>\n<meta property=\"article:modified_time\" content=\"2025-04-24T08:33:07+00:00\" \/>\n<meta property=\"og:image\" content=\"https:\/\/www.olymp-salondesign.com\/wp-content\/uploads\/2024\/05\/hairmaster-trimmer-z5t_display-ein-scaled.jpg\" \/>\n\t<meta property=\"og:image:width\" content=\"2560\" \/>\n\t<meta property=\"og:image:height\" content=\"2560\" \/>\n\t<meta property=\"og:image:type\" content=\"image\/jpeg\" \/>\n<meta name=\"twitter:card\" content=\"summary_large_image\" \/>\n<meta name=\"twitter:label1\" content=\"Gesch\u00e4tzte Lesezeit\" \/>\n\t<meta name=\"twitter:data1\" content=\"1\u00a0Minute\" \/>\n<script type=\"application\/ld+json\" class=\"yoast-schema-graph\">{\"@context\":\"https:\/\/schema.org\",\"@graph\":[{\"@type\":\"WebPage\",\"@id\":\"https:\/\/www.olymp-salondesign.com\/de\/produkt\/olymp-hairmaster-trimmer-z5t\/\",\"url\":\"https:\/\/www.olymp-salondesign.com\/de\/produkt\/olymp-hairmaster-trimmer-z5t\/\",\"name\":\"OLYMP HairMaster Trimmer z5t - OLYMP - BEST SALON INSPIRATION\",\"isPartOf\":{\"@id\":\"https:\/\/www.olymp-salondesign.com\/de\/#website\"},\"primaryImageOfPage\":{\"@id\":\"https:\/\/www.olymp-salondesign.com\/de\/produkt\/olymp-hairmaster-trimmer-z5t\/#primaryimage\"},\"image\":{\"@id\":\"https:\/\/www.olymp-salondesign.com\/de\/produkt\/olymp-hairmaster-trimmer-z5t\/#primaryimage\"},\"thumbnailUrl\":\"https:\/\/www.olymp-salondesign.com\/wp-content\/uploads\/2024\/05\/hairmaster-trimmer-z5t_display-ein-scaled.jpg\",\"datePublished\":\"2024-05-22T09:06:14+00:00\",\"dateModified\":\"2025-04-24T08:33:07+00:00\",\"breadcrumb\":{\"@id\":\"https:\/\/www.olymp-salondesign.com\/de\/produkt\/olymp-hairmaster-trimmer-z5t\/#breadcrumb\"},\"inLanguage\":\"de\",\"potentialAction\":[{\"@type\":\"ReadAction\",\"target\":[\"https:\/\/www.olymp-salondesign.com\/de\/produkt\/olymp-hairmaster-trimmer-z5t\/\"]}]},{\"@type\":\"ImageObject\",\"inLanguage\":\"de\",\"@id\":\"https:\/\/www.olymp-salondesign.com\/de\/produkt\/olymp-hairmaster-trimmer-z5t\/#primaryimage\",\"url\":\"https:\/\/www.olymp-salondesign.com\/wp-content\/uploads\/2024\/05\/hairmaster-trimmer-z5t_display-ein-scaled.jpg\",\"contentUrl\":\"https:\/\/www.olymp-salondesign.com\/wp-content\/uploads\/2024\/05\/hairmaster-trimmer-z5t_display-ein-scaled.jpg\",\"width\":2560,\"height\":2560},{\"@type\":\"BreadcrumbList\",\"@id\":\"https:\/\/www.olymp-salondesign.com\/de\/produkt\/olymp-hairmaster-trimmer-z5t\/#breadcrumb\",\"itemListElement\":[{\"@type\":\"ListItem\",\"position\":1,\"name\":\"Home\",\"item\":\"https:\/\/www.olymp-salondesign.com\/de\/\"},{\"@type\":\"ListItem\",\"position\":2,\"name\":\"Produkte\",\"item\":\"https:\/\/www.olymp-salondesign.com\/de\/shop\/\"},{\"@type\":\"ListItem\",\"position\":3,\"name\":\"OLYMP HairMaster Trimmer z5t\"}]},{\"@type\":\"WebSite\",\"@id\":\"https:\/\/www.olymp-salondesign.com\/de\/#website\",\"url\":\"https:\/\/www.olymp-salondesign.com\/de\/\",\"name\":\"OLYMP - BEST SALON INSPIRATION\",\"description\":\"BEST SALON INSPIRATION\",\"publisher\":{\"@id\":\"https:\/\/www.olymp-salondesign.com\/de\/#organization\"},\"potentialAction\":[{\"@type\":\"SearchAction\",\"target\":{\"@type\":\"EntryPoint\",\"urlTemplate\":\"https:\/\/www.olymp-salondesign.com\/de\/?s={search_term_string}\"},\"query-input\":{\"@type\":\"PropertyValueSpecification\",\"valueRequired\":true,\"valueName\":\"search_term_string\"}}],\"inLanguage\":\"de\"},{\"@type\":\"Organization\",\"@id\":\"https:\/\/www.olymp-salondesign.com\/de\/#organization\",\"name\":\"OLYMP - BEST SALON INSPIRATION\",\"url\":\"https:\/\/www.olymp-salondesign.com\/de\/\",\"logo\":{\"@type\":\"ImageObject\",\"inLanguage\":\"de\",\"@id\":\"https:\/\/www.olymp-salondesign.com\/de\/#\/schema\/logo\/image\/\",\"url\":\"https:\/\/www.olymp-salondesign.com\/wp-content\/uploads\/2019\/05\/logo.svg\",\"contentUrl\":\"https:\/\/www.olymp-salondesign.com\/wp-content\/uploads\/2019\/05\/logo.svg\",\"width\":240,\"height\":50,\"caption\":\"OLYMP - BEST SALON INSPIRATION\"},\"image\":{\"@id\":\"https:\/\/www.olymp-salondesign.com\/de\/#\/schema\/logo\/image\/\"}}]}<\/script>\n<!-- \/ Yoast SEO Premium plugin. -->","yoast_head_json":{"title":"OLYMP HairMaster Trimmer z5t - OLYMP - BEST SALON INSPIRATION","robots":{"index":"index","follow":"follow","max-snippet":"max-snippet:-1","max-image-preview":"max-image-preview:large","max-video-preview":"max-video-preview:-1"},"canonical":"https:\/\/www.olymp-salondesign.com\/de\/produkt\/olymp-hairmaster-trimmer-z5t\/","og_locale":"de_DE","og_type":"article","og_title":"OLYMP HairMaster Trimmer z5t","og_description":"Professioneller, sehr leistungsstarker Trimmer mit Premium-Edelstahl-Keramik-T-Scherkopf","og_url":"https:\/\/www.olymp-salondesign.com\/de\/produkt\/olymp-hairmaster-trimmer-z5t\/","og_site_name":"OLYMP - BEST SALON INSPIRATION","article_modified_time":"2025-04-24T08:33:07+00:00","og_image":[{"width":2560,"height":2560,"url":"https:\/\/www.olymp-salondesign.com\/wp-content\/uploads\/2024\/05\/hairmaster-trimmer-z5t_display-ein-scaled.jpg","type":"image\/jpeg"}],"twitter_card":"summary_large_image","twitter_misc":{"Gesch\u00e4tzte Lesezeit":"1\u00a0Minute"},"schema":{"@context":"https:\/\/schema.org","@graph":[{"@type":"WebPage","@id":"https:\/\/www.olymp-salondesign.com\/de\/produkt\/olymp-hairmaster-trimmer-z5t\/","url":"https:\/\/www.olymp-salondesign.com\/de\/produkt\/olymp-hairmaster-trimmer-z5t\/","name":"OLYMP HairMaster Trimmer z5t - OLYMP - BEST SALON INSPIRATION","isPartOf":{"@id":"https:\/\/www.olymp-salondesign.com\/de\/#website"},"primaryImageOfPage":{"@id":"https:\/\/www.olymp-salondesign.com\/de\/produkt\/olymp-hairmaster-trimmer-z5t\/#primaryimage"},"image":{"@id":"https:\/\/www.olymp-salondesign.com\/de\/produkt\/olymp-hairmaster-trimmer-z5t\/#primaryimage"},"thumbnailUrl":"https:\/\/www.olymp-salondesign.com\/wp-content\/uploads\/2024\/05\/hairmaster-trimmer-z5t_display-ein-scaled.jpg","datePublished":"2024-05-22T09:06:14+00:00","dateModified":"2025-04-24T08:33:07+00:00","breadcrumb":{"@id":"https:\/\/www.olymp-salondesign.com\/de\/produkt\/olymp-hairmaster-trimmer-z5t\/#breadcrumb"},"inLanguage":"de","potentialAction":[{"@type":"ReadAction","target":["https:\/\/www.olymp-salondesign.com\/de\/produkt\/olymp-hairmaster-trimmer-z5t\/"]}]},{"@type":"ImageObject","inLanguage":"de","@id":"https:\/\/www.olymp-salondesign.com\/de\/produkt\/olymp-hairmaster-trimmer-z5t\/#primaryimage","url":"https:\/\/www.olymp-salondesign.com\/wp-content\/uploads\/2024\/05\/hairmaster-trimmer-z5t_display-ein-scaled.jpg","contentUrl":"https:\/\/www.olymp-salondesign.com\/wp-content\/uploads\/2024\/05\/hairmaster-trimmer-z5t_display-ein-scaled.jpg","width":2560,"height":2560},{"@type":"BreadcrumbList","@id":"https:\/\/www.olymp-salondesign.com\/de\/produkt\/olymp-hairmaster-trimmer-z5t\/#breadcrumb","itemListElement":[{"@type":"ListItem","position":1,"name":"Home","item":"https:\/\/www.olymp-salondesign.com\/de\/"},{"@type":"ListItem","position":2,"name":"Produkte","item":"https:\/\/www.olymp-salondesign.com\/de\/shop\/"},{"@type":"ListItem","position":3,"name":"OLYMP HairMaster Trimmer z5t"}]},{"@type":"WebSite","@id":"https:\/\/www.olymp-salondesign.com\/de\/#website","url":"https:\/\/www.olymp-salondesign.com\/de\/","name":"OLYMP - BEST SALON INSPIRATION","description":"BEST SALON INSPIRATION","publisher":{"@id":"https:\/\/www.olymp-salondesign.com\/de\/#organization"},"potentialAction":[{"@type":"SearchAction","target":{"@type":"EntryPoint","urlTemplate":"https:\/\/www.olymp-salondesign.com\/de\/?s={search_term_string}"},"query-input":{"@type":"PropertyValueSpecification","valueRequired":true,"valueName":"search_term_string"}}],"inLanguage":"de"},{"@type":"Organization","@id":"https:\/\/www.olymp-salondesign.com\/de\/#organization","name":"OLYMP - BEST SALON INSPIRATION","url":"https:\/\/www.olymp-salondesign.com\/de\/","logo":{"@type":"ImageObject","inLanguage":"de","@id":"https:\/\/www.olymp-salondesign.com\/de\/#\/schema\/logo\/image\/","url":"https:\/\/www.olymp-salondesign.com\/wp-content\/uploads\/2019\/05\/logo.svg","contentUrl":"https:\/\/www.olymp-salondesign.com\/wp-content\/uploads\/2019\/05\/logo.svg","width":240,"height":50,"caption":"OLYMP - BEST SALON INSPIRATION"},"image":{"@id":"https:\/\/www.olymp-salondesign.com\/de\/#\/schema\/logo\/image\/"}}]}},"wpml_current_locale":"de_DE","wpml_translations":{"en":{"locale":"en","id":40248,"slug":"olymp-hairmaster-trimmer-z5t","post_title":"OLYMP HairMaster Trimmer z5t","href":"https:\/\/www.olymp-salondesign.com\/product\/olymp-hairmaster-trimmer-z5t\/"},"pl_PL":{"locale":"pl_PL","id":41682,"slug":"olymp-hairmaster-trimmer-z5t","post_title":"OLYMP HairMaster Trimmer z5t","href":"https:\/\/www.olymp-salondesign.com\/pl\/produkt\/olymp-hairmaster-trimmer-z5t\/"},"fr_FR":{"locale":"fr_FR","id":41666,"slug":"olymp-hairmaster-trimmer-z5t","post_title":"OLYMP HairMaster Trimmer z5t","href":"https:\/\/www.olymp-salondesign.com\/fr\/produit\/olymp-hairmaster-trimmer-z5t\/"}},"_links":{"self":[{"href":"https:\/\/www.olymp-salondesign.com\/de\/wp-json\/wp\/v2\/product\/40223"}],"collection":[{"href":"https:\/\/www.olymp-salondesign.com\/de\/wp-json\/wp\/v2\/product"}],"about":[{"href":"https:\/\/www.olymp-salondesign.com\/de\/wp-json\/wp\/v2\/types\/product"}],"wp:featuredmedia":[{"embeddable":true,"href":"https:\/\/www.olymp-salondesign.com\/de\/wp-json\/wp\/v2\/media\/40224"}],"wp:attachment":[{"href":"https:\/\/www.olymp-salondesign.com\/de\/wp-json\/wp\/v2\/media?parent=40223"}],"wp:term":[{"taxonomy":"product_cat","embeddable":true,"href":"https:\/\/www.olymp-salondesign.com\/de\/wp-json\/wp\/v2\/product_cat?post=40223"},{"taxonomy":"product_tag","embeddable":true,"href":"https:\/\/www.olymp-salondesign.com\/de\/wp-json\/wp\/v2\/product_tag?post=40223"}],"curies":[{"name":"wp","href":"https:\/\/api.w.org\/{rel}","templated":true}]}}