{"id":40333,"date":"2024-05-27T13:34:40","date_gmt":"2024-05-27T11:34:40","guid":{"rendered":"https:\/\/www.olymp-salondesign.com\/?post_type=product&#038;p=40333"},"modified":"2025-02-20T14:06:32","modified_gmt":"2025-02-20T13:06:32","slug":"olymp-lavasit-deluxe-shiatsu","status":"publish","type":"product","link":"https:\/\/www.olymp-salondesign.com\/de\/produkt\/olymp-lavasit-deluxe-shiatsu\/","title":{"rendered":"OLYMP LavaSit Deluxe Edition \/ Shiatsu"},"content":{"rendered":"<p>Maximaler Komfort durch ergonomisches Becken und elektrische Beinauflage. Sitz und R\u00fccken starr, auf Wunsch mit Shiatsu Massagefunktion im R\u00fccken, vier verschiedene Programme w\u00e4hlbar. Sehr komfortables, kippbares Becken in Schwarz oder Wei\u00df mit Mischbatterie Basic oder Edition. Sitzfl\u00e4che mit elektrisch ausschwenkbarer Beinauflage. Verkleidung schwarz, Einzel-, Reihen- und Wandinstallation m\u00f6glich.<\/p>\n","protected":false},"excerpt":{"rendered":"<p>Bequemer Wellnesskomfort mit luxuri\u00f6ser Polsterung<\/p>\n","protected":false},"featured_media":41142,"template":"","meta":{"_acf_changed":false},"product_cat":[1197,1200],"product_tag":[],"class_list":{"0":"post-40333","1":"product","2":"type-product","3":"status-publish","4":"has-post-thumbnail","6":"product_cat-friseur","7":"product_cat-waschanlagen","9":"first","10":"instock","11":"shipping-taxable","12":"purchasable","13":"product-type-simple"},"acf":[],"yoast_head":"<!-- This site is optimized with the Yoast SEO Premium plugin v23.7 (Yoast SEO v23.7) - https:\/\/yoast.com\/wordpress\/plugins\/seo\/ -->\n<title>OLYMP LavaSit Deluxe Edition \/ Shiatsu - OLYMP - BEST SALON INSPIRATION<\/title>\n<meta name=\"robots\" content=\"index, follow, max-snippet:-1, max-image-preview:large, max-video-preview:-1\" \/>\n<link rel=\"canonical\" href=\"https:\/\/www.olymp-salondesign.com\/de\/produkt\/olymp-lavasit-deluxe-shiatsu\/\" \/>\n<meta property=\"og:locale\" content=\"de_DE\" \/>\n<meta property=\"og:type\" content=\"article\" \/>\n<meta property=\"og:title\" content=\"OLYMP LavaSit Deluxe Edition \/ Shiatsu\" \/>\n<meta property=\"og:description\" content=\"Bequemer Wellnesskomfort mit luxuri\u00f6ser Polsterung\" \/>\n<meta property=\"og:url\" content=\"https:\/\/www.olymp-salondesign.com\/de\/produkt\/olymp-lavasit-deluxe-shiatsu\/\" \/>\n<meta property=\"og:site_name\" content=\"OLYMP - BEST SALON INSPIRATION\" \/>\n<meta property=\"article:modified_time\" content=\"2025-02-20T13:06:32+00:00\" \/>\n<meta property=\"og:image\" content=\"https:\/\/www.olymp-salondesign.com\/wp-content\/uploads\/2024\/05\/lavasit-deluxe_in-reihe_von-schrag-vorne_becken-weis_mit-beinauflagen-ausgefahren-scaled.jpg\" \/>\n\t<meta property=\"og:image:width\" content=\"2560\" \/>\n\t<meta property=\"og:image:height\" content=\"1707\" \/>\n\t<meta property=\"og:image:type\" content=\"image\/jpeg\" \/>\n<meta name=\"twitter:card\" content=\"summary_large_image\" \/>\n<script type=\"application\/ld+json\" class=\"yoast-schema-graph\">{\"@context\":\"https:\/\/schema.org\",\"@graph\":[{\"@type\":\"WebPage\",\"@id\":\"https:\/\/www.olymp-salondesign.com\/de\/produkt\/olymp-lavasit-deluxe-shiatsu\/\",\"url\":\"https:\/\/www.olymp-salondesign.com\/de\/produkt\/olymp-lavasit-deluxe-shiatsu\/\",\"name\":\"OLYMP LavaSit Deluxe Edition \/ Shiatsu - OLYMP - BEST SALON INSPIRATION\",\"isPartOf\":{\"@id\":\"https:\/\/www.olymp-salondesign.com\/de\/#website\"},\"primaryImageOfPage\":{\"@id\":\"https:\/\/www.olymp-salondesign.com\/de\/produkt\/olymp-lavasit-deluxe-shiatsu\/#primaryimage\"},\"image\":{\"@id\":\"https:\/\/www.olymp-salondesign.com\/de\/produkt\/olymp-lavasit-deluxe-shiatsu\/#primaryimage\"},\"thumbnailUrl\":\"https:\/\/www.olymp-salondesign.com\/wp-content\/uploads\/2024\/05\/lavasit-deluxe_in-reihe_von-schrag-vorne_becken-weis_mit-beinauflagen-ausgefahren-scaled.jpg\",\"datePublished\":\"2024-05-27T11:34:40+00:00\",\"dateModified\":\"2025-02-20T13:06:32+00:00\",\"breadcrumb\":{\"@id\":\"https:\/\/www.olymp-salondesign.com\/de\/produkt\/olymp-lavasit-deluxe-shiatsu\/#breadcrumb\"},\"inLanguage\":\"de\",\"potentialAction\":[{\"@type\":\"ReadAction\",\"target\":[\"https:\/\/www.olymp-salondesign.com\/de\/produkt\/olymp-lavasit-deluxe-shiatsu\/\"]}]},{\"@type\":\"ImageObject\",\"inLanguage\":\"de\",\"@id\":\"https:\/\/www.olymp-salondesign.com\/de\/produkt\/olymp-lavasit-deluxe-shiatsu\/#primaryimage\",\"url\":\"https:\/\/www.olymp-salondesign.com\/wp-content\/uploads\/2024\/05\/lavasit-deluxe_in-reihe_von-schrag-vorne_becken-weis_mit-beinauflagen-ausgefahren-scaled.jpg\",\"contentUrl\":\"https:\/\/www.olymp-salondesign.com\/wp-content\/uploads\/2024\/05\/lavasit-deluxe_in-reihe_von-schrag-vorne_becken-weis_mit-beinauflagen-ausgefahren-scaled.jpg\",\"width\":2560,\"height\":1707},{\"@type\":\"BreadcrumbList\",\"@id\":\"https:\/\/www.olymp-salondesign.com\/de\/produkt\/olymp-lavasit-deluxe-shiatsu\/#breadcrumb\",\"itemListElement\":[{\"@type\":\"ListItem\",\"position\":1,\"name\":\"Home\",\"item\":\"https:\/\/www.olymp-salondesign.com\/de\/\"},{\"@type\":\"ListItem\",\"position\":2,\"name\":\"Produkte\",\"item\":\"https:\/\/www.olymp-salondesign.com\/de\/shop\/\"},{\"@type\":\"ListItem\",\"position\":3,\"name\":\"OLYMP LavaSit Deluxe Edition \/ Shiatsu\"}]},{\"@type\":\"WebSite\",\"@id\":\"https:\/\/www.olymp-salondesign.com\/de\/#website\",\"url\":\"https:\/\/www.olymp-salondesign.com\/de\/\",\"name\":\"OLYMP - BEST SALON INSPIRATION\",\"description\":\"BEST SALON INSPIRATION\",\"publisher\":{\"@id\":\"https:\/\/www.olymp-salondesign.com\/de\/#organization\"},\"potentialAction\":[{\"@type\":\"SearchAction\",\"target\":{\"@type\":\"EntryPoint\",\"urlTemplate\":\"https:\/\/www.olymp-salondesign.com\/de\/?s={search_term_string}\"},\"query-input\":{\"@type\":\"PropertyValueSpecification\",\"valueRequired\":true,\"valueName\":\"search_term_string\"}}],\"inLanguage\":\"de\"},{\"@type\":\"Organization\",\"@id\":\"https:\/\/www.olymp-salondesign.com\/de\/#organization\",\"name\":\"OLYMP - BEST SALON INSPIRATION\",\"url\":\"https:\/\/www.olymp-salondesign.com\/de\/\",\"logo\":{\"@type\":\"ImageObject\",\"inLanguage\":\"de\",\"@id\":\"https:\/\/www.olymp-salondesign.com\/de\/#\/schema\/logo\/image\/\",\"url\":\"https:\/\/www.olymp-salondesign.com\/wp-content\/uploads\/2019\/05\/logo.svg\",\"contentUrl\":\"https:\/\/www.olymp-salondesign.com\/wp-content\/uploads\/2019\/05\/logo.svg\",\"width\":240,\"height\":50,\"caption\":\"OLYMP - BEST SALON INSPIRATION\"},\"image\":{\"@id\":\"https:\/\/www.olymp-salondesign.com\/de\/#\/schema\/logo\/image\/\"}}]}<\/script>\n<!-- \/ Yoast SEO Premium plugin. -->","yoast_head_json":{"title":"OLYMP LavaSit Deluxe Edition \/ Shiatsu - OLYMP - BEST SALON INSPIRATION","robots":{"index":"index","follow":"follow","max-snippet":"max-snippet:-1","max-image-preview":"max-image-preview:large","max-video-preview":"max-video-preview:-1"},"canonical":"https:\/\/www.olymp-salondesign.com\/de\/produkt\/olymp-lavasit-deluxe-shiatsu\/","og_locale":"de_DE","og_type":"article","og_title":"OLYMP LavaSit Deluxe Edition \/ Shiatsu","og_description":"Bequemer Wellnesskomfort mit luxuri\u00f6ser Polsterung","og_url":"https:\/\/www.olymp-salondesign.com\/de\/produkt\/olymp-lavasit-deluxe-shiatsu\/","og_site_name":"OLYMP - BEST SALON INSPIRATION","article_modified_time":"2025-02-20T13:06:32+00:00","og_image":[{"width":2560,"height":1707,"url":"https:\/\/www.olymp-salondesign.com\/wp-content\/uploads\/2024\/05\/lavasit-deluxe_in-reihe_von-schrag-vorne_becken-weis_mit-beinauflagen-ausgefahren-scaled.jpg","type":"image\/jpeg"}],"twitter_card":"summary_large_image","schema":{"@context":"https:\/\/schema.org","@graph":[{"@type":"WebPage","@id":"https:\/\/www.olymp-salondesign.com\/de\/produkt\/olymp-lavasit-deluxe-shiatsu\/","url":"https:\/\/www.olymp-salondesign.com\/de\/produkt\/olymp-lavasit-deluxe-shiatsu\/","name":"OLYMP LavaSit Deluxe Edition \/ Shiatsu - OLYMP - BEST SALON INSPIRATION","isPartOf":{"@id":"https:\/\/www.olymp-salondesign.com\/de\/#website"},"primaryImageOfPage":{"@id":"https:\/\/www.olymp-salondesign.com\/de\/produkt\/olymp-lavasit-deluxe-shiatsu\/#primaryimage"},"image":{"@id":"https:\/\/www.olymp-salondesign.com\/de\/produkt\/olymp-lavasit-deluxe-shiatsu\/#primaryimage"},"thumbnailUrl":"https:\/\/www.olymp-salondesign.com\/wp-content\/uploads\/2024\/05\/lavasit-deluxe_in-reihe_von-schrag-vorne_becken-weis_mit-beinauflagen-ausgefahren-scaled.jpg","datePublished":"2024-05-27T11:34:40+00:00","dateModified":"2025-02-20T13:06:32+00:00","breadcrumb":{"@id":"https:\/\/www.olymp-salondesign.com\/de\/produkt\/olymp-lavasit-deluxe-shiatsu\/#breadcrumb"},"inLanguage":"de","potentialAction":[{"@type":"ReadAction","target":["https:\/\/www.olymp-salondesign.com\/de\/produkt\/olymp-lavasit-deluxe-shiatsu\/"]}]},{"@type":"ImageObject","inLanguage":"de","@id":"https:\/\/www.olymp-salondesign.com\/de\/produkt\/olymp-lavasit-deluxe-shiatsu\/#primaryimage","url":"https:\/\/www.olymp-salondesign.com\/wp-content\/uploads\/2024\/05\/lavasit-deluxe_in-reihe_von-schrag-vorne_becken-weis_mit-beinauflagen-ausgefahren-scaled.jpg","contentUrl":"https:\/\/www.olymp-salondesign.com\/wp-content\/uploads\/2024\/05\/lavasit-deluxe_in-reihe_von-schrag-vorne_becken-weis_mit-beinauflagen-ausgefahren-scaled.jpg","width":2560,"height":1707},{"@type":"BreadcrumbList","@id":"https:\/\/www.olymp-salondesign.com\/de\/produkt\/olymp-lavasit-deluxe-shiatsu\/#breadcrumb","itemListElement":[{"@type":"ListItem","position":1,"name":"Home","item":"https:\/\/www.olymp-salondesign.com\/de\/"},{"@type":"ListItem","position":2,"name":"Produkte","item":"https:\/\/www.olymp-salondesign.com\/de\/shop\/"},{"@type":"ListItem","position":3,"name":"OLYMP LavaSit Deluxe Edition \/ Shiatsu"}]},{"@type":"WebSite","@id":"https:\/\/www.olymp-salondesign.com\/de\/#website","url":"https:\/\/www.olymp-salondesign.com\/de\/","name":"OLYMP - BEST SALON INSPIRATION","description":"BEST SALON INSPIRATION","publisher":{"@id":"https:\/\/www.olymp-salondesign.com\/de\/#organization"},"potentialAction":[{"@type":"SearchAction","target":{"@type":"EntryPoint","urlTemplate":"https:\/\/www.olymp-salondesign.com\/de\/?s={search_term_string}"},"query-input":{"@type":"PropertyValueSpecification","valueRequired":true,"valueName":"search_term_string"}}],"inLanguage":"de"},{"@type":"Organization","@id":"https:\/\/www.olymp-salondesign.com\/de\/#organization","name":"OLYMP - BEST SALON INSPIRATION","url":"https:\/\/www.olymp-salondesign.com\/de\/","logo":{"@type":"ImageObject","inLanguage":"de","@id":"https:\/\/www.olymp-salondesign.com\/de\/#\/schema\/logo\/image\/","url":"https:\/\/www.olymp-salondesign.com\/wp-content\/uploads\/2019\/05\/logo.svg","contentUrl":"https:\/\/www.olymp-salondesign.com\/wp-content\/uploads\/2019\/05\/logo.svg","width":240,"height":50,"caption":"OLYMP - BEST SALON INSPIRATION"},"image":{"@id":"https:\/\/www.olymp-salondesign.com\/de\/#\/schema\/logo\/image\/"}}]}},"wpml_current_locale":"de_DE","wpml_translations":{"en":{"locale":"en","id":40363,"slug":"olymp-lavasit-deluxe-shiatsu","post_title":"OLYMP LavaSit Deluxe Edition \/ Shiatsu","href":"https:\/\/www.olymp-salondesign.com\/product\/olymp-lavasit-deluxe-shiatsu\/"},"pl_PL":{"locale":"pl_PL","id":41176,"slug":"olymp-lavasit-deluxe-edition-lavasit-deluxe-shiatsu","post_title":"OLYMP LavaSit Deluxe Edition \/ Shiatsu","href":"https:\/\/www.olymp-salondesign.com\/pl\/produkt\/olymp-lavasit-deluxe-edition-lavasit-deluxe-shiatsu\/"},"fr_FR":{"locale":"fr_FR","id":40364,"slug":"olymp-lavasit-deluxe-shiatsu","post_title":"OLYMP LavaSit Deluxe Edition \/ Shiatsu","href":"https:\/\/www.olymp-salondesign.com\/fr\/produit\/olymp-lavasit-deluxe-shiatsu\/"}},"_links":{"self":[{"href":"https:\/\/www.olymp-salondesign.com\/de\/wp-json\/wp\/v2\/product\/40333"}],"collection":[{"href":"https:\/\/www.olymp-salondesign.com\/de\/wp-json\/wp\/v2\/product"}],"about":[{"href":"https:\/\/www.olymp-salondesign.com\/de\/wp-json\/wp\/v2\/types\/product"}],"wp:featuredmedia":[{"embeddable":true,"href":"https:\/\/www.olymp-salondesign.com\/de\/wp-json\/wp\/v2\/media\/41142"}],"wp:attachment":[{"href":"https:\/\/www.olymp-salondesign.com\/de\/wp-json\/wp\/v2\/media?parent=40333"}],"wp:term":[{"taxonomy":"product_cat","embeddable":true,"href":"https:\/\/www.olymp-salondesign.com\/de\/wp-json\/wp\/v2\/product_cat?post=40333"},{"taxonomy":"product_tag","embeddable":true,"href":"https:\/\/www.olymp-salondesign.com\/de\/wp-json\/wp\/v2\/product_tag?post=40333"}],"curies":[{"name":"wp","href":"https:\/\/api.w.org\/{rel}","templated":true}]}}