{"id":41898,"date":"2025-02-06T11:12:04","date_gmt":"2025-02-06T10:12:04","guid":{"rendered":"https:\/\/www.olymp-salondesign.com\/?post_type=product&#038;p=41898"},"modified":"2025-02-06T11:12:04","modified_gmt":"2025-02-06T10:12:04","slug":"olymp-hairmaster-clipper-z6c","status":"publish","type":"product","link":"https:\/\/www.olymp-salondesign.com\/de\/produkt\/olymp-hairmaster-clipper-z6c\/","title":{"rendered":"OLYMP HairMaster Clipper z6c"},"content":{"rendered":"<ul>\n<li>Premium geh\u00e4rteter Pr\u00e4zisions-Scherkopf mit elektrochemisch bearbeiteter Edelstahl-Bodenklinge und Titanium-Beschichtung.<\/li>\n<li>Kopfklinge aus Keramik mit Titanium-Beschichtung, Schnittbreite 45 mm.<\/li>\n<li>Ergonomischer Handgriff, leichte Handhabung. Geringes Gewicht mit ca. 250 g.<\/li>\n<li>Sehr starker Lithium-Ionen-Akku der neuesten Generation mit Schnellladefunktion (Gesamtladezeit ca. 180 Minuten).<\/li>\n<li>Dauerbetrieb max. ca. 210 Minuten.<\/li>\n<li>Sehr laufruhig und vibrationsarm.<\/li>\n<li>1 feste Geschwindigkeitsstufe.<\/li>\n<li>Besonders hochwertiger, kraftvoller und leistungsstarker Long-Life-Motor.<\/li>\n<li>Elektronische Drehzahlkontrolle.<\/li>\n<li>Betrieb ist mit oder ohne Kabel m\u00f6glich.<\/li>\n<li>LED-Indikator f\u00fcr Akkuladezustand und Netzbetrieb.<\/li>\n<li>\u00dcber einen manuellen Einstellhebel sind 5 verschiedene L\u00e4ngeneinstellungen m\u00f6glich (1 bis 1,8 mm).<\/li>\n<li>6 zus\u00e4tzliche Kammaufs\u00e4tze von 1,5 bis 13 mm sind im Lieferumfang enthalten.<\/li>\n<li>Im Lieferumhang ebenfalls enthalten sind Reinigungs\u00f6l, Reinigungsb\u00fcrste und ein Steckernetzteil.<\/li>\n<li>Hochwertige Verpackung im Hochglanzlook pearl\/chrom.<\/li>\n<\/ul>\n","protected":false},"excerpt":{"rendered":"<p><strong>Professionelle, stylische Haarschneidemaschine mit HighEnd-Scherkopf \u00a0<\/strong><\/p>\n","protected":false},"featured_media":41907,"template":"","meta":{"_acf_changed":false},"product_cat":[1197,2634],"product_tag":[],"class_list":{"0":"post-41898","1":"product","2":"type-product","3":"status-publish","4":"has-post-thumbnail","6":"product_cat-friseur","7":"product_cat-haarschneidemaschinen","9":"first","10":"instock","11":"shipping-taxable","12":"purchasable","13":"product-type-simple"},"acf":[],"yoast_head":"<!-- This site is optimized with the Yoast SEO Premium plugin v23.7 (Yoast SEO v23.7) - https:\/\/yoast.com\/wordpress\/plugins\/seo\/ -->\n<title>OLYMP HairMaster Clipper z6c - OLYMP - BEST SALON INSPIRATION<\/title>\n<meta name=\"robots\" content=\"index, follow, max-snippet:-1, max-image-preview:large, max-video-preview:-1\" \/>\n<link rel=\"canonical\" href=\"https:\/\/www.olymp-salondesign.com\/de\/produkt\/olymp-hairmaster-clipper-z6c\/\" \/>\n<meta property=\"og:locale\" content=\"de_DE\" \/>\n<meta property=\"og:type\" content=\"article\" \/>\n<meta property=\"og:title\" content=\"OLYMP HairMaster Clipper z6c\" \/>\n<meta property=\"og:description\" content=\"Professionelle, stylische Haarschneidemaschine mit HighEnd-Scherkopf \u00a0\" \/>\n<meta property=\"og:url\" content=\"https:\/\/www.olymp-salondesign.com\/de\/produkt\/olymp-hairmaster-clipper-z6c\/\" \/>\n<meta property=\"og:site_name\" content=\"OLYMP - BEST SALON INSPIRATION\" \/>\n<meta property=\"og:image\" content=\"https:\/\/www.olymp-salondesign.com\/wp-content\/uploads\/2025\/02\/hairmaster-clipper-z6c_1_led-indikator-ein-scaled.jpg\" \/>\n\t<meta property=\"og:image:width\" content=\"2560\" \/>\n\t<meta property=\"og:image:height\" content=\"2560\" \/>\n\t<meta property=\"og:image:type\" content=\"image\/jpeg\" \/>\n<meta name=\"twitter:card\" content=\"summary_large_image\" \/>\n<meta name=\"twitter:label1\" content=\"Gesch\u00e4tzte Lesezeit\" \/>\n\t<meta name=\"twitter:data1\" content=\"1\u00a0Minute\" \/>\n<script type=\"application\/ld+json\" class=\"yoast-schema-graph\">{\"@context\":\"https:\/\/schema.org\",\"@graph\":[{\"@type\":\"WebPage\",\"@id\":\"https:\/\/www.olymp-salondesign.com\/de\/produkt\/olymp-hairmaster-clipper-z6c\/\",\"url\":\"https:\/\/www.olymp-salondesign.com\/de\/produkt\/olymp-hairmaster-clipper-z6c\/\",\"name\":\"OLYMP HairMaster Clipper z6c - OLYMP - BEST SALON INSPIRATION\",\"isPartOf\":{\"@id\":\"https:\/\/www.olymp-salondesign.com\/de\/#website\"},\"primaryImageOfPage\":{\"@id\":\"https:\/\/www.olymp-salondesign.com\/de\/produkt\/olymp-hairmaster-clipper-z6c\/#primaryimage\"},\"image\":{\"@id\":\"https:\/\/www.olymp-salondesign.com\/de\/produkt\/olymp-hairmaster-clipper-z6c\/#primaryimage\"},\"thumbnailUrl\":\"https:\/\/www.olymp-salondesign.com\/wp-content\/uploads\/2025\/02\/hairmaster-clipper-z6c_1_led-indikator-ein-scaled.jpg\",\"datePublished\":\"2025-02-06T10:12:04+00:00\",\"dateModified\":\"2025-02-06T10:12:04+00:00\",\"breadcrumb\":{\"@id\":\"https:\/\/www.olymp-salondesign.com\/de\/produkt\/olymp-hairmaster-clipper-z6c\/#breadcrumb\"},\"inLanguage\":\"de\",\"potentialAction\":[{\"@type\":\"ReadAction\",\"target\":[\"https:\/\/www.olymp-salondesign.com\/de\/produkt\/olymp-hairmaster-clipper-z6c\/\"]}]},{\"@type\":\"ImageObject\",\"inLanguage\":\"de\",\"@id\":\"https:\/\/www.olymp-salondesign.com\/de\/produkt\/olymp-hairmaster-clipper-z6c\/#primaryimage\",\"url\":\"https:\/\/www.olymp-salondesign.com\/wp-content\/uploads\/2025\/02\/hairmaster-clipper-z6c_1_led-indikator-ein-scaled.jpg\",\"contentUrl\":\"https:\/\/www.olymp-salondesign.com\/wp-content\/uploads\/2025\/02\/hairmaster-clipper-z6c_1_led-indikator-ein-scaled.jpg\",\"width\":2560,\"height\":2560},{\"@type\":\"BreadcrumbList\",\"@id\":\"https:\/\/www.olymp-salondesign.com\/de\/produkt\/olymp-hairmaster-clipper-z6c\/#breadcrumb\",\"itemListElement\":[{\"@type\":\"ListItem\",\"position\":1,\"name\":\"Home\",\"item\":\"https:\/\/www.olymp-salondesign.com\/de\/\"},{\"@type\":\"ListItem\",\"position\":2,\"name\":\"Produkte\",\"item\":\"https:\/\/www.olymp-salondesign.com\/de\/shop\/\"},{\"@type\":\"ListItem\",\"position\":3,\"name\":\"OLYMP HairMaster Clipper z6c\"}]},{\"@type\":\"WebSite\",\"@id\":\"https:\/\/www.olymp-salondesign.com\/de\/#website\",\"url\":\"https:\/\/www.olymp-salondesign.com\/de\/\",\"name\":\"OLYMP - BEST SALON INSPIRATION\",\"description\":\"BEST SALON INSPIRATION\",\"publisher\":{\"@id\":\"https:\/\/www.olymp-salondesign.com\/de\/#organization\"},\"potentialAction\":[{\"@type\":\"SearchAction\",\"target\":{\"@type\":\"EntryPoint\",\"urlTemplate\":\"https:\/\/www.olymp-salondesign.com\/de\/?s={search_term_string}\"},\"query-input\":{\"@type\":\"PropertyValueSpecification\",\"valueRequired\":true,\"valueName\":\"search_term_string\"}}],\"inLanguage\":\"de\"},{\"@type\":\"Organization\",\"@id\":\"https:\/\/www.olymp-salondesign.com\/de\/#organization\",\"name\":\"OLYMP - BEST SALON INSPIRATION\",\"url\":\"https:\/\/www.olymp-salondesign.com\/de\/\",\"logo\":{\"@type\":\"ImageObject\",\"inLanguage\":\"de\",\"@id\":\"https:\/\/www.olymp-salondesign.com\/de\/#\/schema\/logo\/image\/\",\"url\":\"https:\/\/www.olymp-salondesign.com\/wp-content\/uploads\/2019\/05\/logo.svg\",\"contentUrl\":\"https:\/\/www.olymp-salondesign.com\/wp-content\/uploads\/2019\/05\/logo.svg\",\"width\":240,\"height\":50,\"caption\":\"OLYMP - BEST SALON INSPIRATION\"},\"image\":{\"@id\":\"https:\/\/www.olymp-salondesign.com\/de\/#\/schema\/logo\/image\/\"}}]}<\/script>\n<!-- \/ Yoast SEO Premium plugin. -->","yoast_head_json":{"title":"OLYMP HairMaster Clipper z6c - OLYMP - BEST SALON INSPIRATION","robots":{"index":"index","follow":"follow","max-snippet":"max-snippet:-1","max-image-preview":"max-image-preview:large","max-video-preview":"max-video-preview:-1"},"canonical":"https:\/\/www.olymp-salondesign.com\/de\/produkt\/olymp-hairmaster-clipper-z6c\/","og_locale":"de_DE","og_type":"article","og_title":"OLYMP HairMaster Clipper z6c","og_description":"Professionelle, stylische Haarschneidemaschine mit HighEnd-Scherkopf \u00a0","og_url":"https:\/\/www.olymp-salondesign.com\/de\/produkt\/olymp-hairmaster-clipper-z6c\/","og_site_name":"OLYMP - BEST SALON INSPIRATION","og_image":[{"width":2560,"height":2560,"url":"https:\/\/www.olymp-salondesign.com\/wp-content\/uploads\/2025\/02\/hairmaster-clipper-z6c_1_led-indikator-ein-scaled.jpg","type":"image\/jpeg"}],"twitter_card":"summary_large_image","twitter_misc":{"Gesch\u00e4tzte Lesezeit":"1\u00a0Minute"},"schema":{"@context":"https:\/\/schema.org","@graph":[{"@type":"WebPage","@id":"https:\/\/www.olymp-salondesign.com\/de\/produkt\/olymp-hairmaster-clipper-z6c\/","url":"https:\/\/www.olymp-salondesign.com\/de\/produkt\/olymp-hairmaster-clipper-z6c\/","name":"OLYMP HairMaster Clipper z6c - OLYMP - BEST SALON INSPIRATION","isPartOf":{"@id":"https:\/\/www.olymp-salondesign.com\/de\/#website"},"primaryImageOfPage":{"@id":"https:\/\/www.olymp-salondesign.com\/de\/produkt\/olymp-hairmaster-clipper-z6c\/#primaryimage"},"image":{"@id":"https:\/\/www.olymp-salondesign.com\/de\/produkt\/olymp-hairmaster-clipper-z6c\/#primaryimage"},"thumbnailUrl":"https:\/\/www.olymp-salondesign.com\/wp-content\/uploads\/2025\/02\/hairmaster-clipper-z6c_1_led-indikator-ein-scaled.jpg","datePublished":"2025-02-06T10:12:04+00:00","dateModified":"2025-02-06T10:12:04+00:00","breadcrumb":{"@id":"https:\/\/www.olymp-salondesign.com\/de\/produkt\/olymp-hairmaster-clipper-z6c\/#breadcrumb"},"inLanguage":"de","potentialAction":[{"@type":"ReadAction","target":["https:\/\/www.olymp-salondesign.com\/de\/produkt\/olymp-hairmaster-clipper-z6c\/"]}]},{"@type":"ImageObject","inLanguage":"de","@id":"https:\/\/www.olymp-salondesign.com\/de\/produkt\/olymp-hairmaster-clipper-z6c\/#primaryimage","url":"https:\/\/www.olymp-salondesign.com\/wp-content\/uploads\/2025\/02\/hairmaster-clipper-z6c_1_led-indikator-ein-scaled.jpg","contentUrl":"https:\/\/www.olymp-salondesign.com\/wp-content\/uploads\/2025\/02\/hairmaster-clipper-z6c_1_led-indikator-ein-scaled.jpg","width":2560,"height":2560},{"@type":"BreadcrumbList","@id":"https:\/\/www.olymp-salondesign.com\/de\/produkt\/olymp-hairmaster-clipper-z6c\/#breadcrumb","itemListElement":[{"@type":"ListItem","position":1,"name":"Home","item":"https:\/\/www.olymp-salondesign.com\/de\/"},{"@type":"ListItem","position":2,"name":"Produkte","item":"https:\/\/www.olymp-salondesign.com\/de\/shop\/"},{"@type":"ListItem","position":3,"name":"OLYMP HairMaster Clipper z6c"}]},{"@type":"WebSite","@id":"https:\/\/www.olymp-salondesign.com\/de\/#website","url":"https:\/\/www.olymp-salondesign.com\/de\/","name":"OLYMP - BEST SALON INSPIRATION","description":"BEST SALON INSPIRATION","publisher":{"@id":"https:\/\/www.olymp-salondesign.com\/de\/#organization"},"potentialAction":[{"@type":"SearchAction","target":{"@type":"EntryPoint","urlTemplate":"https:\/\/www.olymp-salondesign.com\/de\/?s={search_term_string}"},"query-input":{"@type":"PropertyValueSpecification","valueRequired":true,"valueName":"search_term_string"}}],"inLanguage":"de"},{"@type":"Organization","@id":"https:\/\/www.olymp-salondesign.com\/de\/#organization","name":"OLYMP - BEST SALON INSPIRATION","url":"https:\/\/www.olymp-salondesign.com\/de\/","logo":{"@type":"ImageObject","inLanguage":"de","@id":"https:\/\/www.olymp-salondesign.com\/de\/#\/schema\/logo\/image\/","url":"https:\/\/www.olymp-salondesign.com\/wp-content\/uploads\/2019\/05\/logo.svg","contentUrl":"https:\/\/www.olymp-salondesign.com\/wp-content\/uploads\/2019\/05\/logo.svg","width":240,"height":50,"caption":"OLYMP - BEST SALON INSPIRATION"},"image":{"@id":"https:\/\/www.olymp-salondesign.com\/de\/#\/schema\/logo\/image\/"}}]}},"wpml_current_locale":"de_DE","wpml_translations":{"en":{"locale":"en","id":41935,"slug":"olymp-hairmaster-clipper-z6c","post_title":"OLYMP HairMaster CLIPPER z6c","href":"https:\/\/www.olymp-salondesign.com\/product\/olymp-hairmaster-clipper-z6c\/"},"pl_PL":{"locale":"pl_PL","id":41938,"slug":"olymp-hairmaster-clipper-z6c","post_title":"OLYMP HairMaster CLIPPER z6c","href":"https:\/\/www.olymp-salondesign.com\/pl\/produkt\/olymp-hairmaster-clipper-z6c\/"},"fr_FR":{"locale":"fr_FR","id":41937,"slug":"olymp-hairmaster-clipper-z6c","post_title":"OLYMP HairMaster CLIPPER z6c","href":"https:\/\/www.olymp-salondesign.com\/fr\/produit\/olymp-hairmaster-clipper-z6c\/"}},"_links":{"self":[{"href":"https:\/\/www.olymp-salondesign.com\/de\/wp-json\/wp\/v2\/product\/41898"}],"collection":[{"href":"https:\/\/www.olymp-salondesign.com\/de\/wp-json\/wp\/v2\/product"}],"about":[{"href":"https:\/\/www.olymp-salondesign.com\/de\/wp-json\/wp\/v2\/types\/product"}],"wp:featuredmedia":[{"embeddable":true,"href":"https:\/\/www.olymp-salondesign.com\/de\/wp-json\/wp\/v2\/media\/41907"}],"wp:attachment":[{"href":"https:\/\/www.olymp-salondesign.com\/de\/wp-json\/wp\/v2\/media?parent=41898"}],"wp:term":[{"taxonomy":"product_cat","embeddable":true,"href":"https:\/\/www.olymp-salondesign.com\/de\/wp-json\/wp\/v2\/product_cat?post=41898"},{"taxonomy":"product_tag","embeddable":true,"href":"https:\/\/www.olymp-salondesign.com\/de\/wp-json\/wp\/v2\/product_tag?post=41898"}],"curies":[{"name":"wp","href":"https:\/\/api.w.org\/{rel}","templated":true}]}}