{"id":36549,"date":"2020-11-24T11:19:11","date_gmt":"2020-11-24T10:19:11","guid":{"rendered":"https:\/\/olymp-wp-salondesign.dev-2.alkima.io\/service-apres-vente\/"},"modified":"2021-03-19T16:30:51","modified_gmt":"2021-03-19T15:30:51","slug":"service-apres-vente","status":"publish","type":"page","link":"https:\/\/www.olymp-salondesign.com\/fr\/service-apres-vente\/","title":{"rendered":"SERVICE APR\u00c8S-VENTE"},"content":{"rendered":"<p>Que vous ayez un salon de coiffure ou de beaut\u00e9, la fonctionnalit\u00e9 et la fiabilit\u00e9 de tout votre mobilier, quelles que soient les conditions de travail sont la base pour garantir un travail efficace et de qualit\u00e9. Durable ne signifie cependant pas \u00ab\u00a0increvable\u00a0\u00bb. Alors, que se passe-t-il lorsque quelque chose se casse\u00a0? Que faire lorsque vous avez rapidement besoin d&rsquo;une pi\u00e8ce de rechange\u00a0? Si c\u2019est un produit OLYMP, vous n\u2019avez pas d\u2019inqui\u00e9tude \u00e0 avoir. Le service apr\u00e8s-vente OLYMP dispose d&rsquo;un vaste r\u00e9seau en Allemagne et peut donc \u00eatre rapidement sur place en cas de besoin. Tout aussi important\u00a0: de nombreuses pi\u00e8ces de rechange sont en stock et sont donc toujours disponibles. En cas d\u2019urgence, OLYMP garantit des temps de r\u00e9action tr\u00e8s courts et des r\u00e9parations imm\u00e9diates. Pour OLYMP, le service apr\u00e8s-vente est un droit. Nous nous engageons donc \u00e0 vous fournir ce service.<\/p>","protected":false},"excerpt":{"rendered":"<p>Que vous ayez un salon de coiffure ou de beaut\u00e9, la fonctionnalit\u00e9 et la fiabilit\u00e9 de tout votre mobilier, quelles que soient les conditions de travail sont la base pour garantir un travail efficace et de qualit\u00e9. Durable ne signifie cependant pas \u00ab\u00a0increvable\u00a0\u00bb. Alors, que se passe-t-il lorsque quelque chose se casse\u00a0? Que faire lorsque [&hellip;]<\/p>\n","protected":false},"author":8,"featured_media":36550,"parent":0,"menu_order":0,"comment_status":"closed","ping_status":"closed","template":"","meta":{"_acf_changed":false,"footnotes":""},"class_list":["post-36549","page","type-page","status-publish","has-post-thumbnail","hentry"],"acf":[],"yoast_head":"<!-- This site is optimized with the Yoast SEO Premium plugin v23.7 (Yoast SEO v23.7) - https:\/\/yoast.com\/wordpress\/plugins\/seo\/ -->\n<title>SERVICE APR\u00c8S-VENTE - OLYMP - BEST SALON INSPIRATION<\/title>\n<meta name=\"robots\" content=\"index, follow, max-snippet:-1, max-image-preview:large, max-video-preview:-1\" \/>\n<link rel=\"canonical\" href=\"https:\/\/www.olymp-salondesign.com\/fr\/service-apres-vente\/\" \/>\n<meta property=\"og:locale\" content=\"fr_FR\" \/>\n<meta property=\"og:type\" content=\"article\" \/>\n<meta property=\"og:title\" content=\"SERVICE APR\u00c8S-VENTE\" \/>\n<meta property=\"og:description\" content=\"Que vous ayez un salon de coiffure ou de beaut\u00e9, la fonctionnalit\u00e9 et la fiabilit\u00e9 de tout votre mobilier, quelles que soient les conditions de travail sont la base pour garantir un travail efficace et de qualit\u00e9. Durable ne signifie cependant pas \u00ab\u00a0increvable\u00a0\u00bb. Alors, que se passe-t-il lorsque quelque chose se casse\u00a0? Que faire lorsque [&hellip;]\" \/>\n<meta property=\"og:url\" content=\"https:\/\/www.olymp-salondesign.com\/fr\/service-apres-vente\/\" \/>\n<meta property=\"og:site_name\" content=\"OLYMP - BEST SALON INSPIRATION\" \/>\n<meta property=\"article:modified_time\" content=\"2021-03-19T15:30:51+00:00\" \/>\n<meta property=\"og:image\" content=\"https:\/\/www.olymp-salondesign.com\/wp-content\/uploads\/2019\/08\/20160829_Olymp_0971.jpg\" \/>\n\t<meta property=\"og:image:width\" content=\"2048\" \/>\n\t<meta property=\"og:image:height\" content=\"1365\" \/>\n\t<meta property=\"og:image:type\" content=\"image\/jpeg\" \/>\n<meta name=\"twitter:card\" content=\"summary_large_image\" \/>\n<meta name=\"twitter:label1\" content=\"Dur\u00e9e de lecture estim\u00e9e\" \/>\n\t<meta name=\"twitter:data1\" content=\"1 minute\" \/>\n<script type=\"application\/ld+json\" class=\"yoast-schema-graph\">{\"@context\":\"https:\/\/schema.org\",\"@graph\":[{\"@type\":\"WebPage\",\"@id\":\"https:\/\/www.olymp-salondesign.com\/fr\/service-apres-vente\/\",\"url\":\"https:\/\/www.olymp-salondesign.com\/fr\/service-apres-vente\/\",\"name\":\"SERVICE APR\u00c8S-VENTE - OLYMP - BEST SALON INSPIRATION\",\"isPartOf\":{\"@id\":\"https:\/\/www.olymp-salondesign.com\/fr\/#website\"},\"primaryImageOfPage\":{\"@id\":\"https:\/\/www.olymp-salondesign.com\/fr\/service-apres-vente\/#primaryimage\"},\"image\":{\"@id\":\"https:\/\/www.olymp-salondesign.com\/fr\/service-apres-vente\/#primaryimage\"},\"thumbnailUrl\":\"https:\/\/www.olymp-salondesign.com\/wp-content\/uploads\/2019\/08\/20160829_Olymp_0971.jpg\",\"datePublished\":\"2020-11-24T10:19:11+00:00\",\"dateModified\":\"2021-03-19T15:30:51+00:00\",\"breadcrumb\":{\"@id\":\"https:\/\/www.olymp-salondesign.com\/fr\/service-apres-vente\/#breadcrumb\"},\"inLanguage\":\"fr-FR\",\"potentialAction\":[{\"@type\":\"ReadAction\",\"target\":[\"https:\/\/www.olymp-salondesign.com\/fr\/service-apres-vente\/\"]}]},{\"@type\":\"ImageObject\",\"inLanguage\":\"fr-FR\",\"@id\":\"https:\/\/www.olymp-salondesign.com\/fr\/service-apres-vente\/#primaryimage\",\"url\":\"https:\/\/www.olymp-salondesign.com\/wp-content\/uploads\/2019\/08\/20160829_Olymp_0971.jpg\",\"contentUrl\":\"https:\/\/www.olymp-salondesign.com\/wp-content\/uploads\/2019\/08\/20160829_Olymp_0971.jpg\",\"width\":2048,\"height\":1365},{\"@type\":\"BreadcrumbList\",\"@id\":\"https:\/\/www.olymp-salondesign.com\/fr\/service-apres-vente\/#breadcrumb\",\"itemListElement\":[{\"@type\":\"ListItem\",\"position\":1,\"name\":\"Home\",\"item\":\"https:\/\/www.olymp-salondesign.com\/fr\/\"},{\"@type\":\"ListItem\",\"position\":2,\"name\":\"SERVICE APR\u00c8S-VENTE\"}]},{\"@type\":\"WebSite\",\"@id\":\"https:\/\/www.olymp-salondesign.com\/fr\/#website\",\"url\":\"https:\/\/www.olymp-salondesign.com\/fr\/\",\"name\":\"OLYMP - BEST SALON INSPIRATION\",\"description\":\"BEST SALON INSPIRATION\",\"publisher\":{\"@id\":\"https:\/\/www.olymp-salondesign.com\/fr\/#organization\"},\"potentialAction\":[{\"@type\":\"SearchAction\",\"target\":{\"@type\":\"EntryPoint\",\"urlTemplate\":\"https:\/\/www.olymp-salondesign.com\/fr\/?s={search_term_string}\"},\"query-input\":{\"@type\":\"PropertyValueSpecification\",\"valueRequired\":true,\"valueName\":\"search_term_string\"}}],\"inLanguage\":\"fr-FR\"},{\"@type\":\"Organization\",\"@id\":\"https:\/\/www.olymp-salondesign.com\/fr\/#organization\",\"name\":\"OLYMP - BEST SALON INSPIRATION\",\"url\":\"https:\/\/www.olymp-salondesign.com\/fr\/\",\"logo\":{\"@type\":\"ImageObject\",\"inLanguage\":\"fr-FR\",\"@id\":\"https:\/\/www.olymp-salondesign.com\/fr\/#\/schema\/logo\/image\/\",\"url\":\"https:\/\/www.olymp-salondesign.com\/wp-content\/uploads\/2019\/05\/logo.svg\",\"contentUrl\":\"https:\/\/www.olymp-salondesign.com\/wp-content\/uploads\/2019\/05\/logo.svg\",\"width\":240,\"height\":50,\"caption\":\"OLYMP - BEST SALON INSPIRATION\"},\"image\":{\"@id\":\"https:\/\/www.olymp-salondesign.com\/fr\/#\/schema\/logo\/image\/\"}}]}<\/script>\n<!-- \/ Yoast SEO Premium plugin. -->","yoast_head_json":{"title":"SERVICE APR\u00c8S-VENTE - OLYMP - BEST SALON INSPIRATION","robots":{"index":"index","follow":"follow","max-snippet":"max-snippet:-1","max-image-preview":"max-image-preview:large","max-video-preview":"max-video-preview:-1"},"canonical":"https:\/\/www.olymp-salondesign.com\/fr\/service-apres-vente\/","og_locale":"fr_FR","og_type":"article","og_title":"SERVICE APR\u00c8S-VENTE","og_description":"Que vous ayez un salon de coiffure ou de beaut\u00e9, la fonctionnalit\u00e9 et la fiabilit\u00e9 de tout votre mobilier, quelles que soient les conditions de travail sont la base pour garantir un travail efficace et de qualit\u00e9. Durable ne signifie cependant pas \u00ab\u00a0increvable\u00a0\u00bb. Alors, que se passe-t-il lorsque quelque chose se casse\u00a0? Que faire lorsque [&hellip;]","og_url":"https:\/\/www.olymp-salondesign.com\/fr\/service-apres-vente\/","og_site_name":"OLYMP - BEST SALON INSPIRATION","article_modified_time":"2021-03-19T15:30:51+00:00","og_image":[{"width":2048,"height":1365,"url":"https:\/\/www.olymp-salondesign.com\/wp-content\/uploads\/2019\/08\/20160829_Olymp_0971.jpg","type":"image\/jpeg"}],"twitter_card":"summary_large_image","twitter_misc":{"Dur\u00e9e de lecture estim\u00e9e":"1 minute"},"schema":{"@context":"https:\/\/schema.org","@graph":[{"@type":"WebPage","@id":"https:\/\/www.olymp-salondesign.com\/fr\/service-apres-vente\/","url":"https:\/\/www.olymp-salondesign.com\/fr\/service-apres-vente\/","name":"SERVICE APR\u00c8S-VENTE - OLYMP - BEST SALON INSPIRATION","isPartOf":{"@id":"https:\/\/www.olymp-salondesign.com\/fr\/#website"},"primaryImageOfPage":{"@id":"https:\/\/www.olymp-salondesign.com\/fr\/service-apres-vente\/#primaryimage"},"image":{"@id":"https:\/\/www.olymp-salondesign.com\/fr\/service-apres-vente\/#primaryimage"},"thumbnailUrl":"https:\/\/www.olymp-salondesign.com\/wp-content\/uploads\/2019\/08\/20160829_Olymp_0971.jpg","datePublished":"2020-11-24T10:19:11+00:00","dateModified":"2021-03-19T15:30:51+00:00","breadcrumb":{"@id":"https:\/\/www.olymp-salondesign.com\/fr\/service-apres-vente\/#breadcrumb"},"inLanguage":"fr-FR","potentialAction":[{"@type":"ReadAction","target":["https:\/\/www.olymp-salondesign.com\/fr\/service-apres-vente\/"]}]},{"@type":"ImageObject","inLanguage":"fr-FR","@id":"https:\/\/www.olymp-salondesign.com\/fr\/service-apres-vente\/#primaryimage","url":"https:\/\/www.olymp-salondesign.com\/wp-content\/uploads\/2019\/08\/20160829_Olymp_0971.jpg","contentUrl":"https:\/\/www.olymp-salondesign.com\/wp-content\/uploads\/2019\/08\/20160829_Olymp_0971.jpg","width":2048,"height":1365},{"@type":"BreadcrumbList","@id":"https:\/\/www.olymp-salondesign.com\/fr\/service-apres-vente\/#breadcrumb","itemListElement":[{"@type":"ListItem","position":1,"name":"Home","item":"https:\/\/www.olymp-salondesign.com\/fr\/"},{"@type":"ListItem","position":2,"name":"SERVICE APR\u00c8S-VENTE"}]},{"@type":"WebSite","@id":"https:\/\/www.olymp-salondesign.com\/fr\/#website","url":"https:\/\/www.olymp-salondesign.com\/fr\/","name":"OLYMP - BEST SALON INSPIRATION","description":"BEST SALON INSPIRATION","publisher":{"@id":"https:\/\/www.olymp-salondesign.com\/fr\/#organization"},"potentialAction":[{"@type":"SearchAction","target":{"@type":"EntryPoint","urlTemplate":"https:\/\/www.olymp-salondesign.com\/fr\/?s={search_term_string}"},"query-input":{"@type":"PropertyValueSpecification","valueRequired":true,"valueName":"search_term_string"}}],"inLanguage":"fr-FR"},{"@type":"Organization","@id":"https:\/\/www.olymp-salondesign.com\/fr\/#organization","name":"OLYMP - BEST SALON INSPIRATION","url":"https:\/\/www.olymp-salondesign.com\/fr\/","logo":{"@type":"ImageObject","inLanguage":"fr-FR","@id":"https:\/\/www.olymp-salondesign.com\/fr\/#\/schema\/logo\/image\/","url":"https:\/\/www.olymp-salondesign.com\/wp-content\/uploads\/2019\/05\/logo.svg","contentUrl":"https:\/\/www.olymp-salondesign.com\/wp-content\/uploads\/2019\/05\/logo.svg","width":240,"height":50,"caption":"OLYMP - BEST SALON INSPIRATION"},"image":{"@id":"https:\/\/www.olymp-salondesign.com\/fr\/#\/schema\/logo\/image\/"}}]}},"wpml_current_locale":"fr_FR","wpml_translations":{"de_DE":{"locale":"de_DE","id":1149,"slug":"kundendienst-friseur","post_title":"Kundendienst","href":"https:\/\/www.olymp-salondesign.com\/de\/kundendienst-friseur\/"},"en":{"locale":"en","id":3159,"slug":"customer-service-hairdressing","post_title":"Customer service","href":"https:\/\/www.olymp-salondesign.com\/customer-service-hairdressing\/"},"pl_PL":{"locale":"pl_PL","id":31809,"slug":"obslugi-klienta","post_title":"Obs\u0142ugi klienta","href":"https:\/\/www.olymp-salondesign.com\/pl\/obslugi-klienta\/"}},"_links":{"self":[{"href":"https:\/\/www.olymp-salondesign.com\/fr\/wp-json\/wp\/v2\/pages\/36549"}],"collection":[{"href":"https:\/\/www.olymp-salondesign.com\/fr\/wp-json\/wp\/v2\/pages"}],"about":[{"href":"https:\/\/www.olymp-salondesign.com\/fr\/wp-json\/wp\/v2\/types\/page"}],"author":[{"embeddable":true,"href":"https:\/\/www.olymp-salondesign.com\/fr\/wp-json\/wp\/v2\/users\/8"}],"replies":[{"embeddable":true,"href":"https:\/\/www.olymp-salondesign.com\/fr\/wp-json\/wp\/v2\/comments?post=36549"}],"version-history":[{"count":7,"href":"https:\/\/www.olymp-salondesign.com\/fr\/wp-json\/wp\/v2\/pages\/36549\/revisions"}],"predecessor-version":[{"id":37223,"href":"https:\/\/www.olymp-salondesign.com\/fr\/wp-json\/wp\/v2\/pages\/36549\/revisions\/37223"}],"wp:featuredmedia":[{"embeddable":true,"href":"https:\/\/www.olymp-salondesign.com\/fr\/wp-json\/wp\/v2\/media\/36550"}],"wp:attachment":[{"href":"https:\/\/www.olymp-salondesign.com\/fr\/wp-json\/wp\/v2\/media?parent=36549"}],"curies":[{"name":"wp","href":"https:\/\/api.w.org\/{rel}","templated":true}]}}