{"id":36556,"date":"2020-11-24T11:52:39","date_gmt":"2020-11-24T10:52:39","guid":{"rendered":"https:\/\/olymp-wp-salondesign.dev-2.alkima.io\/design\/"},"modified":"2020-11-26T11:25:49","modified_gmt":"2020-11-26T10:25:49","slug":"design","status":"publish","type":"page","link":"https:\/\/www.olymp-salondesign.com\/fr\/design\/","title":{"rendered":"Design"},"content":{"rendered":"<h3 class=\"wp-block-heading\">\u00ab\u00a0Des designs qui survivent \u00e0 toutes les tendances \u00e9ph\u00e9m\u00e8res, qui sont esth\u00e9tiques, fonctionnels et durables\u00a0\u00bb<\/h3><p><\/p><div class=\"wp-block-image\"><figure class=\"alignright is-resized\"><img loading=\"lazy\" decoding=\"async\" src=\"https:\/\/www.olymp-salondesign.com\/wp-content\/uploads\/2019\/07\/person-833x1024.jpg\" alt=\"\" class=\"wp-image-7069\" width=\"177\" height=\"218\" srcset=\"https:\/\/www.olymp-salondesign.com\/wp-content\/uploads\/2019\/07\/person.jpg 833w, https:\/\/www.olymp-salondesign.com\/wp-content\/uploads\/2019\/07\/person-216x266.jpg 216w, https:\/\/www.olymp-salondesign.com\/wp-content\/uploads\/2019\/07\/person-537x660.jpg 537w, https:\/\/www.olymp-salondesign.com\/wp-content\/uploads\/2019\/07\/person-600x738.jpg 600w, https:\/\/www.olymp-salondesign.com\/wp-content\/uploads\/2019\/07\/person-285x350.jpg 285w, https:\/\/www.olymp-salondesign.com\/wp-content\/uploads\/2019\/07\/person-768x944.jpg 768w, https:\/\/www.olymp-salondesign.com\/wp-content\/uploads\/2019\/07\/person-126x155.jpg 126w, https:\/\/www.olymp-salondesign.com\/wp-content\/uploads\/2019\/07\/person-660x811.jpg 660w\" sizes=\"(max-width: 177px) 100vw, 177px\" \/><figcaption>Christian Frank Designer en chef et responsable de la conception chez OLYMP<\/figcaption><\/figure><\/div><div class=\"wp-block-image\"><figure class=\"alignright is-resized\"><img loading=\"lazy\" decoding=\"async\" src=\"https:\/\/www.olymp-salondesign.com\/wp-content\/uploads\/2019\/03\/Hamburg-1-2_Bildgr\u00f6\u00dfe-\u00e4ndern-Kopie_cmyk.jpg\" alt=\"\" class=\"wp-image-1037\" width=\"177\" height=\"218\" srcset=\"https:\/\/www.olymp-salondesign.com\/wp-content\/uploads\/2019\/03\/Hamburg-1-2_Bildgr\u00f6\u00dfe-\u00e4ndern-Kopie_cmyk.jpg 1665w, https:\/\/www.olymp-salondesign.com\/wp-content\/uploads\/2019\/03\/Hamburg-1-2_Bildgr\u00f6\u00dfe-\u00e4ndern-Kopie_cmyk-216x266.jpg 216w, https:\/\/www.olymp-salondesign.com\/wp-content\/uploads\/2019\/03\/Hamburg-1-2_Bildgr\u00f6\u00dfe-\u00e4ndern-Kopie_cmyk-537x660.jpg 537w, https:\/\/www.olymp-salondesign.com\/wp-content\/uploads\/2019\/03\/Hamburg-1-2_Bildgr\u00f6\u00dfe-\u00e4ndern-Kopie_cmyk-600x738.jpg 600w, https:\/\/www.olymp-salondesign.com\/wp-content\/uploads\/2019\/03\/Hamburg-1-2_Bildgr\u00f6\u00dfe-\u00e4ndern-Kopie_cmyk-285x350.jpg 285w, https:\/\/www.olymp-salondesign.com\/wp-content\/uploads\/2019\/03\/Hamburg-1-2_Bildgr\u00f6\u00dfe-\u00e4ndern-Kopie_cmyk-768x945.jpg 768w, https:\/\/www.olymp-salondesign.com\/wp-content\/uploads\/2019\/03\/Hamburg-1-2_Bildgr\u00f6\u00dfe-\u00e4ndern-Kopie_cmyk-833x1024.jpg 833w, https:\/\/www.olymp-salondesign.com\/wp-content\/uploads\/2019\/03\/Hamburg-1-2_Bildgr\u00f6\u00dfe-\u00e4ndern-Kopie_cmyk-126x155.jpg 126w, https:\/\/www.olymp-salondesign.com\/wp-content\/uploads\/2019\/03\/Hamburg-1-2_Bildgr\u00f6\u00dfe-\u00e4ndern-Kopie_cmyk-660x812.jpg 660w\" sizes=\"(max-width: 177px) 100vw, 177px\" \/><figcaption>1 : 4 mod\u00e8le design OLYMP Mellow<\/figcaption><\/figure><\/div><p>Un design de qualit\u00e9 se distingue par l\u2019esth\u00e9tique, l\u2019ordre, l\u2019harmonie des fonctions et une tr\u00e8s haute qualit\u00e9 des mat\u00e9riaux. Le design parfait associe la beaut\u00e9 et la qualit\u00e9 pour former un tout harmonieux. Mais comment cr\u00e9e-t-on la perfection ? Pour cr\u00e9er quelque chose d\u2019absolument parfait, on ne le confie \u00e0 personne d\u2019autre ! C\u2019est \u00e9galement la conviction d\u2019OLYMP. Ce que cela signifie : tous les produits sont imagin\u00e9s et con\u00e7us, assembl\u00e9s et test\u00e9s chez OLYMP. Cela permet de garantir que les exigences tr\u00e8s \u00e9lev\u00e9es des salons de coiffure en mati\u00e8re d\u2019esth\u00e9tique, de facilit\u00e9 d&rsquo;utilisation, d\u2019ergonomie et de robustesse soient parfaitement respect\u00e9es.      <\/p><p>La cr\u00e9ation d\u2019un design parfait est un travail d&rsquo;\u00e9quipe. Beaucoup de personnes comp\u00e9tentes, au style affirm\u00e9 et clairvoyantes travaillent ainsi main dans la main avec le designer en chef OLYMP Christian Frank. Mais dans ce processus, vous \u00eates les cr\u00e9ateurs les plus importants. OLYMP est en dialogue \u00e9troit avec les coiffeurs gr\u00e2ce \u00e0 sa longue exp\u00e9rience dans le domaine, mais aussi par conviction. Jour apr\u00e8s jour.    <\/p>","protected":false},"excerpt":{"rendered":"<p>\u00ab\u00a0Des designs qui survivent \u00e0 toutes les tendances \u00e9ph\u00e9m\u00e8res, qui sont esth\u00e9tiques, fonctionnels et durables\u00a0\u00bb Un design de qualit\u00e9 se distingue par l\u2019esth\u00e9tique, l\u2019ordre, l\u2019harmonie des fonctions et une tr\u00e8s haute qualit\u00e9 des mat\u00e9riaux. Le design parfait associe la beaut\u00e9 et la qualit\u00e9 pour former un tout harmonieux. Mais comment cr\u00e9e-t-on la perfection ? Pour [&hellip;]<\/p>\n","protected":false},"author":8,"featured_media":36558,"parent":0,"menu_order":0,"comment_status":"closed","ping_status":"closed","template":"","meta":{"_acf_changed":false,"footnotes":""},"class_list":["post-36556","page","type-page","status-publish","has-post-thumbnail","hentry"],"acf":[],"yoast_head":"<!-- This site is optimized with the Yoast SEO Premium plugin v23.7 (Yoast SEO v23.7) - https:\/\/yoast.com\/wordpress\/plugins\/seo\/ -->\n<title>Design - OLYMP - BEST SALON INSPIRATION<\/title>\n<meta name=\"robots\" content=\"index, follow, max-snippet:-1, max-image-preview:large, max-video-preview:-1\" \/>\n<link rel=\"canonical\" href=\"https:\/\/www.olymp-salondesign.com\/fr\/design\/\" \/>\n<meta property=\"og:locale\" content=\"fr_FR\" \/>\n<meta property=\"og:type\" content=\"article\" \/>\n<meta property=\"og:title\" content=\"Design\" \/>\n<meta property=\"og:description\" content=\"\u00ab\u00a0Des designs qui survivent \u00e0 toutes les tendances \u00e9ph\u00e9m\u00e8res, qui sont esth\u00e9tiques, fonctionnels et durables\u00a0\u00bb Un design de qualit\u00e9 se distingue par l\u2019esth\u00e9tique, l\u2019ordre, l\u2019harmonie des fonctions et une tr\u00e8s haute qualit\u00e9 des mat\u00e9riaux. Le design parfait associe la beaut\u00e9 et la qualit\u00e9 pour former un tout harmonieux. Mais comment cr\u00e9e-t-on la perfection ? Pour [&hellip;]\" \/>\n<meta property=\"og:url\" content=\"https:\/\/www.olymp-salondesign.com\/fr\/design\/\" \/>\n<meta property=\"og:site_name\" content=\"OLYMP - BEST SALON INSPIRATION\" \/>\n<meta property=\"article:modified_time\" content=\"2020-11-26T10:25:49+00:00\" \/>\n<meta property=\"og:image\" content=\"https:\/\/www.olymp-salondesign.com\/wp-content\/uploads\/2019\/03\/Mellow_Skizzen_bearbeitet_heller_final.jpg\" \/>\n\t<meta property=\"og:image:width\" content=\"2000\" \/>\n\t<meta property=\"og:image:height\" content=\"1414\" \/>\n\t<meta property=\"og:image:type\" content=\"image\/jpeg\" \/>\n<meta name=\"twitter:card\" content=\"summary_large_image\" \/>\n<meta name=\"twitter:label1\" content=\"Dur\u00e9e de lecture estim\u00e9e\" \/>\n\t<meta name=\"twitter:data1\" content=\"1 minute\" \/>\n<script type=\"application\/ld+json\" class=\"yoast-schema-graph\">{\"@context\":\"https:\/\/schema.org\",\"@graph\":[{\"@type\":\"WebPage\",\"@id\":\"https:\/\/www.olymp-salondesign.com\/fr\/design\/\",\"url\":\"https:\/\/www.olymp-salondesign.com\/fr\/design\/\",\"name\":\"Design - OLYMP - BEST SALON INSPIRATION\",\"isPartOf\":{\"@id\":\"https:\/\/www.olymp-salondesign.com\/fr\/#website\"},\"primaryImageOfPage\":{\"@id\":\"https:\/\/www.olymp-salondesign.com\/fr\/design\/#primaryimage\"},\"image\":{\"@id\":\"https:\/\/www.olymp-salondesign.com\/fr\/design\/#primaryimage\"},\"thumbnailUrl\":\"https:\/\/www.olymp-salondesign.com\/wp-content\/uploads\/2019\/03\/Mellow_Skizzen_bearbeitet_heller_final.jpg\",\"datePublished\":\"2020-11-24T10:52:39+00:00\",\"dateModified\":\"2020-11-26T10:25:49+00:00\",\"breadcrumb\":{\"@id\":\"https:\/\/www.olymp-salondesign.com\/fr\/design\/#breadcrumb\"},\"inLanguage\":\"fr-FR\",\"potentialAction\":[{\"@type\":\"ReadAction\",\"target\":[\"https:\/\/www.olymp-salondesign.com\/fr\/design\/\"]}]},{\"@type\":\"ImageObject\",\"inLanguage\":\"fr-FR\",\"@id\":\"https:\/\/www.olymp-salondesign.com\/fr\/design\/#primaryimage\",\"url\":\"https:\/\/www.olymp-salondesign.com\/wp-content\/uploads\/2019\/03\/Mellow_Skizzen_bearbeitet_heller_final.jpg\",\"contentUrl\":\"https:\/\/www.olymp-salondesign.com\/wp-content\/uploads\/2019\/03\/Mellow_Skizzen_bearbeitet_heller_final.jpg\",\"width\":2000,\"height\":1414},{\"@type\":\"BreadcrumbList\",\"@id\":\"https:\/\/www.olymp-salondesign.com\/fr\/design\/#breadcrumb\",\"itemListElement\":[{\"@type\":\"ListItem\",\"position\":1,\"name\":\"Home\",\"item\":\"https:\/\/www.olymp-salondesign.com\/fr\/\"},{\"@type\":\"ListItem\",\"position\":2,\"name\":\"Design\"}]},{\"@type\":\"WebSite\",\"@id\":\"https:\/\/www.olymp-salondesign.com\/fr\/#website\",\"url\":\"https:\/\/www.olymp-salondesign.com\/fr\/\",\"name\":\"OLYMP - BEST SALON INSPIRATION\",\"description\":\"BEST SALON INSPIRATION\",\"publisher\":{\"@id\":\"https:\/\/www.olymp-salondesign.com\/fr\/#organization\"},\"potentialAction\":[{\"@type\":\"SearchAction\",\"target\":{\"@type\":\"EntryPoint\",\"urlTemplate\":\"https:\/\/www.olymp-salondesign.com\/fr\/?s={search_term_string}\"},\"query-input\":{\"@type\":\"PropertyValueSpecification\",\"valueRequired\":true,\"valueName\":\"search_term_string\"}}],\"inLanguage\":\"fr-FR\"},{\"@type\":\"Organization\",\"@id\":\"https:\/\/www.olymp-salondesign.com\/fr\/#organization\",\"name\":\"OLYMP - BEST SALON INSPIRATION\",\"url\":\"https:\/\/www.olymp-salondesign.com\/fr\/\",\"logo\":{\"@type\":\"ImageObject\",\"inLanguage\":\"fr-FR\",\"@id\":\"https:\/\/www.olymp-salondesign.com\/fr\/#\/schema\/logo\/image\/\",\"url\":\"https:\/\/www.olymp-salondesign.com\/wp-content\/uploads\/2019\/05\/logo.svg\",\"contentUrl\":\"https:\/\/www.olymp-salondesign.com\/wp-content\/uploads\/2019\/05\/logo.svg\",\"width\":240,\"height\":50,\"caption\":\"OLYMP - BEST SALON INSPIRATION\"},\"image\":{\"@id\":\"https:\/\/www.olymp-salondesign.com\/fr\/#\/schema\/logo\/image\/\"}}]}<\/script>\n<!-- \/ Yoast SEO Premium plugin. -->","yoast_head_json":{"title":"Design - OLYMP - BEST SALON INSPIRATION","robots":{"index":"index","follow":"follow","max-snippet":"max-snippet:-1","max-image-preview":"max-image-preview:large","max-video-preview":"max-video-preview:-1"},"canonical":"https:\/\/www.olymp-salondesign.com\/fr\/design\/","og_locale":"fr_FR","og_type":"article","og_title":"Design","og_description":"\u00ab\u00a0Des designs qui survivent \u00e0 toutes les tendances \u00e9ph\u00e9m\u00e8res, qui sont esth\u00e9tiques, fonctionnels et durables\u00a0\u00bb Un design de qualit\u00e9 se distingue par l\u2019esth\u00e9tique, l\u2019ordre, l\u2019harmonie des fonctions et une tr\u00e8s haute qualit\u00e9 des mat\u00e9riaux. Le design parfait associe la beaut\u00e9 et la qualit\u00e9 pour former un tout harmonieux. Mais comment cr\u00e9e-t-on la perfection ? Pour [&hellip;]","og_url":"https:\/\/www.olymp-salondesign.com\/fr\/design\/","og_site_name":"OLYMP - BEST SALON INSPIRATION","article_modified_time":"2020-11-26T10:25:49+00:00","og_image":[{"width":2000,"height":1414,"url":"https:\/\/www.olymp-salondesign.com\/wp-content\/uploads\/2019\/03\/Mellow_Skizzen_bearbeitet_heller_final.jpg","type":"image\/jpeg"}],"twitter_card":"summary_large_image","twitter_misc":{"Dur\u00e9e de lecture estim\u00e9e":"1 minute"},"schema":{"@context":"https:\/\/schema.org","@graph":[{"@type":"WebPage","@id":"https:\/\/www.olymp-salondesign.com\/fr\/design\/","url":"https:\/\/www.olymp-salondesign.com\/fr\/design\/","name":"Design - OLYMP - BEST SALON INSPIRATION","isPartOf":{"@id":"https:\/\/www.olymp-salondesign.com\/fr\/#website"},"primaryImageOfPage":{"@id":"https:\/\/www.olymp-salondesign.com\/fr\/design\/#primaryimage"},"image":{"@id":"https:\/\/www.olymp-salondesign.com\/fr\/design\/#primaryimage"},"thumbnailUrl":"https:\/\/www.olymp-salondesign.com\/wp-content\/uploads\/2019\/03\/Mellow_Skizzen_bearbeitet_heller_final.jpg","datePublished":"2020-11-24T10:52:39+00:00","dateModified":"2020-11-26T10:25:49+00:00","breadcrumb":{"@id":"https:\/\/www.olymp-salondesign.com\/fr\/design\/#breadcrumb"},"inLanguage":"fr-FR","potentialAction":[{"@type":"ReadAction","target":["https:\/\/www.olymp-salondesign.com\/fr\/design\/"]}]},{"@type":"ImageObject","inLanguage":"fr-FR","@id":"https:\/\/www.olymp-salondesign.com\/fr\/design\/#primaryimage","url":"https:\/\/www.olymp-salondesign.com\/wp-content\/uploads\/2019\/03\/Mellow_Skizzen_bearbeitet_heller_final.jpg","contentUrl":"https:\/\/www.olymp-salondesign.com\/wp-content\/uploads\/2019\/03\/Mellow_Skizzen_bearbeitet_heller_final.jpg","width":2000,"height":1414},{"@type":"BreadcrumbList","@id":"https:\/\/www.olymp-salondesign.com\/fr\/design\/#breadcrumb","itemListElement":[{"@type":"ListItem","position":1,"name":"Home","item":"https:\/\/www.olymp-salondesign.com\/fr\/"},{"@type":"ListItem","position":2,"name":"Design"}]},{"@type":"WebSite","@id":"https:\/\/www.olymp-salondesign.com\/fr\/#website","url":"https:\/\/www.olymp-salondesign.com\/fr\/","name":"OLYMP - BEST SALON INSPIRATION","description":"BEST SALON INSPIRATION","publisher":{"@id":"https:\/\/www.olymp-salondesign.com\/fr\/#organization"},"potentialAction":[{"@type":"SearchAction","target":{"@type":"EntryPoint","urlTemplate":"https:\/\/www.olymp-salondesign.com\/fr\/?s={search_term_string}"},"query-input":{"@type":"PropertyValueSpecification","valueRequired":true,"valueName":"search_term_string"}}],"inLanguage":"fr-FR"},{"@type":"Organization","@id":"https:\/\/www.olymp-salondesign.com\/fr\/#organization","name":"OLYMP - BEST SALON INSPIRATION","url":"https:\/\/www.olymp-salondesign.com\/fr\/","logo":{"@type":"ImageObject","inLanguage":"fr-FR","@id":"https:\/\/www.olymp-salondesign.com\/fr\/#\/schema\/logo\/image\/","url":"https:\/\/www.olymp-salondesign.com\/wp-content\/uploads\/2019\/05\/logo.svg","contentUrl":"https:\/\/www.olymp-salondesign.com\/wp-content\/uploads\/2019\/05\/logo.svg","width":240,"height":50,"caption":"OLYMP - BEST SALON INSPIRATION"},"image":{"@id":"https:\/\/www.olymp-salondesign.com\/fr\/#\/schema\/logo\/image\/"}}]}},"wpml_current_locale":"fr_FR","wpml_translations":{"de_DE":{"locale":"de_DE","id":1013,"slug":"design-friseur","post_title":"Design","href":"https:\/\/www.olymp-salondesign.com\/de\/design-friseur\/"},"en":{"locale":"en","id":16095,"slug":"design-hairdressing","post_title":"Design","href":"https:\/\/www.olymp-salondesign.com\/design-hairdressing\/"},"pl_PL":{"locale":"pl_PL","id":31846,"slug":"design-fryzjerski","post_title":"Design","href":"https:\/\/www.olymp-salondesign.com\/pl\/design-fryzjerski\/"}},"_links":{"self":[{"href":"https:\/\/www.olymp-salondesign.com\/fr\/wp-json\/wp\/v2\/pages\/36556"}],"collection":[{"href":"https:\/\/www.olymp-salondesign.com\/fr\/wp-json\/wp\/v2\/pages"}],"about":[{"href":"https:\/\/www.olymp-salondesign.com\/fr\/wp-json\/wp\/v2\/types\/page"}],"author":[{"embeddable":true,"href":"https:\/\/www.olymp-salondesign.com\/fr\/wp-json\/wp\/v2\/users\/8"}],"replies":[{"embeddable":true,"href":"https:\/\/www.olymp-salondesign.com\/fr\/wp-json\/wp\/v2\/comments?post=36556"}],"version-history":[{"count":7,"href":"https:\/\/www.olymp-salondesign.com\/fr\/wp-json\/wp\/v2\/pages\/36556\/revisions"}],"predecessor-version":[{"id":36749,"href":"https:\/\/www.olymp-salondesign.com\/fr\/wp-json\/wp\/v2\/pages\/36556\/revisions\/36749"}],"wp:featuredmedia":[{"embeddable":true,"href":"https:\/\/www.olymp-salondesign.com\/fr\/wp-json\/wp\/v2\/media\/36558"}],"wp:attachment":[{"href":"https:\/\/www.olymp-salondesign.com\/fr\/wp-json\/wp\/v2\/media?parent=36556"}],"curies":[{"name":"wp","href":"https:\/\/api.w.org\/{rel}","templated":true}]}}