{"id":36665,"date":"2020-11-24T14:33:55","date_gmt":"2020-11-24T13:33:55","guid":{"rendered":"https:\/\/olymp-wp-salondesign.dev-2.alkima.io\/nos-partenaires-de-cooperation\/"},"modified":"2021-03-19T18:08:55","modified_gmt":"2021-03-19T17:08:55","slug":"nos-partenaires-de-cooperation","status":"publish","type":"page","link":"https:\/\/www.olymp-salondesign.com\/fr\/nos-partenaires-de-cooperation\/","title":{"rendered":"Nos partenaires"},"content":{"rendered":"<ul class=\"images__list\">\n<li><a href=\"https:\/\/www.glynt.com\/\" target=\"_blank\" rel=\"nofollow noopener noreferrer\"><img loading=\"lazy\" decoding=\"async\" class=\"alignnone wp-image-3026 size-full\" src=\"\/wp-content\/uploads\/2019\/04\/glynt.png\" alt=\"\" width=\"133\" height=\"83\">Glynt<\/a><\/li>\n<li><a href=\"https:\/\/www.lorealprofessionnel.de\/\" target=\"_blank\" rel=\"nofollow noopener noreferrer\"><img loading=\"lazy\" decoding=\"async\" class=\"alignnone wp-image-3029 size-full\" src=\"\/wp-content\/uploads\/2019\/04\/loreal.png\" alt=\"\" width=\"133\" height=\"83\">L&rsquo;Or\u00e9al Professionel<\/a><\/li>\n<li><a href=\"http:\/\/paul-mitchell.de\/\" target=\"_blank\" rel=\"nofollow noopener noreferrer\"><img loading=\"lazy\" decoding=\"async\" class=\"alignnone wp-image-3032 size-full\" src=\"\/wp-content\/uploads\/2019\/04\/paul_mitchel.png\" alt=\"\" width=\"133\" height=\"83\">Paul Mitchell<\/a><\/li>\n<li><a href=\"http:\/\/www.goldwell.com\/\" target=\"_blank\" rel=\"nofollow noopener noreferrer\"><img loading=\"lazy\" decoding=\"async\" class=\"alignnone wp-image-3035 size-full\" src=\"\/wp-content\/uploads\/2020\/10\/goldwell.png\" alt=\"\" width=\"133\" height=\"83\">Goldwell<\/a><\/li>\n<li><a href=\"https:\/\/www.labiosthetique.de\/\" target=\"_blank\" rel=\"nofollow noopener noreferrer\"><img loading=\"lazy\" decoding=\"async\" class=\"alignnone wp-image-3038 size-full\" src=\"\/wp-content\/uploads\/2019\/04\/la_biosthetique.png\" alt=\"\" width=\"133\" height=\"83\">La Biosth\u00e9tique<\/a><\/li>\n<li><a href=\"http:\/\/www.schwarzkopf-professional.de\/skp\/de\/de\/home.html\" target=\"_blank\" rel=\"nofollow noopener noreferrer\"><img loading=\"lazy\" decoding=\"async\" class=\"alignnone wp-image-3041 size-full\" src=\"\/wp-content\/uploads\/2019\/04\/schwarzkopf.png\" alt=\"\" width=\"133\" height=\"83\">Schwarzkopf<\/a><\/li>\n<li><a href=\"http:\/\/www.redken.de\/\" target=\"_blank\" rel=\"nofollow noopener noreferrer\"><img loading=\"lazy\" decoding=\"async\" class=\"alignnone wp-image-3044 size-full\" src=\"\/wp-content\/uploads\/2019\/04\/redken.png\" alt=\"\" width=\"133\" height=\"83\">Redken<\/a><\/li>\n<li><a href=\"https:\/\/www.kerastase.de\/\" target=\"_blank\" rel=\"nofollow noopener noreferrer\"><img loading=\"lazy\" decoding=\"async\" class=\"alignnone wp-image-3047 size-full\" src=\"\/wp-content\/uploads\/2019\/04\/kerastase.png\" alt=\"\" width=\"133\" height=\"83\">K\u00e9rastase<\/a><\/li>\n<li><a href=\"https:\/\/www.matrixprofessional.de\/\" target=\"_blank\" rel=\"nofollow noopener noreferrer\"><img loading=\"lazy\" decoding=\"async\" class=\"alignnone wp-image-3050 size-full\" src=\"\/wp-content\/uploads\/2019\/04\/matrix.png\" alt=\"\" width=\"133\" height=\"83\">Matrix<\/a><\/li>\n<li><a href=\"https:\/\/www.leadingsalons.com\/\" target=\"_blank\" rel=\"nofollow noopener noreferrer\"><img loading=\"lazy\" decoding=\"async\" class=\"alignnone wp-image-3053 size-full\" src=\"\/wp-content\/uploads\/2019\/04\/lsw.png\" alt=\"\" width=\"133\" height=\"83\">LSW<\/a><\/li>\n<li><a href=\"http:\/\/www.ffc.ag\/\" target=\"_blank\" rel=\"nofollow noopener noreferrer\"><img loading=\"lazy\" decoding=\"async\" class=\"alignnone wp-image-3057 size-full\" src=\"\/wp-content\/uploads\/2019\/04\/froelich.png\" alt=\"\" width=\"133\" height=\"83\">Fr\u00f6hlich &amp; Friends<\/a><\/li>\n<li><a href=\"https:\/\/www.herzog-systems.de\/\" target=\"_blank\" rel=\"nofollow noopener noreferrer\"><img loading=\"lazy\" decoding=\"async\" class=\"alignnone wp-image-3063 size-full\" src=\"\/wp-content\/uploads\/2019\/04\/herzog_systems.png\" alt=\"\" width=\"133\" height=\"83\">Herzog Systems GmbH<\/a><\/li>\n<li><a href=\"http:\/\/www.herzog-leasing.de\/\" target=\"_blank\" rel=\"nofollow noopener noreferrer\"><img loading=\"lazy\" decoding=\"async\" class=\"alignnone wp-image-3066 size-full\" src=\"\/wp-content\/uploads\/2019\/04\/herzog_leasing.png\" alt=\"\" width=\"133\" height=\"83\">Herzog Leasing AG<\/a><\/li>\n<li><a href=\"https:\/\/www.standort-tirol.at\" target=\"_blank\" rel=\"nofollow noopener noreferrer\"><img loading=\"lazy\" decoding=\"async\" class=\"alignnone size-full wp-image-13491\" src=\"\/wp-content\/uploads\/2019\/08\/Frame-2.png\" alt=\"\" width=\"133\" height=\"83\">Cluster Wellness Tirol<\/a><\/li>\n<li><a href=\"http:\/\/www.intercoiffure.de\/\" target=\"_blank\" rel=\"nofollow noopener noreferrer\"><img loading=\"lazy\" decoding=\"async\" class=\"alignnone size-full wp-image-13493\" src=\"\/wp-content\/uploads\/2019\/08\/Frame-1-1.png\" alt=\"\" width=\"133\" height=\"83\">Inter Coifeur Deutschland<\/a><\/li>\n<li><a href=\"https:\/\/www.goldwell.de\/\" target=\"_blank\" rel=\"nofollow noopener noreferrer\"><img loading=\"lazy\" decoding=\"async\" class=\"alignnone size-full wp-image-13495\" src=\"\/wp-content\/uploads\/2019\/08\/Frame-2-1.png\" alt=\"\" width=\"133\" height=\"83\">Kao experten Netzwerk<\/a><\/li>\n<li><a href=\"https:\/\/www.german-design-council.de\/about\/\" target=\"_blank\" rel=\"nofollow noopener noreferrer\"><img loading=\"lazy\" decoding=\"async\" class=\"alignnone size-full wp-image-13497\" src=\"\/wp-content\/uploads\/2019\/08\/Frame-3.png\" alt=\"\" width=\"133\" height=\"83\">Rat f\u00fcr Formgebung<\/a><\/li>\n<li><a href=\"http:\/\/www.spa-life.eu\/\" target=\"_blank\" rel=\"nofollow noopener noreferrer\"><img loading=\"lazy\" decoding=\"async\" class=\"alignnone size-full wp-image-13499\" src=\"\/wp-content\/uploads\/2019\/08\/Frame-4.png\" alt=\"\" width=\"133\" height=\"83\">Spa Life<\/a><\/li>\n<li><a href=\"https:\/\/www.wellnessverband.de\/\" target=\"_blank\" rel=\"nofollow noopener noreferrer\"><img loading=\"lazy\" decoding=\"async\" class=\"alignnone size-full wp-image-13501\" src=\"\/wp-content\/uploads\/2019\/08\/Frame-5.png\" alt=\"\" width=\"133\" height=\"83\">Deutscher Wellnessverband<\/a><\/li>\n<li><a href=\"https:\/\/www.spacamp.net\/\" target=\"_blank\" rel=\"nofollow noopener noreferrer\"><img loading=\"lazy\" decoding=\"async\" class=\"alignnone size-full wp-image-13503\" src=\"\/wp-content\/uploads\/2019\/08\/Frame-6.png\" alt=\"\" width=\"133\" height=\"83\">Spa Camp<\/a><\/li>\n<li><a href=\"http:\/\/mundelarchitekten.de\/\" target=\"_blank\" rel=\"nofollow noopener noreferrer\"><img loading=\"lazy\" decoding=\"async\" class=\"alignnone size-full wp-image-13503\" src=\"\/wp-content\/uploads\/2019\/08\/Kai-Mundel.jpg\" alt=\"\" width=\"133\" height=\"83\">\nMundelArchitekten<\/a><\/li>\n<\/ul>","protected":false},"excerpt":{"rendered":"<p>Glynt L&rsquo;Or\u00e9al Professionel Paul Mitchell Goldwell La Biosth\u00e9tique Schwarzkopf Redken K\u00e9rastase Matrix LSW Fr\u00f6hlich &amp; Friends Herzog Systems GmbH Herzog Leasing AG Cluster Wellness Tirol Inter Coifeur Deutschland Kao experten Netzwerk Rat f\u00fcr Formgebung Spa Life Deutscher Wellnessverband Spa Camp MundelArchitekten<\/p>\n","protected":false},"author":8,"featured_media":0,"parent":0,"menu_order":0,"comment_status":"closed","ping_status":"closed","template":"","meta":{"_acf_changed":false,"footnotes":""},"class_list":["post-36665","page","type-page","status-publish","hentry"],"acf":[],"yoast_head":"<!-- This site is optimized with the Yoast SEO Premium plugin v23.7 (Yoast SEO v23.7) - https:\/\/yoast.com\/wordpress\/plugins\/seo\/ -->\n<title>Nos partenaires - OLYMP - BEST SALON INSPIRATION<\/title>\n<meta name=\"robots\" content=\"index, follow, max-snippet:-1, max-image-preview:large, max-video-preview:-1\" \/>\n<link rel=\"canonical\" href=\"https:\/\/www.olymp-salondesign.com\/fr\/nos-partenaires-de-cooperation\/\" \/>\n<meta property=\"og:locale\" content=\"fr_FR\" \/>\n<meta property=\"og:type\" content=\"article\" \/>\n<meta property=\"og:title\" content=\"Nos partenaires\" \/>\n<meta property=\"og:description\" content=\"Glynt L&rsquo;Or\u00e9al Professionel Paul Mitchell Goldwell La Biosth\u00e9tique Schwarzkopf Redken K\u00e9rastase Matrix LSW Fr\u00f6hlich &amp; Friends Herzog Systems GmbH Herzog Leasing AG Cluster Wellness Tirol Inter Coifeur Deutschland Kao experten Netzwerk Rat f\u00fcr Formgebung Spa Life Deutscher Wellnessverband Spa Camp MundelArchitekten\" \/>\n<meta property=\"og:url\" content=\"https:\/\/www.olymp-salondesign.com\/fr\/nos-partenaires-de-cooperation\/\" \/>\n<meta property=\"og:site_name\" content=\"OLYMP - BEST SALON INSPIRATION\" \/>\n<meta property=\"article:modified_time\" content=\"2021-03-19T17:08:55+00:00\" \/>\n<meta property=\"og:image\" content=\"https:\/\/www.olymp-salondesign.com\/wp-content\/uploads\/2019\/04\/glynt.png\" \/>\n<meta name=\"twitter:card\" content=\"summary_large_image\" \/>\n<script type=\"application\/ld+json\" class=\"yoast-schema-graph\">{\"@context\":\"https:\/\/schema.org\",\"@graph\":[{\"@type\":\"WebPage\",\"@id\":\"https:\/\/www.olymp-salondesign.com\/fr\/nos-partenaires-de-cooperation\/\",\"url\":\"https:\/\/www.olymp-salondesign.com\/fr\/nos-partenaires-de-cooperation\/\",\"name\":\"Nos partenaires - OLYMP - BEST SALON INSPIRATION\",\"isPartOf\":{\"@id\":\"https:\/\/www.olymp-salondesign.com\/fr\/#website\"},\"datePublished\":\"2020-11-24T13:33:55+00:00\",\"dateModified\":\"2021-03-19T17:08:55+00:00\",\"breadcrumb\":{\"@id\":\"https:\/\/www.olymp-salondesign.com\/fr\/nos-partenaires-de-cooperation\/#breadcrumb\"},\"inLanguage\":\"fr-FR\",\"potentialAction\":[{\"@type\":\"ReadAction\",\"target\":[\"https:\/\/www.olymp-salondesign.com\/fr\/nos-partenaires-de-cooperation\/\"]}]},{\"@type\":\"BreadcrumbList\",\"@id\":\"https:\/\/www.olymp-salondesign.com\/fr\/nos-partenaires-de-cooperation\/#breadcrumb\",\"itemListElement\":[{\"@type\":\"ListItem\",\"position\":1,\"name\":\"Home\",\"item\":\"https:\/\/www.olymp-salondesign.com\/fr\/\"},{\"@type\":\"ListItem\",\"position\":2,\"name\":\"Nos partenaires\"}]},{\"@type\":\"WebSite\",\"@id\":\"https:\/\/www.olymp-salondesign.com\/fr\/#website\",\"url\":\"https:\/\/www.olymp-salondesign.com\/fr\/\",\"name\":\"OLYMP - BEST SALON INSPIRATION\",\"description\":\"BEST SALON INSPIRATION\",\"publisher\":{\"@id\":\"https:\/\/www.olymp-salondesign.com\/fr\/#organization\"},\"potentialAction\":[{\"@type\":\"SearchAction\",\"target\":{\"@type\":\"EntryPoint\",\"urlTemplate\":\"https:\/\/www.olymp-salondesign.com\/fr\/?s={search_term_string}\"},\"query-input\":{\"@type\":\"PropertyValueSpecification\",\"valueRequired\":true,\"valueName\":\"search_term_string\"}}],\"inLanguage\":\"fr-FR\"},{\"@type\":\"Organization\",\"@id\":\"https:\/\/www.olymp-salondesign.com\/fr\/#organization\",\"name\":\"OLYMP - BEST SALON INSPIRATION\",\"url\":\"https:\/\/www.olymp-salondesign.com\/fr\/\",\"logo\":{\"@type\":\"ImageObject\",\"inLanguage\":\"fr-FR\",\"@id\":\"https:\/\/www.olymp-salondesign.com\/fr\/#\/schema\/logo\/image\/\",\"url\":\"https:\/\/www.olymp-salondesign.com\/wp-content\/uploads\/2019\/05\/logo.svg\",\"contentUrl\":\"https:\/\/www.olymp-salondesign.com\/wp-content\/uploads\/2019\/05\/logo.svg\",\"width\":240,\"height\":50,\"caption\":\"OLYMP - BEST SALON INSPIRATION\"},\"image\":{\"@id\":\"https:\/\/www.olymp-salondesign.com\/fr\/#\/schema\/logo\/image\/\"}}]}<\/script>\n<!-- \/ Yoast SEO Premium plugin. -->","yoast_head_json":{"title":"Nos partenaires - OLYMP - BEST SALON INSPIRATION","robots":{"index":"index","follow":"follow","max-snippet":"max-snippet:-1","max-image-preview":"max-image-preview:large","max-video-preview":"max-video-preview:-1"},"canonical":"https:\/\/www.olymp-salondesign.com\/fr\/nos-partenaires-de-cooperation\/","og_locale":"fr_FR","og_type":"article","og_title":"Nos partenaires","og_description":"Glynt L&rsquo;Or\u00e9al Professionel Paul Mitchell Goldwell La Biosth\u00e9tique Schwarzkopf Redken K\u00e9rastase Matrix LSW Fr\u00f6hlich &amp; Friends Herzog Systems GmbH Herzog Leasing AG Cluster Wellness Tirol Inter Coifeur Deutschland Kao experten Netzwerk Rat f\u00fcr Formgebung Spa Life Deutscher Wellnessverband Spa Camp MundelArchitekten","og_url":"https:\/\/www.olymp-salondesign.com\/fr\/nos-partenaires-de-cooperation\/","og_site_name":"OLYMP - BEST SALON INSPIRATION","article_modified_time":"2021-03-19T17:08:55+00:00","og_image":[{"url":"https:\/\/www.olymp-salondesign.com\/wp-content\/uploads\/2019\/04\/glynt.png"}],"twitter_card":"summary_large_image","schema":{"@context":"https:\/\/schema.org","@graph":[{"@type":"WebPage","@id":"https:\/\/www.olymp-salondesign.com\/fr\/nos-partenaires-de-cooperation\/","url":"https:\/\/www.olymp-salondesign.com\/fr\/nos-partenaires-de-cooperation\/","name":"Nos partenaires - OLYMP - BEST SALON INSPIRATION","isPartOf":{"@id":"https:\/\/www.olymp-salondesign.com\/fr\/#website"},"datePublished":"2020-11-24T13:33:55+00:00","dateModified":"2021-03-19T17:08:55+00:00","breadcrumb":{"@id":"https:\/\/www.olymp-salondesign.com\/fr\/nos-partenaires-de-cooperation\/#breadcrumb"},"inLanguage":"fr-FR","potentialAction":[{"@type":"ReadAction","target":["https:\/\/www.olymp-salondesign.com\/fr\/nos-partenaires-de-cooperation\/"]}]},{"@type":"BreadcrumbList","@id":"https:\/\/www.olymp-salondesign.com\/fr\/nos-partenaires-de-cooperation\/#breadcrumb","itemListElement":[{"@type":"ListItem","position":1,"name":"Home","item":"https:\/\/www.olymp-salondesign.com\/fr\/"},{"@type":"ListItem","position":2,"name":"Nos partenaires"}]},{"@type":"WebSite","@id":"https:\/\/www.olymp-salondesign.com\/fr\/#website","url":"https:\/\/www.olymp-salondesign.com\/fr\/","name":"OLYMP - BEST SALON INSPIRATION","description":"BEST SALON INSPIRATION","publisher":{"@id":"https:\/\/www.olymp-salondesign.com\/fr\/#organization"},"potentialAction":[{"@type":"SearchAction","target":{"@type":"EntryPoint","urlTemplate":"https:\/\/www.olymp-salondesign.com\/fr\/?s={search_term_string}"},"query-input":{"@type":"PropertyValueSpecification","valueRequired":true,"valueName":"search_term_string"}}],"inLanguage":"fr-FR"},{"@type":"Organization","@id":"https:\/\/www.olymp-salondesign.com\/fr\/#organization","name":"OLYMP - BEST SALON INSPIRATION","url":"https:\/\/www.olymp-salondesign.com\/fr\/","logo":{"@type":"ImageObject","inLanguage":"fr-FR","@id":"https:\/\/www.olymp-salondesign.com\/fr\/#\/schema\/logo\/image\/","url":"https:\/\/www.olymp-salondesign.com\/wp-content\/uploads\/2019\/05\/logo.svg","contentUrl":"https:\/\/www.olymp-salondesign.com\/wp-content\/uploads\/2019\/05\/logo.svg","width":240,"height":50,"caption":"OLYMP - BEST SALON INSPIRATION"},"image":{"@id":"https:\/\/www.olymp-salondesign.com\/fr\/#\/schema\/logo\/image\/"}}]}},"wpml_current_locale":"fr_FR","wpml_translations":{"de_DE":{"locale":"de_DE","id":2916,"slug":"unsere-kooperationen","post_title":"Unsere Kooperationspartner","href":"https:\/\/www.olymp-salondesign.com\/de\/unsere-kooperationen\/"},"en":{"locale":"en","id":3166,"slug":"our-cooperations","post_title":"Our cooperations","href":"https:\/\/www.olymp-salondesign.com\/our-cooperations\/"},"pl_PL":{"locale":"pl_PL","id":32004,"slug":"nasza-wspolpraca","post_title":"Nasza wsp\u00f3\u0142praca","href":"https:\/\/www.olymp-salondesign.com\/pl\/nasza-wspolpraca\/"}},"_links":{"self":[{"href":"https:\/\/www.olymp-salondesign.com\/fr\/wp-json\/wp\/v2\/pages\/36665"}],"collection":[{"href":"https:\/\/www.olymp-salondesign.com\/fr\/wp-json\/wp\/v2\/pages"}],"about":[{"href":"https:\/\/www.olymp-salondesign.com\/fr\/wp-json\/wp\/v2\/types\/page"}],"author":[{"embeddable":true,"href":"https:\/\/www.olymp-salondesign.com\/fr\/wp-json\/wp\/v2\/users\/8"}],"replies":[{"embeddable":true,"href":"https:\/\/www.olymp-salondesign.com\/fr\/wp-json\/wp\/v2\/comments?post=36665"}],"version-history":[{"count":7,"href":"https:\/\/www.olymp-salondesign.com\/fr\/wp-json\/wp\/v2\/pages\/36665\/revisions"}],"predecessor-version":[{"id":37236,"href":"https:\/\/www.olymp-salondesign.com\/fr\/wp-json\/wp\/v2\/pages\/36665\/revisions\/37236"}],"wp:attachment":[{"href":"https:\/\/www.olymp-salondesign.com\/fr\/wp-json\/wp\/v2\/media?parent=36665"}],"curies":[{"name":"wp","href":"https:\/\/api.w.org\/{rel}","templated":true}]}}