{"id":36724,"date":"2020-11-24T15:04:38","date_gmt":"2020-11-24T14:04:38","guid":{"rendered":"https:\/\/olymp-wp-salondesign.dev-2.alkima.io\/pieces-uniques\/"},"modified":"2020-11-24T15:04:42","modified_gmt":"2020-11-24T14:04:42","slug":"pieces-uniques","status":"publish","type":"page","link":"https:\/\/www.olymp-salondesign.com\/fr\/pieces-uniques\/","title":{"rendered":"PI\u00c8CES UNIQUES"},"content":{"rendered":"<div class=\"wp-block-image\"><figure class=\"alignright is-resized\"><img loading=\"lazy\" decoding=\"async\" src=\"https:\/\/www.olymp-salondesign.com\/wp-content\/uploads\/2019\/03\/SP-03-Large_cmyk-819x1024.jpg\" alt=\"\" class=\"wp-image-1106\" width=\"404\" height=\"506\" srcset=\"https:\/\/www.olymp-salondesign.com\/wp-content\/uploads\/2019\/03\/SP-03-Large_cmyk-819x1024.jpg 819w, https:\/\/www.olymp-salondesign.com\/wp-content\/uploads\/2019\/03\/SP-03-Large_cmyk-213x266.jpg 213w, https:\/\/www.olymp-salondesign.com\/wp-content\/uploads\/2019\/03\/SP-03-Large_cmyk-528x660.jpg 528w, https:\/\/www.olymp-salondesign.com\/wp-content\/uploads\/2019\/03\/SP-03-Large_cmyk-600x750.jpg 600w, https:\/\/www.olymp-salondesign.com\/wp-content\/uploads\/2019\/03\/SP-03-Large_cmyk-280x350.jpg 280w, https:\/\/www.olymp-salondesign.com\/wp-content\/uploads\/2019\/03\/SP-03-Large_cmyk-768x960.jpg 768w, https:\/\/www.olymp-salondesign.com\/wp-content\/uploads\/2019\/03\/SP-03-Large_cmyk-124x155.jpg 124w, https:\/\/www.olymp-salondesign.com\/wp-content\/uploads\/2019\/03\/SP-03-Large_cmyk-660x825.jpg 660w, https:\/\/www.olymp-salondesign.com\/wp-content\/uploads\/2019\/03\/SP-03-Large_cmyk.jpg 1638w\" sizes=\"(max-width: 404px) 100vw, 404px\" \/><\/figure><\/div><p>Les pi\u00e8ces uniques sont d\u00e9coratives, sont des \u00e9l\u00e9ments dont on se souvient et sont mati\u00e8re \u00e0 discussion. Que ce soit pour un espace d\u2019accueil professionnel, un positionnement de produits qui am\u00e9liore les ventes ou des postes de travail fonctionnels &#8211; les solutions d\u2019am\u00e9nagement personnalis\u00e9es pour les clients sont toujours le premier choix lorsque l\u2019individualit\u00e9 vient souligner le concept de l\u2019entreprise et lorsque les locaux doivent \u00eatre adapt\u00e9s individuellement. Ou lorsque vous avez des attentes tr\u00e8s particuli\u00e8res en mati\u00e8re de design, de fonction et de m\u00e9thode de travail.  <\/p><p>Pour les architectes d&rsquo;int\u00e9rieur sp\u00e9cialis\u00e9s dans ce domaine, rien n\u2019est impossible. Ce sont des professionnels qui s\u2019engagent corps et \u00e2me dans leur travail chez OLYMP et qui connaissent parfaitement les diff\u00e9rents univers de la marque et le secteur de la beaut\u00e9.<\/p>","protected":false},"excerpt":{"rendered":"<p>Les pi\u00e8ces uniques sont d\u00e9coratives, sont des \u00e9l\u00e9ments dont on se souvient et sont mati\u00e8re \u00e0 discussion. Que ce soit pour un espace d\u2019accueil professionnel, un positionnement de produits qui am\u00e9liore les ventes ou des postes de travail fonctionnels &#8211; les solutions d\u2019am\u00e9nagement personnalis\u00e9es pour les clients sont toujours le premier choix lorsque l\u2019individualit\u00e9 vient [&hellip;]<\/p>\n","protected":false},"author":8,"featured_media":36728,"parent":0,"menu_order":0,"comment_status":"closed","ping_status":"closed","template":"","meta":{"_acf_changed":false,"footnotes":""},"class_list":["post-36724","page","type-page","status-publish","has-post-thumbnail","hentry"],"acf":[],"yoast_head":"<!-- This site is optimized with the Yoast SEO Premium plugin v23.7 (Yoast SEO v23.7) - https:\/\/yoast.com\/wordpress\/plugins\/seo\/ -->\n<title>PI\u00c8CES UNIQUES - OLYMP - BEST SALON INSPIRATION<\/title>\n<meta name=\"robots\" content=\"index, follow, max-snippet:-1, max-image-preview:large, max-video-preview:-1\" \/>\n<link rel=\"canonical\" href=\"https:\/\/www.olymp-salondesign.com\/fr\/pieces-uniques\/\" \/>\n<meta property=\"og:locale\" content=\"fr_FR\" \/>\n<meta property=\"og:type\" content=\"article\" \/>\n<meta property=\"og:title\" content=\"PI\u00c8CES UNIQUES\" \/>\n<meta property=\"og:description\" content=\"Les pi\u00e8ces uniques sont d\u00e9coratives, sont des \u00e9l\u00e9ments dont on se souvient et sont mati\u00e8re \u00e0 discussion. Que ce soit pour un espace d\u2019accueil professionnel, un positionnement de produits qui am\u00e9liore les ventes ou des postes de travail fonctionnels &#8211; les solutions d\u2019am\u00e9nagement personnalis\u00e9es pour les clients sont toujours le premier choix lorsque l\u2019individualit\u00e9 vient [&hellip;]\" \/>\n<meta property=\"og:url\" content=\"https:\/\/www.olymp-salondesign.com\/fr\/pieces-uniques\/\" \/>\n<meta property=\"og:site_name\" content=\"OLYMP - BEST SALON INSPIRATION\" \/>\n<meta property=\"article:modified_time\" content=\"2020-11-24T14:04:42+00:00\" \/>\n<meta property=\"og:image\" content=\"https:\/\/www.olymp-salondesign.com\/wp-content\/uploads\/2019\/08\/Bild1-1024x627.png\" \/>\n\t<meta property=\"og:image:width\" content=\"1024\" \/>\n\t<meta property=\"og:image:height\" content=\"627\" \/>\n\t<meta property=\"og:image:type\" content=\"image\/png\" \/>\n<meta name=\"twitter:card\" content=\"summary_large_image\" \/>\n<meta name=\"twitter:label1\" content=\"Dur\u00e9e de lecture estim\u00e9e\" \/>\n\t<meta name=\"twitter:data1\" content=\"1 minute\" \/>\n<script type=\"application\/ld+json\" class=\"yoast-schema-graph\">{\"@context\":\"https:\/\/schema.org\",\"@graph\":[{\"@type\":\"WebPage\",\"@id\":\"https:\/\/www.olymp-salondesign.com\/fr\/pieces-uniques\/\",\"url\":\"https:\/\/www.olymp-salondesign.com\/fr\/pieces-uniques\/\",\"name\":\"PI\u00c8CES UNIQUES - OLYMP - BEST SALON INSPIRATION\",\"isPartOf\":{\"@id\":\"https:\/\/www.olymp-salondesign.com\/fr\/#website\"},\"primaryImageOfPage\":{\"@id\":\"https:\/\/www.olymp-salondesign.com\/fr\/pieces-uniques\/#primaryimage\"},\"image\":{\"@id\":\"https:\/\/www.olymp-salondesign.com\/fr\/pieces-uniques\/#primaryimage\"},\"thumbnailUrl\":\"https:\/\/www.olymp-salondesign.com\/wp-content\/uploads\/2019\/08\/Bild1.png\",\"datePublished\":\"2020-11-24T14:04:38+00:00\",\"dateModified\":\"2020-11-24T14:04:42+00:00\",\"breadcrumb\":{\"@id\":\"https:\/\/www.olymp-salondesign.com\/fr\/pieces-uniques\/#breadcrumb\"},\"inLanguage\":\"fr-FR\",\"potentialAction\":[{\"@type\":\"ReadAction\",\"target\":[\"https:\/\/www.olymp-salondesign.com\/fr\/pieces-uniques\/\"]}]},{\"@type\":\"ImageObject\",\"inLanguage\":\"fr-FR\",\"@id\":\"https:\/\/www.olymp-salondesign.com\/fr\/pieces-uniques\/#primaryimage\",\"url\":\"https:\/\/www.olymp-salondesign.com\/wp-content\/uploads\/2019\/08\/Bild1.png\",\"contentUrl\":\"https:\/\/www.olymp-salondesign.com\/wp-content\/uploads\/2019\/08\/Bild1.png\",\"width\":2000,\"height\":1224},{\"@type\":\"BreadcrumbList\",\"@id\":\"https:\/\/www.olymp-salondesign.com\/fr\/pieces-uniques\/#breadcrumb\",\"itemListElement\":[{\"@type\":\"ListItem\",\"position\":1,\"name\":\"Home\",\"item\":\"https:\/\/www.olymp-salondesign.com\/fr\/\"},{\"@type\":\"ListItem\",\"position\":2,\"name\":\"PI\u00c8CES UNIQUES\"}]},{\"@type\":\"WebSite\",\"@id\":\"https:\/\/www.olymp-salondesign.com\/fr\/#website\",\"url\":\"https:\/\/www.olymp-salondesign.com\/fr\/\",\"name\":\"OLYMP - BEST SALON INSPIRATION\",\"description\":\"BEST SALON INSPIRATION\",\"publisher\":{\"@id\":\"https:\/\/www.olymp-salondesign.com\/fr\/#organization\"},\"potentialAction\":[{\"@type\":\"SearchAction\",\"target\":{\"@type\":\"EntryPoint\",\"urlTemplate\":\"https:\/\/www.olymp-salondesign.com\/fr\/?s={search_term_string}\"},\"query-input\":{\"@type\":\"PropertyValueSpecification\",\"valueRequired\":true,\"valueName\":\"search_term_string\"}}],\"inLanguage\":\"fr-FR\"},{\"@type\":\"Organization\",\"@id\":\"https:\/\/www.olymp-salondesign.com\/fr\/#organization\",\"name\":\"OLYMP - BEST SALON INSPIRATION\",\"url\":\"https:\/\/www.olymp-salondesign.com\/fr\/\",\"logo\":{\"@type\":\"ImageObject\",\"inLanguage\":\"fr-FR\",\"@id\":\"https:\/\/www.olymp-salondesign.com\/fr\/#\/schema\/logo\/image\/\",\"url\":\"https:\/\/www.olymp-salondesign.com\/wp-content\/uploads\/2019\/05\/logo.svg\",\"contentUrl\":\"https:\/\/www.olymp-salondesign.com\/wp-content\/uploads\/2019\/05\/logo.svg\",\"width\":240,\"height\":50,\"caption\":\"OLYMP - BEST SALON INSPIRATION\"},\"image\":{\"@id\":\"https:\/\/www.olymp-salondesign.com\/fr\/#\/schema\/logo\/image\/\"}}]}<\/script>\n<!-- \/ Yoast SEO Premium plugin. -->","yoast_head_json":{"title":"PI\u00c8CES UNIQUES - OLYMP - BEST SALON INSPIRATION","robots":{"index":"index","follow":"follow","max-snippet":"max-snippet:-1","max-image-preview":"max-image-preview:large","max-video-preview":"max-video-preview:-1"},"canonical":"https:\/\/www.olymp-salondesign.com\/fr\/pieces-uniques\/","og_locale":"fr_FR","og_type":"article","og_title":"PI\u00c8CES UNIQUES","og_description":"Les pi\u00e8ces uniques sont d\u00e9coratives, sont des \u00e9l\u00e9ments dont on se souvient et sont mati\u00e8re \u00e0 discussion. Que ce soit pour un espace d\u2019accueil professionnel, un positionnement de produits qui am\u00e9liore les ventes ou des postes de travail fonctionnels &#8211; les solutions d\u2019am\u00e9nagement personnalis\u00e9es pour les clients sont toujours le premier choix lorsque l\u2019individualit\u00e9 vient [&hellip;]","og_url":"https:\/\/www.olymp-salondesign.com\/fr\/pieces-uniques\/","og_site_name":"OLYMP - BEST SALON INSPIRATION","article_modified_time":"2020-11-24T14:04:42+00:00","og_image":[{"width":1024,"height":627,"url":"https:\/\/www.olymp-salondesign.com\/wp-content\/uploads\/2019\/08\/Bild1-1024x627.png","type":"image\/png"}],"twitter_card":"summary_large_image","twitter_misc":{"Dur\u00e9e de lecture estim\u00e9e":"1 minute"},"schema":{"@context":"https:\/\/schema.org","@graph":[{"@type":"WebPage","@id":"https:\/\/www.olymp-salondesign.com\/fr\/pieces-uniques\/","url":"https:\/\/www.olymp-salondesign.com\/fr\/pieces-uniques\/","name":"PI\u00c8CES UNIQUES - OLYMP - BEST SALON INSPIRATION","isPartOf":{"@id":"https:\/\/www.olymp-salondesign.com\/fr\/#website"},"primaryImageOfPage":{"@id":"https:\/\/www.olymp-salondesign.com\/fr\/pieces-uniques\/#primaryimage"},"image":{"@id":"https:\/\/www.olymp-salondesign.com\/fr\/pieces-uniques\/#primaryimage"},"thumbnailUrl":"https:\/\/www.olymp-salondesign.com\/wp-content\/uploads\/2019\/08\/Bild1.png","datePublished":"2020-11-24T14:04:38+00:00","dateModified":"2020-11-24T14:04:42+00:00","breadcrumb":{"@id":"https:\/\/www.olymp-salondesign.com\/fr\/pieces-uniques\/#breadcrumb"},"inLanguage":"fr-FR","potentialAction":[{"@type":"ReadAction","target":["https:\/\/www.olymp-salondesign.com\/fr\/pieces-uniques\/"]}]},{"@type":"ImageObject","inLanguage":"fr-FR","@id":"https:\/\/www.olymp-salondesign.com\/fr\/pieces-uniques\/#primaryimage","url":"https:\/\/www.olymp-salondesign.com\/wp-content\/uploads\/2019\/08\/Bild1.png","contentUrl":"https:\/\/www.olymp-salondesign.com\/wp-content\/uploads\/2019\/08\/Bild1.png","width":2000,"height":1224},{"@type":"BreadcrumbList","@id":"https:\/\/www.olymp-salondesign.com\/fr\/pieces-uniques\/#breadcrumb","itemListElement":[{"@type":"ListItem","position":1,"name":"Home","item":"https:\/\/www.olymp-salondesign.com\/fr\/"},{"@type":"ListItem","position":2,"name":"PI\u00c8CES UNIQUES"}]},{"@type":"WebSite","@id":"https:\/\/www.olymp-salondesign.com\/fr\/#website","url":"https:\/\/www.olymp-salondesign.com\/fr\/","name":"OLYMP - BEST SALON INSPIRATION","description":"BEST SALON INSPIRATION","publisher":{"@id":"https:\/\/www.olymp-salondesign.com\/fr\/#organization"},"potentialAction":[{"@type":"SearchAction","target":{"@type":"EntryPoint","urlTemplate":"https:\/\/www.olymp-salondesign.com\/fr\/?s={search_term_string}"},"query-input":{"@type":"PropertyValueSpecification","valueRequired":true,"valueName":"search_term_string"}}],"inLanguage":"fr-FR"},{"@type":"Organization","@id":"https:\/\/www.olymp-salondesign.com\/fr\/#organization","name":"OLYMP - BEST SALON INSPIRATION","url":"https:\/\/www.olymp-salondesign.com\/fr\/","logo":{"@type":"ImageObject","inLanguage":"fr-FR","@id":"https:\/\/www.olymp-salondesign.com\/fr\/#\/schema\/logo\/image\/","url":"https:\/\/www.olymp-salondesign.com\/wp-content\/uploads\/2019\/05\/logo.svg","contentUrl":"https:\/\/www.olymp-salondesign.com\/wp-content\/uploads\/2019\/05\/logo.svg","width":240,"height":50,"caption":"OLYMP - BEST SALON INSPIRATION"},"image":{"@id":"https:\/\/www.olymp-salondesign.com\/fr\/#\/schema\/logo\/image\/"}}]}},"wpml_current_locale":"fr_FR","wpml_translations":{"de_DE":{"locale":"de_DE","id":1092,"slug":"unikate","post_title":"Unikate","href":"https:\/\/www.olymp-salondesign.com\/de\/unikate\/"},"en":{"locale":"en","id":3145,"slug":"unique-objects","post_title":"Unique objects","href":"https:\/\/www.olymp-salondesign.com\/unique-objects\/"},"pl_PL":{"locale":"pl_PL","id":32062,"slug":"unikatowe-przedmioty","post_title":"Unikatowe przedmioty","href":"https:\/\/www.olymp-salondesign.com\/pl\/unikatowe-przedmioty\/"}},"_links":{"self":[{"href":"https:\/\/www.olymp-salondesign.com\/fr\/wp-json\/wp\/v2\/pages\/36724"}],"collection":[{"href":"https:\/\/www.olymp-salondesign.com\/fr\/wp-json\/wp\/v2\/pages"}],"about":[{"href":"https:\/\/www.olymp-salondesign.com\/fr\/wp-json\/wp\/v2\/types\/page"}],"author":[{"embeddable":true,"href":"https:\/\/www.olymp-salondesign.com\/fr\/wp-json\/wp\/v2\/users\/8"}],"replies":[{"embeddable":true,"href":"https:\/\/www.olymp-salondesign.com\/fr\/wp-json\/wp\/v2\/comments?post=36724"}],"version-history":[{"count":7,"href":"https:\/\/www.olymp-salondesign.com\/fr\/wp-json\/wp\/v2\/pages\/36724\/revisions"}],"predecessor-version":[{"id":36735,"href":"https:\/\/www.olymp-salondesign.com\/fr\/wp-json\/wp\/v2\/pages\/36724\/revisions\/36735"}],"wp:featuredmedia":[{"embeddable":true,"href":"https:\/\/www.olymp-salondesign.com\/fr\/wp-json\/wp\/v2\/media\/36728"}],"wp:attachment":[{"href":"https:\/\/www.olymp-salondesign.com\/fr\/wp-json\/wp\/v2\/media?parent=36724"}],"curies":[{"name":"wp","href":"https:\/\/api.w.org\/{rel}","templated":true}]}}