{"id":34665,"date":"2019-08-05T10:32:42","date_gmt":"2020-11-04T14:34:43","guid":{"rendered":"https:\/\/olymp-wp-salondesign.dev-2.alkima.io\/product\/olymp-lavasit-bond\/"},"modified":"2024-08-12T13:24:11","modified_gmt":"2024-08-12T11:24:11","slug":"olymp-lavasit-bond","status":"publish","type":"product","link":"https:\/\/www.olymp-salondesign.com\/fr\/produit\/olymp-lavasit-bond\/","title":{"rendered":"OLYMP LavaSit Bond"},"content":{"rendered":"<p>Assise et dossier fixes ou r\u00e9glable de mani\u00e8re synchronis\u00e9e, vasque profonde et inclinable en noir ou blanc avec mitigeur Basic ou Edition, guidage de tuyau ext\u00e9rieur, section basse en PE noir, en option avec des reposoirs pour les bras en tissu de rev\u00eatement.<\/p>\n","protected":false},"excerpt":{"rendered":"<p>Fauteuil de shampooing neutre \u2013 prix attrayant, confort exceptionnel<\/p>\n","protected":false},"featured_media":37109,"template":"","meta":{"_acf_changed":false},"product_cat":[5939,5936],"product_tag":[],"class_list":{"0":"post-34665","1":"product","2":"type-product","3":"status-publish","4":"has-post-thumbnail","6":"product_cat-bacs-de-lavage","7":"product_cat-coiffeur","9":"first","10":"instock","11":"purchasable","12":"product-type-simple"},"acf":[],"yoast_head":"<!-- This site is optimized with the Yoast SEO Premium plugin v23.7 (Yoast SEO v23.7) - https:\/\/yoast.com\/wordpress\/plugins\/seo\/ -->\n<title>OLYMP LavaSit Bond - OLYMP - BEST SALON INSPIRATION<\/title>\n<meta name=\"robots\" content=\"index, follow, max-snippet:-1, max-image-preview:large, max-video-preview:-1\" \/>\n<link rel=\"canonical\" href=\"https:\/\/www.olymp-salondesign.com\/fr\/produit\/olymp-lavasit-bond\/\" \/>\n<meta property=\"og:locale\" content=\"fr_FR\" \/>\n<meta property=\"og:type\" content=\"article\" \/>\n<meta property=\"og:title\" content=\"OLYMP LavaSit Bond\" \/>\n<meta property=\"og:description\" content=\"Fauteuil de shampooing neutre \u2013 prix attrayant, confort exceptionnel\" \/>\n<meta property=\"og:url\" content=\"https:\/\/www.olymp-salondesign.com\/fr\/produit\/olymp-lavasit-bond\/\" \/>\n<meta property=\"og:site_name\" content=\"OLYMP - BEST SALON INSPIRATION\" \/>\n<meta property=\"article:modified_time\" content=\"2024-08-12T11:24:11+00:00\" \/>\n<meta property=\"og:image\" content=\"https:\/\/www.olymp-salondesign.com\/wp-content\/uploads\/2019\/08\/lavasit-bond-ohne-armlehnen.jpg\" \/>\n\t<meta property=\"og:image:width\" content=\"2048\" \/>\n\t<meta property=\"og:image:height\" content=\"2048\" \/>\n\t<meta property=\"og:image:type\" content=\"image\/jpeg\" \/>\n<meta name=\"twitter:card\" content=\"summary_large_image\" \/>\n<meta name=\"twitter:label1\" content=\"Dur\u00e9e de lecture estim\u00e9e\" \/>\n\t<meta name=\"twitter:data1\" content=\"1 minute\" \/>\n<script type=\"application\/ld+json\" class=\"yoast-schema-graph\">{\"@context\":\"https:\/\/schema.org\",\"@graph\":[{\"@type\":\"WebPage\",\"@id\":\"https:\/\/www.olymp-salondesign.com\/fr\/produit\/olymp-lavasit-bond\/\",\"url\":\"https:\/\/www.olymp-salondesign.com\/fr\/produit\/olymp-lavasit-bond\/\",\"name\":\"OLYMP LavaSit Bond - OLYMP - BEST SALON INSPIRATION\",\"isPartOf\":{\"@id\":\"https:\/\/www.olymp-salondesign.com\/fr\/#website\"},\"primaryImageOfPage\":{\"@id\":\"https:\/\/www.olymp-salondesign.com\/fr\/produit\/olymp-lavasit-bond\/#primaryimage\"},\"image\":{\"@id\":\"https:\/\/www.olymp-salondesign.com\/fr\/produit\/olymp-lavasit-bond\/#primaryimage\"},\"thumbnailUrl\":\"https:\/\/www.olymp-salondesign.com\/wp-content\/uploads\/2019\/08\/lavasit-bond-ohne-armlehnen.jpg\",\"datePublished\":\"2020-11-04T14:34:43+00:00\",\"dateModified\":\"2024-08-12T11:24:11+00:00\",\"breadcrumb\":{\"@id\":\"https:\/\/www.olymp-salondesign.com\/fr\/produit\/olymp-lavasit-bond\/#breadcrumb\"},\"inLanguage\":\"fr-FR\",\"potentialAction\":[{\"@type\":\"ReadAction\",\"target\":[\"https:\/\/www.olymp-salondesign.com\/fr\/produit\/olymp-lavasit-bond\/\"]}]},{\"@type\":\"ImageObject\",\"inLanguage\":\"fr-FR\",\"@id\":\"https:\/\/www.olymp-salondesign.com\/fr\/produit\/olymp-lavasit-bond\/#primaryimage\",\"url\":\"https:\/\/www.olymp-salondesign.com\/wp-content\/uploads\/2019\/08\/lavasit-bond-ohne-armlehnen.jpg\",\"contentUrl\":\"https:\/\/www.olymp-salondesign.com\/wp-content\/uploads\/2019\/08\/lavasit-bond-ohne-armlehnen.jpg\",\"width\":2048,\"height\":2048},{\"@type\":\"BreadcrumbList\",\"@id\":\"https:\/\/www.olymp-salondesign.com\/fr\/produit\/olymp-lavasit-bond\/#breadcrumb\",\"itemListElement\":[{\"@type\":\"ListItem\",\"position\":1,\"name\":\"Home\",\"item\":\"https:\/\/www.olymp-salondesign.com\/fr\/\"},{\"@type\":\"ListItem\",\"position\":2,\"name\":\"Produits\",\"item\":\"https:\/\/www.olymp-salondesign.com\/fr\/shop\/\"},{\"@type\":\"ListItem\",\"position\":3,\"name\":\"OLYMP LavaSit Bond\"}]},{\"@type\":\"WebSite\",\"@id\":\"https:\/\/www.olymp-salondesign.com\/fr\/#website\",\"url\":\"https:\/\/www.olymp-salondesign.com\/fr\/\",\"name\":\"OLYMP - BEST SALON INSPIRATION\",\"description\":\"BEST SALON INSPIRATION\",\"publisher\":{\"@id\":\"https:\/\/www.olymp-salondesign.com\/fr\/#organization\"},\"potentialAction\":[{\"@type\":\"SearchAction\",\"target\":{\"@type\":\"EntryPoint\",\"urlTemplate\":\"https:\/\/www.olymp-salondesign.com\/fr\/?s={search_term_string}\"},\"query-input\":{\"@type\":\"PropertyValueSpecification\",\"valueRequired\":true,\"valueName\":\"search_term_string\"}}],\"inLanguage\":\"fr-FR\"},{\"@type\":\"Organization\",\"@id\":\"https:\/\/www.olymp-salondesign.com\/fr\/#organization\",\"name\":\"OLYMP - BEST SALON INSPIRATION\",\"url\":\"https:\/\/www.olymp-salondesign.com\/fr\/\",\"logo\":{\"@type\":\"ImageObject\",\"inLanguage\":\"fr-FR\",\"@id\":\"https:\/\/www.olymp-salondesign.com\/fr\/#\/schema\/logo\/image\/\",\"url\":\"https:\/\/www.olymp-salondesign.com\/wp-content\/uploads\/2019\/05\/logo.svg\",\"contentUrl\":\"https:\/\/www.olymp-salondesign.com\/wp-content\/uploads\/2019\/05\/logo.svg\",\"width\":240,\"height\":50,\"caption\":\"OLYMP - BEST SALON INSPIRATION\"},\"image\":{\"@id\":\"https:\/\/www.olymp-salondesign.com\/fr\/#\/schema\/logo\/image\/\"}}]}<\/script>\n<!-- \/ Yoast SEO Premium plugin. -->","yoast_head_json":{"title":"OLYMP LavaSit Bond - OLYMP - BEST SALON INSPIRATION","robots":{"index":"index","follow":"follow","max-snippet":"max-snippet:-1","max-image-preview":"max-image-preview:large","max-video-preview":"max-video-preview:-1"},"canonical":"https:\/\/www.olymp-salondesign.com\/fr\/produit\/olymp-lavasit-bond\/","og_locale":"fr_FR","og_type":"article","og_title":"OLYMP LavaSit Bond","og_description":"Fauteuil de shampooing neutre \u2013 prix attrayant, confort exceptionnel","og_url":"https:\/\/www.olymp-salondesign.com\/fr\/produit\/olymp-lavasit-bond\/","og_site_name":"OLYMP - BEST SALON INSPIRATION","article_modified_time":"2024-08-12T11:24:11+00:00","og_image":[{"width":2048,"height":2048,"url":"https:\/\/www.olymp-salondesign.com\/wp-content\/uploads\/2019\/08\/lavasit-bond-ohne-armlehnen.jpg","type":"image\/jpeg"}],"twitter_card":"summary_large_image","twitter_misc":{"Dur\u00e9e de lecture estim\u00e9e":"1 minute"},"schema":{"@context":"https:\/\/schema.org","@graph":[{"@type":"WebPage","@id":"https:\/\/www.olymp-salondesign.com\/fr\/produit\/olymp-lavasit-bond\/","url":"https:\/\/www.olymp-salondesign.com\/fr\/produit\/olymp-lavasit-bond\/","name":"OLYMP LavaSit Bond - OLYMP - BEST SALON INSPIRATION","isPartOf":{"@id":"https:\/\/www.olymp-salondesign.com\/fr\/#website"},"primaryImageOfPage":{"@id":"https:\/\/www.olymp-salondesign.com\/fr\/produit\/olymp-lavasit-bond\/#primaryimage"},"image":{"@id":"https:\/\/www.olymp-salondesign.com\/fr\/produit\/olymp-lavasit-bond\/#primaryimage"},"thumbnailUrl":"https:\/\/www.olymp-salondesign.com\/wp-content\/uploads\/2019\/08\/lavasit-bond-ohne-armlehnen.jpg","datePublished":"2020-11-04T14:34:43+00:00","dateModified":"2024-08-12T11:24:11+00:00","breadcrumb":{"@id":"https:\/\/www.olymp-salondesign.com\/fr\/produit\/olymp-lavasit-bond\/#breadcrumb"},"inLanguage":"fr-FR","potentialAction":[{"@type":"ReadAction","target":["https:\/\/www.olymp-salondesign.com\/fr\/produit\/olymp-lavasit-bond\/"]}]},{"@type":"ImageObject","inLanguage":"fr-FR","@id":"https:\/\/www.olymp-salondesign.com\/fr\/produit\/olymp-lavasit-bond\/#primaryimage","url":"https:\/\/www.olymp-salondesign.com\/wp-content\/uploads\/2019\/08\/lavasit-bond-ohne-armlehnen.jpg","contentUrl":"https:\/\/www.olymp-salondesign.com\/wp-content\/uploads\/2019\/08\/lavasit-bond-ohne-armlehnen.jpg","width":2048,"height":2048},{"@type":"BreadcrumbList","@id":"https:\/\/www.olymp-salondesign.com\/fr\/produit\/olymp-lavasit-bond\/#breadcrumb","itemListElement":[{"@type":"ListItem","position":1,"name":"Home","item":"https:\/\/www.olymp-salondesign.com\/fr\/"},{"@type":"ListItem","position":2,"name":"Produits","item":"https:\/\/www.olymp-salondesign.com\/fr\/shop\/"},{"@type":"ListItem","position":3,"name":"OLYMP LavaSit Bond"}]},{"@type":"WebSite","@id":"https:\/\/www.olymp-salondesign.com\/fr\/#website","url":"https:\/\/www.olymp-salondesign.com\/fr\/","name":"OLYMP - BEST SALON INSPIRATION","description":"BEST SALON INSPIRATION","publisher":{"@id":"https:\/\/www.olymp-salondesign.com\/fr\/#organization"},"potentialAction":[{"@type":"SearchAction","target":{"@type":"EntryPoint","urlTemplate":"https:\/\/www.olymp-salondesign.com\/fr\/?s={search_term_string}"},"query-input":{"@type":"PropertyValueSpecification","valueRequired":true,"valueName":"search_term_string"}}],"inLanguage":"fr-FR"},{"@type":"Organization","@id":"https:\/\/www.olymp-salondesign.com\/fr\/#organization","name":"OLYMP - BEST SALON INSPIRATION","url":"https:\/\/www.olymp-salondesign.com\/fr\/","logo":{"@type":"ImageObject","inLanguage":"fr-FR","@id":"https:\/\/www.olymp-salondesign.com\/fr\/#\/schema\/logo\/image\/","url":"https:\/\/www.olymp-salondesign.com\/wp-content\/uploads\/2019\/05\/logo.svg","contentUrl":"https:\/\/www.olymp-salondesign.com\/wp-content\/uploads\/2019\/05\/logo.svg","width":240,"height":50,"caption":"OLYMP - BEST SALON INSPIRATION"},"image":{"@id":"https:\/\/www.olymp-salondesign.com\/fr\/#\/schema\/logo\/image\/"}}]}},"wpml_current_locale":"fr_FR","wpml_translations":{"de_DE":{"locale":"de_DE","id":12978,"slug":"olymp-lavasit-bond","post_title":"OLYMP LavaSit Bond","href":"https:\/\/www.olymp-salondesign.com\/de\/produkt\/olymp-lavasit-bond\/"},"en":{"locale":"en","id":21675,"slug":"olymp-lavasit-bond","post_title":"OLYMP LavaSit Bond","href":"https:\/\/www.olymp-salondesign.com\/product\/olymp-lavasit-bond\/"},"pl_PL":{"locale":"pl_PL","id":31636,"slug":"olymp-lavasit-bond","post_title":"OLYMP LavaSit Bond","href":"https:\/\/www.olymp-salondesign.com\/pl\/produkt\/olymp-lavasit-bond\/"}},"_links":{"self":[{"href":"https:\/\/www.olymp-salondesign.com\/fr\/wp-json\/wp\/v2\/product\/34665"}],"collection":[{"href":"https:\/\/www.olymp-salondesign.com\/fr\/wp-json\/wp\/v2\/product"}],"about":[{"href":"https:\/\/www.olymp-salondesign.com\/fr\/wp-json\/wp\/v2\/types\/product"}],"wp:featuredmedia":[{"embeddable":true,"href":"https:\/\/www.olymp-salondesign.com\/fr\/wp-json\/wp\/v2\/media\/37109"}],"wp:attachment":[{"href":"https:\/\/www.olymp-salondesign.com\/fr\/wp-json\/wp\/v2\/media?parent=34665"}],"wp:term":[{"taxonomy":"product_cat","embeddable":true,"href":"https:\/\/www.olymp-salondesign.com\/fr\/wp-json\/wp\/v2\/product_cat?post=34665"},{"taxonomy":"product_tag","embeddable":true,"href":"https:\/\/www.olymp-salondesign.com\/fr\/wp-json\/wp\/v2\/product_tag?post=34665"}],"curies":[{"name":"wp","href":"https:\/\/api.w.org\/{rel}","templated":true}]}}