{"id":34666,"date":"2019-08-05T10:32:42","date_gmt":"2020-11-04T14:34:43","guid":{"rendered":"https:\/\/olymp-wp-salondesign.dev-2.alkima.io\/product\/olymp-lavasit-joy-bow\/"},"modified":"2024-08-20T10:22:05","modified_gmt":"2024-08-20T08:22:05","slug":"olymp-lavasit-joy-bow","status":"publish","type":"product","link":"https:\/\/www.olymp-salondesign.com\/fr\/produit\/olymp-lavasit-joy-bow\/","title":{"rendered":"OLYMP LavaSit Joy Bow"},"content":{"rendered":"<p>Bac basculant noir ou blanc avec mitigeur Basic ou Edition, tuyau de douche int\u00e9gr\u00e9, section basse inox\/alu noir avec clapet de maintenance.Possibilit\u00e9 d\u2019installation individuelle, en rang\u00e9e et murale. Disponible avec presque tous les \u00e9l\u00e9ments sup\u00e9rieurs du fauteuil OLYMP rigides, mobiles (R) ou \u00e0 r\u00e9glage synchrone (S).<\/p>\n","protected":false},"excerpt":{"rendered":"<p>Mod\u00e8le d\u2019entr\u00e9e de gamme peu encombrant \u2013 confort de lavage ergonomique<\/p>\n","protected":false},"featured_media":33889,"template":"","meta":{"_acf_changed":false},"product_cat":[5939,5936],"product_tag":[],"class_list":{"0":"post-34666","1":"product","2":"type-product","3":"status-publish","4":"has-post-thumbnail","6":"product_cat-bacs-de-lavage","7":"product_cat-coiffeur","9":"first","10":"instock","11":"purchasable","12":"product-type-simple"},"acf":[],"yoast_head":"<!-- This site is optimized with the Yoast SEO Premium plugin v23.7 (Yoast SEO v23.7) - https:\/\/yoast.com\/wordpress\/plugins\/seo\/ -->\n<title>OLYMP LavaSit Joy Bow - OLYMP - BEST SALON INSPIRATION<\/title>\n<meta name=\"robots\" content=\"index, follow, max-snippet:-1, max-image-preview:large, max-video-preview:-1\" \/>\n<link rel=\"canonical\" href=\"https:\/\/www.olymp-salondesign.com\/fr\/produit\/olymp-lavasit-joy-bow\/\" \/>\n<meta property=\"og:locale\" content=\"fr_FR\" \/>\n<meta property=\"og:type\" content=\"article\" \/>\n<meta property=\"og:title\" content=\"OLYMP LavaSit Joy Bow\" \/>\n<meta property=\"og:description\" content=\"Mod\u00e8le d\u2019entr\u00e9e de gamme peu encombrant \u2013 confort de lavage ergonomique\" \/>\n<meta property=\"og:url\" content=\"https:\/\/www.olymp-salondesign.com\/fr\/produit\/olymp-lavasit-joy-bow\/\" \/>\n<meta property=\"og:site_name\" content=\"OLYMP - BEST SALON INSPIRATION\" \/>\n<meta property=\"article:modified_time\" content=\"2024-08-20T08:22:05+00:00\" \/>\n<meta property=\"og:image\" content=\"https:\/\/www.olymp-salondesign.com\/wp-content\/uploads\/2019\/08\/WA_LavaSit-Joy-Bow-schwarz-von-schr\u00e4g-vorne-2048-x-2048-1.jpg\" \/>\n\t<meta property=\"og:image:width\" content=\"2048\" \/>\n\t<meta property=\"og:image:height\" content=\"2048\" \/>\n\t<meta property=\"og:image:type\" content=\"image\/jpeg\" \/>\n<meta name=\"twitter:card\" content=\"summary_large_image\" \/>\n<meta name=\"twitter:label1\" content=\"Dur\u00e9e de lecture estim\u00e9e\" \/>\n\t<meta name=\"twitter:data1\" content=\"1 minute\" \/>\n<script type=\"application\/ld+json\" class=\"yoast-schema-graph\">{\"@context\":\"https:\/\/schema.org\",\"@graph\":[{\"@type\":\"WebPage\",\"@id\":\"https:\/\/www.olymp-salondesign.com\/fr\/produit\/olymp-lavasit-joy-bow\/\",\"url\":\"https:\/\/www.olymp-salondesign.com\/fr\/produit\/olymp-lavasit-joy-bow\/\",\"name\":\"OLYMP LavaSit Joy Bow - OLYMP - BEST SALON INSPIRATION\",\"isPartOf\":{\"@id\":\"https:\/\/www.olymp-salondesign.com\/fr\/#website\"},\"primaryImageOfPage\":{\"@id\":\"https:\/\/www.olymp-salondesign.com\/fr\/produit\/olymp-lavasit-joy-bow\/#primaryimage\"},\"image\":{\"@id\":\"https:\/\/www.olymp-salondesign.com\/fr\/produit\/olymp-lavasit-joy-bow\/#primaryimage\"},\"thumbnailUrl\":\"https:\/\/www.olymp-salondesign.com\/wp-content\/uploads\/2019\/08\/WA_LavaSit-Joy-Bow-schwarz-von-schr\u00e4g-vorne-2048-x-2048-1.jpg\",\"datePublished\":\"2020-11-04T14:34:43+00:00\",\"dateModified\":\"2024-08-20T08:22:05+00:00\",\"breadcrumb\":{\"@id\":\"https:\/\/www.olymp-salondesign.com\/fr\/produit\/olymp-lavasit-joy-bow\/#breadcrumb\"},\"inLanguage\":\"fr-FR\",\"potentialAction\":[{\"@type\":\"ReadAction\",\"target\":[\"https:\/\/www.olymp-salondesign.com\/fr\/produit\/olymp-lavasit-joy-bow\/\"]}]},{\"@type\":\"ImageObject\",\"inLanguage\":\"fr-FR\",\"@id\":\"https:\/\/www.olymp-salondesign.com\/fr\/produit\/olymp-lavasit-joy-bow\/#primaryimage\",\"url\":\"https:\/\/www.olymp-salondesign.com\/wp-content\/uploads\/2019\/08\/WA_LavaSit-Joy-Bow-schwarz-von-schr\u00e4g-vorne-2048-x-2048-1.jpg\",\"contentUrl\":\"https:\/\/www.olymp-salondesign.com\/wp-content\/uploads\/2019\/08\/WA_LavaSit-Joy-Bow-schwarz-von-schr\u00e4g-vorne-2048-x-2048-1.jpg\",\"width\":2048,\"height\":2048},{\"@type\":\"BreadcrumbList\",\"@id\":\"https:\/\/www.olymp-salondesign.com\/fr\/produit\/olymp-lavasit-joy-bow\/#breadcrumb\",\"itemListElement\":[{\"@type\":\"ListItem\",\"position\":1,\"name\":\"Home\",\"item\":\"https:\/\/www.olymp-salondesign.com\/fr\/\"},{\"@type\":\"ListItem\",\"position\":2,\"name\":\"Produits\",\"item\":\"https:\/\/www.olymp-salondesign.com\/fr\/shop\/\"},{\"@type\":\"ListItem\",\"position\":3,\"name\":\"OLYMP LavaSit Joy Bow\"}]},{\"@type\":\"WebSite\",\"@id\":\"https:\/\/www.olymp-salondesign.com\/fr\/#website\",\"url\":\"https:\/\/www.olymp-salondesign.com\/fr\/\",\"name\":\"OLYMP - BEST SALON INSPIRATION\",\"description\":\"BEST SALON INSPIRATION\",\"publisher\":{\"@id\":\"https:\/\/www.olymp-salondesign.com\/fr\/#organization\"},\"potentialAction\":[{\"@type\":\"SearchAction\",\"target\":{\"@type\":\"EntryPoint\",\"urlTemplate\":\"https:\/\/www.olymp-salondesign.com\/fr\/?s={search_term_string}\"},\"query-input\":{\"@type\":\"PropertyValueSpecification\",\"valueRequired\":true,\"valueName\":\"search_term_string\"}}],\"inLanguage\":\"fr-FR\"},{\"@type\":\"Organization\",\"@id\":\"https:\/\/www.olymp-salondesign.com\/fr\/#organization\",\"name\":\"OLYMP - BEST SALON INSPIRATION\",\"url\":\"https:\/\/www.olymp-salondesign.com\/fr\/\",\"logo\":{\"@type\":\"ImageObject\",\"inLanguage\":\"fr-FR\",\"@id\":\"https:\/\/www.olymp-salondesign.com\/fr\/#\/schema\/logo\/image\/\",\"url\":\"https:\/\/www.olymp-salondesign.com\/wp-content\/uploads\/2019\/05\/logo.svg\",\"contentUrl\":\"https:\/\/www.olymp-salondesign.com\/wp-content\/uploads\/2019\/05\/logo.svg\",\"width\":240,\"height\":50,\"caption\":\"OLYMP - BEST SALON INSPIRATION\"},\"image\":{\"@id\":\"https:\/\/www.olymp-salondesign.com\/fr\/#\/schema\/logo\/image\/\"}}]}<\/script>\n<!-- \/ Yoast SEO Premium plugin. -->","yoast_head_json":{"title":"OLYMP LavaSit Joy Bow - OLYMP - BEST SALON INSPIRATION","robots":{"index":"index","follow":"follow","max-snippet":"max-snippet:-1","max-image-preview":"max-image-preview:large","max-video-preview":"max-video-preview:-1"},"canonical":"https:\/\/www.olymp-salondesign.com\/fr\/produit\/olymp-lavasit-joy-bow\/","og_locale":"fr_FR","og_type":"article","og_title":"OLYMP LavaSit Joy Bow","og_description":"Mod\u00e8le d\u2019entr\u00e9e de gamme peu encombrant \u2013 confort de lavage ergonomique","og_url":"https:\/\/www.olymp-salondesign.com\/fr\/produit\/olymp-lavasit-joy-bow\/","og_site_name":"OLYMP - BEST SALON INSPIRATION","article_modified_time":"2024-08-20T08:22:05+00:00","og_image":[{"width":2048,"height":2048,"url":"https:\/\/www.olymp-salondesign.com\/wp-content\/uploads\/2019\/08\/WA_LavaSit-Joy-Bow-schwarz-von-schr\u00e4g-vorne-2048-x-2048-1.jpg","type":"image\/jpeg"}],"twitter_card":"summary_large_image","twitter_misc":{"Dur\u00e9e de lecture estim\u00e9e":"1 minute"},"schema":{"@context":"https:\/\/schema.org","@graph":[{"@type":"WebPage","@id":"https:\/\/www.olymp-salondesign.com\/fr\/produit\/olymp-lavasit-joy-bow\/","url":"https:\/\/www.olymp-salondesign.com\/fr\/produit\/olymp-lavasit-joy-bow\/","name":"OLYMP LavaSit Joy Bow - OLYMP - BEST SALON INSPIRATION","isPartOf":{"@id":"https:\/\/www.olymp-salondesign.com\/fr\/#website"},"primaryImageOfPage":{"@id":"https:\/\/www.olymp-salondesign.com\/fr\/produit\/olymp-lavasit-joy-bow\/#primaryimage"},"image":{"@id":"https:\/\/www.olymp-salondesign.com\/fr\/produit\/olymp-lavasit-joy-bow\/#primaryimage"},"thumbnailUrl":"https:\/\/www.olymp-salondesign.com\/wp-content\/uploads\/2019\/08\/WA_LavaSit-Joy-Bow-schwarz-von-schr\u00e4g-vorne-2048-x-2048-1.jpg","datePublished":"2020-11-04T14:34:43+00:00","dateModified":"2024-08-20T08:22:05+00:00","breadcrumb":{"@id":"https:\/\/www.olymp-salondesign.com\/fr\/produit\/olymp-lavasit-joy-bow\/#breadcrumb"},"inLanguage":"fr-FR","potentialAction":[{"@type":"ReadAction","target":["https:\/\/www.olymp-salondesign.com\/fr\/produit\/olymp-lavasit-joy-bow\/"]}]},{"@type":"ImageObject","inLanguage":"fr-FR","@id":"https:\/\/www.olymp-salondesign.com\/fr\/produit\/olymp-lavasit-joy-bow\/#primaryimage","url":"https:\/\/www.olymp-salondesign.com\/wp-content\/uploads\/2019\/08\/WA_LavaSit-Joy-Bow-schwarz-von-schr\u00e4g-vorne-2048-x-2048-1.jpg","contentUrl":"https:\/\/www.olymp-salondesign.com\/wp-content\/uploads\/2019\/08\/WA_LavaSit-Joy-Bow-schwarz-von-schr\u00e4g-vorne-2048-x-2048-1.jpg","width":2048,"height":2048},{"@type":"BreadcrumbList","@id":"https:\/\/www.olymp-salondesign.com\/fr\/produit\/olymp-lavasit-joy-bow\/#breadcrumb","itemListElement":[{"@type":"ListItem","position":1,"name":"Home","item":"https:\/\/www.olymp-salondesign.com\/fr\/"},{"@type":"ListItem","position":2,"name":"Produits","item":"https:\/\/www.olymp-salondesign.com\/fr\/shop\/"},{"@type":"ListItem","position":3,"name":"OLYMP LavaSit Joy Bow"}]},{"@type":"WebSite","@id":"https:\/\/www.olymp-salondesign.com\/fr\/#website","url":"https:\/\/www.olymp-salondesign.com\/fr\/","name":"OLYMP - BEST SALON INSPIRATION","description":"BEST SALON INSPIRATION","publisher":{"@id":"https:\/\/www.olymp-salondesign.com\/fr\/#organization"},"potentialAction":[{"@type":"SearchAction","target":{"@type":"EntryPoint","urlTemplate":"https:\/\/www.olymp-salondesign.com\/fr\/?s={search_term_string}"},"query-input":{"@type":"PropertyValueSpecification","valueRequired":true,"valueName":"search_term_string"}}],"inLanguage":"fr-FR"},{"@type":"Organization","@id":"https:\/\/www.olymp-salondesign.com\/fr\/#organization","name":"OLYMP - BEST SALON INSPIRATION","url":"https:\/\/www.olymp-salondesign.com\/fr\/","logo":{"@type":"ImageObject","inLanguage":"fr-FR","@id":"https:\/\/www.olymp-salondesign.com\/fr\/#\/schema\/logo\/image\/","url":"https:\/\/www.olymp-salondesign.com\/wp-content\/uploads\/2019\/05\/logo.svg","contentUrl":"https:\/\/www.olymp-salondesign.com\/wp-content\/uploads\/2019\/05\/logo.svg","width":240,"height":50,"caption":"OLYMP - BEST SALON INSPIRATION"},"image":{"@id":"https:\/\/www.olymp-salondesign.com\/fr\/#\/schema\/logo\/image\/"}}]}},"wpml_current_locale":"fr_FR","wpml_translations":{"de_DE":{"locale":"de_DE","id":12979,"slug":"olymp-lavasit-joy-bow","post_title":"OLYMP LavaSit Joy Bow","href":"https:\/\/www.olymp-salondesign.com\/de\/produkt\/olymp-lavasit-joy-bow\/"},"en":{"locale":"en","id":21676,"slug":"olymp-lavasit-joy-bow","post_title":"OLYMP LavaSit Joy Bow","href":"https:\/\/www.olymp-salondesign.com\/product\/olymp-lavasit-joy-bow\/"},"pl_PL":{"locale":"pl_PL","id":31637,"slug":"olymp-lavasit-joy-bow","post_title":"OLYMP LavaSit Joy Bow","href":"https:\/\/www.olymp-salondesign.com\/pl\/produkt\/olymp-lavasit-joy-bow\/"}},"_links":{"self":[{"href":"https:\/\/www.olymp-salondesign.com\/fr\/wp-json\/wp\/v2\/product\/34666"}],"collection":[{"href":"https:\/\/www.olymp-salondesign.com\/fr\/wp-json\/wp\/v2\/product"}],"about":[{"href":"https:\/\/www.olymp-salondesign.com\/fr\/wp-json\/wp\/v2\/types\/product"}],"wp:featuredmedia":[{"embeddable":true,"href":"https:\/\/www.olymp-salondesign.com\/fr\/wp-json\/wp\/v2\/media\/33889"}],"wp:attachment":[{"href":"https:\/\/www.olymp-salondesign.com\/fr\/wp-json\/wp\/v2\/media?parent=34666"}],"wp:term":[{"taxonomy":"product_cat","embeddable":true,"href":"https:\/\/www.olymp-salondesign.com\/fr\/wp-json\/wp\/v2\/product_cat?post=34666"},{"taxonomy":"product_tag","embeddable":true,"href":"https:\/\/www.olymp-salondesign.com\/fr\/wp-json\/wp\/v2\/product_tag?post=34666"}],"curies":[{"name":"wp","href":"https:\/\/api.w.org\/{rel}","templated":true}]}}