{"id":37869,"date":"2023-01-31T10:38:52","date_gmt":"2023-02-07T12:39:45","guid":{"rendered":"https:\/\/www.olymp-salondesign.com\/product\/olymp-lavasit-splendor-edition\/"},"modified":"2024-08-12T08:04:56","modified_gmt":"2024-08-12T06:04:56","slug":"olymp-lavasit-splendor-edition-2","status":"publish","type":"product","link":"https:\/\/www.olymp-salondesign.com\/fr\/produit\/olymp-lavasit-splendor-edition-2\/","title":{"rendered":"OLYMP LavaSit Splendor Edition"},"content":{"rendered":"<p>Position de d\u00e9tente confortable pour les clients gr\u00e2ce \u00e0 un rembourrage de type lounge avec repose-jambes \u00e9lectrique et une d\u00e9coupe tr\u00e8s confortable de la nuque. Acc\u00e8s libre \u00e0 la t\u00eate et \u00e0 la nuque gr\u00e2ce \u00e0 un mitigeur bas et une grande vasque profonde, id\u00e9al pour les traitements des cheveux longs. Vasque basculante blanche ou noire, au choix avec mitigeur Basic ou Edition, coussin rehausseur en option.<\/p>\n","protected":false},"excerpt":{"rendered":"<p>Confortable pour vos clients gr\u00e2ce au rembourrage de type lounge avec repose-jambes \u00e9lectrique<\/p>\n","protected":false},"featured_media":37722,"template":"","meta":{"_acf_changed":false},"product_cat":[5939,5936],"product_tag":[],"class_list":{"0":"post-37869","1":"product","2":"type-product","3":"status-publish","4":"has-post-thumbnail","6":"product_cat-bacs-de-lavage","7":"product_cat-coiffeur","9":"first","10":"instock","11":"shipping-taxable","12":"purchasable","13":"product-type-simple"},"acf":[],"yoast_head":"<!-- This site is optimized with the Yoast SEO Premium plugin v23.7 (Yoast SEO v23.7) - https:\/\/yoast.com\/wordpress\/plugins\/seo\/ -->\n<title>OLYMP LavaSit Splendor Edition - OLYMP - BEST SALON INSPIRATION<\/title>\n<meta name=\"robots\" content=\"index, follow, max-snippet:-1, max-image-preview:large, max-video-preview:-1\" \/>\n<link rel=\"canonical\" href=\"https:\/\/www.olymp-salondesign.com\/fr\/produit\/olymp-lavasit-splendor-edition-2\/\" \/>\n<meta property=\"og:locale\" content=\"fr_FR\" \/>\n<meta property=\"og:type\" content=\"article\" \/>\n<meta property=\"og:title\" content=\"OLYMP LavaSit Splendor Edition\" \/>\n<meta property=\"og:description\" content=\"Confortable pour vos clients gr\u00e2ce au rembourrage de type lounge avec repose-jambes \u00e9lectrique\" \/>\n<meta property=\"og:url\" content=\"https:\/\/www.olymp-salondesign.com\/fr\/produit\/olymp-lavasit-splendor-edition-2\/\" \/>\n<meta property=\"og:site_name\" content=\"OLYMP - BEST SALON INSPIRATION\" \/>\n<meta property=\"article:modified_time\" content=\"2024-08-12T06:04:56+00:00\" \/>\n<meta property=\"og:image\" content=\"https:\/\/www.olymp-salondesign.com\/wp-content\/uploads\/2023\/01\/splendor-edition-shiatsu_von-schrag-vorne_ausgefahren-benutzerdefiniert.jpg\" \/>\n\t<meta property=\"og:image:width\" content=\"2048\" \/>\n\t<meta property=\"og:image:height\" content=\"1365\" \/>\n\t<meta property=\"og:image:type\" content=\"image\/jpeg\" \/>\n<meta name=\"twitter:card\" content=\"summary_large_image\" \/>\n<script type=\"application\/ld+json\" class=\"yoast-schema-graph\">{\"@context\":\"https:\/\/schema.org\",\"@graph\":[{\"@type\":\"WebPage\",\"@id\":\"https:\/\/www.olymp-salondesign.com\/fr\/produit\/olymp-lavasit-splendor-edition-2\/\",\"url\":\"https:\/\/www.olymp-salondesign.com\/fr\/produit\/olymp-lavasit-splendor-edition-2\/\",\"name\":\"OLYMP LavaSit Splendor Edition - OLYMP - BEST SALON INSPIRATION\",\"isPartOf\":{\"@id\":\"https:\/\/www.olymp-salondesign.com\/fr\/#website\"},\"primaryImageOfPage\":{\"@id\":\"https:\/\/www.olymp-salondesign.com\/fr\/produit\/olymp-lavasit-splendor-edition-2\/#primaryimage\"},\"image\":{\"@id\":\"https:\/\/www.olymp-salondesign.com\/fr\/produit\/olymp-lavasit-splendor-edition-2\/#primaryimage\"},\"thumbnailUrl\":\"https:\/\/www.olymp-salondesign.com\/wp-content\/uploads\/2023\/01\/splendor-edition-shiatsu_von-schrag-vorne_ausgefahren-benutzerdefiniert.jpg\",\"datePublished\":\"2023-02-07T12:39:45+00:00\",\"dateModified\":\"2024-08-12T06:04:56+00:00\",\"breadcrumb\":{\"@id\":\"https:\/\/www.olymp-salondesign.com\/fr\/produit\/olymp-lavasit-splendor-edition-2\/#breadcrumb\"},\"inLanguage\":\"fr-FR\",\"potentialAction\":[{\"@type\":\"ReadAction\",\"target\":[\"https:\/\/www.olymp-salondesign.com\/fr\/produit\/olymp-lavasit-splendor-edition-2\/\"]}]},{\"@type\":\"ImageObject\",\"inLanguage\":\"fr-FR\",\"@id\":\"https:\/\/www.olymp-salondesign.com\/fr\/produit\/olymp-lavasit-splendor-edition-2\/#primaryimage\",\"url\":\"https:\/\/www.olymp-salondesign.com\/wp-content\/uploads\/2023\/01\/splendor-edition-shiatsu_von-schrag-vorne_ausgefahren-benutzerdefiniert.jpg\",\"contentUrl\":\"https:\/\/www.olymp-salondesign.com\/wp-content\/uploads\/2023\/01\/splendor-edition-shiatsu_von-schrag-vorne_ausgefahren-benutzerdefiniert.jpg\",\"width\":2048,\"height\":1365},{\"@type\":\"BreadcrumbList\",\"@id\":\"https:\/\/www.olymp-salondesign.com\/fr\/produit\/olymp-lavasit-splendor-edition-2\/#breadcrumb\",\"itemListElement\":[{\"@type\":\"ListItem\",\"position\":1,\"name\":\"Home\",\"item\":\"https:\/\/www.olymp-salondesign.com\/fr\/\"},{\"@type\":\"ListItem\",\"position\":2,\"name\":\"Produits\",\"item\":\"https:\/\/www.olymp-salondesign.com\/fr\/shop\/\"},{\"@type\":\"ListItem\",\"position\":3,\"name\":\"OLYMP LavaSit Splendor Edition\"}]},{\"@type\":\"WebSite\",\"@id\":\"https:\/\/www.olymp-salondesign.com\/fr\/#website\",\"url\":\"https:\/\/www.olymp-salondesign.com\/fr\/\",\"name\":\"OLYMP - BEST SALON INSPIRATION\",\"description\":\"BEST SALON INSPIRATION\",\"publisher\":{\"@id\":\"https:\/\/www.olymp-salondesign.com\/fr\/#organization\"},\"potentialAction\":[{\"@type\":\"SearchAction\",\"target\":{\"@type\":\"EntryPoint\",\"urlTemplate\":\"https:\/\/www.olymp-salondesign.com\/fr\/?s={search_term_string}\"},\"query-input\":{\"@type\":\"PropertyValueSpecification\",\"valueRequired\":true,\"valueName\":\"search_term_string\"}}],\"inLanguage\":\"fr-FR\"},{\"@type\":\"Organization\",\"@id\":\"https:\/\/www.olymp-salondesign.com\/fr\/#organization\",\"name\":\"OLYMP - BEST SALON INSPIRATION\",\"url\":\"https:\/\/www.olymp-salondesign.com\/fr\/\",\"logo\":{\"@type\":\"ImageObject\",\"inLanguage\":\"fr-FR\",\"@id\":\"https:\/\/www.olymp-salondesign.com\/fr\/#\/schema\/logo\/image\/\",\"url\":\"https:\/\/www.olymp-salondesign.com\/wp-content\/uploads\/2019\/05\/logo.svg\",\"contentUrl\":\"https:\/\/www.olymp-salondesign.com\/wp-content\/uploads\/2019\/05\/logo.svg\",\"width\":240,\"height\":50,\"caption\":\"OLYMP - BEST SALON INSPIRATION\"},\"image\":{\"@id\":\"https:\/\/www.olymp-salondesign.com\/fr\/#\/schema\/logo\/image\/\"}}]}<\/script>\n<!-- \/ Yoast SEO Premium plugin. -->","yoast_head_json":{"title":"OLYMP LavaSit Splendor Edition - OLYMP - BEST SALON INSPIRATION","robots":{"index":"index","follow":"follow","max-snippet":"max-snippet:-1","max-image-preview":"max-image-preview:large","max-video-preview":"max-video-preview:-1"},"canonical":"https:\/\/www.olymp-salondesign.com\/fr\/produit\/olymp-lavasit-splendor-edition-2\/","og_locale":"fr_FR","og_type":"article","og_title":"OLYMP LavaSit Splendor Edition","og_description":"Confortable pour vos clients gr\u00e2ce au rembourrage de type lounge avec repose-jambes \u00e9lectrique","og_url":"https:\/\/www.olymp-salondesign.com\/fr\/produit\/olymp-lavasit-splendor-edition-2\/","og_site_name":"OLYMP - BEST SALON INSPIRATION","article_modified_time":"2024-08-12T06:04:56+00:00","og_image":[{"width":2048,"height":1365,"url":"https:\/\/www.olymp-salondesign.com\/wp-content\/uploads\/2023\/01\/splendor-edition-shiatsu_von-schrag-vorne_ausgefahren-benutzerdefiniert.jpg","type":"image\/jpeg"}],"twitter_card":"summary_large_image","schema":{"@context":"https:\/\/schema.org","@graph":[{"@type":"WebPage","@id":"https:\/\/www.olymp-salondesign.com\/fr\/produit\/olymp-lavasit-splendor-edition-2\/","url":"https:\/\/www.olymp-salondesign.com\/fr\/produit\/olymp-lavasit-splendor-edition-2\/","name":"OLYMP LavaSit Splendor Edition - OLYMP - BEST SALON INSPIRATION","isPartOf":{"@id":"https:\/\/www.olymp-salondesign.com\/fr\/#website"},"primaryImageOfPage":{"@id":"https:\/\/www.olymp-salondesign.com\/fr\/produit\/olymp-lavasit-splendor-edition-2\/#primaryimage"},"image":{"@id":"https:\/\/www.olymp-salondesign.com\/fr\/produit\/olymp-lavasit-splendor-edition-2\/#primaryimage"},"thumbnailUrl":"https:\/\/www.olymp-salondesign.com\/wp-content\/uploads\/2023\/01\/splendor-edition-shiatsu_von-schrag-vorne_ausgefahren-benutzerdefiniert.jpg","datePublished":"2023-02-07T12:39:45+00:00","dateModified":"2024-08-12T06:04:56+00:00","breadcrumb":{"@id":"https:\/\/www.olymp-salondesign.com\/fr\/produit\/olymp-lavasit-splendor-edition-2\/#breadcrumb"},"inLanguage":"fr-FR","potentialAction":[{"@type":"ReadAction","target":["https:\/\/www.olymp-salondesign.com\/fr\/produit\/olymp-lavasit-splendor-edition-2\/"]}]},{"@type":"ImageObject","inLanguage":"fr-FR","@id":"https:\/\/www.olymp-salondesign.com\/fr\/produit\/olymp-lavasit-splendor-edition-2\/#primaryimage","url":"https:\/\/www.olymp-salondesign.com\/wp-content\/uploads\/2023\/01\/splendor-edition-shiatsu_von-schrag-vorne_ausgefahren-benutzerdefiniert.jpg","contentUrl":"https:\/\/www.olymp-salondesign.com\/wp-content\/uploads\/2023\/01\/splendor-edition-shiatsu_von-schrag-vorne_ausgefahren-benutzerdefiniert.jpg","width":2048,"height":1365},{"@type":"BreadcrumbList","@id":"https:\/\/www.olymp-salondesign.com\/fr\/produit\/olymp-lavasit-splendor-edition-2\/#breadcrumb","itemListElement":[{"@type":"ListItem","position":1,"name":"Home","item":"https:\/\/www.olymp-salondesign.com\/fr\/"},{"@type":"ListItem","position":2,"name":"Produits","item":"https:\/\/www.olymp-salondesign.com\/fr\/shop\/"},{"@type":"ListItem","position":3,"name":"OLYMP LavaSit Splendor Edition"}]},{"@type":"WebSite","@id":"https:\/\/www.olymp-salondesign.com\/fr\/#website","url":"https:\/\/www.olymp-salondesign.com\/fr\/","name":"OLYMP - BEST SALON INSPIRATION","description":"BEST SALON INSPIRATION","publisher":{"@id":"https:\/\/www.olymp-salondesign.com\/fr\/#organization"},"potentialAction":[{"@type":"SearchAction","target":{"@type":"EntryPoint","urlTemplate":"https:\/\/www.olymp-salondesign.com\/fr\/?s={search_term_string}"},"query-input":{"@type":"PropertyValueSpecification","valueRequired":true,"valueName":"search_term_string"}}],"inLanguage":"fr-FR"},{"@type":"Organization","@id":"https:\/\/www.olymp-salondesign.com\/fr\/#organization","name":"OLYMP - BEST SALON INSPIRATION","url":"https:\/\/www.olymp-salondesign.com\/fr\/","logo":{"@type":"ImageObject","inLanguage":"fr-FR","@id":"https:\/\/www.olymp-salondesign.com\/fr\/#\/schema\/logo\/image\/","url":"https:\/\/www.olymp-salondesign.com\/wp-content\/uploads\/2019\/05\/logo.svg","contentUrl":"https:\/\/www.olymp-salondesign.com\/wp-content\/uploads\/2019\/05\/logo.svg","width":240,"height":50,"caption":"OLYMP - BEST SALON INSPIRATION"},"image":{"@id":"https:\/\/www.olymp-salondesign.com\/fr\/#\/schema\/logo\/image\/"}}]}},"wpml_current_locale":"fr_FR","wpml_translations":{"de_DE":{"locale":"de_DE","id":37650,"slug":"olymp-lavasit-splendor-edition","post_title":"OLYMP LavaSit Splendor Edition","href":"https:\/\/www.olymp-salondesign.com\/de\/produkt\/olymp-lavasit-splendor-edition\/"},"en":{"locale":"en","id":37829,"slug":"olymp-lavasit-splendor-edition","post_title":"OLYMP LavaSit Splendor Edition","href":"https:\/\/www.olymp-salondesign.com\/product\/olymp-lavasit-splendor-edition\/"},"pl_PL":{"locale":"pl_PL","id":37872,"slug":"37872","post_title":"OLYMP LavaSit Splendor Edition","href":"https:\/\/www.olymp-salondesign.com\/pl\/produkt\/37872\/"}},"_links":{"self":[{"href":"https:\/\/www.olymp-salondesign.com\/fr\/wp-json\/wp\/v2\/product\/37869"}],"collection":[{"href":"https:\/\/www.olymp-salondesign.com\/fr\/wp-json\/wp\/v2\/product"}],"about":[{"href":"https:\/\/www.olymp-salondesign.com\/fr\/wp-json\/wp\/v2\/types\/product"}],"wp:featuredmedia":[{"embeddable":true,"href":"https:\/\/www.olymp-salondesign.com\/fr\/wp-json\/wp\/v2\/media\/37722"}],"wp:attachment":[{"href":"https:\/\/www.olymp-salondesign.com\/fr\/wp-json\/wp\/v2\/media?parent=37869"}],"wp:term":[{"taxonomy":"product_cat","embeddable":true,"href":"https:\/\/www.olymp-salondesign.com\/fr\/wp-json\/wp\/v2\/product_cat?post=37869"},{"taxonomy":"product_tag","embeddable":true,"href":"https:\/\/www.olymp-salondesign.com\/fr\/wp-json\/wp\/v2\/product_tag?post=37869"}],"curies":[{"name":"wp","href":"https:\/\/api.w.org\/{rel}","templated":true}]}}