{"id":38515,"date":"2023-06-06T14:33:41","date_gmt":"2023-06-07T13:29:59","guid":{"rendered":"https:\/\/www.olymp-salondesign.com\/?post_type=product&#038;p=38515"},"modified":"2024-07-31T14:20:13","modified_gmt":"2024-07-31T12:20:13","slug":"olymp-graceful-high","status":"publish","type":"product","link":"https:\/\/www.olymp-salondesign.com\/fr\/produit\/olymp-graceful-high\/","title":{"rendered":"OLYMP Graceful High"},"content":{"rendered":"<p>Corps de r\u00e9ception, fa\u00e7ade et tiroirs disponibles dans de nombreuses finitions, dessus en acrylique blanc satin\u00e9, structure m\u00e9tallique anthracite thermolaqu\u00e9e, \u00e9clairagde LED blanc sur demande, tablettes pour paiement et sacs \u00e0 main \u00e9galement disponibles en verre gris. Agencement personnalis\u00e9 des meubles (tiroirs, \u00e9tag\u00e8res coulissantes, portes, bo\u00eetes \u00e0 pourboires, \u2026) possible. Design correspondant parfaitement aux postes de coiffage Grace.<\/p>\n","protected":false},"excerpt":{"rendered":"<p>Nombreuses fonctions avec \u00e9clairage d&rsquo;ambiance LED en option<\/p>\n","protected":false},"featured_media":39893,"template":"","meta":{"_acf_changed":false},"product_cat":[5936,5941],"product_tag":[],"class_list":{"0":"post-38515","1":"product","2":"type-product","3":"status-publish","4":"has-post-thumbnail","6":"product_cat-coiffeur","7":"product_cat-receptions-coiffeur","9":"first","10":"instock","11":"shipping-taxable","12":"purchasable","13":"product-type-simple"},"acf":[],"yoast_head":"<!-- This site is optimized with the Yoast SEO Premium plugin v23.7 (Yoast SEO v23.7) - https:\/\/yoast.com\/wordpress\/plugins\/seo\/ -->\n<title>OLYMP Graceful High - OLYMP - BEST SALON INSPIRATION<\/title>\n<meta name=\"robots\" content=\"index, follow, max-snippet:-1, max-image-preview:large, max-video-preview:-1\" \/>\n<link rel=\"canonical\" href=\"https:\/\/www.olymp-salondesign.com\/fr\/produit\/olymp-graceful-high\/\" \/>\n<meta property=\"og:locale\" content=\"fr_FR\" \/>\n<meta property=\"og:type\" content=\"article\" \/>\n<meta property=\"og:title\" content=\"OLYMP Graceful High\" \/>\n<meta property=\"og:description\" content=\"Nombreuses fonctions avec \u00e9clairage d&#039;ambiance LED en option\" \/>\n<meta property=\"og:url\" content=\"https:\/\/www.olymp-salondesign.com\/fr\/produit\/olymp-graceful-high\/\" \/>\n<meta property=\"og:site_name\" content=\"OLYMP - BEST SALON INSPIRATION\" \/>\n<meta property=\"article:modified_time\" content=\"2024-07-31T12:20:13+00:00\" \/>\n<meta property=\"og:image\" content=\"https:\/\/www.olymp-salondesign.com\/wp-content\/uploads\/2023\/06\/olymp_06.03_rezeption_ghigh_vorne_8530-scaled.jpg\" \/>\n\t<meta property=\"og:image:width\" content=\"2560\" \/>\n\t<meta property=\"og:image:height\" content=\"1707\" \/>\n\t<meta property=\"og:image:type\" content=\"image\/jpeg\" \/>\n<meta name=\"twitter:card\" content=\"summary_large_image\" \/>\n<script type=\"application\/ld+json\" class=\"yoast-schema-graph\">{\"@context\":\"https:\/\/schema.org\",\"@graph\":[{\"@type\":\"WebPage\",\"@id\":\"https:\/\/www.olymp-salondesign.com\/fr\/produit\/olymp-graceful-high\/\",\"url\":\"https:\/\/www.olymp-salondesign.com\/fr\/produit\/olymp-graceful-high\/\",\"name\":\"OLYMP Graceful High - OLYMP - BEST SALON INSPIRATION\",\"isPartOf\":{\"@id\":\"https:\/\/www.olymp-salondesign.com\/fr\/#website\"},\"primaryImageOfPage\":{\"@id\":\"https:\/\/www.olymp-salondesign.com\/fr\/produit\/olymp-graceful-high\/#primaryimage\"},\"image\":{\"@id\":\"https:\/\/www.olymp-salondesign.com\/fr\/produit\/olymp-graceful-high\/#primaryimage\"},\"thumbnailUrl\":\"https:\/\/www.olymp-salondesign.com\/wp-content\/uploads\/2023\/06\/olymp_06.03_rezeption_ghigh_vorne_8530-scaled.jpg\",\"datePublished\":\"2023-06-07T13:29:59+00:00\",\"dateModified\":\"2024-07-31T12:20:13+00:00\",\"breadcrumb\":{\"@id\":\"https:\/\/www.olymp-salondesign.com\/fr\/produit\/olymp-graceful-high\/#breadcrumb\"},\"inLanguage\":\"fr-FR\",\"potentialAction\":[{\"@type\":\"ReadAction\",\"target\":[\"https:\/\/www.olymp-salondesign.com\/fr\/produit\/olymp-graceful-high\/\"]}]},{\"@type\":\"ImageObject\",\"inLanguage\":\"fr-FR\",\"@id\":\"https:\/\/www.olymp-salondesign.com\/fr\/produit\/olymp-graceful-high\/#primaryimage\",\"url\":\"https:\/\/www.olymp-salondesign.com\/wp-content\/uploads\/2023\/06\/olymp_06.03_rezeption_ghigh_vorne_8530-scaled.jpg\",\"contentUrl\":\"https:\/\/www.olymp-salondesign.com\/wp-content\/uploads\/2023\/06\/olymp_06.03_rezeption_ghigh_vorne_8530-scaled.jpg\",\"width\":2560,\"height\":1707},{\"@type\":\"BreadcrumbList\",\"@id\":\"https:\/\/www.olymp-salondesign.com\/fr\/produit\/olymp-graceful-high\/#breadcrumb\",\"itemListElement\":[{\"@type\":\"ListItem\",\"position\":1,\"name\":\"Home\",\"item\":\"https:\/\/www.olymp-salondesign.com\/fr\/\"},{\"@type\":\"ListItem\",\"position\":2,\"name\":\"Produits\",\"item\":\"https:\/\/www.olymp-salondesign.com\/fr\/shop\/\"},{\"@type\":\"ListItem\",\"position\":3,\"name\":\"OLYMP Graceful High\"}]},{\"@type\":\"WebSite\",\"@id\":\"https:\/\/www.olymp-salondesign.com\/fr\/#website\",\"url\":\"https:\/\/www.olymp-salondesign.com\/fr\/\",\"name\":\"OLYMP - BEST SALON INSPIRATION\",\"description\":\"BEST SALON INSPIRATION\",\"publisher\":{\"@id\":\"https:\/\/www.olymp-salondesign.com\/fr\/#organization\"},\"potentialAction\":[{\"@type\":\"SearchAction\",\"target\":{\"@type\":\"EntryPoint\",\"urlTemplate\":\"https:\/\/www.olymp-salondesign.com\/fr\/?s={search_term_string}\"},\"query-input\":{\"@type\":\"PropertyValueSpecification\",\"valueRequired\":true,\"valueName\":\"search_term_string\"}}],\"inLanguage\":\"fr-FR\"},{\"@type\":\"Organization\",\"@id\":\"https:\/\/www.olymp-salondesign.com\/fr\/#organization\",\"name\":\"OLYMP - BEST SALON INSPIRATION\",\"url\":\"https:\/\/www.olymp-salondesign.com\/fr\/\",\"logo\":{\"@type\":\"ImageObject\",\"inLanguage\":\"fr-FR\",\"@id\":\"https:\/\/www.olymp-salondesign.com\/fr\/#\/schema\/logo\/image\/\",\"url\":\"https:\/\/www.olymp-salondesign.com\/wp-content\/uploads\/2019\/05\/logo.svg\",\"contentUrl\":\"https:\/\/www.olymp-salondesign.com\/wp-content\/uploads\/2019\/05\/logo.svg\",\"width\":240,\"height\":50,\"caption\":\"OLYMP - BEST SALON INSPIRATION\"},\"image\":{\"@id\":\"https:\/\/www.olymp-salondesign.com\/fr\/#\/schema\/logo\/image\/\"}}]}<\/script>\n<!-- \/ Yoast SEO Premium plugin. -->","yoast_head_json":{"title":"OLYMP Graceful High - OLYMP - BEST SALON INSPIRATION","robots":{"index":"index","follow":"follow","max-snippet":"max-snippet:-1","max-image-preview":"max-image-preview:large","max-video-preview":"max-video-preview:-1"},"canonical":"https:\/\/www.olymp-salondesign.com\/fr\/produit\/olymp-graceful-high\/","og_locale":"fr_FR","og_type":"article","og_title":"OLYMP Graceful High","og_description":"Nombreuses fonctions avec \u00e9clairage d'ambiance LED en option","og_url":"https:\/\/www.olymp-salondesign.com\/fr\/produit\/olymp-graceful-high\/","og_site_name":"OLYMP - BEST SALON INSPIRATION","article_modified_time":"2024-07-31T12:20:13+00:00","og_image":[{"width":2560,"height":1707,"url":"https:\/\/www.olymp-salondesign.com\/wp-content\/uploads\/2023\/06\/olymp_06.03_rezeption_ghigh_vorne_8530-scaled.jpg","type":"image\/jpeg"}],"twitter_card":"summary_large_image","schema":{"@context":"https:\/\/schema.org","@graph":[{"@type":"WebPage","@id":"https:\/\/www.olymp-salondesign.com\/fr\/produit\/olymp-graceful-high\/","url":"https:\/\/www.olymp-salondesign.com\/fr\/produit\/olymp-graceful-high\/","name":"OLYMP Graceful High - OLYMP - BEST SALON INSPIRATION","isPartOf":{"@id":"https:\/\/www.olymp-salondesign.com\/fr\/#website"},"primaryImageOfPage":{"@id":"https:\/\/www.olymp-salondesign.com\/fr\/produit\/olymp-graceful-high\/#primaryimage"},"image":{"@id":"https:\/\/www.olymp-salondesign.com\/fr\/produit\/olymp-graceful-high\/#primaryimage"},"thumbnailUrl":"https:\/\/www.olymp-salondesign.com\/wp-content\/uploads\/2023\/06\/olymp_06.03_rezeption_ghigh_vorne_8530-scaled.jpg","datePublished":"2023-06-07T13:29:59+00:00","dateModified":"2024-07-31T12:20:13+00:00","breadcrumb":{"@id":"https:\/\/www.olymp-salondesign.com\/fr\/produit\/olymp-graceful-high\/#breadcrumb"},"inLanguage":"fr-FR","potentialAction":[{"@type":"ReadAction","target":["https:\/\/www.olymp-salondesign.com\/fr\/produit\/olymp-graceful-high\/"]}]},{"@type":"ImageObject","inLanguage":"fr-FR","@id":"https:\/\/www.olymp-salondesign.com\/fr\/produit\/olymp-graceful-high\/#primaryimage","url":"https:\/\/www.olymp-salondesign.com\/wp-content\/uploads\/2023\/06\/olymp_06.03_rezeption_ghigh_vorne_8530-scaled.jpg","contentUrl":"https:\/\/www.olymp-salondesign.com\/wp-content\/uploads\/2023\/06\/olymp_06.03_rezeption_ghigh_vorne_8530-scaled.jpg","width":2560,"height":1707},{"@type":"BreadcrumbList","@id":"https:\/\/www.olymp-salondesign.com\/fr\/produit\/olymp-graceful-high\/#breadcrumb","itemListElement":[{"@type":"ListItem","position":1,"name":"Home","item":"https:\/\/www.olymp-salondesign.com\/fr\/"},{"@type":"ListItem","position":2,"name":"Produits","item":"https:\/\/www.olymp-salondesign.com\/fr\/shop\/"},{"@type":"ListItem","position":3,"name":"OLYMP Graceful High"}]},{"@type":"WebSite","@id":"https:\/\/www.olymp-salondesign.com\/fr\/#website","url":"https:\/\/www.olymp-salondesign.com\/fr\/","name":"OLYMP - BEST SALON INSPIRATION","description":"BEST SALON INSPIRATION","publisher":{"@id":"https:\/\/www.olymp-salondesign.com\/fr\/#organization"},"potentialAction":[{"@type":"SearchAction","target":{"@type":"EntryPoint","urlTemplate":"https:\/\/www.olymp-salondesign.com\/fr\/?s={search_term_string}"},"query-input":{"@type":"PropertyValueSpecification","valueRequired":true,"valueName":"search_term_string"}}],"inLanguage":"fr-FR"},{"@type":"Organization","@id":"https:\/\/www.olymp-salondesign.com\/fr\/#organization","name":"OLYMP - BEST SALON INSPIRATION","url":"https:\/\/www.olymp-salondesign.com\/fr\/","logo":{"@type":"ImageObject","inLanguage":"fr-FR","@id":"https:\/\/www.olymp-salondesign.com\/fr\/#\/schema\/logo\/image\/","url":"https:\/\/www.olymp-salondesign.com\/wp-content\/uploads\/2019\/05\/logo.svg","contentUrl":"https:\/\/www.olymp-salondesign.com\/wp-content\/uploads\/2019\/05\/logo.svg","width":240,"height":50,"caption":"OLYMP - BEST SALON INSPIRATION"},"image":{"@id":"https:\/\/www.olymp-salondesign.com\/fr\/#\/schema\/logo\/image\/"}}]}},"wpml_current_locale":"fr_FR","wpml_translations":{"de_DE":{"locale":"de_DE","id":38463,"slug":"olymp-graceful-high","post_title":"OLYMP Graceful High","href":"https:\/\/www.olymp-salondesign.com\/de\/produkt\/olymp-graceful-high\/"},"en":{"locale":"en","id":40866,"slug":"olymp-graceful-high-3","post_title":"OLYMP Graceful High","href":"https:\/\/www.olymp-salondesign.com\/product\/olymp-graceful-high-3\/"},"pl_PL":{"locale":"pl_PL","id":39945,"slug":"olymp-graceful-high","post_title":"OLYMP Graceful High","href":"https:\/\/www.olymp-salondesign.com\/pl\/produkt\/olymp-graceful-high\/"}},"_links":{"self":[{"href":"https:\/\/www.olymp-salondesign.com\/fr\/wp-json\/wp\/v2\/product\/38515"}],"collection":[{"href":"https:\/\/www.olymp-salondesign.com\/fr\/wp-json\/wp\/v2\/product"}],"about":[{"href":"https:\/\/www.olymp-salondesign.com\/fr\/wp-json\/wp\/v2\/types\/product"}],"wp:featuredmedia":[{"embeddable":true,"href":"https:\/\/www.olymp-salondesign.com\/fr\/wp-json\/wp\/v2\/media\/39893"}],"wp:attachment":[{"href":"https:\/\/www.olymp-salondesign.com\/fr\/wp-json\/wp\/v2\/media?parent=38515"}],"wp:term":[{"taxonomy":"product_cat","embeddable":true,"href":"https:\/\/www.olymp-salondesign.com\/fr\/wp-json\/wp\/v2\/product_cat?post=38515"},{"taxonomy":"product_tag","embeddable":true,"href":"https:\/\/www.olymp-salondesign.com\/fr\/wp-json\/wp\/v2\/product_tag?post=38515"}],"curies":[{"name":"wp","href":"https:\/\/api.w.org\/{rel}","templated":true}]}}