{"id":38875,"date":"2023-09-12T11:34:15","date_gmt":"2024-05-14T06:31:13","guid":{"rendered":"https:\/\/www.olymp-salondesign.com\/?post_type=product&#038;p=38875"},"modified":"2024-08-29T08:00:52","modified_gmt":"2024-08-29T06:00:52","slug":"olymp-saturn","status":"publish","type":"product","link":"https:\/\/www.olymp-salondesign.com\/fr\/produit\/olymp-saturn\/","title":{"rendered":"OLYMP Tabouret de travail Saturn"},"content":{"rendered":"<p id=\"tw-target-text\" class=\"tw-data-text tw-text-large tw-ta\" dir=\"ltr\" data-placeholder=\"\u00dcbersetzung\" aria-label=\"\u00dcbersetzter Text\" data-ved=\"2ahUKEwjqr8Ot6PuGAxXoa0EAHeI2AkMQ3ewLegQIBRAT\"><span class=\"Y2IQFc\" lang=\"fr\">Tabouret de travail avec dossier rotatif et r\u00e9glable en hauteur et r\u00e9glage de la hauteur (Lift-o-mat), hauteur de levage env. 20 cm, coussin rond \u0424 40 cm dans les couleurs de rev\u00eatement, pied \u00e0 cinq branches en aluminium poli avec roulettes non frein\u00e9es. Avec ou sans anneau de pied chrom\u00e9.<\/span><\/p>\n","protected":false},"excerpt":{"rendered":"<p id=\"tw-target-text\" class=\"tw-data-text tw-text-large tw-ta\" dir=\"ltr\" data-placeholder=\"\u00dcbersetzung\" aria-label=\"\u00dcbersetzter Text\" data-ved=\"2ahUKEwjqr8Ot6PuGAxXoa0EAHeI2AkMQ3ewLegQIBRAT\"><span class=\"Y2IQFc\" lang=\"fr\">Fonctionnel et extr\u00eamement confortable avec dossier rotatif<\/span><\/p>\n","protected":false},"featured_media":38872,"template":"","meta":{"_acf_changed":false},"product_cat":[5936,5938],"product_tag":[],"class_list":{"0":"post-38875","1":"product","2":"type-product","3":"status-publish","4":"has-post-thumbnail","6":"product_cat-coiffeur","7":"product_cat-tabouret-de-travail","9":"first","10":"instock","11":"shipping-taxable","12":"purchasable","13":"product-type-simple"},"acf":[],"yoast_head":"<!-- This site is optimized with the Yoast SEO Premium plugin v23.7 (Yoast SEO v23.7) - https:\/\/yoast.com\/wordpress\/plugins\/seo\/ -->\n<title>OLYMP Tabouret de travail Saturn - OLYMP - BEST SALON INSPIRATION<\/title>\n<meta name=\"robots\" content=\"index, follow, max-snippet:-1, max-image-preview:large, max-video-preview:-1\" \/>\n<link rel=\"canonical\" href=\"https:\/\/www.olymp-salondesign.com\/fr\/produit\/olymp-saturn\/\" \/>\n<meta property=\"og:locale\" content=\"fr_FR\" \/>\n<meta property=\"og:type\" content=\"article\" \/>\n<meta property=\"og:title\" content=\"OLYMP Tabouret de travail Saturn\" \/>\n<meta property=\"og:description\" content=\"Fonctionnel et extr\u00eamement confortable avec dossier rotatif\" \/>\n<meta property=\"og:url\" content=\"https:\/\/www.olymp-salondesign.com\/fr\/produit\/olymp-saturn\/\" \/>\n<meta property=\"og:site_name\" content=\"OLYMP - BEST SALON INSPIRATION\" \/>\n<meta property=\"article:modified_time\" content=\"2024-08-29T06:00:52+00:00\" \/>\n<meta property=\"og:image\" content=\"https:\/\/www.olymp-salondesign.com\/wp-content\/uploads\/2023\/09\/arbeitshocker-saturn_hoch_mit-fusring-scaled-e1694511422572.jpg\" \/>\n\t<meta property=\"og:image:width\" content=\"2560\" \/>\n\t<meta property=\"og:image:height\" content=\"1707\" \/>\n\t<meta property=\"og:image:type\" content=\"image\/jpeg\" \/>\n<meta name=\"twitter:card\" content=\"summary_large_image\" \/>\n<script type=\"application\/ld+json\" class=\"yoast-schema-graph\">{\"@context\":\"https:\/\/schema.org\",\"@graph\":[{\"@type\":\"WebPage\",\"@id\":\"https:\/\/www.olymp-salondesign.com\/fr\/produit\/olymp-saturn\/\",\"url\":\"https:\/\/www.olymp-salondesign.com\/fr\/produit\/olymp-saturn\/\",\"name\":\"OLYMP Tabouret de travail Saturn - OLYMP - BEST SALON INSPIRATION\",\"isPartOf\":{\"@id\":\"https:\/\/www.olymp-salondesign.com\/fr\/#website\"},\"primaryImageOfPage\":{\"@id\":\"https:\/\/www.olymp-salondesign.com\/fr\/produit\/olymp-saturn\/#primaryimage\"},\"image\":{\"@id\":\"https:\/\/www.olymp-salondesign.com\/fr\/produit\/olymp-saturn\/#primaryimage\"},\"thumbnailUrl\":\"https:\/\/www.olymp-salondesign.com\/wp-content\/uploads\/2023\/09\/arbeitshocker-saturn_hoch_mit-fusring-scaled-e1694511422572.jpg\",\"datePublished\":\"2024-05-14T06:31:13+00:00\",\"dateModified\":\"2024-08-29T06:00:52+00:00\",\"breadcrumb\":{\"@id\":\"https:\/\/www.olymp-salondesign.com\/fr\/produit\/olymp-saturn\/#breadcrumb\"},\"inLanguage\":\"fr-FR\",\"potentialAction\":[{\"@type\":\"ReadAction\",\"target\":[\"https:\/\/www.olymp-salondesign.com\/fr\/produit\/olymp-saturn\/\"]}]},{\"@type\":\"ImageObject\",\"inLanguage\":\"fr-FR\",\"@id\":\"https:\/\/www.olymp-salondesign.com\/fr\/produit\/olymp-saturn\/#primaryimage\",\"url\":\"https:\/\/www.olymp-salondesign.com\/wp-content\/uploads\/2023\/09\/arbeitshocker-saturn_hoch_mit-fusring-scaled-e1694511422572.jpg\",\"contentUrl\":\"https:\/\/www.olymp-salondesign.com\/wp-content\/uploads\/2023\/09\/arbeitshocker-saturn_hoch_mit-fusring-scaled-e1694511422572.jpg\",\"width\":2560,\"height\":1707},{\"@type\":\"BreadcrumbList\",\"@id\":\"https:\/\/www.olymp-salondesign.com\/fr\/produit\/olymp-saturn\/#breadcrumb\",\"itemListElement\":[{\"@type\":\"ListItem\",\"position\":1,\"name\":\"Home\",\"item\":\"https:\/\/www.olymp-salondesign.com\/fr\/\"},{\"@type\":\"ListItem\",\"position\":2,\"name\":\"Produits\",\"item\":\"https:\/\/www.olymp-salondesign.com\/fr\/shop\/\"},{\"@type\":\"ListItem\",\"position\":3,\"name\":\"OLYMP Tabouret de travail Saturn\"}]},{\"@type\":\"WebSite\",\"@id\":\"https:\/\/www.olymp-salondesign.com\/fr\/#website\",\"url\":\"https:\/\/www.olymp-salondesign.com\/fr\/\",\"name\":\"OLYMP - BEST SALON INSPIRATION\",\"description\":\"BEST SALON INSPIRATION\",\"publisher\":{\"@id\":\"https:\/\/www.olymp-salondesign.com\/fr\/#organization\"},\"potentialAction\":[{\"@type\":\"SearchAction\",\"target\":{\"@type\":\"EntryPoint\",\"urlTemplate\":\"https:\/\/www.olymp-salondesign.com\/fr\/?s={search_term_string}\"},\"query-input\":{\"@type\":\"PropertyValueSpecification\",\"valueRequired\":true,\"valueName\":\"search_term_string\"}}],\"inLanguage\":\"fr-FR\"},{\"@type\":\"Organization\",\"@id\":\"https:\/\/www.olymp-salondesign.com\/fr\/#organization\",\"name\":\"OLYMP - BEST SALON INSPIRATION\",\"url\":\"https:\/\/www.olymp-salondesign.com\/fr\/\",\"logo\":{\"@type\":\"ImageObject\",\"inLanguage\":\"fr-FR\",\"@id\":\"https:\/\/www.olymp-salondesign.com\/fr\/#\/schema\/logo\/image\/\",\"url\":\"https:\/\/www.olymp-salondesign.com\/wp-content\/uploads\/2019\/05\/logo.svg\",\"contentUrl\":\"https:\/\/www.olymp-salondesign.com\/wp-content\/uploads\/2019\/05\/logo.svg\",\"width\":240,\"height\":50,\"caption\":\"OLYMP - BEST SALON INSPIRATION\"},\"image\":{\"@id\":\"https:\/\/www.olymp-salondesign.com\/fr\/#\/schema\/logo\/image\/\"}}]}<\/script>\n<!-- \/ Yoast SEO Premium plugin. -->","yoast_head_json":{"title":"OLYMP Tabouret de travail Saturn - OLYMP - BEST SALON INSPIRATION","robots":{"index":"index","follow":"follow","max-snippet":"max-snippet:-1","max-image-preview":"max-image-preview:large","max-video-preview":"max-video-preview:-1"},"canonical":"https:\/\/www.olymp-salondesign.com\/fr\/produit\/olymp-saturn\/","og_locale":"fr_FR","og_type":"article","og_title":"OLYMP Tabouret de travail Saturn","og_description":"Fonctionnel et extr\u00eamement confortable avec dossier rotatif","og_url":"https:\/\/www.olymp-salondesign.com\/fr\/produit\/olymp-saturn\/","og_site_name":"OLYMP - BEST SALON INSPIRATION","article_modified_time":"2024-08-29T06:00:52+00:00","og_image":[{"width":2560,"height":1707,"url":"https:\/\/www.olymp-salondesign.com\/wp-content\/uploads\/2023\/09\/arbeitshocker-saturn_hoch_mit-fusring-scaled-e1694511422572.jpg","type":"image\/jpeg"}],"twitter_card":"summary_large_image","schema":{"@context":"https:\/\/schema.org","@graph":[{"@type":"WebPage","@id":"https:\/\/www.olymp-salondesign.com\/fr\/produit\/olymp-saturn\/","url":"https:\/\/www.olymp-salondesign.com\/fr\/produit\/olymp-saturn\/","name":"OLYMP Tabouret de travail Saturn - OLYMP - BEST SALON INSPIRATION","isPartOf":{"@id":"https:\/\/www.olymp-salondesign.com\/fr\/#website"},"primaryImageOfPage":{"@id":"https:\/\/www.olymp-salondesign.com\/fr\/produit\/olymp-saturn\/#primaryimage"},"image":{"@id":"https:\/\/www.olymp-salondesign.com\/fr\/produit\/olymp-saturn\/#primaryimage"},"thumbnailUrl":"https:\/\/www.olymp-salondesign.com\/wp-content\/uploads\/2023\/09\/arbeitshocker-saturn_hoch_mit-fusring-scaled-e1694511422572.jpg","datePublished":"2024-05-14T06:31:13+00:00","dateModified":"2024-08-29T06:00:52+00:00","breadcrumb":{"@id":"https:\/\/www.olymp-salondesign.com\/fr\/produit\/olymp-saturn\/#breadcrumb"},"inLanguage":"fr-FR","potentialAction":[{"@type":"ReadAction","target":["https:\/\/www.olymp-salondesign.com\/fr\/produit\/olymp-saturn\/"]}]},{"@type":"ImageObject","inLanguage":"fr-FR","@id":"https:\/\/www.olymp-salondesign.com\/fr\/produit\/olymp-saturn\/#primaryimage","url":"https:\/\/www.olymp-salondesign.com\/wp-content\/uploads\/2023\/09\/arbeitshocker-saturn_hoch_mit-fusring-scaled-e1694511422572.jpg","contentUrl":"https:\/\/www.olymp-salondesign.com\/wp-content\/uploads\/2023\/09\/arbeitshocker-saturn_hoch_mit-fusring-scaled-e1694511422572.jpg","width":2560,"height":1707},{"@type":"BreadcrumbList","@id":"https:\/\/www.olymp-salondesign.com\/fr\/produit\/olymp-saturn\/#breadcrumb","itemListElement":[{"@type":"ListItem","position":1,"name":"Home","item":"https:\/\/www.olymp-salondesign.com\/fr\/"},{"@type":"ListItem","position":2,"name":"Produits","item":"https:\/\/www.olymp-salondesign.com\/fr\/shop\/"},{"@type":"ListItem","position":3,"name":"OLYMP Tabouret de travail Saturn"}]},{"@type":"WebSite","@id":"https:\/\/www.olymp-salondesign.com\/fr\/#website","url":"https:\/\/www.olymp-salondesign.com\/fr\/","name":"OLYMP - BEST SALON INSPIRATION","description":"BEST SALON INSPIRATION","publisher":{"@id":"https:\/\/www.olymp-salondesign.com\/fr\/#organization"},"potentialAction":[{"@type":"SearchAction","target":{"@type":"EntryPoint","urlTemplate":"https:\/\/www.olymp-salondesign.com\/fr\/?s={search_term_string}"},"query-input":{"@type":"PropertyValueSpecification","valueRequired":true,"valueName":"search_term_string"}}],"inLanguage":"fr-FR"},{"@type":"Organization","@id":"https:\/\/www.olymp-salondesign.com\/fr\/#organization","name":"OLYMP - BEST SALON INSPIRATION","url":"https:\/\/www.olymp-salondesign.com\/fr\/","logo":{"@type":"ImageObject","inLanguage":"fr-FR","@id":"https:\/\/www.olymp-salondesign.com\/fr\/#\/schema\/logo\/image\/","url":"https:\/\/www.olymp-salondesign.com\/wp-content\/uploads\/2019\/05\/logo.svg","contentUrl":"https:\/\/www.olymp-salondesign.com\/wp-content\/uploads\/2019\/05\/logo.svg","width":240,"height":50,"caption":"OLYMP - BEST SALON INSPIRATION"},"image":{"@id":"https:\/\/www.olymp-salondesign.com\/fr\/#\/schema\/logo\/image\/"}}]}},"wpml_current_locale":"fr_FR","wpml_translations":{"de_DE":{"locale":"de_DE","id":38861,"slug":"olymp-saturn","post_title":"OLYMP Saturn","href":"https:\/\/www.olymp-salondesign.com\/de\/produkt\/olymp-saturn\/"},"en":{"locale":"en","id":38876,"slug":"olymp-saturn","post_title":"OLYMP Work stool Saturn","href":"https:\/\/www.olymp-salondesign.com\/product\/olymp-saturn\/"},"pl_PL":{"locale":"pl_PL","id":40737,"slug":"olymp-saturn","post_title":"OLYMP Hoker Saturn","href":"https:\/\/www.olymp-salondesign.com\/pl\/produkt\/olymp-saturn\/"}},"_links":{"self":[{"href":"https:\/\/www.olymp-salondesign.com\/fr\/wp-json\/wp\/v2\/product\/38875"}],"collection":[{"href":"https:\/\/www.olymp-salondesign.com\/fr\/wp-json\/wp\/v2\/product"}],"about":[{"href":"https:\/\/www.olymp-salondesign.com\/fr\/wp-json\/wp\/v2\/types\/product"}],"wp:featuredmedia":[{"embeddable":true,"href":"https:\/\/www.olymp-salondesign.com\/fr\/wp-json\/wp\/v2\/media\/38872"}],"wp:attachment":[{"href":"https:\/\/www.olymp-salondesign.com\/fr\/wp-json\/wp\/v2\/media?parent=38875"}],"wp:term":[{"taxonomy":"product_cat","embeddable":true,"href":"https:\/\/www.olymp-salondesign.com\/fr\/wp-json\/wp\/v2\/product_cat?post=38875"},{"taxonomy":"product_tag","embeddable":true,"href":"https:\/\/www.olymp-salondesign.com\/fr\/wp-json\/wp\/v2\/product_tag?post=38875"}],"curies":[{"name":"wp","href":"https:\/\/api.w.org\/{rel}","templated":true}]}}