{"id":40255,"date":"2019-08-15T14:54:17","date_gmt":"2024-05-22T12:15:37","guid":{"rendered":"https:\/\/www.olymp-salondesign.com\/?post_type=product&#038;p=40255"},"modified":"2025-12-22T09:06:39","modified_gmt":"2025-12-22T08:06:39","slug":"olymp-rodeo-avec-dossier","status":"publish","type":"product","link":"https:\/\/www.olymp-salondesign.com\/fr\/produit\/olymp-rodeo-avec-dossier\/","title":{"rendered":"OLYMP tabouret de travail Rodeo"},"content":{"rendered":"<p id=\"tw-target-text\" class=\"tw-data-text tw-text-large tw-ta\" dir=\"ltr\" data-placeholder=\"\u00dcbersetzung\" aria-label=\"\u00dcbersetzter Text\" data-ved=\"2ahUKEwjV2PjKvquHAxUmh_0HHYVxDEEQ3ewLegQIBhAT\"><span class=\"Y2IQFc\" lang=\"fr\">Tabouret de travail avec assise, inclinaison de l&rsquo;assise et du dossier r\u00e9glables en continu, r\u00e9glage de la hauteur (Lift-o-mat), hauteur de levage d&rsquo;environ 25 cm, pi\u00e8tement \u00e0 5 branches en aluminium poli avec roulettes non frein\u00e9es. Rodeo est disponible avec ou sans dossier.<br \/>\n<\/span><\/p>\n","protected":false},"excerpt":{"rendered":"<p id=\"tw-target-text\" class=\"tw-data-text tw-text-large tw-ta\" dir=\"ltr\" data-placeholder=\"\u00dcbersetzung\" aria-label=\"\u00dcbersetzter Text\" data-ved=\"2ahUKEwjV2PjKvquHAxUmh_0HHYVxDEEQ3ewLegQIBhAT\"><span class=\"Y2IQFc\" lang=\"fr\">Aide utile dans le salon\u00a0<\/span><\/p>\n","protected":false},"featured_media":40259,"template":"","meta":{"_acf_changed":false},"product_cat":[5936,5938],"product_tag":[],"class_list":{"0":"post-40255","1":"product","2":"type-product","3":"status-publish","4":"has-post-thumbnail","6":"product_cat-coiffeur","7":"product_cat-tabouret-de-travail","9":"first","10":"instock","11":"purchasable","12":"product-type-simple"},"acf":[],"yoast_head":"<!-- This site is optimized with the Yoast SEO Premium plugin v23.7 (Yoast SEO v23.7) - https:\/\/yoast.com\/wordpress\/plugins\/seo\/ -->\n<title>OLYMP tabouret de travail Rodeo - OLYMP - BEST SALON INSPIRATION<\/title>\n<meta name=\"robots\" content=\"index, follow, max-snippet:-1, max-image-preview:large, max-video-preview:-1\" \/>\n<link rel=\"canonical\" href=\"https:\/\/www.olymp-salondesign.com\/fr\/produit\/olymp-rodeo-avec-dossier\/\" \/>\n<meta property=\"og:locale\" content=\"fr_FR\" \/>\n<meta property=\"og:type\" content=\"article\" \/>\n<meta property=\"og:title\" content=\"OLYMP tabouret de travail Rodeo\" \/>\n<meta property=\"og:description\" content=\"Aide utile dans le salon\u00a0\" \/>\n<meta property=\"og:url\" content=\"https:\/\/www.olymp-salondesign.com\/fr\/produit\/olymp-rodeo-avec-dossier\/\" \/>\n<meta property=\"og:site_name\" content=\"OLYMP - BEST SALON INSPIRATION\" \/>\n<meta property=\"article:modified_time\" content=\"2025-12-22T08:06:39+00:00\" \/>\n<meta property=\"og:image\" content=\"https:\/\/www.olymp-salondesign.com\/wp-content\/uploads\/2019\/08\/arbeitshocker-rodeo_mit-ruckenlehne_kenya-mittel.jpg\" \/>\n\t<meta property=\"og:image:width\" content=\"1010\" \/>\n\t<meta property=\"og:image:height\" content=\"768\" \/>\n\t<meta property=\"og:image:type\" content=\"image\/jpeg\" \/>\n<meta name=\"twitter:card\" content=\"summary_large_image\" \/>\n<script type=\"application\/ld+json\" class=\"yoast-schema-graph\">{\"@context\":\"https:\/\/schema.org\",\"@graph\":[{\"@type\":\"WebPage\",\"@id\":\"https:\/\/www.olymp-salondesign.com\/fr\/produit\/olymp-rodeo-avec-dossier\/\",\"url\":\"https:\/\/www.olymp-salondesign.com\/fr\/produit\/olymp-rodeo-avec-dossier\/\",\"name\":\"OLYMP tabouret de travail Rodeo - OLYMP - BEST SALON INSPIRATION\",\"isPartOf\":{\"@id\":\"https:\/\/www.olymp-salondesign.com\/fr\/#website\"},\"primaryImageOfPage\":{\"@id\":\"https:\/\/www.olymp-salondesign.com\/fr\/produit\/olymp-rodeo-avec-dossier\/#primaryimage\"},\"image\":{\"@id\":\"https:\/\/www.olymp-salondesign.com\/fr\/produit\/olymp-rodeo-avec-dossier\/#primaryimage\"},\"thumbnailUrl\":\"https:\/\/www.olymp-salondesign.com\/wp-content\/uploads\/2019\/08\/arbeitshocker-rodeo_mit-ruckenlehne_kenya-mittel.jpg\",\"datePublished\":\"2024-05-22T12:15:37+00:00\",\"dateModified\":\"2025-12-22T08:06:39+00:00\",\"breadcrumb\":{\"@id\":\"https:\/\/www.olymp-salondesign.com\/fr\/produit\/olymp-rodeo-avec-dossier\/#breadcrumb\"},\"inLanguage\":\"fr-FR\",\"potentialAction\":[{\"@type\":\"ReadAction\",\"target\":[\"https:\/\/www.olymp-salondesign.com\/fr\/produit\/olymp-rodeo-avec-dossier\/\"]}]},{\"@type\":\"ImageObject\",\"inLanguage\":\"fr-FR\",\"@id\":\"https:\/\/www.olymp-salondesign.com\/fr\/produit\/olymp-rodeo-avec-dossier\/#primaryimage\",\"url\":\"https:\/\/www.olymp-salondesign.com\/wp-content\/uploads\/2019\/08\/arbeitshocker-rodeo_mit-ruckenlehne_kenya-mittel.jpg\",\"contentUrl\":\"https:\/\/www.olymp-salondesign.com\/wp-content\/uploads\/2019\/08\/arbeitshocker-rodeo_mit-ruckenlehne_kenya-mittel.jpg\",\"width\":1010,\"height\":768},{\"@type\":\"BreadcrumbList\",\"@id\":\"https:\/\/www.olymp-salondesign.com\/fr\/produit\/olymp-rodeo-avec-dossier\/#breadcrumb\",\"itemListElement\":[{\"@type\":\"ListItem\",\"position\":1,\"name\":\"Home\",\"item\":\"https:\/\/www.olymp-salondesign.com\/fr\/\"},{\"@type\":\"ListItem\",\"position\":2,\"name\":\"Produits\",\"item\":\"https:\/\/www.olymp-salondesign.com\/fr\/shop\/\"},{\"@type\":\"ListItem\",\"position\":3,\"name\":\"OLYMP tabouret de travail Rodeo\"}]},{\"@type\":\"WebSite\",\"@id\":\"https:\/\/www.olymp-salondesign.com\/fr\/#website\",\"url\":\"https:\/\/www.olymp-salondesign.com\/fr\/\",\"name\":\"OLYMP - BEST SALON INSPIRATION\",\"description\":\"BEST SALON INSPIRATION\",\"publisher\":{\"@id\":\"https:\/\/www.olymp-salondesign.com\/fr\/#organization\"},\"potentialAction\":[{\"@type\":\"SearchAction\",\"target\":{\"@type\":\"EntryPoint\",\"urlTemplate\":\"https:\/\/www.olymp-salondesign.com\/fr\/?s={search_term_string}\"},\"query-input\":{\"@type\":\"PropertyValueSpecification\",\"valueRequired\":true,\"valueName\":\"search_term_string\"}}],\"inLanguage\":\"fr-FR\"},{\"@type\":\"Organization\",\"@id\":\"https:\/\/www.olymp-salondesign.com\/fr\/#organization\",\"name\":\"OLYMP - BEST SALON INSPIRATION\",\"url\":\"https:\/\/www.olymp-salondesign.com\/fr\/\",\"logo\":{\"@type\":\"ImageObject\",\"inLanguage\":\"fr-FR\",\"@id\":\"https:\/\/www.olymp-salondesign.com\/fr\/#\/schema\/logo\/image\/\",\"url\":\"https:\/\/www.olymp-salondesign.com\/wp-content\/uploads\/2019\/05\/logo.svg\",\"contentUrl\":\"https:\/\/www.olymp-salondesign.com\/wp-content\/uploads\/2019\/05\/logo.svg\",\"width\":240,\"height\":50,\"caption\":\"OLYMP - BEST SALON INSPIRATION\"},\"image\":{\"@id\":\"https:\/\/www.olymp-salondesign.com\/fr\/#\/schema\/logo\/image\/\"}}]}<\/script>\n<!-- \/ Yoast SEO Premium plugin. -->","yoast_head_json":{"title":"OLYMP tabouret de travail Rodeo - OLYMP - BEST SALON INSPIRATION","robots":{"index":"index","follow":"follow","max-snippet":"max-snippet:-1","max-image-preview":"max-image-preview:large","max-video-preview":"max-video-preview:-1"},"canonical":"https:\/\/www.olymp-salondesign.com\/fr\/produit\/olymp-rodeo-avec-dossier\/","og_locale":"fr_FR","og_type":"article","og_title":"OLYMP tabouret de travail Rodeo","og_description":"Aide utile dans le salon\u00a0","og_url":"https:\/\/www.olymp-salondesign.com\/fr\/produit\/olymp-rodeo-avec-dossier\/","og_site_name":"OLYMP - BEST SALON INSPIRATION","article_modified_time":"2025-12-22T08:06:39+00:00","og_image":[{"width":1010,"height":768,"url":"https:\/\/www.olymp-salondesign.com\/wp-content\/uploads\/2019\/08\/arbeitshocker-rodeo_mit-ruckenlehne_kenya-mittel.jpg","type":"image\/jpeg"}],"twitter_card":"summary_large_image","schema":{"@context":"https:\/\/schema.org","@graph":[{"@type":"WebPage","@id":"https:\/\/www.olymp-salondesign.com\/fr\/produit\/olymp-rodeo-avec-dossier\/","url":"https:\/\/www.olymp-salondesign.com\/fr\/produit\/olymp-rodeo-avec-dossier\/","name":"OLYMP tabouret de travail Rodeo - OLYMP - BEST SALON INSPIRATION","isPartOf":{"@id":"https:\/\/www.olymp-salondesign.com\/fr\/#website"},"primaryImageOfPage":{"@id":"https:\/\/www.olymp-salondesign.com\/fr\/produit\/olymp-rodeo-avec-dossier\/#primaryimage"},"image":{"@id":"https:\/\/www.olymp-salondesign.com\/fr\/produit\/olymp-rodeo-avec-dossier\/#primaryimage"},"thumbnailUrl":"https:\/\/www.olymp-salondesign.com\/wp-content\/uploads\/2019\/08\/arbeitshocker-rodeo_mit-ruckenlehne_kenya-mittel.jpg","datePublished":"2024-05-22T12:15:37+00:00","dateModified":"2025-12-22T08:06:39+00:00","breadcrumb":{"@id":"https:\/\/www.olymp-salondesign.com\/fr\/produit\/olymp-rodeo-avec-dossier\/#breadcrumb"},"inLanguage":"fr-FR","potentialAction":[{"@type":"ReadAction","target":["https:\/\/www.olymp-salondesign.com\/fr\/produit\/olymp-rodeo-avec-dossier\/"]}]},{"@type":"ImageObject","inLanguage":"fr-FR","@id":"https:\/\/www.olymp-salondesign.com\/fr\/produit\/olymp-rodeo-avec-dossier\/#primaryimage","url":"https:\/\/www.olymp-salondesign.com\/wp-content\/uploads\/2019\/08\/arbeitshocker-rodeo_mit-ruckenlehne_kenya-mittel.jpg","contentUrl":"https:\/\/www.olymp-salondesign.com\/wp-content\/uploads\/2019\/08\/arbeitshocker-rodeo_mit-ruckenlehne_kenya-mittel.jpg","width":1010,"height":768},{"@type":"BreadcrumbList","@id":"https:\/\/www.olymp-salondesign.com\/fr\/produit\/olymp-rodeo-avec-dossier\/#breadcrumb","itemListElement":[{"@type":"ListItem","position":1,"name":"Home","item":"https:\/\/www.olymp-salondesign.com\/fr\/"},{"@type":"ListItem","position":2,"name":"Produits","item":"https:\/\/www.olymp-salondesign.com\/fr\/shop\/"},{"@type":"ListItem","position":3,"name":"OLYMP tabouret de travail Rodeo"}]},{"@type":"WebSite","@id":"https:\/\/www.olymp-salondesign.com\/fr\/#website","url":"https:\/\/www.olymp-salondesign.com\/fr\/","name":"OLYMP - BEST SALON INSPIRATION","description":"BEST SALON INSPIRATION","publisher":{"@id":"https:\/\/www.olymp-salondesign.com\/fr\/#organization"},"potentialAction":[{"@type":"SearchAction","target":{"@type":"EntryPoint","urlTemplate":"https:\/\/www.olymp-salondesign.com\/fr\/?s={search_term_string}"},"query-input":{"@type":"PropertyValueSpecification","valueRequired":true,"valueName":"search_term_string"}}],"inLanguage":"fr-FR"},{"@type":"Organization","@id":"https:\/\/www.olymp-salondesign.com\/fr\/#organization","name":"OLYMP - BEST SALON INSPIRATION","url":"https:\/\/www.olymp-salondesign.com\/fr\/","logo":{"@type":"ImageObject","inLanguage":"fr-FR","@id":"https:\/\/www.olymp-salondesign.com\/fr\/#\/schema\/logo\/image\/","url":"https:\/\/www.olymp-salondesign.com\/wp-content\/uploads\/2019\/05\/logo.svg","contentUrl":"https:\/\/www.olymp-salondesign.com\/wp-content\/uploads\/2019\/05\/logo.svg","width":240,"height":50,"caption":"OLYMP - BEST SALON INSPIRATION"},"image":{"@id":"https:\/\/www.olymp-salondesign.com\/fr\/#\/schema\/logo\/image\/"}}]}},"wpml_current_locale":"fr_FR","wpml_translations":{"de_DE":{"locale":"de_DE","id":14410,"slug":"olymp-rodeo-mit-rueckenlehne","post_title":"OLYMP Arbeitshocker Rodeo","href":"https:\/\/www.olymp-salondesign.com\/de\/produkt\/olymp-rodeo-mit-rueckenlehne\/"},"en":{"locale":"en","id":40254,"slug":"olymp-rodeo-with-backrest","post_title":"OLYMP work stool Rodeo","href":"https:\/\/www.olymp-salondesign.com\/product\/olymp-rodeo-with-backrest\/"},"pl_PL":{"locale":"pl_PL","id":40256,"slug":"olymp-rodeo-z-oparciem","post_title":"OLYMP Hoker Rodeo","href":"https:\/\/www.olymp-salondesign.com\/pl\/produkt\/olymp-rodeo-z-oparciem\/"}},"_links":{"self":[{"href":"https:\/\/www.olymp-salondesign.com\/fr\/wp-json\/wp\/v2\/product\/40255"}],"collection":[{"href":"https:\/\/www.olymp-salondesign.com\/fr\/wp-json\/wp\/v2\/product"}],"about":[{"href":"https:\/\/www.olymp-salondesign.com\/fr\/wp-json\/wp\/v2\/types\/product"}],"wp:featuredmedia":[{"embeddable":true,"href":"https:\/\/www.olymp-salondesign.com\/fr\/wp-json\/wp\/v2\/media\/40259"}],"wp:attachment":[{"href":"https:\/\/www.olymp-salondesign.com\/fr\/wp-json\/wp\/v2\/media?parent=40255"}],"wp:term":[{"taxonomy":"product_cat","embeddable":true,"href":"https:\/\/www.olymp-salondesign.com\/fr\/wp-json\/wp\/v2\/product_cat?post=40255"},{"taxonomy":"product_tag","embeddable":true,"href":"https:\/\/www.olymp-salondesign.com\/fr\/wp-json\/wp\/v2\/product_tag?post=40255"}],"curies":[{"name":"wp","href":"https:\/\/api.w.org\/{rel}","templated":true}]}}