{"id":31809,"date":"2020-09-04T15:52:17","date_gmt":"2020-09-04T13:52:17","guid":{"rendered":"https:\/\/olymp-wp-salondesign.dev-2.alkima.io\/obslugi-klienta\/"},"modified":"2020-10-20T12:58:37","modified_gmt":"2020-10-20T10:58:37","slug":"obslugi-klienta","status":"publish","type":"page","link":"https:\/\/www.olymp-salondesign.com\/pl\/obslugi-klienta\/","title":{"rendered":"Obs\u0142ugi klienta"},"content":{"rendered":"<p>Niezale\u017cnie od tego, czy jest to salon fryzjerski, czy kosmetyczny, niezawodne wyposa\u017cenie w ka\u017cdych warunkach pracy daje podstaw\u0119 do wydajnej pracy na najwy\u017cszym poziomie. Trwa\u0142o\u015b\u0107 nie oznacza jednak wieczno\u015bci. Ale co zrobi\u0107, je\u015bli na pewnym etapie nagle co\u015b si\u0119 zepsuje? Albo je\u015bli cz\u0119\u015b\u0107 zamienna jest pilnie potrzebna? Nie stanowi to problemu, je\u015bli masz pod r\u0119k\u0105 OLYMP! Obs\u0142uga klienta OLYMP ma fantastyczn\u0105 sie\u0107 w ca\u0142ych Niemczech, a jej przedstawiciele s\u0105 szybko na miejscu, gdy zostan\u0105 wezwani. Co r\u00f3wnie wa\u017cne, wiele cz\u0119\u015bci zamiennych znajduje si\u0119 w magazynie <\/br>i jest dost\u0119pnych w dowolnym momencie. W nag\u0142ych przypadkach OLYMP gwarantuje najszybszy czas reakcji i natychmiastowe naprawy. W OLYMP postrzegamy serwis jako co\u015b, do czego masz prawo. Traktujemy obs\u0142ug\u0119 klienta jako jedno z naszych zobowi\u0105za\u0144. <\/p>","protected":false},"excerpt":{"rendered":"<p>Niezale\u017cnie od tego, czy jest to salon fryzjerski, czy kosmetyczny, niezawodne wyposa\u017cenie w ka\u017cdych warunkach pracy daje podstaw\u0119 do wydajnej pracy na najwy\u017cszym poziomie. Trwa\u0142o\u015b\u0107 nie oznacza jednak wieczno\u015bci. Ale co zrobi\u0107, je\u015bli na pewnym etapie nagle co\u015b si\u0119 zepsuje? Albo je\u015bli cz\u0119\u015b\u0107 zamienna jest pilnie potrzebna? Nie stanowi to problemu, je\u015bli masz pod r\u0119k\u0105 [&hellip;]<\/p>\n","protected":false},"author":8,"featured_media":31810,"parent":0,"menu_order":0,"comment_status":"closed","ping_status":"closed","template":"","meta":{"_acf_changed":false,"footnotes":""},"class_list":["post-31809","page","type-page","status-publish","has-post-thumbnail","hentry"],"acf":[],"yoast_head":"<!-- This site is optimized with the Yoast SEO Premium plugin v23.7 (Yoast SEO v23.7) - https:\/\/yoast.com\/wordpress\/plugins\/seo\/ -->\n<title>Obs\u0142ugi klienta - OLYMP - BEST SALON INSPIRATION<\/title>\n<meta name=\"robots\" content=\"index, follow, max-snippet:-1, max-image-preview:large, max-video-preview:-1\" \/>\n<link rel=\"canonical\" href=\"https:\/\/www.olymp-salondesign.com\/pl\/obslugi-klienta\/\" \/>\n<meta property=\"og:locale\" content=\"pl_PL\" \/>\n<meta property=\"og:type\" content=\"article\" \/>\n<meta property=\"og:title\" content=\"Obs\u0142ugi klienta\" \/>\n<meta property=\"og:description\" content=\"Niezale\u017cnie od tego, czy jest to salon fryzjerski, czy kosmetyczny, niezawodne wyposa\u017cenie w ka\u017cdych warunkach pracy daje podstaw\u0119 do wydajnej pracy na najwy\u017cszym poziomie. Trwa\u0142o\u015b\u0107 nie oznacza jednak wieczno\u015bci. Ale co zrobi\u0107, je\u015bli na pewnym etapie nagle co\u015b si\u0119 zepsuje? Albo je\u015bli cz\u0119\u015b\u0107 zamienna jest pilnie potrzebna? Nie stanowi to problemu, je\u015bli masz pod r\u0119k\u0105 [&hellip;]\" \/>\n<meta property=\"og:url\" content=\"https:\/\/www.olymp-salondesign.com\/pl\/obslugi-klienta\/\" \/>\n<meta property=\"og:site_name\" content=\"OLYMP - BEST SALON INSPIRATION\" \/>\n<meta property=\"article:modified_time\" content=\"2020-10-20T10:58:37+00:00\" \/>\n<meta property=\"og:image\" content=\"https:\/\/www.olymp-salondesign.com\/wp-content\/uploads\/2019\/08\/20160829_Olymp_0971.jpg\" \/>\n\t<meta property=\"og:image:width\" content=\"2048\" \/>\n\t<meta property=\"og:image:height\" content=\"1365\" \/>\n\t<meta property=\"og:image:type\" content=\"image\/jpeg\" \/>\n<meta name=\"twitter:card\" content=\"summary_large_image\" \/>\n<meta name=\"twitter:label1\" content=\"Szacowany czas czytania\" \/>\n\t<meta name=\"twitter:data1\" content=\"1 minuta\" \/>\n<script type=\"application\/ld+json\" class=\"yoast-schema-graph\">{\"@context\":\"https:\/\/schema.org\",\"@graph\":[{\"@type\":\"WebPage\",\"@id\":\"https:\/\/www.olymp-salondesign.com\/pl\/obslugi-klienta\/\",\"url\":\"https:\/\/www.olymp-salondesign.com\/pl\/obslugi-klienta\/\",\"name\":\"Obs\u0142ugi klienta - OLYMP - BEST SALON INSPIRATION\",\"isPartOf\":{\"@id\":\"https:\/\/www.olymp-salondesign.com\/pl\/#website\"},\"primaryImageOfPage\":{\"@id\":\"https:\/\/www.olymp-salondesign.com\/pl\/obslugi-klienta\/#primaryimage\"},\"image\":{\"@id\":\"https:\/\/www.olymp-salondesign.com\/pl\/obslugi-klienta\/#primaryimage\"},\"thumbnailUrl\":\"https:\/\/www.olymp-salondesign.com\/wp-content\/uploads\/2019\/08\/20160829_Olymp_0971.jpg\",\"datePublished\":\"2020-09-04T13:52:17+00:00\",\"dateModified\":\"2020-10-20T10:58:37+00:00\",\"breadcrumb\":{\"@id\":\"https:\/\/www.olymp-salondesign.com\/pl\/obslugi-klienta\/#breadcrumb\"},\"inLanguage\":\"pl-PL\",\"potentialAction\":[{\"@type\":\"ReadAction\",\"target\":[\"https:\/\/www.olymp-salondesign.com\/pl\/obslugi-klienta\/\"]}]},{\"@type\":\"ImageObject\",\"inLanguage\":\"pl-PL\",\"@id\":\"https:\/\/www.olymp-salondesign.com\/pl\/obslugi-klienta\/#primaryimage\",\"url\":\"https:\/\/www.olymp-salondesign.com\/wp-content\/uploads\/2019\/08\/20160829_Olymp_0971.jpg\",\"contentUrl\":\"https:\/\/www.olymp-salondesign.com\/wp-content\/uploads\/2019\/08\/20160829_Olymp_0971.jpg\",\"width\":2048,\"height\":1365},{\"@type\":\"BreadcrumbList\",\"@id\":\"https:\/\/www.olymp-salondesign.com\/pl\/obslugi-klienta\/#breadcrumb\",\"itemListElement\":[{\"@type\":\"ListItem\",\"position\":1,\"name\":\"Home\",\"item\":\"https:\/\/www.olymp-salondesign.com\/pl\/\"},{\"@type\":\"ListItem\",\"position\":2,\"name\":\"Obs\u0142ugi klienta\"}]},{\"@type\":\"WebSite\",\"@id\":\"https:\/\/www.olymp-salondesign.com\/pl\/#website\",\"url\":\"https:\/\/www.olymp-salondesign.com\/pl\/\",\"name\":\"OLYMP - BEST SALON INSPIRATION\",\"description\":\"BEST SALON INSPIRATION\",\"publisher\":{\"@id\":\"https:\/\/www.olymp-salondesign.com\/pl\/#organization\"},\"potentialAction\":[{\"@type\":\"SearchAction\",\"target\":{\"@type\":\"EntryPoint\",\"urlTemplate\":\"https:\/\/www.olymp-salondesign.com\/pl\/?s={search_term_string}\"},\"query-input\":{\"@type\":\"PropertyValueSpecification\",\"valueRequired\":true,\"valueName\":\"search_term_string\"}}],\"inLanguage\":\"pl-PL\"},{\"@type\":\"Organization\",\"@id\":\"https:\/\/www.olymp-salondesign.com\/pl\/#organization\",\"name\":\"OLYMP - BEST SALON INSPIRATION\",\"url\":\"https:\/\/www.olymp-salondesign.com\/pl\/\",\"logo\":{\"@type\":\"ImageObject\",\"inLanguage\":\"pl-PL\",\"@id\":\"https:\/\/www.olymp-salondesign.com\/pl\/#\/schema\/logo\/image\/\",\"url\":\"https:\/\/www.olymp-salondesign.com\/wp-content\/uploads\/2019\/05\/logo.svg\",\"contentUrl\":\"https:\/\/www.olymp-salondesign.com\/wp-content\/uploads\/2019\/05\/logo.svg\",\"width\":240,\"height\":50,\"caption\":\"OLYMP - BEST SALON INSPIRATION\"},\"image\":{\"@id\":\"https:\/\/www.olymp-salondesign.com\/pl\/#\/schema\/logo\/image\/\"}}]}<\/script>\n<!-- \/ Yoast SEO Premium plugin. -->","yoast_head_json":{"title":"Obs\u0142ugi klienta - OLYMP - BEST SALON INSPIRATION","robots":{"index":"index","follow":"follow","max-snippet":"max-snippet:-1","max-image-preview":"max-image-preview:large","max-video-preview":"max-video-preview:-1"},"canonical":"https:\/\/www.olymp-salondesign.com\/pl\/obslugi-klienta\/","og_locale":"pl_PL","og_type":"article","og_title":"Obs\u0142ugi klienta","og_description":"Niezale\u017cnie od tego, czy jest to salon fryzjerski, czy kosmetyczny, niezawodne wyposa\u017cenie w ka\u017cdych warunkach pracy daje podstaw\u0119 do wydajnej pracy na najwy\u017cszym poziomie. Trwa\u0142o\u015b\u0107 nie oznacza jednak wieczno\u015bci. Ale co zrobi\u0107, je\u015bli na pewnym etapie nagle co\u015b si\u0119 zepsuje? Albo je\u015bli cz\u0119\u015b\u0107 zamienna jest pilnie potrzebna? Nie stanowi to problemu, je\u015bli masz pod r\u0119k\u0105 [&hellip;]","og_url":"https:\/\/www.olymp-salondesign.com\/pl\/obslugi-klienta\/","og_site_name":"OLYMP - BEST SALON INSPIRATION","article_modified_time":"2020-10-20T10:58:37+00:00","og_image":[{"width":2048,"height":1365,"url":"https:\/\/www.olymp-salondesign.com\/wp-content\/uploads\/2019\/08\/20160829_Olymp_0971.jpg","type":"image\/jpeg"}],"twitter_card":"summary_large_image","twitter_misc":{"Szacowany czas czytania":"1 minuta"},"schema":{"@context":"https:\/\/schema.org","@graph":[{"@type":"WebPage","@id":"https:\/\/www.olymp-salondesign.com\/pl\/obslugi-klienta\/","url":"https:\/\/www.olymp-salondesign.com\/pl\/obslugi-klienta\/","name":"Obs\u0142ugi klienta - OLYMP - BEST SALON INSPIRATION","isPartOf":{"@id":"https:\/\/www.olymp-salondesign.com\/pl\/#website"},"primaryImageOfPage":{"@id":"https:\/\/www.olymp-salondesign.com\/pl\/obslugi-klienta\/#primaryimage"},"image":{"@id":"https:\/\/www.olymp-salondesign.com\/pl\/obslugi-klienta\/#primaryimage"},"thumbnailUrl":"https:\/\/www.olymp-salondesign.com\/wp-content\/uploads\/2019\/08\/20160829_Olymp_0971.jpg","datePublished":"2020-09-04T13:52:17+00:00","dateModified":"2020-10-20T10:58:37+00:00","breadcrumb":{"@id":"https:\/\/www.olymp-salondesign.com\/pl\/obslugi-klienta\/#breadcrumb"},"inLanguage":"pl-PL","potentialAction":[{"@type":"ReadAction","target":["https:\/\/www.olymp-salondesign.com\/pl\/obslugi-klienta\/"]}]},{"@type":"ImageObject","inLanguage":"pl-PL","@id":"https:\/\/www.olymp-salondesign.com\/pl\/obslugi-klienta\/#primaryimage","url":"https:\/\/www.olymp-salondesign.com\/wp-content\/uploads\/2019\/08\/20160829_Olymp_0971.jpg","contentUrl":"https:\/\/www.olymp-salondesign.com\/wp-content\/uploads\/2019\/08\/20160829_Olymp_0971.jpg","width":2048,"height":1365},{"@type":"BreadcrumbList","@id":"https:\/\/www.olymp-salondesign.com\/pl\/obslugi-klienta\/#breadcrumb","itemListElement":[{"@type":"ListItem","position":1,"name":"Home","item":"https:\/\/www.olymp-salondesign.com\/pl\/"},{"@type":"ListItem","position":2,"name":"Obs\u0142ugi klienta"}]},{"@type":"WebSite","@id":"https:\/\/www.olymp-salondesign.com\/pl\/#website","url":"https:\/\/www.olymp-salondesign.com\/pl\/","name":"OLYMP - BEST SALON INSPIRATION","description":"BEST SALON INSPIRATION","publisher":{"@id":"https:\/\/www.olymp-salondesign.com\/pl\/#organization"},"potentialAction":[{"@type":"SearchAction","target":{"@type":"EntryPoint","urlTemplate":"https:\/\/www.olymp-salondesign.com\/pl\/?s={search_term_string}"},"query-input":{"@type":"PropertyValueSpecification","valueRequired":true,"valueName":"search_term_string"}}],"inLanguage":"pl-PL"},{"@type":"Organization","@id":"https:\/\/www.olymp-salondesign.com\/pl\/#organization","name":"OLYMP - BEST SALON INSPIRATION","url":"https:\/\/www.olymp-salondesign.com\/pl\/","logo":{"@type":"ImageObject","inLanguage":"pl-PL","@id":"https:\/\/www.olymp-salondesign.com\/pl\/#\/schema\/logo\/image\/","url":"https:\/\/www.olymp-salondesign.com\/wp-content\/uploads\/2019\/05\/logo.svg","contentUrl":"https:\/\/www.olymp-salondesign.com\/wp-content\/uploads\/2019\/05\/logo.svg","width":240,"height":50,"caption":"OLYMP - BEST SALON INSPIRATION"},"image":{"@id":"https:\/\/www.olymp-salondesign.com\/pl\/#\/schema\/logo\/image\/"}}]}},"wpml_current_locale":"pl_PL","wpml_translations":{"de_DE":{"locale":"de_DE","id":1149,"slug":"kundendienst-friseur","post_title":"Kundendienst","href":"https:\/\/www.olymp-salondesign.com\/de\/kundendienst-friseur\/"},"en":{"locale":"en","id":3159,"slug":"customer-service-hairdressing","post_title":"Customer service","href":"https:\/\/www.olymp-salondesign.com\/customer-service-hairdressing\/"},"fr_FR":{"locale":"fr_FR","id":36549,"slug":"service-apres-vente","post_title":"SERVICE APR\u00c8S-VENTE","href":"https:\/\/www.olymp-salondesign.com\/fr\/service-apres-vente\/"}},"_links":{"self":[{"href":"https:\/\/www.olymp-salondesign.com\/pl\/wp-json\/wp\/v2\/pages\/31809"}],"collection":[{"href":"https:\/\/www.olymp-salondesign.com\/pl\/wp-json\/wp\/v2\/pages"}],"about":[{"href":"https:\/\/www.olymp-salondesign.com\/pl\/wp-json\/wp\/v2\/types\/page"}],"author":[{"embeddable":true,"href":"https:\/\/www.olymp-salondesign.com\/pl\/wp-json\/wp\/v2\/users\/8"}],"replies":[{"embeddable":true,"href":"https:\/\/www.olymp-salondesign.com\/pl\/wp-json\/wp\/v2\/comments?post=31809"}],"version-history":[{"count":4,"href":"https:\/\/www.olymp-salondesign.com\/pl\/wp-json\/wp\/v2\/pages\/31809\/revisions"}],"predecessor-version":[{"id":33516,"href":"https:\/\/www.olymp-salondesign.com\/pl\/wp-json\/wp\/v2\/pages\/31809\/revisions\/33516"}],"wp:featuredmedia":[{"embeddable":true,"href":"https:\/\/www.olymp-salondesign.com\/pl\/wp-json\/wp\/v2\/media\/31810"}],"wp:attachment":[{"href":"https:\/\/www.olymp-salondesign.com\/pl\/wp-json\/wp\/v2\/media?parent=31809"}],"curies":[{"name":"wp","href":"https:\/\/api.w.org\/{rel}","templated":true}]}}