{"id":31846,"date":"2019-09-02T14:14:11","date_gmt":"2019-09-02T12:14:11","guid":{"rendered":"https:\/\/olymp-wp-salondesign.dev-2.alkima.io\/design-hairdressing\/"},"modified":"2020-10-20T11:27:26","modified_gmt":"2020-10-20T09:27:26","slug":"design-fryzjerski","status":"publish","type":"page","link":"https:\/\/www.olymp-salondesign.com\/pl\/design-fryzjerski\/","title":{"rendered":"Design"},"content":{"rendered":"<h3 class=\"wp-block-heading\">\u201eProjekty, kt\u00f3re wychodz\u0105 poza kr\u00f3tkoterminowe trendy &#8211; atrakcyjne, funkcjonalne i zr\u00f3wnowa\u017cone\u201d<\/h3><p><\/p><div class=\"wp-block-image\"><figure class=\"alignright is-resized\"><img loading=\"lazy\" decoding=\"async\" src=\"https:\/\/www.olymp-salondesign.com\/wp-content\/uploads\/2019\/07\/person-833x1024.jpg\" alt=\"\" class=\"wp-image-7069\" width=\"177\" height=\"218\" srcset=\"https:\/\/www.olymp-salondesign.com\/wp-content\/uploads\/2019\/07\/person.jpg 833w, https:\/\/www.olymp-salondesign.com\/wp-content\/uploads\/2019\/07\/person-216x266.jpg 216w, https:\/\/www.olymp-salondesign.com\/wp-content\/uploads\/2019\/07\/person-537x660.jpg 537w, https:\/\/www.olymp-salondesign.com\/wp-content\/uploads\/2019\/07\/person-600x738.jpg 600w, https:\/\/www.olymp-salondesign.com\/wp-content\/uploads\/2019\/07\/person-285x350.jpg 285w, https:\/\/www.olymp-salondesign.com\/wp-content\/uploads\/2019\/07\/person-768x944.jpg 768w, https:\/\/www.olymp-salondesign.com\/wp-content\/uploads\/2019\/07\/person-126x155.jpg 126w, https:\/\/www.olymp-salondesign.com\/wp-content\/uploads\/2019\/07\/person-660x811.jpg 660w\" sizes=\"(max-width: 177px) 100vw, 177px\" \/><figcaption>Christian Frank Dyrektor ds. Projektowania<\/br> i Rozwoju w firmie OLYMP<\/figcaption><\/figure><\/div><div class=\"wp-block-image\"><figure class=\"alignright is-resized\"><img loading=\"lazy\" decoding=\"async\" src=\"https:\/\/www.olymp-salondesign.com\/wp-content\/uploads\/2019\/03\/Hamburg-1-2_Bildgr\u00f6\u00dfe-\u00e4ndern-Kopie_cmyk.jpg\" alt=\"\" class=\"wp-image-1037\" width=\"177\" height=\"218\" srcset=\"https:\/\/www.olymp-salondesign.com\/wp-content\/uploads\/2019\/03\/Hamburg-1-2_Bildgr\u00f6\u00dfe-\u00e4ndern-Kopie_cmyk.jpg 1665w, https:\/\/www.olymp-salondesign.com\/wp-content\/uploads\/2019\/03\/Hamburg-1-2_Bildgr\u00f6\u00dfe-\u00e4ndern-Kopie_cmyk-216x266.jpg 216w, https:\/\/www.olymp-salondesign.com\/wp-content\/uploads\/2019\/03\/Hamburg-1-2_Bildgr\u00f6\u00dfe-\u00e4ndern-Kopie_cmyk-537x660.jpg 537w, https:\/\/www.olymp-salondesign.com\/wp-content\/uploads\/2019\/03\/Hamburg-1-2_Bildgr\u00f6\u00dfe-\u00e4ndern-Kopie_cmyk-600x738.jpg 600w, https:\/\/www.olymp-salondesign.com\/wp-content\/uploads\/2019\/03\/Hamburg-1-2_Bildgr\u00f6\u00dfe-\u00e4ndern-Kopie_cmyk-285x350.jpg 285w, https:\/\/www.olymp-salondesign.com\/wp-content\/uploads\/2019\/03\/Hamburg-1-2_Bildgr\u00f6\u00dfe-\u00e4ndern-Kopie_cmyk-768x945.jpg 768w, https:\/\/www.olymp-salondesign.com\/wp-content\/uploads\/2019\/03\/Hamburg-1-2_Bildgr\u00f6\u00dfe-\u00e4ndern-Kopie_cmyk-833x1024.jpg 833w, https:\/\/www.olymp-salondesign.com\/wp-content\/uploads\/2019\/03\/Hamburg-1-2_Bildgr\u00f6\u00dfe-\u00e4ndern-Kopie_cmyk-126x155.jpg 126w, https:\/\/www.olymp-salondesign.com\/wp-content\/uploads\/2019\/03\/Hamburg-1-2_Bildgr\u00f6\u00dfe-\u00e4ndern-Kopie_cmyk-660x812.jpg 660w\" sizes=\"(max-width: 177px) 100vw, 177px\" \/><figcaption>1 : 4 model fotelu OLYMP Mellow<\/figcaption><\/figure><\/div><p>Dobry projekt cechuje estetyka, porz\u0105dek, sp\u00f3jno\u015b\u0107 funkcjonalna oraz znakomita jako\u015b\u0107 materia\u0142\u00f3w. Doskona\u0142y projekt \u0142\u0105czy w sobie pi\u0119kno i jako\u015b\u0107 u\u017cytkow\u0105, tworz\u0105c ca\u0142o\u015bciowe wra\u017cenia. Jak osi\u0105ga si\u0119 doskona\u0142o\u015b\u0107? Je\u015bli co\u015b ma by\u0107 ca\u0142kowicie doskona\u0142e, nie szukaj pomocy z zewn\u0105trz! W\u0142a\u015bnie za tym przekonaniem pod\u0105\u017ca OLYMP. W szczeg\u00f3lno\u015bci oznacza to, \u017ce wszystkie produkty zosta\u0142y wymy\u015blone, opracowane, zaprojektowane, wypr\u00f3bowane i przetestowane w samej firmie OLYMP. Gwarantuje to pe\u0142ne spe\u0142nienie rygorystycznych wymaga\u0144 codziennego fryzjerstwa pod wzgl\u0119dem estetyki, przydatno\u015bci do codziennego u\u017cytku, ergonomii i trwa\u0142o\u015bci.<\/p><p>Osi\u0105gni\u0119cie idealnego projektu to praca zespo\u0142owa. Wielu ekspert\u00f3w obeznanych ze stylem <\/br>i przenikliwych tw\u00f3rczych geniuszy wsp\u00f3\u0142pracuje z Dyrektorem ds. Projektowania i Rozwoju firmy OLYMP, Christianem Frankiem. TY jednak jeste\u015b najwa\u017cniejszym tw\u00f3rc\u0105 w tym procesie! OLYMP prowadzi intensywny dialog z fryzjerami oparty na wieloletnim do\u015bwiadczeniu <\/br>i g\u0142\u0119bokim przekonaniu. Dzie\u0144 po dniu.<\/p><p><\/p>","protected":false},"excerpt":{"rendered":"<p>\u201eProjekty, kt\u00f3re wychodz\u0105 poza kr\u00f3tkoterminowe trendy &#8211; atrakcyjne, funkcjonalne i zr\u00f3wnowa\u017cone\u201d Dobry projekt cechuje estetyka, porz\u0105dek, sp\u00f3jno\u015b\u0107 funkcjonalna oraz znakomita jako\u015b\u0107 materia\u0142\u00f3w. Doskona\u0142y projekt \u0142\u0105czy w sobie pi\u0119kno i jako\u015b\u0107 u\u017cytkow\u0105, tworz\u0105c ca\u0142o\u015bciowe wra\u017cenia. Jak osi\u0105ga si\u0119 doskona\u0142o\u015b\u0107? Je\u015bli co\u015b ma by\u0107 ca\u0142kowicie doskona\u0142e, nie szukaj pomocy z zewn\u0105trz! W\u0142a\u015bnie za tym przekonaniem pod\u0105\u017ca OLYMP. [&hellip;]<\/p>\n","protected":false},"author":8,"featured_media":1016,"parent":0,"menu_order":0,"comment_status":"closed","ping_status":"closed","template":"","meta":{"_acf_changed":false,"footnotes":""},"class_list":["post-31846","page","type-page","status-publish","has-post-thumbnail","hentry"],"acf":[],"yoast_head":"<!-- This site is optimized with the Yoast SEO Premium plugin v23.7 (Yoast SEO v23.7) - https:\/\/yoast.com\/wordpress\/plugins\/seo\/ -->\n<title>Design - OLYMP - BEST SALON INSPIRATION<\/title>\n<meta name=\"robots\" content=\"index, follow, max-snippet:-1, max-image-preview:large, max-video-preview:-1\" \/>\n<link rel=\"canonical\" href=\"https:\/\/www.olymp-salondesign.com\/pl\/design-fryzjerski\/\" \/>\n<meta property=\"og:locale\" content=\"pl_PL\" \/>\n<meta property=\"og:type\" content=\"article\" \/>\n<meta property=\"og:title\" content=\"Design\" \/>\n<meta property=\"og:description\" content=\"\u201eProjekty, kt\u00f3re wychodz\u0105 poza kr\u00f3tkoterminowe trendy &#8211; atrakcyjne, funkcjonalne i zr\u00f3wnowa\u017cone\u201d Dobry projekt cechuje estetyka, porz\u0105dek, sp\u00f3jno\u015b\u0107 funkcjonalna oraz znakomita jako\u015b\u0107 materia\u0142\u00f3w. Doskona\u0142y projekt \u0142\u0105czy w sobie pi\u0119kno i jako\u015b\u0107 u\u017cytkow\u0105, tworz\u0105c ca\u0142o\u015bciowe wra\u017cenia. Jak osi\u0105ga si\u0119 doskona\u0142o\u015b\u0107? Je\u015bli co\u015b ma by\u0107 ca\u0142kowicie doskona\u0142e, nie szukaj pomocy z zewn\u0105trz! W\u0142a\u015bnie za tym przekonaniem pod\u0105\u017ca OLYMP. [&hellip;]\" \/>\n<meta property=\"og:url\" content=\"https:\/\/www.olymp-salondesign.com\/pl\/design-fryzjerski\/\" \/>\n<meta property=\"og:site_name\" content=\"OLYMP - BEST SALON INSPIRATION\" \/>\n<meta property=\"article:modified_time\" content=\"2020-10-20T09:27:26+00:00\" \/>\n<meta property=\"og:image\" content=\"https:\/\/www.olymp-salondesign.com\/wp-content\/uploads\/2019\/03\/Mellow_Skizzen_bearbeitet_heller_final.jpg\" \/>\n\t<meta property=\"og:image:width\" content=\"2000\" \/>\n\t<meta property=\"og:image:height\" content=\"1414\" \/>\n\t<meta property=\"og:image:type\" content=\"image\/jpeg\" \/>\n<meta name=\"twitter:card\" content=\"summary_large_image\" \/>\n<meta name=\"twitter:label1\" content=\"Szacowany czas czytania\" \/>\n\t<meta name=\"twitter:data1\" content=\"1 minuta\" \/>\n<script type=\"application\/ld+json\" class=\"yoast-schema-graph\">{\"@context\":\"https:\/\/schema.org\",\"@graph\":[{\"@type\":\"WebPage\",\"@id\":\"https:\/\/www.olymp-salondesign.com\/pl\/design-fryzjerski\/\",\"url\":\"https:\/\/www.olymp-salondesign.com\/pl\/design-fryzjerski\/\",\"name\":\"Design - OLYMP - BEST SALON INSPIRATION\",\"isPartOf\":{\"@id\":\"https:\/\/www.olymp-salondesign.com\/pl\/#website\"},\"primaryImageOfPage\":{\"@id\":\"https:\/\/www.olymp-salondesign.com\/pl\/design-fryzjerski\/#primaryimage\"},\"image\":{\"@id\":\"https:\/\/www.olymp-salondesign.com\/pl\/design-fryzjerski\/#primaryimage\"},\"thumbnailUrl\":\"https:\/\/www.olymp-salondesign.com\/wp-content\/uploads\/2019\/03\/Mellow_Skizzen_bearbeitet_heller_final.jpg\",\"datePublished\":\"2019-09-02T12:14:11+00:00\",\"dateModified\":\"2020-10-20T09:27:26+00:00\",\"breadcrumb\":{\"@id\":\"https:\/\/www.olymp-salondesign.com\/pl\/design-fryzjerski\/#breadcrumb\"},\"inLanguage\":\"pl-PL\",\"potentialAction\":[{\"@type\":\"ReadAction\",\"target\":[\"https:\/\/www.olymp-salondesign.com\/pl\/design-fryzjerski\/\"]}]},{\"@type\":\"ImageObject\",\"inLanguage\":\"pl-PL\",\"@id\":\"https:\/\/www.olymp-salondesign.com\/pl\/design-fryzjerski\/#primaryimage\",\"url\":\"https:\/\/www.olymp-salondesign.com\/wp-content\/uploads\/2019\/03\/Mellow_Skizzen_bearbeitet_heller_final.jpg\",\"contentUrl\":\"https:\/\/www.olymp-salondesign.com\/wp-content\/uploads\/2019\/03\/Mellow_Skizzen_bearbeitet_heller_final.jpg\",\"width\":2000,\"height\":1414},{\"@type\":\"BreadcrumbList\",\"@id\":\"https:\/\/www.olymp-salondesign.com\/pl\/design-fryzjerski\/#breadcrumb\",\"itemListElement\":[{\"@type\":\"ListItem\",\"position\":1,\"name\":\"Home\",\"item\":\"https:\/\/www.olymp-salondesign.com\/pl\/\"},{\"@type\":\"ListItem\",\"position\":2,\"name\":\"Design\"}]},{\"@type\":\"WebSite\",\"@id\":\"https:\/\/www.olymp-salondesign.com\/pl\/#website\",\"url\":\"https:\/\/www.olymp-salondesign.com\/pl\/\",\"name\":\"OLYMP - BEST SALON INSPIRATION\",\"description\":\"BEST SALON INSPIRATION\",\"publisher\":{\"@id\":\"https:\/\/www.olymp-salondesign.com\/pl\/#organization\"},\"potentialAction\":[{\"@type\":\"SearchAction\",\"target\":{\"@type\":\"EntryPoint\",\"urlTemplate\":\"https:\/\/www.olymp-salondesign.com\/pl\/?s={search_term_string}\"},\"query-input\":{\"@type\":\"PropertyValueSpecification\",\"valueRequired\":true,\"valueName\":\"search_term_string\"}}],\"inLanguage\":\"pl-PL\"},{\"@type\":\"Organization\",\"@id\":\"https:\/\/www.olymp-salondesign.com\/pl\/#organization\",\"name\":\"OLYMP - BEST SALON INSPIRATION\",\"url\":\"https:\/\/www.olymp-salondesign.com\/pl\/\",\"logo\":{\"@type\":\"ImageObject\",\"inLanguage\":\"pl-PL\",\"@id\":\"https:\/\/www.olymp-salondesign.com\/pl\/#\/schema\/logo\/image\/\",\"url\":\"https:\/\/www.olymp-salondesign.com\/wp-content\/uploads\/2019\/05\/logo.svg\",\"contentUrl\":\"https:\/\/www.olymp-salondesign.com\/wp-content\/uploads\/2019\/05\/logo.svg\",\"width\":240,\"height\":50,\"caption\":\"OLYMP - BEST SALON INSPIRATION\"},\"image\":{\"@id\":\"https:\/\/www.olymp-salondesign.com\/pl\/#\/schema\/logo\/image\/\"}}]}<\/script>\n<!-- \/ Yoast SEO Premium plugin. -->","yoast_head_json":{"title":"Design - OLYMP - BEST SALON INSPIRATION","robots":{"index":"index","follow":"follow","max-snippet":"max-snippet:-1","max-image-preview":"max-image-preview:large","max-video-preview":"max-video-preview:-1"},"canonical":"https:\/\/www.olymp-salondesign.com\/pl\/design-fryzjerski\/","og_locale":"pl_PL","og_type":"article","og_title":"Design","og_description":"\u201eProjekty, kt\u00f3re wychodz\u0105 poza kr\u00f3tkoterminowe trendy &#8211; atrakcyjne, funkcjonalne i zr\u00f3wnowa\u017cone\u201d Dobry projekt cechuje estetyka, porz\u0105dek, sp\u00f3jno\u015b\u0107 funkcjonalna oraz znakomita jako\u015b\u0107 materia\u0142\u00f3w. Doskona\u0142y projekt \u0142\u0105czy w sobie pi\u0119kno i jako\u015b\u0107 u\u017cytkow\u0105, tworz\u0105c ca\u0142o\u015bciowe wra\u017cenia. Jak osi\u0105ga si\u0119 doskona\u0142o\u015b\u0107? Je\u015bli co\u015b ma by\u0107 ca\u0142kowicie doskona\u0142e, nie szukaj pomocy z zewn\u0105trz! W\u0142a\u015bnie za tym przekonaniem pod\u0105\u017ca OLYMP. [&hellip;]","og_url":"https:\/\/www.olymp-salondesign.com\/pl\/design-fryzjerski\/","og_site_name":"OLYMP - BEST SALON INSPIRATION","article_modified_time":"2020-10-20T09:27:26+00:00","og_image":[{"width":2000,"height":1414,"url":"https:\/\/www.olymp-salondesign.com\/wp-content\/uploads\/2019\/03\/Mellow_Skizzen_bearbeitet_heller_final.jpg","type":"image\/jpeg"}],"twitter_card":"summary_large_image","twitter_misc":{"Szacowany czas czytania":"1 minuta"},"schema":{"@context":"https:\/\/schema.org","@graph":[{"@type":"WebPage","@id":"https:\/\/www.olymp-salondesign.com\/pl\/design-fryzjerski\/","url":"https:\/\/www.olymp-salondesign.com\/pl\/design-fryzjerski\/","name":"Design - OLYMP - BEST SALON INSPIRATION","isPartOf":{"@id":"https:\/\/www.olymp-salondesign.com\/pl\/#website"},"primaryImageOfPage":{"@id":"https:\/\/www.olymp-salondesign.com\/pl\/design-fryzjerski\/#primaryimage"},"image":{"@id":"https:\/\/www.olymp-salondesign.com\/pl\/design-fryzjerski\/#primaryimage"},"thumbnailUrl":"https:\/\/www.olymp-salondesign.com\/wp-content\/uploads\/2019\/03\/Mellow_Skizzen_bearbeitet_heller_final.jpg","datePublished":"2019-09-02T12:14:11+00:00","dateModified":"2020-10-20T09:27:26+00:00","breadcrumb":{"@id":"https:\/\/www.olymp-salondesign.com\/pl\/design-fryzjerski\/#breadcrumb"},"inLanguage":"pl-PL","potentialAction":[{"@type":"ReadAction","target":["https:\/\/www.olymp-salondesign.com\/pl\/design-fryzjerski\/"]}]},{"@type":"ImageObject","inLanguage":"pl-PL","@id":"https:\/\/www.olymp-salondesign.com\/pl\/design-fryzjerski\/#primaryimage","url":"https:\/\/www.olymp-salondesign.com\/wp-content\/uploads\/2019\/03\/Mellow_Skizzen_bearbeitet_heller_final.jpg","contentUrl":"https:\/\/www.olymp-salondesign.com\/wp-content\/uploads\/2019\/03\/Mellow_Skizzen_bearbeitet_heller_final.jpg","width":2000,"height":1414},{"@type":"BreadcrumbList","@id":"https:\/\/www.olymp-salondesign.com\/pl\/design-fryzjerski\/#breadcrumb","itemListElement":[{"@type":"ListItem","position":1,"name":"Home","item":"https:\/\/www.olymp-salondesign.com\/pl\/"},{"@type":"ListItem","position":2,"name":"Design"}]},{"@type":"WebSite","@id":"https:\/\/www.olymp-salondesign.com\/pl\/#website","url":"https:\/\/www.olymp-salondesign.com\/pl\/","name":"OLYMP - BEST SALON INSPIRATION","description":"BEST SALON INSPIRATION","publisher":{"@id":"https:\/\/www.olymp-salondesign.com\/pl\/#organization"},"potentialAction":[{"@type":"SearchAction","target":{"@type":"EntryPoint","urlTemplate":"https:\/\/www.olymp-salondesign.com\/pl\/?s={search_term_string}"},"query-input":{"@type":"PropertyValueSpecification","valueRequired":true,"valueName":"search_term_string"}}],"inLanguage":"pl-PL"},{"@type":"Organization","@id":"https:\/\/www.olymp-salondesign.com\/pl\/#organization","name":"OLYMP - BEST SALON INSPIRATION","url":"https:\/\/www.olymp-salondesign.com\/pl\/","logo":{"@type":"ImageObject","inLanguage":"pl-PL","@id":"https:\/\/www.olymp-salondesign.com\/pl\/#\/schema\/logo\/image\/","url":"https:\/\/www.olymp-salondesign.com\/wp-content\/uploads\/2019\/05\/logo.svg","contentUrl":"https:\/\/www.olymp-salondesign.com\/wp-content\/uploads\/2019\/05\/logo.svg","width":240,"height":50,"caption":"OLYMP - BEST SALON INSPIRATION"},"image":{"@id":"https:\/\/www.olymp-salondesign.com\/pl\/#\/schema\/logo\/image\/"}}]}},"wpml_current_locale":"pl_PL","wpml_translations":{"de_DE":{"locale":"de_DE","id":1013,"slug":"design-friseur","post_title":"Design","href":"https:\/\/www.olymp-salondesign.com\/de\/design-friseur\/"},"en":{"locale":"en","id":16095,"slug":"design-hairdressing","post_title":"Design","href":"https:\/\/www.olymp-salondesign.com\/design-hairdressing\/"},"fr_FR":{"locale":"fr_FR","id":36556,"slug":"design","post_title":"Design","href":"https:\/\/www.olymp-salondesign.com\/fr\/design\/"}},"_links":{"self":[{"href":"https:\/\/www.olymp-salondesign.com\/pl\/wp-json\/wp\/v2\/pages\/31846"}],"collection":[{"href":"https:\/\/www.olymp-salondesign.com\/pl\/wp-json\/wp\/v2\/pages"}],"about":[{"href":"https:\/\/www.olymp-salondesign.com\/pl\/wp-json\/wp\/v2\/types\/page"}],"author":[{"embeddable":true,"href":"https:\/\/www.olymp-salondesign.com\/pl\/wp-json\/wp\/v2\/users\/8"}],"replies":[{"embeddable":true,"href":"https:\/\/www.olymp-salondesign.com\/pl\/wp-json\/wp\/v2\/comments?post=31846"}],"version-history":[{"count":12,"href":"https:\/\/www.olymp-salondesign.com\/pl\/wp-json\/wp\/v2\/pages\/31846\/revisions"}],"predecessor-version":[{"id":33510,"href":"https:\/\/www.olymp-salondesign.com\/pl\/wp-json\/wp\/v2\/pages\/31846\/revisions\/33510"}],"wp:featuredmedia":[{"embeddable":true,"href":"https:\/\/www.olymp-salondesign.com\/pl\/wp-json\/wp\/v2\/media\/1016"}],"wp:attachment":[{"href":"https:\/\/www.olymp-salondesign.com\/pl\/wp-json\/wp\/v2\/media?parent=31846"}],"curies":[{"name":"wp","href":"https:\/\/api.w.org\/{rel}","templated":true}]}}