{"id":32062,"date":"2019-05-10T10:48:23","date_gmt":"2019-05-10T08:48:23","guid":{"rendered":"https:\/\/olymp-wp-salondesign.dev-2.alkima.io\/unique-objects\/"},"modified":"2020-10-20T12:55:40","modified_gmt":"2020-10-20T10:55:40","slug":"unikatowe-przedmioty","status":"publish","type":"page","link":"https:\/\/www.olymp-salondesign.com\/pl\/unikatowe-przedmioty\/","title":{"rendered":"Unikatowe przedmioty"},"content":{"rendered":"<div class=\"wp-block-image\"><figure class=\"alignright is-resized\"><img loading=\"lazy\" decoding=\"async\" src=\"https:\/\/www.olymp-salondesign.com\/wp-content\/uploads\/2019\/03\/SP-03-Large_cmyk-819x1024.jpg\" alt=\"\" class=\"wp-image-1106\" width=\"404\" height=\"506\" srcset=\"https:\/\/www.olymp-salondesign.com\/wp-content\/uploads\/2019\/03\/SP-03-Large_cmyk-819x1024.jpg 819w, https:\/\/www.olymp-salondesign.com\/wp-content\/uploads\/2019\/03\/SP-03-Large_cmyk-213x266.jpg 213w, https:\/\/www.olymp-salondesign.com\/wp-content\/uploads\/2019\/03\/SP-03-Large_cmyk-528x660.jpg 528w, https:\/\/www.olymp-salondesign.com\/wp-content\/uploads\/2019\/03\/SP-03-Large_cmyk-600x750.jpg 600w, https:\/\/www.olymp-salondesign.com\/wp-content\/uploads\/2019\/03\/SP-03-Large_cmyk-280x350.jpg 280w, https:\/\/www.olymp-salondesign.com\/wp-content\/uploads\/2019\/03\/SP-03-Large_cmyk-768x960.jpg 768w, https:\/\/www.olymp-salondesign.com\/wp-content\/uploads\/2019\/03\/SP-03-Large_cmyk-124x155.jpg 124w, https:\/\/www.olymp-salondesign.com\/wp-content\/uploads\/2019\/03\/SP-03-Large_cmyk-660x825.jpg 660w, https:\/\/www.olymp-salondesign.com\/wp-content\/uploads\/2019\/03\/SP-03-Large_cmyk.jpg 1638w\" sizes=\"(max-width: 404px) 100vw, 404px\" \/><\/figure><\/div><p>Wyj\u0105tkowe przedmioty maj\u0105 przyci\u0105ga\u0107 wzrok, zapada\u0107 w pami\u0119\u0107 i sta\u0107 si\u0119 tematem rozmowy. Od imponuj\u0105cej recepcji, przez lokowanie produktu zaprojektowane w celu zwi\u0119kszenia sprzeda\u017cy, po funkcjonalnie rozmieszczone miejsca pracy &#8211; indywidualne rozwi\u0105zania wyposa\u017cenia s\u0105 zawsze najlepszym wyborem, gdy indywidualizm jest istot\u0105 firmy, a przestrzenie wymagaj\u0105 niestandardowych rozwi\u0105za\u0144. Lub je\u015bli chcesz zrealizowa\u0107 swoje w\u0142asne aspiracje dotycz\u0105ce projektu, funkcji i obs\u0142ugi.<\/p><p>Nie ma rzeczy niemo\u017cliwych dla projektant\u00f3w wn\u0119trz, kt\u00f3rzy si\u0119 w tym specjalizuj\u0105. S\u0105 to profesjonali\u015bci OLYMP, kt\u00f3rzy wykazuj\u0105 si\u0119 du\u017cym zaanga\u017cowaniem, umiej\u0119tno\u015bciami<\/br> i pasj\u0105, kt\u00f3rzy czuj\u0105 si\u0119 jak w domu w wielu r\u00f3\u017cnych \u015bwiatach, b\u0119d\u0105c mocno zakorzenionymi w bran\u017cy kosmetycznej.<\/p>","protected":false},"excerpt":{"rendered":"<p>Wyj\u0105tkowe przedmioty maj\u0105 przyci\u0105ga\u0107 wzrok, zapada\u0107 w pami\u0119\u0107 i sta\u0107 si\u0119 tematem rozmowy. Od imponuj\u0105cej recepcji, przez lokowanie produktu zaprojektowane w celu zwi\u0119kszenia sprzeda\u017cy, po funkcjonalnie rozmieszczone miejsca pracy &#8211; indywidualne rozwi\u0105zania wyposa\u017cenia s\u0105 zawsze najlepszym wyborem, gdy indywidualizm jest istot\u0105 firmy, a przestrzenie wymagaj\u0105 niestandardowych rozwi\u0105za\u0144. Lub je\u015bli chcesz zrealizowa\u0107 swoje w\u0142asne aspiracje dotycz\u0105ce [&hellip;]<\/p>\n","protected":false},"author":8,"featured_media":32063,"parent":0,"menu_order":0,"comment_status":"closed","ping_status":"closed","template":"","meta":{"_acf_changed":false,"footnotes":""},"class_list":["post-32062","page","type-page","status-publish","has-post-thumbnail","hentry"],"acf":[],"yoast_head":"<!-- This site is optimized with the Yoast SEO Premium plugin v23.7 (Yoast SEO v23.7) - https:\/\/yoast.com\/wordpress\/plugins\/seo\/ -->\n<title>Unikatowe przedmioty - OLYMP - BEST SALON INSPIRATION<\/title>\n<meta name=\"robots\" content=\"index, follow, max-snippet:-1, max-image-preview:large, max-video-preview:-1\" \/>\n<link rel=\"canonical\" href=\"https:\/\/www.olymp-salondesign.com\/pl\/unikatowe-przedmioty\/\" \/>\n<meta property=\"og:locale\" content=\"pl_PL\" \/>\n<meta property=\"og:type\" content=\"article\" \/>\n<meta property=\"og:title\" content=\"Unikatowe przedmioty\" \/>\n<meta property=\"og:description\" content=\"Wyj\u0105tkowe przedmioty maj\u0105 przyci\u0105ga\u0107 wzrok, zapada\u0107 w pami\u0119\u0107 i sta\u0107 si\u0119 tematem rozmowy. Od imponuj\u0105cej recepcji, przez lokowanie produktu zaprojektowane w celu zwi\u0119kszenia sprzeda\u017cy, po funkcjonalnie rozmieszczone miejsca pracy &#8211; indywidualne rozwi\u0105zania wyposa\u017cenia s\u0105 zawsze najlepszym wyborem, gdy indywidualizm jest istot\u0105 firmy, a przestrzenie wymagaj\u0105 niestandardowych rozwi\u0105za\u0144. Lub je\u015bli chcesz zrealizowa\u0107 swoje w\u0142asne aspiracje dotycz\u0105ce [&hellip;]\" \/>\n<meta property=\"og:url\" content=\"https:\/\/www.olymp-salondesign.com\/pl\/unikatowe-przedmioty\/\" \/>\n<meta property=\"og:site_name\" content=\"OLYMP - BEST SALON INSPIRATION\" \/>\n<meta property=\"article:modified_time\" content=\"2020-10-20T10:55:40+00:00\" \/>\n<meta property=\"og:image\" content=\"https:\/\/www.olymp-salondesign.com\/wp-content\/uploads\/2019\/08\/Bild1-1024x627.png\" \/>\n\t<meta property=\"og:image:width\" content=\"1024\" \/>\n\t<meta property=\"og:image:height\" content=\"627\" \/>\n\t<meta property=\"og:image:type\" content=\"image\/png\" \/>\n<meta name=\"twitter:card\" content=\"summary_large_image\" \/>\n<meta name=\"twitter:label1\" content=\"Szacowany czas czytania\" \/>\n\t<meta name=\"twitter:data1\" content=\"1 minuta\" \/>\n<script type=\"application\/ld+json\" class=\"yoast-schema-graph\">{\"@context\":\"https:\/\/schema.org\",\"@graph\":[{\"@type\":\"WebPage\",\"@id\":\"https:\/\/www.olymp-salondesign.com\/pl\/unikatowe-przedmioty\/\",\"url\":\"https:\/\/www.olymp-salondesign.com\/pl\/unikatowe-przedmioty\/\",\"name\":\"Unikatowe przedmioty - OLYMP - BEST SALON INSPIRATION\",\"isPartOf\":{\"@id\":\"https:\/\/www.olymp-salondesign.com\/pl\/#website\"},\"primaryImageOfPage\":{\"@id\":\"https:\/\/www.olymp-salondesign.com\/pl\/unikatowe-przedmioty\/#primaryimage\"},\"image\":{\"@id\":\"https:\/\/www.olymp-salondesign.com\/pl\/unikatowe-przedmioty\/#primaryimage\"},\"thumbnailUrl\":\"https:\/\/www.olymp-salondesign.com\/wp-content\/uploads\/2019\/08\/Bild1.png\",\"datePublished\":\"2019-05-10T08:48:23+00:00\",\"dateModified\":\"2020-10-20T10:55:40+00:00\",\"breadcrumb\":{\"@id\":\"https:\/\/www.olymp-salondesign.com\/pl\/unikatowe-przedmioty\/#breadcrumb\"},\"inLanguage\":\"pl-PL\",\"potentialAction\":[{\"@type\":\"ReadAction\",\"target\":[\"https:\/\/www.olymp-salondesign.com\/pl\/unikatowe-przedmioty\/\"]}]},{\"@type\":\"ImageObject\",\"inLanguage\":\"pl-PL\",\"@id\":\"https:\/\/www.olymp-salondesign.com\/pl\/unikatowe-przedmioty\/#primaryimage\",\"url\":\"https:\/\/www.olymp-salondesign.com\/wp-content\/uploads\/2019\/08\/Bild1.png\",\"contentUrl\":\"https:\/\/www.olymp-salondesign.com\/wp-content\/uploads\/2019\/08\/Bild1.png\",\"width\":2000,\"height\":1224},{\"@type\":\"BreadcrumbList\",\"@id\":\"https:\/\/www.olymp-salondesign.com\/pl\/unikatowe-przedmioty\/#breadcrumb\",\"itemListElement\":[{\"@type\":\"ListItem\",\"position\":1,\"name\":\"Home\",\"item\":\"https:\/\/www.olymp-salondesign.com\/pl\/\"},{\"@type\":\"ListItem\",\"position\":2,\"name\":\"Unikatowe przedmioty\"}]},{\"@type\":\"WebSite\",\"@id\":\"https:\/\/www.olymp-salondesign.com\/pl\/#website\",\"url\":\"https:\/\/www.olymp-salondesign.com\/pl\/\",\"name\":\"OLYMP - BEST SALON INSPIRATION\",\"description\":\"BEST SALON INSPIRATION\",\"publisher\":{\"@id\":\"https:\/\/www.olymp-salondesign.com\/pl\/#organization\"},\"potentialAction\":[{\"@type\":\"SearchAction\",\"target\":{\"@type\":\"EntryPoint\",\"urlTemplate\":\"https:\/\/www.olymp-salondesign.com\/pl\/?s={search_term_string}\"},\"query-input\":{\"@type\":\"PropertyValueSpecification\",\"valueRequired\":true,\"valueName\":\"search_term_string\"}}],\"inLanguage\":\"pl-PL\"},{\"@type\":\"Organization\",\"@id\":\"https:\/\/www.olymp-salondesign.com\/pl\/#organization\",\"name\":\"OLYMP - BEST SALON INSPIRATION\",\"url\":\"https:\/\/www.olymp-salondesign.com\/pl\/\",\"logo\":{\"@type\":\"ImageObject\",\"inLanguage\":\"pl-PL\",\"@id\":\"https:\/\/www.olymp-salondesign.com\/pl\/#\/schema\/logo\/image\/\",\"url\":\"https:\/\/www.olymp-salondesign.com\/wp-content\/uploads\/2019\/05\/logo.svg\",\"contentUrl\":\"https:\/\/www.olymp-salondesign.com\/wp-content\/uploads\/2019\/05\/logo.svg\",\"width\":240,\"height\":50,\"caption\":\"OLYMP - BEST SALON INSPIRATION\"},\"image\":{\"@id\":\"https:\/\/www.olymp-salondesign.com\/pl\/#\/schema\/logo\/image\/\"}}]}<\/script>\n<!-- \/ Yoast SEO Premium plugin. -->","yoast_head_json":{"title":"Unikatowe przedmioty - OLYMP - BEST SALON INSPIRATION","robots":{"index":"index","follow":"follow","max-snippet":"max-snippet:-1","max-image-preview":"max-image-preview:large","max-video-preview":"max-video-preview:-1"},"canonical":"https:\/\/www.olymp-salondesign.com\/pl\/unikatowe-przedmioty\/","og_locale":"pl_PL","og_type":"article","og_title":"Unikatowe przedmioty","og_description":"Wyj\u0105tkowe przedmioty maj\u0105 przyci\u0105ga\u0107 wzrok, zapada\u0107 w pami\u0119\u0107 i sta\u0107 si\u0119 tematem rozmowy. Od imponuj\u0105cej recepcji, przez lokowanie produktu zaprojektowane w celu zwi\u0119kszenia sprzeda\u017cy, po funkcjonalnie rozmieszczone miejsca pracy &#8211; indywidualne rozwi\u0105zania wyposa\u017cenia s\u0105 zawsze najlepszym wyborem, gdy indywidualizm jest istot\u0105 firmy, a przestrzenie wymagaj\u0105 niestandardowych rozwi\u0105za\u0144. Lub je\u015bli chcesz zrealizowa\u0107 swoje w\u0142asne aspiracje dotycz\u0105ce [&hellip;]","og_url":"https:\/\/www.olymp-salondesign.com\/pl\/unikatowe-przedmioty\/","og_site_name":"OLYMP - BEST SALON INSPIRATION","article_modified_time":"2020-10-20T10:55:40+00:00","og_image":[{"width":1024,"height":627,"url":"https:\/\/www.olymp-salondesign.com\/wp-content\/uploads\/2019\/08\/Bild1-1024x627.png","type":"image\/png"}],"twitter_card":"summary_large_image","twitter_misc":{"Szacowany czas czytania":"1 minuta"},"schema":{"@context":"https:\/\/schema.org","@graph":[{"@type":"WebPage","@id":"https:\/\/www.olymp-salondesign.com\/pl\/unikatowe-przedmioty\/","url":"https:\/\/www.olymp-salondesign.com\/pl\/unikatowe-przedmioty\/","name":"Unikatowe przedmioty - OLYMP - BEST SALON INSPIRATION","isPartOf":{"@id":"https:\/\/www.olymp-salondesign.com\/pl\/#website"},"primaryImageOfPage":{"@id":"https:\/\/www.olymp-salondesign.com\/pl\/unikatowe-przedmioty\/#primaryimage"},"image":{"@id":"https:\/\/www.olymp-salondesign.com\/pl\/unikatowe-przedmioty\/#primaryimage"},"thumbnailUrl":"https:\/\/www.olymp-salondesign.com\/wp-content\/uploads\/2019\/08\/Bild1.png","datePublished":"2019-05-10T08:48:23+00:00","dateModified":"2020-10-20T10:55:40+00:00","breadcrumb":{"@id":"https:\/\/www.olymp-salondesign.com\/pl\/unikatowe-przedmioty\/#breadcrumb"},"inLanguage":"pl-PL","potentialAction":[{"@type":"ReadAction","target":["https:\/\/www.olymp-salondesign.com\/pl\/unikatowe-przedmioty\/"]}]},{"@type":"ImageObject","inLanguage":"pl-PL","@id":"https:\/\/www.olymp-salondesign.com\/pl\/unikatowe-przedmioty\/#primaryimage","url":"https:\/\/www.olymp-salondesign.com\/wp-content\/uploads\/2019\/08\/Bild1.png","contentUrl":"https:\/\/www.olymp-salondesign.com\/wp-content\/uploads\/2019\/08\/Bild1.png","width":2000,"height":1224},{"@type":"BreadcrumbList","@id":"https:\/\/www.olymp-salondesign.com\/pl\/unikatowe-przedmioty\/#breadcrumb","itemListElement":[{"@type":"ListItem","position":1,"name":"Home","item":"https:\/\/www.olymp-salondesign.com\/pl\/"},{"@type":"ListItem","position":2,"name":"Unikatowe przedmioty"}]},{"@type":"WebSite","@id":"https:\/\/www.olymp-salondesign.com\/pl\/#website","url":"https:\/\/www.olymp-salondesign.com\/pl\/","name":"OLYMP - BEST SALON INSPIRATION","description":"BEST SALON INSPIRATION","publisher":{"@id":"https:\/\/www.olymp-salondesign.com\/pl\/#organization"},"potentialAction":[{"@type":"SearchAction","target":{"@type":"EntryPoint","urlTemplate":"https:\/\/www.olymp-salondesign.com\/pl\/?s={search_term_string}"},"query-input":{"@type":"PropertyValueSpecification","valueRequired":true,"valueName":"search_term_string"}}],"inLanguage":"pl-PL"},{"@type":"Organization","@id":"https:\/\/www.olymp-salondesign.com\/pl\/#organization","name":"OLYMP - BEST SALON INSPIRATION","url":"https:\/\/www.olymp-salondesign.com\/pl\/","logo":{"@type":"ImageObject","inLanguage":"pl-PL","@id":"https:\/\/www.olymp-salondesign.com\/pl\/#\/schema\/logo\/image\/","url":"https:\/\/www.olymp-salondesign.com\/wp-content\/uploads\/2019\/05\/logo.svg","contentUrl":"https:\/\/www.olymp-salondesign.com\/wp-content\/uploads\/2019\/05\/logo.svg","width":240,"height":50,"caption":"OLYMP - BEST SALON INSPIRATION"},"image":{"@id":"https:\/\/www.olymp-salondesign.com\/pl\/#\/schema\/logo\/image\/"}}]}},"wpml_current_locale":"pl_PL","wpml_translations":{"de_DE":{"locale":"de_DE","id":1092,"slug":"unikate","post_title":"Unikate","href":"https:\/\/www.olymp-salondesign.com\/de\/unikate\/"},"en":{"locale":"en","id":3145,"slug":"unique-objects","post_title":"Unique objects","href":"https:\/\/www.olymp-salondesign.com\/unique-objects\/"},"fr_FR":{"locale":"fr_FR","id":36724,"slug":"pieces-uniques","post_title":"PI\u00c8CES UNIQUES","href":"https:\/\/www.olymp-salondesign.com\/fr\/pieces-uniques\/"}},"_links":{"self":[{"href":"https:\/\/www.olymp-salondesign.com\/pl\/wp-json\/wp\/v2\/pages\/32062"}],"collection":[{"href":"https:\/\/www.olymp-salondesign.com\/pl\/wp-json\/wp\/v2\/pages"}],"about":[{"href":"https:\/\/www.olymp-salondesign.com\/pl\/wp-json\/wp\/v2\/types\/page"}],"author":[{"embeddable":true,"href":"https:\/\/www.olymp-salondesign.com\/pl\/wp-json\/wp\/v2\/users\/8"}],"replies":[{"embeddable":true,"href":"https:\/\/www.olymp-salondesign.com\/pl\/wp-json\/wp\/v2\/comments?post=32062"}],"version-history":[{"count":10,"href":"https:\/\/www.olymp-salondesign.com\/pl\/wp-json\/wp\/v2\/pages\/32062\/revisions"}],"predecessor-version":[{"id":33514,"href":"https:\/\/www.olymp-salondesign.com\/pl\/wp-json\/wp\/v2\/pages\/32062\/revisions\/33514"}],"wp:featuredmedia":[{"embeddable":true,"href":"https:\/\/www.olymp-salondesign.com\/pl\/wp-json\/wp\/v2\/media\/32063"}],"wp:attachment":[{"href":"https:\/\/www.olymp-salondesign.com\/pl\/wp-json\/wp\/v2\/media?parent=32062"}],"curies":[{"name":"wp","href":"https:\/\/api.w.org\/{rel}","templated":true}]}}