{"id":31676,"date":"2019-08-05T10:33:04","date_gmt":"2020-09-03T12:26:13","guid":{"rendered":"https:\/\/olymp-wp-salondesign.dev-2.alkima.io\/product\/olymp-colourcare-center\/"},"modified":"2020-11-19T11:13:13","modified_gmt":"2020-11-19T10:13:13","slug":"olymp-colourcare-center","status":"publish","type":"product","link":"https:\/\/www.olymp-salondesign.com\/pl\/produkt\/olymp-colourcare-center\/","title":{"rendered":"OLYMP ColourCare Center"},"content":{"rendered":"<p>Wolnostoj\u0105ce rozwi\u0105zanie laboratoryjne do farbowania i piel\u0119gnacji \/\/ Szafki g\u00f3rne i dolne dost\u0119pne w r\u00f3\u017cnych wyko\u0144czeniach, blat szklany lub z laminatu HPL z satynowym wyko\u0144czeniem, opcjonalna umywalka na szampon, zlew i krany ze stali nierdzewnej, panel tylny w r\u00f3\u017cnych wzorach lub z nadrukiem cyfrowym, zawieszone p\u00f3\u0142ki z kolorowymi wk\u0142adkami rurowymi (8&#215;7 lub 8&#215;10 przegr\u00f3dek) lub p\u00f3\u0142ki, o\u015bwietlenie powierzchni roboczej LED, indywidualne rozmieszczenie blatu, ci\u0105g\u0142e uchwyty o wygl\u0105dzie stali nierdzewnej, opcjonalny funkcjonalny pojemnik na tablice kolor\u00f3w, kubki z barwnikami i stacje \u0142adowania<\/p>\n","protected":false},"excerpt":{"rendered":"<p>Wolnostoj\u0105ce rozwi\u0105zanie laboratoryjne do farbowania i piel\u0119gnacji<\/p>\n","protected":false},"featured_media":31389,"template":"","meta":{"_acf_changed":false},"product_cat":[4791,4819],"product_tag":[],"class_list":{"0":"post-31676","1":"product","2":"type-product","3":"status-publish","4":"has-post-thumbnail","6":"product_cat-fryzjer","7":"product_cat-labor-pl","9":"first","10":"instock","11":"purchasable","12":"product-type-simple"},"acf":[],"yoast_head":"<!-- This site is optimized with the Yoast SEO Premium plugin v23.7 (Yoast SEO v23.7) - https:\/\/yoast.com\/wordpress\/plugins\/seo\/ -->\n<title>OLYMP ColourCare Center - OLYMP - BEST SALON INSPIRATION<\/title>\n<meta name=\"robots\" content=\"index, follow, max-snippet:-1, max-image-preview:large, max-video-preview:-1\" \/>\n<link rel=\"canonical\" href=\"https:\/\/www.olymp-salondesign.com\/pl\/produkt\/olymp-colourcare-center\/\" \/>\n<meta property=\"og:locale\" content=\"pl_PL\" \/>\n<meta property=\"og:type\" content=\"article\" \/>\n<meta property=\"og:title\" content=\"OLYMP ColourCare Center\" \/>\n<meta property=\"og:description\" content=\"Wolnostoj\u0105ce rozwi\u0105zanie laboratoryjne do farbowania i piel\u0119gnacji\" \/>\n<meta property=\"og:url\" content=\"https:\/\/www.olymp-salondesign.com\/pl\/produkt\/olymp-colourcare-center\/\" \/>\n<meta property=\"og:site_name\" content=\"OLYMP - BEST SALON INSPIRATION\" \/>\n<meta property=\"article:modified_time\" content=\"2020-11-19T10:13:13+00:00\" \/>\n<meta property=\"og:image\" content=\"https:\/\/www.olymp-salondesign.com\/wp-content\/uploads\/2019\/08\/CCC-2048-x-2048.jpg\" \/>\n\t<meta property=\"og:image:width\" content=\"2048\" \/>\n\t<meta property=\"og:image:height\" content=\"2048\" \/>\n\t<meta property=\"og:image:type\" content=\"image\/jpeg\" \/>\n<meta name=\"twitter:card\" content=\"summary_large_image\" \/>\n<script type=\"application\/ld+json\" class=\"yoast-schema-graph\">{\"@context\":\"https:\/\/schema.org\",\"@graph\":[{\"@type\":\"WebPage\",\"@id\":\"https:\/\/www.olymp-salondesign.com\/pl\/produkt\/olymp-colourcare-center\/\",\"url\":\"https:\/\/www.olymp-salondesign.com\/pl\/produkt\/olymp-colourcare-center\/\",\"name\":\"OLYMP ColourCare Center - OLYMP - BEST SALON INSPIRATION\",\"isPartOf\":{\"@id\":\"https:\/\/www.olymp-salondesign.com\/pl\/#website\"},\"primaryImageOfPage\":{\"@id\":\"https:\/\/www.olymp-salondesign.com\/pl\/produkt\/olymp-colourcare-center\/#primaryimage\"},\"image\":{\"@id\":\"https:\/\/www.olymp-salondesign.com\/pl\/produkt\/olymp-colourcare-center\/#primaryimage\"},\"thumbnailUrl\":\"https:\/\/www.olymp-salondesign.com\/wp-content\/uploads\/2019\/08\/CCC-2048-x-2048.jpg\",\"datePublished\":\"2020-09-03T12:26:13+00:00\",\"dateModified\":\"2020-11-19T10:13:13+00:00\",\"breadcrumb\":{\"@id\":\"https:\/\/www.olymp-salondesign.com\/pl\/produkt\/olymp-colourcare-center\/#breadcrumb\"},\"inLanguage\":\"pl-PL\",\"potentialAction\":[{\"@type\":\"ReadAction\",\"target\":[\"https:\/\/www.olymp-salondesign.com\/pl\/produkt\/olymp-colourcare-center\/\"]}]},{\"@type\":\"ImageObject\",\"inLanguage\":\"pl-PL\",\"@id\":\"https:\/\/www.olymp-salondesign.com\/pl\/produkt\/olymp-colourcare-center\/#primaryimage\",\"url\":\"https:\/\/www.olymp-salondesign.com\/wp-content\/uploads\/2019\/08\/CCC-2048-x-2048.jpg\",\"contentUrl\":\"https:\/\/www.olymp-salondesign.com\/wp-content\/uploads\/2019\/08\/CCC-2048-x-2048.jpg\",\"width\":2048,\"height\":2048},{\"@type\":\"BreadcrumbList\",\"@id\":\"https:\/\/www.olymp-salondesign.com\/pl\/produkt\/olymp-colourcare-center\/#breadcrumb\",\"itemListElement\":[{\"@type\":\"ListItem\",\"position\":1,\"name\":\"Home\",\"item\":\"https:\/\/www.olymp-salondesign.com\/pl\/\"},{\"@type\":\"ListItem\",\"position\":2,\"name\":\"Produkty\",\"item\":\"https:\/\/www.olymp-salondesign.com\/pl\/shop\/\"},{\"@type\":\"ListItem\",\"position\":3,\"name\":\"OLYMP ColourCare Center\"}]},{\"@type\":\"WebSite\",\"@id\":\"https:\/\/www.olymp-salondesign.com\/pl\/#website\",\"url\":\"https:\/\/www.olymp-salondesign.com\/pl\/\",\"name\":\"OLYMP - BEST SALON INSPIRATION\",\"description\":\"BEST SALON INSPIRATION\",\"publisher\":{\"@id\":\"https:\/\/www.olymp-salondesign.com\/pl\/#organization\"},\"potentialAction\":[{\"@type\":\"SearchAction\",\"target\":{\"@type\":\"EntryPoint\",\"urlTemplate\":\"https:\/\/www.olymp-salondesign.com\/pl\/?s={search_term_string}\"},\"query-input\":{\"@type\":\"PropertyValueSpecification\",\"valueRequired\":true,\"valueName\":\"search_term_string\"}}],\"inLanguage\":\"pl-PL\"},{\"@type\":\"Organization\",\"@id\":\"https:\/\/www.olymp-salondesign.com\/pl\/#organization\",\"name\":\"OLYMP - BEST SALON INSPIRATION\",\"url\":\"https:\/\/www.olymp-salondesign.com\/pl\/\",\"logo\":{\"@type\":\"ImageObject\",\"inLanguage\":\"pl-PL\",\"@id\":\"https:\/\/www.olymp-salondesign.com\/pl\/#\/schema\/logo\/image\/\",\"url\":\"https:\/\/www.olymp-salondesign.com\/wp-content\/uploads\/2019\/05\/logo.svg\",\"contentUrl\":\"https:\/\/www.olymp-salondesign.com\/wp-content\/uploads\/2019\/05\/logo.svg\",\"width\":240,\"height\":50,\"caption\":\"OLYMP - BEST SALON INSPIRATION\"},\"image\":{\"@id\":\"https:\/\/www.olymp-salondesign.com\/pl\/#\/schema\/logo\/image\/\"}}]}<\/script>\n<!-- \/ Yoast SEO Premium plugin. -->","yoast_head_json":{"title":"OLYMP ColourCare Center - OLYMP - BEST SALON INSPIRATION","robots":{"index":"index","follow":"follow","max-snippet":"max-snippet:-1","max-image-preview":"max-image-preview:large","max-video-preview":"max-video-preview:-1"},"canonical":"https:\/\/www.olymp-salondesign.com\/pl\/produkt\/olymp-colourcare-center\/","og_locale":"pl_PL","og_type":"article","og_title":"OLYMP ColourCare Center","og_description":"Wolnostoj\u0105ce rozwi\u0105zanie laboratoryjne do farbowania i piel\u0119gnacji","og_url":"https:\/\/www.olymp-salondesign.com\/pl\/produkt\/olymp-colourcare-center\/","og_site_name":"OLYMP - BEST SALON INSPIRATION","article_modified_time":"2020-11-19T10:13:13+00:00","og_image":[{"width":2048,"height":2048,"url":"https:\/\/www.olymp-salondesign.com\/wp-content\/uploads\/2019\/08\/CCC-2048-x-2048.jpg","type":"image\/jpeg"}],"twitter_card":"summary_large_image","schema":{"@context":"https:\/\/schema.org","@graph":[{"@type":"WebPage","@id":"https:\/\/www.olymp-salondesign.com\/pl\/produkt\/olymp-colourcare-center\/","url":"https:\/\/www.olymp-salondesign.com\/pl\/produkt\/olymp-colourcare-center\/","name":"OLYMP ColourCare Center - OLYMP - BEST SALON INSPIRATION","isPartOf":{"@id":"https:\/\/www.olymp-salondesign.com\/pl\/#website"},"primaryImageOfPage":{"@id":"https:\/\/www.olymp-salondesign.com\/pl\/produkt\/olymp-colourcare-center\/#primaryimage"},"image":{"@id":"https:\/\/www.olymp-salondesign.com\/pl\/produkt\/olymp-colourcare-center\/#primaryimage"},"thumbnailUrl":"https:\/\/www.olymp-salondesign.com\/wp-content\/uploads\/2019\/08\/CCC-2048-x-2048.jpg","datePublished":"2020-09-03T12:26:13+00:00","dateModified":"2020-11-19T10:13:13+00:00","breadcrumb":{"@id":"https:\/\/www.olymp-salondesign.com\/pl\/produkt\/olymp-colourcare-center\/#breadcrumb"},"inLanguage":"pl-PL","potentialAction":[{"@type":"ReadAction","target":["https:\/\/www.olymp-salondesign.com\/pl\/produkt\/olymp-colourcare-center\/"]}]},{"@type":"ImageObject","inLanguage":"pl-PL","@id":"https:\/\/www.olymp-salondesign.com\/pl\/produkt\/olymp-colourcare-center\/#primaryimage","url":"https:\/\/www.olymp-salondesign.com\/wp-content\/uploads\/2019\/08\/CCC-2048-x-2048.jpg","contentUrl":"https:\/\/www.olymp-salondesign.com\/wp-content\/uploads\/2019\/08\/CCC-2048-x-2048.jpg","width":2048,"height":2048},{"@type":"BreadcrumbList","@id":"https:\/\/www.olymp-salondesign.com\/pl\/produkt\/olymp-colourcare-center\/#breadcrumb","itemListElement":[{"@type":"ListItem","position":1,"name":"Home","item":"https:\/\/www.olymp-salondesign.com\/pl\/"},{"@type":"ListItem","position":2,"name":"Produkty","item":"https:\/\/www.olymp-salondesign.com\/pl\/shop\/"},{"@type":"ListItem","position":3,"name":"OLYMP ColourCare Center"}]},{"@type":"WebSite","@id":"https:\/\/www.olymp-salondesign.com\/pl\/#website","url":"https:\/\/www.olymp-salondesign.com\/pl\/","name":"OLYMP - BEST SALON INSPIRATION","description":"BEST SALON INSPIRATION","publisher":{"@id":"https:\/\/www.olymp-salondesign.com\/pl\/#organization"},"potentialAction":[{"@type":"SearchAction","target":{"@type":"EntryPoint","urlTemplate":"https:\/\/www.olymp-salondesign.com\/pl\/?s={search_term_string}"},"query-input":{"@type":"PropertyValueSpecification","valueRequired":true,"valueName":"search_term_string"}}],"inLanguage":"pl-PL"},{"@type":"Organization","@id":"https:\/\/www.olymp-salondesign.com\/pl\/#organization","name":"OLYMP - BEST SALON INSPIRATION","url":"https:\/\/www.olymp-salondesign.com\/pl\/","logo":{"@type":"ImageObject","inLanguage":"pl-PL","@id":"https:\/\/www.olymp-salondesign.com\/pl\/#\/schema\/logo\/image\/","url":"https:\/\/www.olymp-salondesign.com\/wp-content\/uploads\/2019\/05\/logo.svg","contentUrl":"https:\/\/www.olymp-salondesign.com\/wp-content\/uploads\/2019\/05\/logo.svg","width":240,"height":50,"caption":"OLYMP - BEST SALON INSPIRATION"},"image":{"@id":"https:\/\/www.olymp-salondesign.com\/pl\/#\/schema\/logo\/image\/"}}]}},"wpml_current_locale":"pl_PL","wpml_translations":{"de_DE":{"locale":"de_DE","id":13022,"slug":"olymp-colourcare-center","post_title":"OLYMP ColourCare Center","href":"https:\/\/www.olymp-salondesign.com\/de\/produkt\/olymp-colourcare-center\/"},"en":{"locale":"en","id":21719,"slug":"olymp-colourcare-center","post_title":"OLYMP ColourCare Center","href":"https:\/\/www.olymp-salondesign.com\/product\/olymp-colourcare-center\/"},"fr_FR":{"locale":"fr_FR","id":34709,"slug":"olymp-colourcare-center","post_title":"OLYMP ColourCare Center","href":"https:\/\/www.olymp-salondesign.com\/fr\/produit\/olymp-colourcare-center\/"}},"_links":{"self":[{"href":"https:\/\/www.olymp-salondesign.com\/pl\/wp-json\/wp\/v2\/product\/31676"}],"collection":[{"href":"https:\/\/www.olymp-salondesign.com\/pl\/wp-json\/wp\/v2\/product"}],"about":[{"href":"https:\/\/www.olymp-salondesign.com\/pl\/wp-json\/wp\/v2\/types\/product"}],"wp:featuredmedia":[{"embeddable":true,"href":"https:\/\/www.olymp-salondesign.com\/pl\/wp-json\/wp\/v2\/media\/31389"}],"wp:attachment":[{"href":"https:\/\/www.olymp-salondesign.com\/pl\/wp-json\/wp\/v2\/media?parent=31676"}],"wp:term":[{"taxonomy":"product_cat","embeddable":true,"href":"https:\/\/www.olymp-salondesign.com\/pl\/wp-json\/wp\/v2\/product_cat?post=31676"},{"taxonomy":"product_tag","embeddable":true,"href":"https:\/\/www.olymp-salondesign.com\/pl\/wp-json\/wp\/v2\/product_tag?post=31676"}],"curies":[{"name":"wp","href":"https:\/\/api.w.org\/{rel}","templated":true}]}}