{"id":31679,"date":"2019-08-05T10:33:13","date_gmt":"2020-09-03T12:26:13","guid":{"rendered":"https:\/\/olymp-wp-salondesign.dev-2.alkima.io\/product\/olymp-hairmaster-wandarm-version\/"},"modified":"2020-09-03T14:26:22","modified_gmt":"2020-09-03T12:26:22","slug":"olymp-hairmaster-wandarm-version","status":"publish","type":"product","link":"https:\/\/www.olymp-salondesign.com\/pl\/produkt\/olymp-hairmaster-wandarm-version\/","title":{"rendered":"OLYMP HairMaster &#8211; Wandarm Version"},"content":{"rendered":"<p>Ewolucja stylu i technologii \/\/ Suszarka po\u0142\u0105czona z funkcj\u0105 jonizacji, pomaga w farbowaniu, przyciemnianiu, przed\u0142u\u017caniu w\u0142os\u00f3w koloru blond i koloru, trwa\u0142ej ondulacji, piel\u0119gnacji w\u0142os\u00f3w i suszeniu, wy\u015bwietlacz LCD o wysokiej rozdzielczo\u015bci, pokr\u0119t\u0142o steruj\u0105ce z funkcj\u0105 klikania, funkcja szybkiego startu, program do diagnostyki koloru i trwa\u0142o\u015bci, czujnik podczerwieni do pomiaru temperatury, przycisk do kontroli temperatury przez klienta, pier\u015bcie\u0144 \u015bwietlny ze wska\u017anikiem procesu zabiegu, sygna\u0142y informacyjne, \u0142atwy do wymiany filtr, wyjmowana kratka wentylatora. Dost\u0119pne jako urz\u0105dzenie montowane na stojaku (4 lub 5-no\u017cnym), rami\u0119 na\u015bcienne, s\u0142upek pod\u0142ogowy i sufitowy, integracja z modu\u0142em funkcyjnym<\/p>\n","protected":false},"excerpt":{"rendered":"<p>Ewolucja stylu i technologii<\/p>\n","protected":false},"featured_media":31408,"template":"","meta":{"_acf_changed":false},"product_cat":[4791,4820],"product_tag":[],"class_list":{"0":"post-31679","1":"product","2":"type-product","3":"status-publish","4":"has-post-thumbnail","6":"product_cat-fryzjer","7":"product_cat-hairmaster-pl","9":"first","10":"instock","11":"purchasable","12":"product-type-simple"},"acf":[],"yoast_head":"<!-- This site is optimized with the Yoast SEO Premium plugin v23.7 (Yoast SEO v23.7) - https:\/\/yoast.com\/wordpress\/plugins\/seo\/ -->\n<title>OLYMP HairMaster - Wandarm Version - OLYMP - BEST SALON INSPIRATION<\/title>\n<meta name=\"robots\" content=\"index, follow, max-snippet:-1, max-image-preview:large, max-video-preview:-1\" \/>\n<link rel=\"canonical\" href=\"https:\/\/www.olymp-salondesign.com\/pl\/produkt\/olymp-hairmaster-wandarm-version\/\" \/>\n<meta property=\"og:locale\" content=\"pl_PL\" \/>\n<meta property=\"og:type\" content=\"article\" \/>\n<meta property=\"og:title\" content=\"OLYMP HairMaster - Wandarm Version\" \/>\n<meta property=\"og:description\" content=\"Ewolucja stylu i technologii\" \/>\n<meta property=\"og:url\" content=\"https:\/\/www.olymp-salondesign.com\/pl\/produkt\/olymp-hairmaster-wandarm-version\/\" \/>\n<meta property=\"og:site_name\" content=\"OLYMP - BEST SALON INSPIRATION\" \/>\n<meta property=\"article:modified_time\" content=\"2020-09-03T12:26:22+00:00\" \/>\n<meta property=\"og:image\" content=\"https:\/\/www.olymp-salondesign.com\/wp-content\/uploads\/2019\/08\/HairMaster_Wandarm_schwarz_092016_CMYK.jpg\" \/>\n\t<meta property=\"og:image:width\" content=\"2048\" \/>\n\t<meta property=\"og:image:height\" content=\"1363\" \/>\n\t<meta property=\"og:image:type\" content=\"image\/jpeg\" \/>\n<meta name=\"twitter:card\" content=\"summary_large_image\" \/>\n<meta name=\"twitter:label1\" content=\"Szacowany czas czytania\" \/>\n\t<meta name=\"twitter:data1\" content=\"1 minuta\" \/>\n<script type=\"application\/ld+json\" class=\"yoast-schema-graph\">{\"@context\":\"https:\/\/schema.org\",\"@graph\":[{\"@type\":\"WebPage\",\"@id\":\"https:\/\/www.olymp-salondesign.com\/pl\/produkt\/olymp-hairmaster-wandarm-version\/\",\"url\":\"https:\/\/www.olymp-salondesign.com\/pl\/produkt\/olymp-hairmaster-wandarm-version\/\",\"name\":\"OLYMP HairMaster - Wandarm Version - OLYMP - BEST SALON INSPIRATION\",\"isPartOf\":{\"@id\":\"https:\/\/www.olymp-salondesign.com\/pl\/#website\"},\"primaryImageOfPage\":{\"@id\":\"https:\/\/www.olymp-salondesign.com\/pl\/produkt\/olymp-hairmaster-wandarm-version\/#primaryimage\"},\"image\":{\"@id\":\"https:\/\/www.olymp-salondesign.com\/pl\/produkt\/olymp-hairmaster-wandarm-version\/#primaryimage\"},\"thumbnailUrl\":\"https:\/\/www.olymp-salondesign.com\/wp-content\/uploads\/2019\/08\/HairMaster_Wandarm_schwarz_092016_CMYK.jpg\",\"datePublished\":\"2020-09-03T12:26:13+00:00\",\"dateModified\":\"2020-09-03T12:26:22+00:00\",\"breadcrumb\":{\"@id\":\"https:\/\/www.olymp-salondesign.com\/pl\/produkt\/olymp-hairmaster-wandarm-version\/#breadcrumb\"},\"inLanguage\":\"pl-PL\",\"potentialAction\":[{\"@type\":\"ReadAction\",\"target\":[\"https:\/\/www.olymp-salondesign.com\/pl\/produkt\/olymp-hairmaster-wandarm-version\/\"]}]},{\"@type\":\"ImageObject\",\"inLanguage\":\"pl-PL\",\"@id\":\"https:\/\/www.olymp-salondesign.com\/pl\/produkt\/olymp-hairmaster-wandarm-version\/#primaryimage\",\"url\":\"https:\/\/www.olymp-salondesign.com\/wp-content\/uploads\/2019\/08\/HairMaster_Wandarm_schwarz_092016_CMYK.jpg\",\"contentUrl\":\"https:\/\/www.olymp-salondesign.com\/wp-content\/uploads\/2019\/08\/HairMaster_Wandarm_schwarz_092016_CMYK.jpg\",\"width\":2048,\"height\":1363},{\"@type\":\"BreadcrumbList\",\"@id\":\"https:\/\/www.olymp-salondesign.com\/pl\/produkt\/olymp-hairmaster-wandarm-version\/#breadcrumb\",\"itemListElement\":[{\"@type\":\"ListItem\",\"position\":1,\"name\":\"Home\",\"item\":\"https:\/\/www.olymp-salondesign.com\/pl\/\"},{\"@type\":\"ListItem\",\"position\":2,\"name\":\"Produkty\",\"item\":\"https:\/\/www.olymp-salondesign.com\/pl\/shop\/\"},{\"@type\":\"ListItem\",\"position\":3,\"name\":\"OLYMP HairMaster &#8211; Wandarm Version\"}]},{\"@type\":\"WebSite\",\"@id\":\"https:\/\/www.olymp-salondesign.com\/pl\/#website\",\"url\":\"https:\/\/www.olymp-salondesign.com\/pl\/\",\"name\":\"OLYMP - BEST SALON INSPIRATION\",\"description\":\"BEST SALON INSPIRATION\",\"publisher\":{\"@id\":\"https:\/\/www.olymp-salondesign.com\/pl\/#organization\"},\"potentialAction\":[{\"@type\":\"SearchAction\",\"target\":{\"@type\":\"EntryPoint\",\"urlTemplate\":\"https:\/\/www.olymp-salondesign.com\/pl\/?s={search_term_string}\"},\"query-input\":{\"@type\":\"PropertyValueSpecification\",\"valueRequired\":true,\"valueName\":\"search_term_string\"}}],\"inLanguage\":\"pl-PL\"},{\"@type\":\"Organization\",\"@id\":\"https:\/\/www.olymp-salondesign.com\/pl\/#organization\",\"name\":\"OLYMP - BEST SALON INSPIRATION\",\"url\":\"https:\/\/www.olymp-salondesign.com\/pl\/\",\"logo\":{\"@type\":\"ImageObject\",\"inLanguage\":\"pl-PL\",\"@id\":\"https:\/\/www.olymp-salondesign.com\/pl\/#\/schema\/logo\/image\/\",\"url\":\"https:\/\/www.olymp-salondesign.com\/wp-content\/uploads\/2019\/05\/logo.svg\",\"contentUrl\":\"https:\/\/www.olymp-salondesign.com\/wp-content\/uploads\/2019\/05\/logo.svg\",\"width\":240,\"height\":50,\"caption\":\"OLYMP - BEST SALON INSPIRATION\"},\"image\":{\"@id\":\"https:\/\/www.olymp-salondesign.com\/pl\/#\/schema\/logo\/image\/\"}}]}<\/script>\n<!-- \/ Yoast SEO Premium plugin. -->","yoast_head_json":{"title":"OLYMP HairMaster - Wandarm Version - OLYMP - BEST SALON INSPIRATION","robots":{"index":"index","follow":"follow","max-snippet":"max-snippet:-1","max-image-preview":"max-image-preview:large","max-video-preview":"max-video-preview:-1"},"canonical":"https:\/\/www.olymp-salondesign.com\/pl\/produkt\/olymp-hairmaster-wandarm-version\/","og_locale":"pl_PL","og_type":"article","og_title":"OLYMP HairMaster - Wandarm Version","og_description":"Ewolucja stylu i technologii","og_url":"https:\/\/www.olymp-salondesign.com\/pl\/produkt\/olymp-hairmaster-wandarm-version\/","og_site_name":"OLYMP - BEST SALON INSPIRATION","article_modified_time":"2020-09-03T12:26:22+00:00","og_image":[{"width":2048,"height":1363,"url":"https:\/\/www.olymp-salondesign.com\/wp-content\/uploads\/2019\/08\/HairMaster_Wandarm_schwarz_092016_CMYK.jpg","type":"image\/jpeg"}],"twitter_card":"summary_large_image","twitter_misc":{"Szacowany czas czytania":"1 minuta"},"schema":{"@context":"https:\/\/schema.org","@graph":[{"@type":"WebPage","@id":"https:\/\/www.olymp-salondesign.com\/pl\/produkt\/olymp-hairmaster-wandarm-version\/","url":"https:\/\/www.olymp-salondesign.com\/pl\/produkt\/olymp-hairmaster-wandarm-version\/","name":"OLYMP HairMaster - Wandarm Version - OLYMP - BEST SALON INSPIRATION","isPartOf":{"@id":"https:\/\/www.olymp-salondesign.com\/pl\/#website"},"primaryImageOfPage":{"@id":"https:\/\/www.olymp-salondesign.com\/pl\/produkt\/olymp-hairmaster-wandarm-version\/#primaryimage"},"image":{"@id":"https:\/\/www.olymp-salondesign.com\/pl\/produkt\/olymp-hairmaster-wandarm-version\/#primaryimage"},"thumbnailUrl":"https:\/\/www.olymp-salondesign.com\/wp-content\/uploads\/2019\/08\/HairMaster_Wandarm_schwarz_092016_CMYK.jpg","datePublished":"2020-09-03T12:26:13+00:00","dateModified":"2020-09-03T12:26:22+00:00","breadcrumb":{"@id":"https:\/\/www.olymp-salondesign.com\/pl\/produkt\/olymp-hairmaster-wandarm-version\/#breadcrumb"},"inLanguage":"pl-PL","potentialAction":[{"@type":"ReadAction","target":["https:\/\/www.olymp-salondesign.com\/pl\/produkt\/olymp-hairmaster-wandarm-version\/"]}]},{"@type":"ImageObject","inLanguage":"pl-PL","@id":"https:\/\/www.olymp-salondesign.com\/pl\/produkt\/olymp-hairmaster-wandarm-version\/#primaryimage","url":"https:\/\/www.olymp-salondesign.com\/wp-content\/uploads\/2019\/08\/HairMaster_Wandarm_schwarz_092016_CMYK.jpg","contentUrl":"https:\/\/www.olymp-salondesign.com\/wp-content\/uploads\/2019\/08\/HairMaster_Wandarm_schwarz_092016_CMYK.jpg","width":2048,"height":1363},{"@type":"BreadcrumbList","@id":"https:\/\/www.olymp-salondesign.com\/pl\/produkt\/olymp-hairmaster-wandarm-version\/#breadcrumb","itemListElement":[{"@type":"ListItem","position":1,"name":"Home","item":"https:\/\/www.olymp-salondesign.com\/pl\/"},{"@type":"ListItem","position":2,"name":"Produkty","item":"https:\/\/www.olymp-salondesign.com\/pl\/shop\/"},{"@type":"ListItem","position":3,"name":"OLYMP HairMaster &#8211; Wandarm Version"}]},{"@type":"WebSite","@id":"https:\/\/www.olymp-salondesign.com\/pl\/#website","url":"https:\/\/www.olymp-salondesign.com\/pl\/","name":"OLYMP - BEST SALON INSPIRATION","description":"BEST SALON INSPIRATION","publisher":{"@id":"https:\/\/www.olymp-salondesign.com\/pl\/#organization"},"potentialAction":[{"@type":"SearchAction","target":{"@type":"EntryPoint","urlTemplate":"https:\/\/www.olymp-salondesign.com\/pl\/?s={search_term_string}"},"query-input":{"@type":"PropertyValueSpecification","valueRequired":true,"valueName":"search_term_string"}}],"inLanguage":"pl-PL"},{"@type":"Organization","@id":"https:\/\/www.olymp-salondesign.com\/pl\/#organization","name":"OLYMP - BEST SALON INSPIRATION","url":"https:\/\/www.olymp-salondesign.com\/pl\/","logo":{"@type":"ImageObject","inLanguage":"pl-PL","@id":"https:\/\/www.olymp-salondesign.com\/pl\/#\/schema\/logo\/image\/","url":"https:\/\/www.olymp-salondesign.com\/wp-content\/uploads\/2019\/05\/logo.svg","contentUrl":"https:\/\/www.olymp-salondesign.com\/wp-content\/uploads\/2019\/05\/logo.svg","width":240,"height":50,"caption":"OLYMP - BEST SALON INSPIRATION"},"image":{"@id":"https:\/\/www.olymp-salondesign.com\/pl\/#\/schema\/logo\/image\/"}}]}},"wpml_current_locale":"pl_PL","wpml_translations":{"de_DE":{"locale":"de_DE","id":13026,"slug":"olymp-hairmaster-wandarm-version","post_title":"OLYMP HairMaster - Wandarm Version","href":"https:\/\/www.olymp-salondesign.com\/de\/produkt\/olymp-hairmaster-wandarm-version\/"},"en":{"locale":"en","id":21723,"slug":"olymp-hairmaster-wandarm-version","post_title":"OLYMP HairMaster - wall arm version","href":"https:\/\/www.olymp-salondesign.com\/product\/olymp-hairmaster-wandarm-version\/"},"fr_FR":{"locale":"fr_FR","id":34713,"slug":"olymp-hairmaster-wandarm-version","post_title":"OLYMP HairMaster - Wandarm Version","href":"https:\/\/www.olymp-salondesign.com\/fr\/produit\/olymp-hairmaster-wandarm-version\/"}},"_links":{"self":[{"href":"https:\/\/www.olymp-salondesign.com\/pl\/wp-json\/wp\/v2\/product\/31679"}],"collection":[{"href":"https:\/\/www.olymp-salondesign.com\/pl\/wp-json\/wp\/v2\/product"}],"about":[{"href":"https:\/\/www.olymp-salondesign.com\/pl\/wp-json\/wp\/v2\/types\/product"}],"wp:featuredmedia":[{"embeddable":true,"href":"https:\/\/www.olymp-salondesign.com\/pl\/wp-json\/wp\/v2\/media\/31408"}],"wp:attachment":[{"href":"https:\/\/www.olymp-salondesign.com\/pl\/wp-json\/wp\/v2\/media?parent=31679"}],"wp:term":[{"taxonomy":"product_cat","embeddable":true,"href":"https:\/\/www.olymp-salondesign.com\/pl\/wp-json\/wp\/v2\/product_cat?post=31679"},{"taxonomy":"product_tag","embeddable":true,"href":"https:\/\/www.olymp-salondesign.com\/pl\/wp-json\/wp\/v2\/product_tag?post=31679"}],"curies":[{"name":"wp","href":"https:\/\/api.w.org\/{rel}","templated":true}]}}