{"id":31690,"date":"2019-08-05T10:33:23","date_gmt":"2020-09-03T12:26:26","guid":{"rendered":"https:\/\/olymp-wp-salondesign.dev-2.alkima.io\/product\/olymp-fusstutze-silence\/"},"modified":"2020-10-19T15:31:01","modified_gmt":"2020-10-19T13:31:01","slug":"olymp-fussstuetze-silence","status":"publish","type":"product","link":"https:\/\/www.olymp-salondesign.com\/pl\/produkt\/olymp-fussstuetze-silence\/","title":{"rendered":"OLYMP Podn\u00f3\u017cek Silence"},"content":{"rendered":"<p>Podn\u00f3\u017cek Silence  \/\/ Wolnostoj\u0105cy, chromowane wyko\u0144czenie ze stali nierdzewnej<\/p>\n","protected":false},"excerpt":{"rendered":"<p>Podn\u00f3\u017cek Silence<\/p>\n","protected":false},"featured_media":31439,"template":"","meta":{"_acf_changed":false},"product_cat":[4823,4791,4826],"product_tag":[],"class_list":{"0":"post-31690","1":"product","2":"type-product","3":"status-publish","4":"has-post-thumbnail","6":"product_cat-akcesoria","7":"product_cat-fryzjer","8":"product_cat-podnozki","10":"first","11":"instock","12":"purchasable","13":"product-type-simple"},"acf":[],"yoast_head":"<!-- This site is optimized with the Yoast SEO Premium plugin v23.7 (Yoast SEO v23.7) - https:\/\/yoast.com\/wordpress\/plugins\/seo\/ -->\n<title>OLYMP Podn\u00f3\u017cek Silence - OLYMP - BEST SALON INSPIRATION<\/title>\n<meta name=\"robots\" content=\"index, follow, max-snippet:-1, max-image-preview:large, max-video-preview:-1\" \/>\n<link rel=\"canonical\" href=\"https:\/\/www.olymp-salondesign.com\/pl\/produkt\/olymp-fussstuetze-silence\/\" \/>\n<meta property=\"og:locale\" content=\"pl_PL\" \/>\n<meta property=\"og:type\" content=\"article\" \/>\n<meta property=\"og:title\" content=\"OLYMP Podn\u00f3\u017cek Silence\" \/>\n<meta property=\"og:description\" content=\"Podn\u00f3\u017cek Silence\" \/>\n<meta property=\"og:url\" content=\"https:\/\/www.olymp-salondesign.com\/pl\/produkt\/olymp-fussstuetze-silence\/\" \/>\n<meta property=\"og:site_name\" content=\"OLYMP - BEST SALON INSPIRATION\" \/>\n<meta property=\"article:modified_time\" content=\"2020-10-19T13:31:01+00:00\" \/>\n<meta property=\"og:image\" content=\"https:\/\/www.olymp-salondesign.com\/wp-content\/uploads\/2019\/08\/Zub_Fussstuetze_Silence_Chrom-2048-x-2048.jpg\" \/>\n\t<meta property=\"og:image:width\" content=\"2048\" \/>\n\t<meta property=\"og:image:height\" content=\"2048\" \/>\n\t<meta property=\"og:image:type\" content=\"image\/jpeg\" \/>\n<meta name=\"twitter:card\" content=\"summary_large_image\" \/>\n<script type=\"application\/ld+json\" class=\"yoast-schema-graph\">{\"@context\":\"https:\/\/schema.org\",\"@graph\":[{\"@type\":\"WebPage\",\"@id\":\"https:\/\/www.olymp-salondesign.com\/pl\/produkt\/olymp-fussstuetze-silence\/\",\"url\":\"https:\/\/www.olymp-salondesign.com\/pl\/produkt\/olymp-fussstuetze-silence\/\",\"name\":\"OLYMP Podn\u00f3\u017cek Silence - OLYMP - BEST SALON INSPIRATION\",\"isPartOf\":{\"@id\":\"https:\/\/www.olymp-salondesign.com\/pl\/#website\"},\"primaryImageOfPage\":{\"@id\":\"https:\/\/www.olymp-salondesign.com\/pl\/produkt\/olymp-fussstuetze-silence\/#primaryimage\"},\"image\":{\"@id\":\"https:\/\/www.olymp-salondesign.com\/pl\/produkt\/olymp-fussstuetze-silence\/#primaryimage\"},\"thumbnailUrl\":\"https:\/\/www.olymp-salondesign.com\/wp-content\/uploads\/2019\/08\/Zub_Fussstuetze_Silence_Chrom-2048-x-2048.jpg\",\"datePublished\":\"2020-09-03T12:26:26+00:00\",\"dateModified\":\"2020-10-19T13:31:01+00:00\",\"breadcrumb\":{\"@id\":\"https:\/\/www.olymp-salondesign.com\/pl\/produkt\/olymp-fussstuetze-silence\/#breadcrumb\"},\"inLanguage\":\"pl-PL\",\"potentialAction\":[{\"@type\":\"ReadAction\",\"target\":[\"https:\/\/www.olymp-salondesign.com\/pl\/produkt\/olymp-fussstuetze-silence\/\"]}]},{\"@type\":\"ImageObject\",\"inLanguage\":\"pl-PL\",\"@id\":\"https:\/\/www.olymp-salondesign.com\/pl\/produkt\/olymp-fussstuetze-silence\/#primaryimage\",\"url\":\"https:\/\/www.olymp-salondesign.com\/wp-content\/uploads\/2019\/08\/Zub_Fussstuetze_Silence_Chrom-2048-x-2048.jpg\",\"contentUrl\":\"https:\/\/www.olymp-salondesign.com\/wp-content\/uploads\/2019\/08\/Zub_Fussstuetze_Silence_Chrom-2048-x-2048.jpg\",\"width\":2048,\"height\":2048},{\"@type\":\"BreadcrumbList\",\"@id\":\"https:\/\/www.olymp-salondesign.com\/pl\/produkt\/olymp-fussstuetze-silence\/#breadcrumb\",\"itemListElement\":[{\"@type\":\"ListItem\",\"position\":1,\"name\":\"Home\",\"item\":\"https:\/\/www.olymp-salondesign.com\/pl\/\"},{\"@type\":\"ListItem\",\"position\":2,\"name\":\"Produkty\",\"item\":\"https:\/\/www.olymp-salondesign.com\/pl\/shop\/\"},{\"@type\":\"ListItem\",\"position\":3,\"name\":\"OLYMP Podn\u00f3\u017cek Silence\"}]},{\"@type\":\"WebSite\",\"@id\":\"https:\/\/www.olymp-salondesign.com\/pl\/#website\",\"url\":\"https:\/\/www.olymp-salondesign.com\/pl\/\",\"name\":\"OLYMP - BEST SALON INSPIRATION\",\"description\":\"BEST SALON INSPIRATION\",\"publisher\":{\"@id\":\"https:\/\/www.olymp-salondesign.com\/pl\/#organization\"},\"potentialAction\":[{\"@type\":\"SearchAction\",\"target\":{\"@type\":\"EntryPoint\",\"urlTemplate\":\"https:\/\/www.olymp-salondesign.com\/pl\/?s={search_term_string}\"},\"query-input\":{\"@type\":\"PropertyValueSpecification\",\"valueRequired\":true,\"valueName\":\"search_term_string\"}}],\"inLanguage\":\"pl-PL\"},{\"@type\":\"Organization\",\"@id\":\"https:\/\/www.olymp-salondesign.com\/pl\/#organization\",\"name\":\"OLYMP - BEST SALON INSPIRATION\",\"url\":\"https:\/\/www.olymp-salondesign.com\/pl\/\",\"logo\":{\"@type\":\"ImageObject\",\"inLanguage\":\"pl-PL\",\"@id\":\"https:\/\/www.olymp-salondesign.com\/pl\/#\/schema\/logo\/image\/\",\"url\":\"https:\/\/www.olymp-salondesign.com\/wp-content\/uploads\/2019\/05\/logo.svg\",\"contentUrl\":\"https:\/\/www.olymp-salondesign.com\/wp-content\/uploads\/2019\/05\/logo.svg\",\"width\":240,\"height\":50,\"caption\":\"OLYMP - BEST SALON INSPIRATION\"},\"image\":{\"@id\":\"https:\/\/www.olymp-salondesign.com\/pl\/#\/schema\/logo\/image\/\"}}]}<\/script>\n<!-- \/ Yoast SEO Premium plugin. -->","yoast_head_json":{"title":"OLYMP Podn\u00f3\u017cek Silence - OLYMP - BEST SALON INSPIRATION","robots":{"index":"index","follow":"follow","max-snippet":"max-snippet:-1","max-image-preview":"max-image-preview:large","max-video-preview":"max-video-preview:-1"},"canonical":"https:\/\/www.olymp-salondesign.com\/pl\/produkt\/olymp-fussstuetze-silence\/","og_locale":"pl_PL","og_type":"article","og_title":"OLYMP Podn\u00f3\u017cek Silence","og_description":"Podn\u00f3\u017cek Silence","og_url":"https:\/\/www.olymp-salondesign.com\/pl\/produkt\/olymp-fussstuetze-silence\/","og_site_name":"OLYMP - BEST SALON INSPIRATION","article_modified_time":"2020-10-19T13:31:01+00:00","og_image":[{"width":2048,"height":2048,"url":"https:\/\/www.olymp-salondesign.com\/wp-content\/uploads\/2019\/08\/Zub_Fussstuetze_Silence_Chrom-2048-x-2048.jpg","type":"image\/jpeg"}],"twitter_card":"summary_large_image","schema":{"@context":"https:\/\/schema.org","@graph":[{"@type":"WebPage","@id":"https:\/\/www.olymp-salondesign.com\/pl\/produkt\/olymp-fussstuetze-silence\/","url":"https:\/\/www.olymp-salondesign.com\/pl\/produkt\/olymp-fussstuetze-silence\/","name":"OLYMP Podn\u00f3\u017cek Silence - OLYMP - BEST SALON INSPIRATION","isPartOf":{"@id":"https:\/\/www.olymp-salondesign.com\/pl\/#website"},"primaryImageOfPage":{"@id":"https:\/\/www.olymp-salondesign.com\/pl\/produkt\/olymp-fussstuetze-silence\/#primaryimage"},"image":{"@id":"https:\/\/www.olymp-salondesign.com\/pl\/produkt\/olymp-fussstuetze-silence\/#primaryimage"},"thumbnailUrl":"https:\/\/www.olymp-salondesign.com\/wp-content\/uploads\/2019\/08\/Zub_Fussstuetze_Silence_Chrom-2048-x-2048.jpg","datePublished":"2020-09-03T12:26:26+00:00","dateModified":"2020-10-19T13:31:01+00:00","breadcrumb":{"@id":"https:\/\/www.olymp-salondesign.com\/pl\/produkt\/olymp-fussstuetze-silence\/#breadcrumb"},"inLanguage":"pl-PL","potentialAction":[{"@type":"ReadAction","target":["https:\/\/www.olymp-salondesign.com\/pl\/produkt\/olymp-fussstuetze-silence\/"]}]},{"@type":"ImageObject","inLanguage":"pl-PL","@id":"https:\/\/www.olymp-salondesign.com\/pl\/produkt\/olymp-fussstuetze-silence\/#primaryimage","url":"https:\/\/www.olymp-salondesign.com\/wp-content\/uploads\/2019\/08\/Zub_Fussstuetze_Silence_Chrom-2048-x-2048.jpg","contentUrl":"https:\/\/www.olymp-salondesign.com\/wp-content\/uploads\/2019\/08\/Zub_Fussstuetze_Silence_Chrom-2048-x-2048.jpg","width":2048,"height":2048},{"@type":"BreadcrumbList","@id":"https:\/\/www.olymp-salondesign.com\/pl\/produkt\/olymp-fussstuetze-silence\/#breadcrumb","itemListElement":[{"@type":"ListItem","position":1,"name":"Home","item":"https:\/\/www.olymp-salondesign.com\/pl\/"},{"@type":"ListItem","position":2,"name":"Produkty","item":"https:\/\/www.olymp-salondesign.com\/pl\/shop\/"},{"@type":"ListItem","position":3,"name":"OLYMP Podn\u00f3\u017cek Silence"}]},{"@type":"WebSite","@id":"https:\/\/www.olymp-salondesign.com\/pl\/#website","url":"https:\/\/www.olymp-salondesign.com\/pl\/","name":"OLYMP - BEST SALON INSPIRATION","description":"BEST SALON INSPIRATION","publisher":{"@id":"https:\/\/www.olymp-salondesign.com\/pl\/#organization"},"potentialAction":[{"@type":"SearchAction","target":{"@type":"EntryPoint","urlTemplate":"https:\/\/www.olymp-salondesign.com\/pl\/?s={search_term_string}"},"query-input":{"@type":"PropertyValueSpecification","valueRequired":true,"valueName":"search_term_string"}}],"inLanguage":"pl-PL"},{"@type":"Organization","@id":"https:\/\/www.olymp-salondesign.com\/pl\/#organization","name":"OLYMP - BEST SALON INSPIRATION","url":"https:\/\/www.olymp-salondesign.com\/pl\/","logo":{"@type":"ImageObject","inLanguage":"pl-PL","@id":"https:\/\/www.olymp-salondesign.com\/pl\/#\/schema\/logo\/image\/","url":"https:\/\/www.olymp-salondesign.com\/wp-content\/uploads\/2019\/05\/logo.svg","contentUrl":"https:\/\/www.olymp-salondesign.com\/wp-content\/uploads\/2019\/05\/logo.svg","width":240,"height":50,"caption":"OLYMP - BEST SALON INSPIRATION"},"image":{"@id":"https:\/\/www.olymp-salondesign.com\/pl\/#\/schema\/logo\/image\/"}}]}},"wpml_current_locale":"pl_PL","wpml_translations":{"de_DE":{"locale":"de_DE","id":13049,"slug":"olymp-fussstuetze-silence","post_title":"OLYMP Fu\u00dfst\u00fctze Silence","href":"https:\/\/www.olymp-salondesign.com\/de\/produkt\/olymp-fussstuetze-silence\/"},"en":{"locale":"en","id":21746,"slug":"olymp-fussstuetze-silence","post_title":"OLYMP Fu\u00dfst\u00fctze Silence","href":"https:\/\/www.olymp-salondesign.com\/product\/olymp-fussstuetze-silence\/"},"fr_FR":{"locale":"fr_FR","id":34736,"slug":"olymp-fussstuetze-silence","post_title":"OLYMP Fu\u00dfst\u00fctze Silence","href":"https:\/\/www.olymp-salondesign.com\/fr\/produit\/olymp-fussstuetze-silence\/"}},"_links":{"self":[{"href":"https:\/\/www.olymp-salondesign.com\/pl\/wp-json\/wp\/v2\/product\/31690"}],"collection":[{"href":"https:\/\/www.olymp-salondesign.com\/pl\/wp-json\/wp\/v2\/product"}],"about":[{"href":"https:\/\/www.olymp-salondesign.com\/pl\/wp-json\/wp\/v2\/types\/product"}],"wp:featuredmedia":[{"embeddable":true,"href":"https:\/\/www.olymp-salondesign.com\/pl\/wp-json\/wp\/v2\/media\/31439"}],"wp:attachment":[{"href":"https:\/\/www.olymp-salondesign.com\/pl\/wp-json\/wp\/v2\/media?parent=31690"}],"wp:term":[{"taxonomy":"product_cat","embeddable":true,"href":"https:\/\/www.olymp-salondesign.com\/pl\/wp-json\/wp\/v2\/product_cat?post=31690"},{"taxonomy":"product_tag","embeddable":true,"href":"https:\/\/www.olymp-salondesign.com\/pl\/wp-json\/wp\/v2\/product_tag?post=31690"}],"curies":[{"name":"wp","href":"https:\/\/api.w.org\/{rel}","templated":true}]}}