{"id":37820,"date":"2023-02-01T11:31:26","date_gmt":"2023-02-01T13:10:26","guid":{"rendered":"https:\/\/www.olymp-salondesign.com\/product\/olymp-lavasit-splendor-shiatsu\/"},"modified":"2024-08-12T10:08:54","modified_gmt":"2024-08-12T08:08:54","slug":"olymp-lavasit-splendor-shiatsu","status":"publish","type":"product","link":"https:\/\/www.olymp-salondesign.com\/pl\/produkt\/olymp-lavasit-splendor-shiatsu\/","title":{"rendered":"OLYMP LavaSit Splendor Shiatsu"},"content":{"rendered":"<p>Najwy\u017csze do\u015bwiadczenie wellness dla Twoich klient\u00f3w dzi\u0119ki komfortowemu fotelowi z elektrycznym podparciem na nogi, komfortowym oparciem na szyj\u0119 i sterowalnym <strong>masa\u017cem Shiatsu<\/strong>. Nisko osadzona, du\u017ca i g\u0142\u0119boka misa zapewnia swobodny dost\u0119p do g\u0142owy, szyi i jest idealna do zabieg\u00f3w na d\u0142ugich w\u0142osach. Regulowana misa bia\u0142a lub czarna, opcjonalnie z bateri\u0105 Basic lub Edition i poduszk\u0105 podpieraj\u0105c\u0105.<\/p>\n","protected":false},"excerpt":{"rendered":"<p>Poczucie komfortu dla Twoich klient\u00f3w dzi\u0119ki masa\u017cowi Shiatsu.<\/p>\n","protected":false},"featured_media":37723,"template":"","meta":{"_acf_changed":false},"product_cat":[4791,4809],"product_tag":[],"class_list":{"0":"post-37820","1":"product","2":"type-product","3":"status-publish","4":"has-post-thumbnail","6":"product_cat-fryzjer","7":"product_cat-myjnie","9":"first","10":"instock","11":"shipping-taxable","12":"purchasable","13":"product-type-simple"},"acf":[],"yoast_head":"<!-- This site is optimized with the Yoast SEO Premium plugin v23.7 (Yoast SEO v23.7) - https:\/\/yoast.com\/wordpress\/plugins\/seo\/ -->\n<title>OLYMP LavaSit Splendor Shiatsu - OLYMP - BEST SALON INSPIRATION<\/title>\n<meta name=\"robots\" content=\"index, follow, max-snippet:-1, max-image-preview:large, max-video-preview:-1\" \/>\n<link rel=\"canonical\" href=\"https:\/\/www.olymp-salondesign.com\/pl\/produkt\/olymp-lavasit-splendor-shiatsu\/\" \/>\n<meta property=\"og:locale\" content=\"pl_PL\" \/>\n<meta property=\"og:type\" content=\"article\" \/>\n<meta property=\"og:title\" content=\"OLYMP LavaSit Splendor Shiatsu\" \/>\n<meta property=\"og:description\" content=\"Poczucie komfortu dla Twoich klient\u00f3w dzi\u0119ki masa\u017cowi Shiatsu.\" \/>\n<meta property=\"og:url\" content=\"https:\/\/www.olymp-salondesign.com\/pl\/produkt\/olymp-lavasit-splendor-shiatsu\/\" \/>\n<meta property=\"og:site_name\" content=\"OLYMP - BEST SALON INSPIRATION\" \/>\n<meta property=\"article:modified_time\" content=\"2024-08-12T08:08:54+00:00\" \/>\n<meta property=\"og:image\" content=\"https:\/\/www.olymp-salondesign.com\/wp-content\/uploads\/2023\/01\/splendor-edition-shiatsu_von-schrag-vorne_ausgefahren-benutzerdefiniert.jpg\" \/>\n\t<meta property=\"og:image:width\" content=\"2048\" \/>\n\t<meta property=\"og:image:height\" content=\"1365\" \/>\n\t<meta property=\"og:image:type\" content=\"image\/jpeg\" \/>\n<meta name=\"twitter:card\" content=\"summary_large_image\" \/>\n<script type=\"application\/ld+json\" class=\"yoast-schema-graph\">{\"@context\":\"https:\/\/schema.org\",\"@graph\":[{\"@type\":\"WebPage\",\"@id\":\"https:\/\/www.olymp-salondesign.com\/pl\/produkt\/olymp-lavasit-splendor-shiatsu\/\",\"url\":\"https:\/\/www.olymp-salondesign.com\/pl\/produkt\/olymp-lavasit-splendor-shiatsu\/\",\"name\":\"OLYMP LavaSit Splendor Shiatsu - OLYMP - BEST SALON INSPIRATION\",\"isPartOf\":{\"@id\":\"https:\/\/www.olymp-salondesign.com\/pl\/#website\"},\"primaryImageOfPage\":{\"@id\":\"https:\/\/www.olymp-salondesign.com\/pl\/produkt\/olymp-lavasit-splendor-shiatsu\/#primaryimage\"},\"image\":{\"@id\":\"https:\/\/www.olymp-salondesign.com\/pl\/produkt\/olymp-lavasit-splendor-shiatsu\/#primaryimage\"},\"thumbnailUrl\":\"https:\/\/www.olymp-salondesign.com\/wp-content\/uploads\/2023\/01\/splendor-edition-shiatsu_von-schrag-vorne_ausgefahren-benutzerdefiniert.jpg\",\"datePublished\":\"2023-02-01T13:10:26+00:00\",\"dateModified\":\"2024-08-12T08:08:54+00:00\",\"breadcrumb\":{\"@id\":\"https:\/\/www.olymp-salondesign.com\/pl\/produkt\/olymp-lavasit-splendor-shiatsu\/#breadcrumb\"},\"inLanguage\":\"pl-PL\",\"potentialAction\":[{\"@type\":\"ReadAction\",\"target\":[\"https:\/\/www.olymp-salondesign.com\/pl\/produkt\/olymp-lavasit-splendor-shiatsu\/\"]}]},{\"@type\":\"ImageObject\",\"inLanguage\":\"pl-PL\",\"@id\":\"https:\/\/www.olymp-salondesign.com\/pl\/produkt\/olymp-lavasit-splendor-shiatsu\/#primaryimage\",\"url\":\"https:\/\/www.olymp-salondesign.com\/wp-content\/uploads\/2023\/01\/splendor-edition-shiatsu_von-schrag-vorne_ausgefahren-benutzerdefiniert.jpg\",\"contentUrl\":\"https:\/\/www.olymp-salondesign.com\/wp-content\/uploads\/2023\/01\/splendor-edition-shiatsu_von-schrag-vorne_ausgefahren-benutzerdefiniert.jpg\",\"width\":2048,\"height\":1365},{\"@type\":\"BreadcrumbList\",\"@id\":\"https:\/\/www.olymp-salondesign.com\/pl\/produkt\/olymp-lavasit-splendor-shiatsu\/#breadcrumb\",\"itemListElement\":[{\"@type\":\"ListItem\",\"position\":1,\"name\":\"Home\",\"item\":\"https:\/\/www.olymp-salondesign.com\/pl\/\"},{\"@type\":\"ListItem\",\"position\":2,\"name\":\"Produkty\",\"item\":\"https:\/\/www.olymp-salondesign.com\/pl\/shop\/\"},{\"@type\":\"ListItem\",\"position\":3,\"name\":\"OLYMP LavaSit Splendor Shiatsu\"}]},{\"@type\":\"WebSite\",\"@id\":\"https:\/\/www.olymp-salondesign.com\/pl\/#website\",\"url\":\"https:\/\/www.olymp-salondesign.com\/pl\/\",\"name\":\"OLYMP - BEST SALON INSPIRATION\",\"description\":\"BEST SALON INSPIRATION\",\"publisher\":{\"@id\":\"https:\/\/www.olymp-salondesign.com\/pl\/#organization\"},\"potentialAction\":[{\"@type\":\"SearchAction\",\"target\":{\"@type\":\"EntryPoint\",\"urlTemplate\":\"https:\/\/www.olymp-salondesign.com\/pl\/?s={search_term_string}\"},\"query-input\":{\"@type\":\"PropertyValueSpecification\",\"valueRequired\":true,\"valueName\":\"search_term_string\"}}],\"inLanguage\":\"pl-PL\"},{\"@type\":\"Organization\",\"@id\":\"https:\/\/www.olymp-salondesign.com\/pl\/#organization\",\"name\":\"OLYMP - BEST SALON INSPIRATION\",\"url\":\"https:\/\/www.olymp-salondesign.com\/pl\/\",\"logo\":{\"@type\":\"ImageObject\",\"inLanguage\":\"pl-PL\",\"@id\":\"https:\/\/www.olymp-salondesign.com\/pl\/#\/schema\/logo\/image\/\",\"url\":\"https:\/\/www.olymp-salondesign.com\/wp-content\/uploads\/2019\/05\/logo.svg\",\"contentUrl\":\"https:\/\/www.olymp-salondesign.com\/wp-content\/uploads\/2019\/05\/logo.svg\",\"width\":240,\"height\":50,\"caption\":\"OLYMP - BEST SALON INSPIRATION\"},\"image\":{\"@id\":\"https:\/\/www.olymp-salondesign.com\/pl\/#\/schema\/logo\/image\/\"}}]}<\/script>\n<!-- \/ Yoast SEO Premium plugin. -->","yoast_head_json":{"title":"OLYMP LavaSit Splendor Shiatsu - OLYMP - BEST SALON INSPIRATION","robots":{"index":"index","follow":"follow","max-snippet":"max-snippet:-1","max-image-preview":"max-image-preview:large","max-video-preview":"max-video-preview:-1"},"canonical":"https:\/\/www.olymp-salondesign.com\/pl\/produkt\/olymp-lavasit-splendor-shiatsu\/","og_locale":"pl_PL","og_type":"article","og_title":"OLYMP LavaSit Splendor Shiatsu","og_description":"Poczucie komfortu dla Twoich klient\u00f3w dzi\u0119ki masa\u017cowi Shiatsu.","og_url":"https:\/\/www.olymp-salondesign.com\/pl\/produkt\/olymp-lavasit-splendor-shiatsu\/","og_site_name":"OLYMP - BEST SALON INSPIRATION","article_modified_time":"2024-08-12T08:08:54+00:00","og_image":[{"width":2048,"height":1365,"url":"https:\/\/www.olymp-salondesign.com\/wp-content\/uploads\/2023\/01\/splendor-edition-shiatsu_von-schrag-vorne_ausgefahren-benutzerdefiniert.jpg","type":"image\/jpeg"}],"twitter_card":"summary_large_image","schema":{"@context":"https:\/\/schema.org","@graph":[{"@type":"WebPage","@id":"https:\/\/www.olymp-salondesign.com\/pl\/produkt\/olymp-lavasit-splendor-shiatsu\/","url":"https:\/\/www.olymp-salondesign.com\/pl\/produkt\/olymp-lavasit-splendor-shiatsu\/","name":"OLYMP LavaSit Splendor Shiatsu - OLYMP - BEST SALON INSPIRATION","isPartOf":{"@id":"https:\/\/www.olymp-salondesign.com\/pl\/#website"},"primaryImageOfPage":{"@id":"https:\/\/www.olymp-salondesign.com\/pl\/produkt\/olymp-lavasit-splendor-shiatsu\/#primaryimage"},"image":{"@id":"https:\/\/www.olymp-salondesign.com\/pl\/produkt\/olymp-lavasit-splendor-shiatsu\/#primaryimage"},"thumbnailUrl":"https:\/\/www.olymp-salondesign.com\/wp-content\/uploads\/2023\/01\/splendor-edition-shiatsu_von-schrag-vorne_ausgefahren-benutzerdefiniert.jpg","datePublished":"2023-02-01T13:10:26+00:00","dateModified":"2024-08-12T08:08:54+00:00","breadcrumb":{"@id":"https:\/\/www.olymp-salondesign.com\/pl\/produkt\/olymp-lavasit-splendor-shiatsu\/#breadcrumb"},"inLanguage":"pl-PL","potentialAction":[{"@type":"ReadAction","target":["https:\/\/www.olymp-salondesign.com\/pl\/produkt\/olymp-lavasit-splendor-shiatsu\/"]}]},{"@type":"ImageObject","inLanguage":"pl-PL","@id":"https:\/\/www.olymp-salondesign.com\/pl\/produkt\/olymp-lavasit-splendor-shiatsu\/#primaryimage","url":"https:\/\/www.olymp-salondesign.com\/wp-content\/uploads\/2023\/01\/splendor-edition-shiatsu_von-schrag-vorne_ausgefahren-benutzerdefiniert.jpg","contentUrl":"https:\/\/www.olymp-salondesign.com\/wp-content\/uploads\/2023\/01\/splendor-edition-shiatsu_von-schrag-vorne_ausgefahren-benutzerdefiniert.jpg","width":2048,"height":1365},{"@type":"BreadcrumbList","@id":"https:\/\/www.olymp-salondesign.com\/pl\/produkt\/olymp-lavasit-splendor-shiatsu\/#breadcrumb","itemListElement":[{"@type":"ListItem","position":1,"name":"Home","item":"https:\/\/www.olymp-salondesign.com\/pl\/"},{"@type":"ListItem","position":2,"name":"Produkty","item":"https:\/\/www.olymp-salondesign.com\/pl\/shop\/"},{"@type":"ListItem","position":3,"name":"OLYMP LavaSit Splendor Shiatsu"}]},{"@type":"WebSite","@id":"https:\/\/www.olymp-salondesign.com\/pl\/#website","url":"https:\/\/www.olymp-salondesign.com\/pl\/","name":"OLYMP - BEST SALON INSPIRATION","description":"BEST SALON INSPIRATION","publisher":{"@id":"https:\/\/www.olymp-salondesign.com\/pl\/#organization"},"potentialAction":[{"@type":"SearchAction","target":{"@type":"EntryPoint","urlTemplate":"https:\/\/www.olymp-salondesign.com\/pl\/?s={search_term_string}"},"query-input":{"@type":"PropertyValueSpecification","valueRequired":true,"valueName":"search_term_string"}}],"inLanguage":"pl-PL"},{"@type":"Organization","@id":"https:\/\/www.olymp-salondesign.com\/pl\/#organization","name":"OLYMP - BEST SALON INSPIRATION","url":"https:\/\/www.olymp-salondesign.com\/pl\/","logo":{"@type":"ImageObject","inLanguage":"pl-PL","@id":"https:\/\/www.olymp-salondesign.com\/pl\/#\/schema\/logo\/image\/","url":"https:\/\/www.olymp-salondesign.com\/wp-content\/uploads\/2019\/05\/logo.svg","contentUrl":"https:\/\/www.olymp-salondesign.com\/wp-content\/uploads\/2019\/05\/logo.svg","width":240,"height":50,"caption":"OLYMP - BEST SALON INSPIRATION"},"image":{"@id":"https:\/\/www.olymp-salondesign.com\/pl\/#\/schema\/logo\/image\/"}}]}},"wpml_current_locale":"pl_PL","wpml_translations":{"de_DE":{"locale":"de_DE","id":37810,"slug":"olymp-lavasit-splendor-shiatsu","post_title":"OLYMP LavaSit Splendor Shiatsu","href":"https:\/\/www.olymp-salondesign.com\/de\/produkt\/olymp-lavasit-splendor-shiatsu\/"},"en":{"locale":"en","id":37818,"slug":"olymp-lavasit-splendor-shiatsu","post_title":"OLYMP LavaSit Splendor Shiatsu","href":"https:\/\/www.olymp-salondesign.com\/product\/olymp-lavasit-splendor-shiatsu\/"},"fr_FR":{"locale":"fr_FR","id":37819,"slug":"olymp-lavasit-splendor-shiatsu","post_title":"OLYMP LavaSit Splendor Shiatsu","href":"https:\/\/www.olymp-salondesign.com\/fr\/produit\/olymp-lavasit-splendor-shiatsu\/"}},"_links":{"self":[{"href":"https:\/\/www.olymp-salondesign.com\/pl\/wp-json\/wp\/v2\/product\/37820"}],"collection":[{"href":"https:\/\/www.olymp-salondesign.com\/pl\/wp-json\/wp\/v2\/product"}],"about":[{"href":"https:\/\/www.olymp-salondesign.com\/pl\/wp-json\/wp\/v2\/types\/product"}],"wp:featuredmedia":[{"embeddable":true,"href":"https:\/\/www.olymp-salondesign.com\/pl\/wp-json\/wp\/v2\/media\/37723"}],"wp:attachment":[{"href":"https:\/\/www.olymp-salondesign.com\/pl\/wp-json\/wp\/v2\/media?parent=37820"}],"wp:term":[{"taxonomy":"product_cat","embeddable":true,"href":"https:\/\/www.olymp-salondesign.com\/pl\/wp-json\/wp\/v2\/product_cat?post=37820"},{"taxonomy":"product_tag","embeddable":true,"href":"https:\/\/www.olymp-salondesign.com\/pl\/wp-json\/wp\/v2\/product_tag?post=37820"}],"curies":[{"name":"wp","href":"https:\/\/api.w.org\/{rel}","templated":true}]}}