{"id":37850,"date":"2023-01-31T15:12:58","date_gmt":"2023-02-02T15:09:17","guid":{"rendered":"https:\/\/www.olymp-salondesign.com\/?post_type=product&#038;p=37850"},"modified":"2024-08-15T14:01:02","modified_gmt":"2024-08-15T12:01:02","slug":"olymp-lavasit-splendor-ergoactive","status":"publish","type":"product","link":"https:\/\/www.olymp-salondesign.com\/pl\/produkt\/olymp-lavasit-splendor-ergoactive\/","title":{"rendered":"OLYMP LavaSit Splendor ErgoActive \/ ErgoActive Shiatsu"},"content":{"rendered":"<p>Zdrowa sylwetka i odci\u0105\u017cone plecy przez ca\u0142y dzie\u0144 pracy dzi\u0119ki regulacji wysoko\u015bci urz\u0105dzenia nawet o 25 cm. Wysoko\u015b\u0107 robocza od 92 cm do 117 cm, odpowiednia dla ka\u017cdego wzrostu i ka\u017cdego zabiegu. Obs\u0142uga za pomoc\u0105 prze\u0142\u0105cznika no\u017cnego, r\u0119ce pozostaj\u0105 wolne. Nisko osadzona, du\u017ca i g\u0142\u0119boka misa zapewnia swobodny dost\u0119p do g\u0142owy, szyi i jest idealna do zabieg\u00f3w na d\u0142ugich w\u0142osach. Najwy\u017csze do\u015bwiadczenie wellness dla Twoich klient\u00f3w dzi\u0119ki komfortowemu fotelowi z elektrycznym podparciem na nogi, komfortowym oparciem na szyj\u0119. Regulowana misa bia\u0142a lub czarna, opcjonalnie z bateri\u0105 Basic lub Edition i poduszk\u0105 podpieraj\u0105c\u0105.<\/p>\n<div id=\"tw-target-text-container\" class=\"tw-ta-container F0azHf tw-nfl\" tabindex=\"0\">\n<p id=\"tw-target-text\" class=\"tw-data-text tw-text-large tw-ta\" dir=\"ltr\" data-placeholder=\"\u00dcbersetzung\" aria-label=\"\u00dcbersetzter Text\" data-ved=\"2ahUKEwiz-sPX5O6HAxUjov0HHTgEIVsQ3ewLegQIBxAT\"><span class=\"Y2IQFc\" lang=\"pl\">LavaSit Splendor ErgoActive Shiatsu wykorzystuje r\u00f3wnie\u017c zintegrowany <strong>masa\u017c Shiatsu<\/strong>.<\/span><\/p>\n<\/div>\n<div id=\"tw-target-rmn-container\" class=\"tw-target-rmn tw-ta-container F0azHf tw-nfl\">\n<pre id=\"tw-target-rmn\" class=\"tw-data-placeholder tw-text-small tw-ta\" dir=\"ltr\" data-placeholder=\"\"><\/pre>\n<\/div>\n","protected":false},"excerpt":{"rendered":"<p>Najwy\u017csza ergonomia pracy dzi\u0119ki regulacji wysoko\u015bci<\/p>\n","protected":false},"featured_media":37814,"template":"","meta":{"_acf_changed":false},"product_cat":[4791,4809],"product_tag":[],"class_list":{"0":"post-37850","1":"product","2":"type-product","3":"status-publish","4":"has-post-thumbnail","6":"product_cat-fryzjer","7":"product_cat-myjnie","9":"first","10":"instock","11":"shipping-taxable","12":"purchasable","13":"product-type-simple"},"acf":[],"yoast_head":"<!-- This site is optimized with the Yoast SEO Premium plugin v23.7 (Yoast SEO v23.7) - https:\/\/yoast.com\/wordpress\/plugins\/seo\/ -->\n<title>OLYMP LavaSit Splendor ErgoActive \/ ErgoActive Shiatsu - OLYMP - BEST SALON INSPIRATION<\/title>\n<meta name=\"robots\" content=\"index, follow, max-snippet:-1, max-image-preview:large, max-video-preview:-1\" \/>\n<link rel=\"canonical\" href=\"https:\/\/www.olymp-salondesign.com\/pl\/produkt\/olymp-lavasit-splendor-ergoactive\/\" \/>\n<meta property=\"og:locale\" content=\"pl_PL\" \/>\n<meta property=\"og:type\" content=\"article\" \/>\n<meta property=\"og:title\" content=\"OLYMP LavaSit Splendor ErgoActive \/ ErgoActive Shiatsu\" \/>\n<meta property=\"og:description\" content=\"Najwy\u017csza ergonomia pracy dzi\u0119ki regulacji wysoko\u015bci\" \/>\n<meta property=\"og:url\" content=\"https:\/\/www.olymp-salondesign.com\/pl\/produkt\/olymp-lavasit-splendor-ergoactive\/\" \/>\n<meta property=\"og:site_name\" content=\"OLYMP - BEST SALON INSPIRATION\" \/>\n<meta property=\"article:modified_time\" content=\"2024-08-15T12:01:02+00:00\" \/>\n<meta property=\"og:image\" content=\"https:\/\/www.olymp-salondesign.com\/wp-content\/uploads\/2023\/01\/splendor-ergoactive_in-reihe_von-schrag-vorne_ausgefahren_unterschiedliche-hohe-scaled.jpg\" \/>\n\t<meta property=\"og:image:width\" content=\"2560\" \/>\n\t<meta property=\"og:image:height\" content=\"1717\" \/>\n\t<meta property=\"og:image:type\" content=\"image\/jpeg\" \/>\n<meta name=\"twitter:card\" content=\"summary_large_image\" \/>\n<meta name=\"twitter:label1\" content=\"Szacowany czas czytania\" \/>\n\t<meta name=\"twitter:data1\" content=\"1 minuta\" \/>\n<script type=\"application\/ld+json\" class=\"yoast-schema-graph\">{\"@context\":\"https:\/\/schema.org\",\"@graph\":[{\"@type\":\"WebPage\",\"@id\":\"https:\/\/www.olymp-salondesign.com\/pl\/produkt\/olymp-lavasit-splendor-ergoactive\/\",\"url\":\"https:\/\/www.olymp-salondesign.com\/pl\/produkt\/olymp-lavasit-splendor-ergoactive\/\",\"name\":\"OLYMP LavaSit Splendor ErgoActive \/ ErgoActive Shiatsu - OLYMP - BEST SALON INSPIRATION\",\"isPartOf\":{\"@id\":\"https:\/\/www.olymp-salondesign.com\/pl\/#website\"},\"primaryImageOfPage\":{\"@id\":\"https:\/\/www.olymp-salondesign.com\/pl\/produkt\/olymp-lavasit-splendor-ergoactive\/#primaryimage\"},\"image\":{\"@id\":\"https:\/\/www.olymp-salondesign.com\/pl\/produkt\/olymp-lavasit-splendor-ergoactive\/#primaryimage\"},\"thumbnailUrl\":\"https:\/\/www.olymp-salondesign.com\/wp-content\/uploads\/2023\/01\/splendor-ergoactive_in-reihe_von-schrag-vorne_ausgefahren_unterschiedliche-hohe-scaled.jpg\",\"datePublished\":\"2023-02-02T15:09:17+00:00\",\"dateModified\":\"2024-08-15T12:01:02+00:00\",\"breadcrumb\":{\"@id\":\"https:\/\/www.olymp-salondesign.com\/pl\/produkt\/olymp-lavasit-splendor-ergoactive\/#breadcrumb\"},\"inLanguage\":\"pl-PL\",\"potentialAction\":[{\"@type\":\"ReadAction\",\"target\":[\"https:\/\/www.olymp-salondesign.com\/pl\/produkt\/olymp-lavasit-splendor-ergoactive\/\"]}]},{\"@type\":\"ImageObject\",\"inLanguage\":\"pl-PL\",\"@id\":\"https:\/\/www.olymp-salondesign.com\/pl\/produkt\/olymp-lavasit-splendor-ergoactive\/#primaryimage\",\"url\":\"https:\/\/www.olymp-salondesign.com\/wp-content\/uploads\/2023\/01\/splendor-ergoactive_in-reihe_von-schrag-vorne_ausgefahren_unterschiedliche-hohe-scaled.jpg\",\"contentUrl\":\"https:\/\/www.olymp-salondesign.com\/wp-content\/uploads\/2023\/01\/splendor-ergoactive_in-reihe_von-schrag-vorne_ausgefahren_unterschiedliche-hohe-scaled.jpg\",\"width\":2560,\"height\":1717},{\"@type\":\"BreadcrumbList\",\"@id\":\"https:\/\/www.olymp-salondesign.com\/pl\/produkt\/olymp-lavasit-splendor-ergoactive\/#breadcrumb\",\"itemListElement\":[{\"@type\":\"ListItem\",\"position\":1,\"name\":\"Home\",\"item\":\"https:\/\/www.olymp-salondesign.com\/pl\/\"},{\"@type\":\"ListItem\",\"position\":2,\"name\":\"Produkty\",\"item\":\"https:\/\/www.olymp-salondesign.com\/pl\/shop\/\"},{\"@type\":\"ListItem\",\"position\":3,\"name\":\"OLYMP LavaSit Splendor ErgoActive \/ ErgoActive Shiatsu\"}]},{\"@type\":\"WebSite\",\"@id\":\"https:\/\/www.olymp-salondesign.com\/pl\/#website\",\"url\":\"https:\/\/www.olymp-salondesign.com\/pl\/\",\"name\":\"OLYMP - BEST SALON INSPIRATION\",\"description\":\"BEST SALON INSPIRATION\",\"publisher\":{\"@id\":\"https:\/\/www.olymp-salondesign.com\/pl\/#organization\"},\"potentialAction\":[{\"@type\":\"SearchAction\",\"target\":{\"@type\":\"EntryPoint\",\"urlTemplate\":\"https:\/\/www.olymp-salondesign.com\/pl\/?s={search_term_string}\"},\"query-input\":{\"@type\":\"PropertyValueSpecification\",\"valueRequired\":true,\"valueName\":\"search_term_string\"}}],\"inLanguage\":\"pl-PL\"},{\"@type\":\"Organization\",\"@id\":\"https:\/\/www.olymp-salondesign.com\/pl\/#organization\",\"name\":\"OLYMP - BEST SALON INSPIRATION\",\"url\":\"https:\/\/www.olymp-salondesign.com\/pl\/\",\"logo\":{\"@type\":\"ImageObject\",\"inLanguage\":\"pl-PL\",\"@id\":\"https:\/\/www.olymp-salondesign.com\/pl\/#\/schema\/logo\/image\/\",\"url\":\"https:\/\/www.olymp-salondesign.com\/wp-content\/uploads\/2019\/05\/logo.svg\",\"contentUrl\":\"https:\/\/www.olymp-salondesign.com\/wp-content\/uploads\/2019\/05\/logo.svg\",\"width\":240,\"height\":50,\"caption\":\"OLYMP - BEST SALON INSPIRATION\"},\"image\":{\"@id\":\"https:\/\/www.olymp-salondesign.com\/pl\/#\/schema\/logo\/image\/\"}}]}<\/script>\n<!-- \/ Yoast SEO Premium plugin. -->","yoast_head_json":{"title":"OLYMP LavaSit Splendor ErgoActive \/ ErgoActive Shiatsu - OLYMP - BEST SALON INSPIRATION","robots":{"index":"index","follow":"follow","max-snippet":"max-snippet:-1","max-image-preview":"max-image-preview:large","max-video-preview":"max-video-preview:-1"},"canonical":"https:\/\/www.olymp-salondesign.com\/pl\/produkt\/olymp-lavasit-splendor-ergoactive\/","og_locale":"pl_PL","og_type":"article","og_title":"OLYMP LavaSit Splendor ErgoActive \/ ErgoActive Shiatsu","og_description":"Najwy\u017csza ergonomia pracy dzi\u0119ki regulacji wysoko\u015bci","og_url":"https:\/\/www.olymp-salondesign.com\/pl\/produkt\/olymp-lavasit-splendor-ergoactive\/","og_site_name":"OLYMP - BEST SALON INSPIRATION","article_modified_time":"2024-08-15T12:01:02+00:00","og_image":[{"width":2560,"height":1717,"url":"https:\/\/www.olymp-salondesign.com\/wp-content\/uploads\/2023\/01\/splendor-ergoactive_in-reihe_von-schrag-vorne_ausgefahren_unterschiedliche-hohe-scaled.jpg","type":"image\/jpeg"}],"twitter_card":"summary_large_image","twitter_misc":{"Szacowany czas czytania":"1 minuta"},"schema":{"@context":"https:\/\/schema.org","@graph":[{"@type":"WebPage","@id":"https:\/\/www.olymp-salondesign.com\/pl\/produkt\/olymp-lavasit-splendor-ergoactive\/","url":"https:\/\/www.olymp-salondesign.com\/pl\/produkt\/olymp-lavasit-splendor-ergoactive\/","name":"OLYMP LavaSit Splendor ErgoActive \/ ErgoActive Shiatsu - OLYMP - BEST SALON INSPIRATION","isPartOf":{"@id":"https:\/\/www.olymp-salondesign.com\/pl\/#website"},"primaryImageOfPage":{"@id":"https:\/\/www.olymp-salondesign.com\/pl\/produkt\/olymp-lavasit-splendor-ergoactive\/#primaryimage"},"image":{"@id":"https:\/\/www.olymp-salondesign.com\/pl\/produkt\/olymp-lavasit-splendor-ergoactive\/#primaryimage"},"thumbnailUrl":"https:\/\/www.olymp-salondesign.com\/wp-content\/uploads\/2023\/01\/splendor-ergoactive_in-reihe_von-schrag-vorne_ausgefahren_unterschiedliche-hohe-scaled.jpg","datePublished":"2023-02-02T15:09:17+00:00","dateModified":"2024-08-15T12:01:02+00:00","breadcrumb":{"@id":"https:\/\/www.olymp-salondesign.com\/pl\/produkt\/olymp-lavasit-splendor-ergoactive\/#breadcrumb"},"inLanguage":"pl-PL","potentialAction":[{"@type":"ReadAction","target":["https:\/\/www.olymp-salondesign.com\/pl\/produkt\/olymp-lavasit-splendor-ergoactive\/"]}]},{"@type":"ImageObject","inLanguage":"pl-PL","@id":"https:\/\/www.olymp-salondesign.com\/pl\/produkt\/olymp-lavasit-splendor-ergoactive\/#primaryimage","url":"https:\/\/www.olymp-salondesign.com\/wp-content\/uploads\/2023\/01\/splendor-ergoactive_in-reihe_von-schrag-vorne_ausgefahren_unterschiedliche-hohe-scaled.jpg","contentUrl":"https:\/\/www.olymp-salondesign.com\/wp-content\/uploads\/2023\/01\/splendor-ergoactive_in-reihe_von-schrag-vorne_ausgefahren_unterschiedliche-hohe-scaled.jpg","width":2560,"height":1717},{"@type":"BreadcrumbList","@id":"https:\/\/www.olymp-salondesign.com\/pl\/produkt\/olymp-lavasit-splendor-ergoactive\/#breadcrumb","itemListElement":[{"@type":"ListItem","position":1,"name":"Home","item":"https:\/\/www.olymp-salondesign.com\/pl\/"},{"@type":"ListItem","position":2,"name":"Produkty","item":"https:\/\/www.olymp-salondesign.com\/pl\/shop\/"},{"@type":"ListItem","position":3,"name":"OLYMP LavaSit Splendor ErgoActive \/ ErgoActive Shiatsu"}]},{"@type":"WebSite","@id":"https:\/\/www.olymp-salondesign.com\/pl\/#website","url":"https:\/\/www.olymp-salondesign.com\/pl\/","name":"OLYMP - BEST SALON INSPIRATION","description":"BEST SALON INSPIRATION","publisher":{"@id":"https:\/\/www.olymp-salondesign.com\/pl\/#organization"},"potentialAction":[{"@type":"SearchAction","target":{"@type":"EntryPoint","urlTemplate":"https:\/\/www.olymp-salondesign.com\/pl\/?s={search_term_string}"},"query-input":{"@type":"PropertyValueSpecification","valueRequired":true,"valueName":"search_term_string"}}],"inLanguage":"pl-PL"},{"@type":"Organization","@id":"https:\/\/www.olymp-salondesign.com\/pl\/#organization","name":"OLYMP - BEST SALON INSPIRATION","url":"https:\/\/www.olymp-salondesign.com\/pl\/","logo":{"@type":"ImageObject","inLanguage":"pl-PL","@id":"https:\/\/www.olymp-salondesign.com\/pl\/#\/schema\/logo\/image\/","url":"https:\/\/www.olymp-salondesign.com\/wp-content\/uploads\/2019\/05\/logo.svg","contentUrl":"https:\/\/www.olymp-salondesign.com\/wp-content\/uploads\/2019\/05\/logo.svg","width":240,"height":50,"caption":"OLYMP - BEST SALON INSPIRATION"},"image":{"@id":"https:\/\/www.olymp-salondesign.com\/pl\/#\/schema\/logo\/image\/"}}]}},"wpml_current_locale":"pl_PL","wpml_translations":{"de_DE":{"locale":"de_DE","id":37745,"slug":"olymp-lavasit-splendor-ergoactive","post_title":"OLYMP LavaSit Splendor ErgoActive \/ ErgoActive Shiatsu","href":"https:\/\/www.olymp-salondesign.com\/de\/produkt\/olymp-lavasit-splendor-ergoactive\/"},"en":{"locale":"en","id":37838,"slug":"olymp-lavasit-splendor-ergoactive","post_title":"OLYMP LavaSit Splendor ErgoActive \/ ErgoActive Shiatsu","href":"https:\/\/www.olymp-salondesign.com\/product\/olymp-lavasit-splendor-ergoactive\/"},"fr_FR":{"locale":"fr_FR","id":37847,"slug":"olymp-lavasit-splendor-ergoactive","post_title":"OLYMP LavaSit Splendor ErgoActive \/ ErgoActive Shiatsu","href":"https:\/\/www.olymp-salondesign.com\/fr\/produit\/olymp-lavasit-splendor-ergoactive\/"}},"_links":{"self":[{"href":"https:\/\/www.olymp-salondesign.com\/pl\/wp-json\/wp\/v2\/product\/37850"}],"collection":[{"href":"https:\/\/www.olymp-salondesign.com\/pl\/wp-json\/wp\/v2\/product"}],"about":[{"href":"https:\/\/www.olymp-salondesign.com\/pl\/wp-json\/wp\/v2\/types\/product"}],"wp:featuredmedia":[{"embeddable":true,"href":"https:\/\/www.olymp-salondesign.com\/pl\/wp-json\/wp\/v2\/media\/37814"}],"wp:attachment":[{"href":"https:\/\/www.olymp-salondesign.com\/pl\/wp-json\/wp\/v2\/media?parent=37850"}],"wp:term":[{"taxonomy":"product_cat","embeddable":true,"href":"https:\/\/www.olymp-salondesign.com\/pl\/wp-json\/wp\/v2\/product_cat?post=37850"},{"taxonomy":"product_tag","embeddable":true,"href":"https:\/\/www.olymp-salondesign.com\/pl\/wp-json\/wp\/v2\/product_tag?post=37850"}],"curies":[{"name":"wp","href":"https:\/\/api.w.org\/{rel}","templated":true}]}}