{"id":40670,"date":"2020-11-18T09:40:14","date_gmt":"2024-07-04T09:14:53","guid":{"rendered":"https:\/\/www.olymp-salondesign.com\/?post_type=product&#038;p=40670"},"modified":"2024-07-04T11:18:09","modified_gmt":"2024-07-04T09:18:09","slug":"olymp-arrow-2","status":"publish","type":"product","link":"https:\/\/www.olymp-salondesign.com\/pl\/produkt\/olymp-arrow-2\/","title":{"rendered":"OLYMP Arrow"},"content":{"rendered":"<p>Oddzielne siedzisko i oparcie, sta\u0142e oparcie lub siedzisko i oparcie regulowane synchronicznie (Arrow S). Chromowane pod\u0142okietniki, opcjonalne pod\u0142okietniki obite tkanin\u0105. Mo\u017cliwa tapicerka dwukolorowa. Wersja oparcia dost\u0119pna z kwadratowym pikowaniem (mo\u017cliwe tylko z Acidur L popielatym i czarnym matowym, Acidur S czarnym, Acidur N antracytowym).<\/p>\n","protected":false},"excerpt":{"rendered":"<p>Nowoczesny klasyk &#8211; najwy\u017cszej klasy materia\u0142y i komfort<\/p>\n","protected":false},"featured_media":36147,"template":"","meta":{"_acf_changed":false},"product_cat":[4794,4791],"product_tag":[],"class_list":{"0":"post-40670","1":"product","2":"type-product","3":"status-publish","4":"has-post-thumbnail","6":"product_cat-fotele","7":"product_cat-fryzjer","9":"first","10":"instock","11":"shipping-taxable","12":"purchasable","13":"product-type-simple"},"acf":[],"yoast_head":"<!-- This site is optimized with the Yoast SEO Premium plugin v23.7 (Yoast SEO v23.7) - https:\/\/yoast.com\/wordpress\/plugins\/seo\/ -->\n<title>OLYMP Arrow - OLYMP - BEST SALON INSPIRATION<\/title>\n<meta name=\"robots\" content=\"index, follow, max-snippet:-1, max-image-preview:large, max-video-preview:-1\" \/>\n<link rel=\"canonical\" href=\"https:\/\/www.olymp-salondesign.com\/pl\/produkt\/olymp-arrow-2\/\" \/>\n<meta property=\"og:locale\" content=\"pl_PL\" \/>\n<meta property=\"og:type\" content=\"article\" \/>\n<meta property=\"og:title\" content=\"OLYMP Arrow\" \/>\n<meta property=\"og:description\" content=\"Nowoczesny klasyk - najwy\u017cszej klasy materia\u0142y i komfort\" \/>\n<meta property=\"og:url\" content=\"https:\/\/www.olymp-salondesign.com\/pl\/produkt\/olymp-arrow-2\/\" \/>\n<meta property=\"og:site_name\" content=\"OLYMP - BEST SALON INSPIRATION\" \/>\n<meta property=\"article:modified_time\" content=\"2024-07-04T09:18:09+00:00\" \/>\n<meta property=\"og:image\" content=\"https:\/\/www.olymp-salondesign.com\/wp-content\/uploads\/2020\/11\/stuhl-arrow-mit-tellerfu\u00df_mit-armauflagen_von-vorne-scaled.jpg\" \/>\n\t<meta property=\"og:image:width\" content=\"1707\" \/>\n\t<meta property=\"og:image:height\" content=\"2560\" \/>\n\t<meta property=\"og:image:type\" content=\"image\/jpeg\" \/>\n<meta name=\"twitter:card\" content=\"summary_large_image\" \/>\n<script type=\"application\/ld+json\" class=\"yoast-schema-graph\">{\"@context\":\"https:\/\/schema.org\",\"@graph\":[{\"@type\":\"WebPage\",\"@id\":\"https:\/\/www.olymp-salondesign.com\/pl\/produkt\/olymp-arrow-2\/\",\"url\":\"https:\/\/www.olymp-salondesign.com\/pl\/produkt\/olymp-arrow-2\/\",\"name\":\"OLYMP Arrow - OLYMP - BEST SALON INSPIRATION\",\"isPartOf\":{\"@id\":\"https:\/\/www.olymp-salondesign.com\/pl\/#website\"},\"primaryImageOfPage\":{\"@id\":\"https:\/\/www.olymp-salondesign.com\/pl\/produkt\/olymp-arrow-2\/#primaryimage\"},\"image\":{\"@id\":\"https:\/\/www.olymp-salondesign.com\/pl\/produkt\/olymp-arrow-2\/#primaryimage\"},\"thumbnailUrl\":\"https:\/\/www.olymp-salondesign.com\/wp-content\/uploads\/2020\/11\/stuhl-arrow-mit-tellerfu\u00df_mit-armauflagen_von-vorne-scaled.jpg\",\"datePublished\":\"2024-07-04T09:14:53+00:00\",\"dateModified\":\"2024-07-04T09:18:09+00:00\",\"breadcrumb\":{\"@id\":\"https:\/\/www.olymp-salondesign.com\/pl\/produkt\/olymp-arrow-2\/#breadcrumb\"},\"inLanguage\":\"pl-PL\",\"potentialAction\":[{\"@type\":\"ReadAction\",\"target\":[\"https:\/\/www.olymp-salondesign.com\/pl\/produkt\/olymp-arrow-2\/\"]}]},{\"@type\":\"ImageObject\",\"inLanguage\":\"pl-PL\",\"@id\":\"https:\/\/www.olymp-salondesign.com\/pl\/produkt\/olymp-arrow-2\/#primaryimage\",\"url\":\"https:\/\/www.olymp-salondesign.com\/wp-content\/uploads\/2020\/11\/stuhl-arrow-mit-tellerfu\u00df_mit-armauflagen_von-vorne-scaled.jpg\",\"contentUrl\":\"https:\/\/www.olymp-salondesign.com\/wp-content\/uploads\/2020\/11\/stuhl-arrow-mit-tellerfu\u00df_mit-armauflagen_von-vorne-scaled.jpg\",\"width\":1707,\"height\":2560},{\"@type\":\"BreadcrumbList\",\"@id\":\"https:\/\/www.olymp-salondesign.com\/pl\/produkt\/olymp-arrow-2\/#breadcrumb\",\"itemListElement\":[{\"@type\":\"ListItem\",\"position\":1,\"name\":\"Home\",\"item\":\"https:\/\/www.olymp-salondesign.com\/pl\/\"},{\"@type\":\"ListItem\",\"position\":2,\"name\":\"Produkty\",\"item\":\"https:\/\/www.olymp-salondesign.com\/pl\/shop\/\"},{\"@type\":\"ListItem\",\"position\":3,\"name\":\"OLYMP Arrow\"}]},{\"@type\":\"WebSite\",\"@id\":\"https:\/\/www.olymp-salondesign.com\/pl\/#website\",\"url\":\"https:\/\/www.olymp-salondesign.com\/pl\/\",\"name\":\"OLYMP - BEST SALON INSPIRATION\",\"description\":\"BEST SALON INSPIRATION\",\"publisher\":{\"@id\":\"https:\/\/www.olymp-salondesign.com\/pl\/#organization\"},\"potentialAction\":[{\"@type\":\"SearchAction\",\"target\":{\"@type\":\"EntryPoint\",\"urlTemplate\":\"https:\/\/www.olymp-salondesign.com\/pl\/?s={search_term_string}\"},\"query-input\":{\"@type\":\"PropertyValueSpecification\",\"valueRequired\":true,\"valueName\":\"search_term_string\"}}],\"inLanguage\":\"pl-PL\"},{\"@type\":\"Organization\",\"@id\":\"https:\/\/www.olymp-salondesign.com\/pl\/#organization\",\"name\":\"OLYMP - BEST SALON INSPIRATION\",\"url\":\"https:\/\/www.olymp-salondesign.com\/pl\/\",\"logo\":{\"@type\":\"ImageObject\",\"inLanguage\":\"pl-PL\",\"@id\":\"https:\/\/www.olymp-salondesign.com\/pl\/#\/schema\/logo\/image\/\",\"url\":\"https:\/\/www.olymp-salondesign.com\/wp-content\/uploads\/2019\/05\/logo.svg\",\"contentUrl\":\"https:\/\/www.olymp-salondesign.com\/wp-content\/uploads\/2019\/05\/logo.svg\",\"width\":240,\"height\":50,\"caption\":\"OLYMP - BEST SALON INSPIRATION\"},\"image\":{\"@id\":\"https:\/\/www.olymp-salondesign.com\/pl\/#\/schema\/logo\/image\/\"}}]}<\/script>\n<!-- \/ Yoast SEO Premium plugin. -->","yoast_head_json":{"title":"OLYMP Arrow - OLYMP - BEST SALON INSPIRATION","robots":{"index":"index","follow":"follow","max-snippet":"max-snippet:-1","max-image-preview":"max-image-preview:large","max-video-preview":"max-video-preview:-1"},"canonical":"https:\/\/www.olymp-salondesign.com\/pl\/produkt\/olymp-arrow-2\/","og_locale":"pl_PL","og_type":"article","og_title":"OLYMP Arrow","og_description":"Nowoczesny klasyk - najwy\u017cszej klasy materia\u0142y i komfort","og_url":"https:\/\/www.olymp-salondesign.com\/pl\/produkt\/olymp-arrow-2\/","og_site_name":"OLYMP - BEST SALON INSPIRATION","article_modified_time":"2024-07-04T09:18:09+00:00","og_image":[{"width":1707,"height":2560,"url":"https:\/\/www.olymp-salondesign.com\/wp-content\/uploads\/2020\/11\/stuhl-arrow-mit-tellerfu\u00df_mit-armauflagen_von-vorne-scaled.jpg","type":"image\/jpeg"}],"twitter_card":"summary_large_image","schema":{"@context":"https:\/\/schema.org","@graph":[{"@type":"WebPage","@id":"https:\/\/www.olymp-salondesign.com\/pl\/produkt\/olymp-arrow-2\/","url":"https:\/\/www.olymp-salondesign.com\/pl\/produkt\/olymp-arrow-2\/","name":"OLYMP Arrow - OLYMP - BEST SALON INSPIRATION","isPartOf":{"@id":"https:\/\/www.olymp-salondesign.com\/pl\/#website"},"primaryImageOfPage":{"@id":"https:\/\/www.olymp-salondesign.com\/pl\/produkt\/olymp-arrow-2\/#primaryimage"},"image":{"@id":"https:\/\/www.olymp-salondesign.com\/pl\/produkt\/olymp-arrow-2\/#primaryimage"},"thumbnailUrl":"https:\/\/www.olymp-salondesign.com\/wp-content\/uploads\/2020\/11\/stuhl-arrow-mit-tellerfu\u00df_mit-armauflagen_von-vorne-scaled.jpg","datePublished":"2024-07-04T09:14:53+00:00","dateModified":"2024-07-04T09:18:09+00:00","breadcrumb":{"@id":"https:\/\/www.olymp-salondesign.com\/pl\/produkt\/olymp-arrow-2\/#breadcrumb"},"inLanguage":"pl-PL","potentialAction":[{"@type":"ReadAction","target":["https:\/\/www.olymp-salondesign.com\/pl\/produkt\/olymp-arrow-2\/"]}]},{"@type":"ImageObject","inLanguage":"pl-PL","@id":"https:\/\/www.olymp-salondesign.com\/pl\/produkt\/olymp-arrow-2\/#primaryimage","url":"https:\/\/www.olymp-salondesign.com\/wp-content\/uploads\/2020\/11\/stuhl-arrow-mit-tellerfu\u00df_mit-armauflagen_von-vorne-scaled.jpg","contentUrl":"https:\/\/www.olymp-salondesign.com\/wp-content\/uploads\/2020\/11\/stuhl-arrow-mit-tellerfu\u00df_mit-armauflagen_von-vorne-scaled.jpg","width":1707,"height":2560},{"@type":"BreadcrumbList","@id":"https:\/\/www.olymp-salondesign.com\/pl\/produkt\/olymp-arrow-2\/#breadcrumb","itemListElement":[{"@type":"ListItem","position":1,"name":"Home","item":"https:\/\/www.olymp-salondesign.com\/pl\/"},{"@type":"ListItem","position":2,"name":"Produkty","item":"https:\/\/www.olymp-salondesign.com\/pl\/shop\/"},{"@type":"ListItem","position":3,"name":"OLYMP Arrow"}]},{"@type":"WebSite","@id":"https:\/\/www.olymp-salondesign.com\/pl\/#website","url":"https:\/\/www.olymp-salondesign.com\/pl\/","name":"OLYMP - BEST SALON INSPIRATION","description":"BEST SALON INSPIRATION","publisher":{"@id":"https:\/\/www.olymp-salondesign.com\/pl\/#organization"},"potentialAction":[{"@type":"SearchAction","target":{"@type":"EntryPoint","urlTemplate":"https:\/\/www.olymp-salondesign.com\/pl\/?s={search_term_string}"},"query-input":{"@type":"PropertyValueSpecification","valueRequired":true,"valueName":"search_term_string"}}],"inLanguage":"pl-PL"},{"@type":"Organization","@id":"https:\/\/www.olymp-salondesign.com\/pl\/#organization","name":"OLYMP - BEST SALON INSPIRATION","url":"https:\/\/www.olymp-salondesign.com\/pl\/","logo":{"@type":"ImageObject","inLanguage":"pl-PL","@id":"https:\/\/www.olymp-salondesign.com\/pl\/#\/schema\/logo\/image\/","url":"https:\/\/www.olymp-salondesign.com\/wp-content\/uploads\/2019\/05\/logo.svg","contentUrl":"https:\/\/www.olymp-salondesign.com\/wp-content\/uploads\/2019\/05\/logo.svg","width":240,"height":50,"caption":"OLYMP - BEST SALON INSPIRATION"},"image":{"@id":"https:\/\/www.olymp-salondesign.com\/pl\/#\/schema\/logo\/image\/"}}]}},"wpml_current_locale":"pl_PL","wpml_translations":{"de_DE":{"locale":"de_DE","id":36143,"slug":"olymp-arrow","post_title":"OLYMP Arrow","href":"https:\/\/www.olymp-salondesign.com\/de\/produkt\/olymp-arrow\/"},"en":{"locale":"en","id":39132,"slug":"olymp-arrow-2","post_title":"OLYMP Arrow","href":"https:\/\/www.olymp-salondesign.com\/product\/olymp-arrow-2\/"},"fr_FR":{"locale":"fr_FR","id":39772,"slug":"olymp-arrow","post_title":"OLYMP Arrow","href":"https:\/\/www.olymp-salondesign.com\/fr\/produit\/olymp-arrow\/"}},"_links":{"self":[{"href":"https:\/\/www.olymp-salondesign.com\/pl\/wp-json\/wp\/v2\/product\/40670"}],"collection":[{"href":"https:\/\/www.olymp-salondesign.com\/pl\/wp-json\/wp\/v2\/product"}],"about":[{"href":"https:\/\/www.olymp-salondesign.com\/pl\/wp-json\/wp\/v2\/types\/product"}],"wp:featuredmedia":[{"embeddable":true,"href":"https:\/\/www.olymp-salondesign.com\/pl\/wp-json\/wp\/v2\/media\/36147"}],"wp:attachment":[{"href":"https:\/\/www.olymp-salondesign.com\/pl\/wp-json\/wp\/v2\/media?parent=40670"}],"wp:term":[{"taxonomy":"product_cat","embeddable":true,"href":"https:\/\/www.olymp-salondesign.com\/pl\/wp-json\/wp\/v2\/product_cat?post=40670"},{"taxonomy":"product_tag","embeddable":true,"href":"https:\/\/www.olymp-salondesign.com\/pl\/wp-json\/wp\/v2\/product_tag?post=40670"}],"curies":[{"name":"wp","href":"https:\/\/api.w.org\/{rel}","templated":true}]}}